{"id":23227,"date":"2020-04-04T18:53:42","date_gmt":"2021-08-02T19:28:18","guid":{"rendered":"https:\/\/www.versiegelung24.com\/produkt\/sert-emici-olmayan-yuzeyler-icin-evrensel-sizdirmazlik-7675-cam-seramik-paslanmaz-celik-plastik-metal"},"modified":"2025-03-20T10:10:30","modified_gmt":"2025-03-20T09:10:30","slug":"evrensel-sizdirmazlik-7675-sert-emici-olmayan-yuzeyler-cam-seramik-paslanmaz-celik-plastik-metal-icin","status":"publish","type":"product","link":"https:\/\/www.versiegelung24.com\/tr\/evrensel-sizdirmazlik-7675-sert-emici-olmayan-yuezeyler-cam-seramik-paslanmaz-celik-plastik-metal-icin.html","title":{"rendered":"&#8220;Sert&#8221; \/ emici olmayan y\u00fczeyler i\u00e7in evrensel s\u0131zd\u0131rmazl\u0131k 7675 (cam \/ seramik +++, paslanmaz \u00e7elik +++, plastik \/ metal ++)"},"content":{"rendered":"\n<p><strong>Cam, seramik, plastik ve metal y\u00fczeyler gibi &#8220;sert&#8221;\/emici olmayan y\u00fczeyler i\u00e7in kolay temizlenebilir etkiye sahip son derece etkili profesyonel \u00fcniversal mastik YEN\u0130, i\u00e7 ve d\u0131\u015f mekanlar i\u00e7in<\/strong><\/p>\n\n<p>Cam \/ seramik ve paslanmaz \u00e7elik i\u00e7in ideal, plastik ve metal i\u00e7in de ge\u00e7erlidir<\/p>\n\n<p>Almanya&#8217;da yap\u0131lan y\u00fcksek kalite.<\/p>\n\n<p><strong>V24 \u00fcniversal mastik 4005-7675<\/strong> cam, plastik, seramik ve metal y\u00fczeylerde (krom, paslanmaz \u00e7elik, al\u00fcminyum) kolay temizlenebilir etki yaratan alkol bazl\u0131 (IPA) kaplama malzemesidir. Malzeme, y\u00fczeyde kir ve yabanc\u0131 maddelerin yap\u0131\u015fmas\u0131n\u0131 azaltan ve suyun daha iyi akmas\u0131n\u0131 sa\u011flayan ince bir film olu\u015fturur. Kaplamal\u0131 y\u00fczeyin temizlenmesi \u00f6zellikle kolayd\u0131r<\/p>\n\n<hr \/>\n\n<h4 class=\"wp-block-heading\" id=\"properties\">\u00dcr\u00fcn \u00f6zellikleri<\/h4>\n\n<div class=\"wp-block-columns is-layout-flex wp-container-core-columns-is-layout-9d6595d7 wp-block-columns-is-layout-flex\">\n<div class=\"wp-block-column is-layout-flow wp-block-column-is-layout-flow\">\n<ul class=\"wp-block-list\">\n<li>Kullan\u0131ma haz\u0131r teslim edilir<\/li>\n\n\n\n<li>suyun daha iyi akmas\u0131n\u0131 sa\u011flar<\/li>\n\n\n\n<li>Kir ve kire\u00e7le ilgili temizlemesi kolay etki<\/li>\n\n\n\n<li>berrak, renksiz s\u0131v\u0131, g\u00f6r\u00fcnmez ve alg\u0131lanamaz<\/li>\n\n\n\n<li>Y\u00fczeyler \u00e7ok daha uzun s\u00fcre temiz kal\u0131r, bu da temizleme d\u00f6ng\u00fclerini uzat\u0131r ve temizlik ve bak\u0131m i\u00e7in maliyetleri, zaman\u0131 ve enerjiyi \u00f6nemli \u00f6l\u00e7\u00fcde azalt\u0131r<\/li>\n\n\n\n<li>mikroorganizmalar\u0131n ve bakterilerin b\u00fcy\u00fcmesini azalt\u0131r ve b\u00f6ylece hijyeni art\u0131r\u0131r<\/li>\n<\/ul>\n<\/div>\n\n\n\n<div class=\"wp-block-column is-layout-flow wp-block-column-is-layout-flow\">\n<ul class=\"wp-block-list\">\n<li>Donmaya, a\u015f\u0131r\u0131 \u0131s\u0131ya, UV \u0131\u015f\u0131nlar\u0131na, tuzlu suya ve tuzlu havaya, sert sudan gelen minerallere ve alkalilere kar\u015f\u0131 dayan\u0131kl\u0131d\u0131r<\/li>\n\n\n\n<li>Yosun ve ku\u015f pislikleri art\u0131k s\u0131k\u0131ca yap\u0131\u015famaz<\/li>\n\n\n\n<li>flor i\u00e7ermeyen<\/li>\n<\/ul>\n\n\n\n<p><br \/><br \/>Teslimat kapsam\u0131: 1 x litrelik \u015fi\u015fe 1 x pompal\u0131 p\u00fcsk\u00fcrtme ba\u015fl\u0131\u011f\u0131<\/p>\n<\/div>\n<\/div>\n\n<hr \/>\n\n<h4 class=\"wp-block-heading\" id=\"application\">Uygulama<\/h4>\n\n<div class=\"wp-block-columns is-layout-flex wp-container-core-columns-is-layout-9d6595d7 wp-block-columns-is-layout-flex\">\n<div class=\"wp-block-column is-layout-flow wp-block-column-is-layout-flow\">\n<ul class=\"wp-block-list\">\n<li>S\u0131hhi tesisat (tuvalet, bide, seramik k\u00fcvet, du\u015f, lavabo, ayna)<\/li>\n\n\n\n<li>Y\u00fczme havuzlar\u0131 (d\u0131\u015far\u0131s\u0131 seramik, su alt\u0131 i\u00e7in uygun de\u011fildir)<\/li>\n\n\n\n<li>Her t\u00fcrl\u00fc seramik karo, \u00f6rne\u011fin mutfaklarda<\/li>\n\n\n\n<li>Pencere ve in\u015faat camlar\u0131 (k\u0131\u015f bah\u00e7eleri, y\u00fcksek binalar, sa\u00e7aklar)<\/li>\n\n\n\n<li>Plastik ve metal y\u00fczeyler<\/li>\n\n\n\n<li>Araba cam\u0131 i\u00e7in bizimkini \u00f6neriyoruz<a href=\"https:\/\/www.versiegelung24.com\/autoglas-versiegelung\/\"> Premium araba cam\u0131 s\u0131zd\u0131rmazl\u0131\u011f\u0131<\/a><\/li>\n<\/ul>\n<\/div>\n\n\n\n<div class=\"wp-block-column is-layout-flow wp-block-column-is-layout-flow\">\n<p><br \/><br \/><br \/><br \/>Uygulamas\u0131 kolay: 1. Y\u00fczeyi \u00f6nceden \u00e7ok iyi temizleyin (ne kadar temiz olursa dolgu macunu o kadar uzun s\u00fcre dayan\u0131r) 2. Kullanmadan \u00f6nce alkolle (\u00f6rn. izopropil) tekrar temizleyin 3. Dolgu macununu bir beze p\u00fcsk\u00fcrt\u00fcn ve y\u00fczeye uygulay\u0131n 4.<br \/>5 dakika sonra, bask\u0131 uygulamadan mikrofiber bir bezle dikkatlice cilalay\u0131n 5. Sertle\u015fmesi i\u00e7in 12 saat bekleyin &#8211; bitti<\/p>\n\n\n\n<p>Raf \u00f6mr\u00fc: 3-10 y\u0131la kadar<\/p>\n\n\n\n<p>1 litre ile 200m\u00b2&#8217;ye kadar s\u0131zd\u0131rmazl\u0131k sa\u011flanabilir.<\/p>\n<\/div>\n<\/div>\n\n<hr \/>\n\n<h4 class=\"wp-block-heading\" id=\"h-ratgeber\">Dan\u0131\u015fman<\/h4>\n\n<p>\u00dcniversal contalar\u0131m\u0131z \u00f6zellikle kendin yap sekt\u00f6r\u00fc i\u00e7in uygundur.<\/p>\n\n<p>Uygulama s\u0131ras\u0131nda kolay kullan\u0131m ile farkl\u0131 y\u00fczeylerde profesyonel bir hareket tarz\u0131n\u0131 birle\u015ftirirler. Ve t\u00fcm bunlar kalite a\u00e7\u0131s\u0131ndan b\u00fcy\u00fck bir taviz vermek zorunda kalmadan.<\/p>\n\n<p>Bu sayede tek bir \u00fcniversal mastik ile birden fazla malzemeye uygulama yap\u0131labilir ve y\u00fcksek kaliteli bir etki ve uzun s\u00fcreli dayan\u0131kl\u0131l\u0131k da elde edilebilir.<\/p>\n\n<p>Ancak, belirli bir y\u00fczeyde m\u00fcmk\u00fcn olan en y\u00fcksek performans\u0131n elde edilece\u011fi ticari ve end\u00fcstriyel uygulamalar i\u00e7in, o y\u00fczey i\u00e7in \u00f6zel cilalar\u0131m\u0131z\u0131n kullan\u0131lmas\u0131n\u0131 \u00f6neririz.<\/p>\n","protected":false},"excerpt":{"rendered":"<p><strong>**YEN\u0130** A\u015fa\u011f\u0131dakiler gibi &#8220;sert&#8221;\/emici olmayan y\u00fczeyler i\u00e7in son derece etkili profesyonel \u00fcniversal conta:<\/strong><\/p>\n<p>\u2713 Cam<\/p>\n<p>\u2713 Seramik y\u00fczeyler<\/p>\n<p>\u2713 Plastik y\u00fczeyler<\/p>\n<p>\u2713 Metal y\u00fczeyler<\/p>\n<p>\u2713 Kolay temizlenebilir etki ile<\/p>\n","protected":false},"featured_media":18275,"template":"","meta":{"_acf_changed":false,"neve_meta_sidebar":"","neve_meta_container":"","neve_meta_enable_content_width":"","neve_meta_content_width":0,"neve_meta_title_alignment":"","neve_meta_author_avatar":"","neve_post_elements_order":"","neve_meta_disable_header":"","neve_meta_disable_footer":"","neve_meta_disable_title":"","neve_meta_reading_time":"","_surfaces":[],"_ver_product_tabs":[],"footnotes":""},"product_brand":[],"product_cat":[2481],"product_tag":[],"class_list":{"0":"post-23227","1":"product","2":"type-product","3":"status-publish","4":"has-post-thumbnail","6":"product_cat-evrensel-muehuer","8":"first","9":"instock","10":"taxable","11":"shipping-taxable","12":"purchasable","13":"product-type-simple"},"acf":[],"yoast_head":"<!-- This site is optimized with the Yoast SEO Premium plugin v22.8 (Yoast SEO v27.4) - https:\/\/yoast.com\/product\/yoast-seo-premium-wordpress\/ -->\n<title>&quot;Sert&quot; \/ emici olmayan y\u00fczeyler i\u00e7in evrensel s\u0131zd\u0131rmazl\u0131k 7675 (cam \/ seramik +++, paslanmaz \u00e7elik +++, plastik \/ metal ++) - versiegelung24.com<\/title>\n<meta name=\"robots\" content=\"index, follow, max-snippet:-1, max-image-preview:large, max-video-preview:-1\" \/>\n<link rel=\"canonical\" href=\"https:\/\/www.versiegelung24.com\/tr\/evrensel-sizdirmazlik-7675-sert-emici-olmayan-yuezeyler-cam-seramik-paslanmaz-celik-plastik-metal-icin.html\" \/>\n<meta property=\"og:locale\" content=\"tr_TR\" \/>\n<meta property=\"og:type\" content=\"article\" \/>\n<meta property=\"og:title\" content=\"&quot;Sert&quot; \/ emici olmayan y\u00fczeyler i\u00e7in evrensel s\u0131zd\u0131rmazl\u0131k 7675 (cam \/ seramik +++, paslanmaz \u00e7elik +++, plastik \/ metal ++)\" \/>\n<meta property=\"og:description\" content=\"**YEN\u0130** A\u015fa\u011f\u0131dakiler gibi &quot;sert&quot;\/emici olmayan y\u00fczeyler i\u00e7in son derece etkili profesyonel \u00fcniversal conta: \u2713 Cam \u2713 Seramik y\u00fczeyler \u2713 Plastik y\u00fczeyler \u2713 Metal y\u00fczeyler \u2713 Kolay temizlenebilir etki ile\" \/>\n<meta property=\"og:url\" content=\"https:\/\/www.versiegelung24.com\/tr\/evrensel-sizdirmazlik-7675-sert-emici-olmayan-yuezeyler-cam-seramik-paslanmaz-celik-plastik-metal-icin.html\" \/>\n<meta property=\"og:site_name\" content=\"versiegelung24.com\" \/>\n<meta property=\"article:modified_time\" content=\"2025-03-20T09:10:30+00:00\" \/>\n<meta property=\"og:image\" content=\"https:\/\/www.versiegelung24.com\/wp-content\/uploads\/2020\/06\/produkt-4005-7675-1000-Universalversiegelung-7675-scaled.jpg\" \/>\n\t<meta property=\"og:image:width\" content=\"2560\" \/>\n\t<meta property=\"og:image:height\" content=\"2560\" \/>\n\t<meta property=\"og:image:type\" content=\"image\/jpeg\" \/>\n<meta name=\"twitter:card\" content=\"summary_large_image\" \/>\n<meta name=\"twitter:label1\" content=\"Fiyat\" \/>\n\t<meta name=\"twitter:data1\" content=\"89,99&euro;\" \/>\n\t<meta name=\"twitter:label2\" content=\"Durumu\" \/>\n\t<meta name=\"twitter:data2\" content=\"Stokta var\" \/>\n<script type=\"application\/ld+json\" class=\"yoast-schema-graph\">{\"@context\":\"https:\\\/\\\/schema.org\",\"@graph\":[{\"@type\":\"WebPage\",\"@id\":\"https:\\\/\\\/www.versiegelung24.com\\\/tr\\\/evrensel-sizdirmazlik-7675-sert-emici-olmayan-yuezeyler-cam-seramik-paslanmaz-celik-plastik-metal-icin.html\",\"url\":\"https:\\\/\\\/www.versiegelung24.com\\\/tr\\\/evrensel-sizdirmazlik-7675-sert-emici-olmayan-yuezeyler-cam-seramik-paslanmaz-celik-plastik-metal-icin.html\",\"name\":\"\\\"Sert\\\" \\\/ emici olmayan y\u00fczeyler i\u00e7in evrensel s\u0131zd\u0131rmazl\u0131k 7675 (cam \\\/ seramik +++, paslanmaz \u00e7elik +++, plastik \\\/ metal ++) - versiegelung24.com\",\"isPartOf\":{\"@id\":\"https:\\\/\\\/www.versiegelung24.com\\\/tr\\\/#website\"},\"primaryImageOfPage\":{\"@id\":\"https:\\\/\\\/www.versiegelung24.com\\\/tr\\\/evrensel-sizdirmazlik-7675-sert-emici-olmayan-yuezeyler-cam-seramik-paslanmaz-celik-plastik-metal-icin.html#primaryimage\"},\"image\":{\"@id\":\"https:\\\/\\\/www.versiegelung24.com\\\/tr\\\/evrensel-sizdirmazlik-7675-sert-emici-olmayan-yuezeyler-cam-seramik-paslanmaz-celik-plastik-metal-icin.html#primaryimage\"},\"thumbnailUrl\":\"https:\\\/\\\/www.versiegelung24.com\\\/wp-content\\\/uploads\\\/2020\\\/06\\\/produkt-4005-7675-1000-Universalversiegelung-7675-scaled.jpg\",\"datePublished\":\"2021-08-02T19:28:18+00:00\",\"dateModified\":\"2025-03-20T09:10:30+00:00\",\"breadcrumb\":{\"@id\":\"https:\\\/\\\/www.versiegelung24.com\\\/tr\\\/evrensel-sizdirmazlik-7675-sert-emici-olmayan-yuezeyler-cam-seramik-paslanmaz-celik-plastik-metal-icin.html#breadcrumb\"},\"inLanguage\":\"tr\",\"potentialAction\":[{\"@type\":\"ReadAction\",\"target\":[\"https:\\\/\\\/www.versiegelung24.com\\\/tr\\\/evrensel-sizdirmazlik-7675-sert-emici-olmayan-yuezeyler-cam-seramik-paslanmaz-celik-plastik-metal-icin.html\"]}]},{\"@type\":\"ImageObject\",\"inLanguage\":\"tr\",\"@id\":\"https:\\\/\\\/www.versiegelung24.com\\\/tr\\\/evrensel-sizdirmazlik-7675-sert-emici-olmayan-yuezeyler-cam-seramik-paslanmaz-celik-plastik-metal-icin.html#primaryimage\",\"url\":\"https:\\\/\\\/www.versiegelung24.com\\\/wp-content\\\/uploads\\\/2020\\\/06\\\/produkt-4005-7675-1000-Universalversiegelung-7675-scaled.jpg\",\"contentUrl\":\"https:\\\/\\\/www.versiegelung24.com\\\/wp-content\\\/uploads\\\/2020\\\/06\\\/produkt-4005-7675-1000-Universalversiegelung-7675-scaled.jpg\",\"width\":2560,\"height\":2560},{\"@type\":\"BreadcrumbList\",\"@id\":\"https:\\\/\\\/www.versiegelung24.com\\\/tr\\\/evrensel-sizdirmazlik-7675-sert-emici-olmayan-yuezeyler-cam-seramik-paslanmaz-celik-plastik-metal-icin.html#breadcrumb\",\"itemListElement\":[{\"@type\":\"ListItem\",\"position\":1,\"name\":\"Anasayfa\",\"item\":\"https:\\\/\\\/www.versiegelung24.com\\\/tr\\\/on\\\/\"},{\"@type\":\"ListItem\",\"position\":2,\"name\":\"Ma\u011faza\",\"item\":\"https:\\\/\\\/www.versiegelung24.com\\\/tr\\\/magaza\\\/\"},{\"@type\":\"ListItem\",\"position\":3,\"name\":\"&#8220;Sert&#8221; \\\/ emici olmayan y\u00fczeyler i\u00e7in evrensel s\u0131zd\u0131rmazl\u0131k 7675 (cam \\\/ seramik +++, paslanmaz \u00e7elik +++, plastik \\\/ metal ++)\"}]},{\"@type\":\"WebSite\",\"@id\":\"https:\\\/\\\/www.versiegelung24.com\\\/tr\\\/#website\",\"url\":\"https:\\\/\\\/www.versiegelung24.com\\\/tr\\\/\",\"name\":\"versiegelung24.com\",\"description\":\"Fl\u00fcssigglas-Versiegelung - Made in Germany\",\"publisher\":{\"@id\":\"https:\\\/\\\/www.versiegelung24.com\\\/tr\\\/#organization\"},\"potentialAction\":[{\"@type\":\"SearchAction\",\"target\":{\"@type\":\"EntryPoint\",\"urlTemplate\":\"https:\\\/\\\/www.versiegelung24.com\\\/tr\\\/?s={search_term_string}\"},\"query-input\":{\"@type\":\"PropertyValueSpecification\",\"valueRequired\":true,\"valueName\":\"search_term_string\"}}],\"inLanguage\":\"tr\"},{\"@type\":\"Organization\",\"@id\":\"https:\\\/\\\/www.versiegelung24.com\\\/tr\\\/#organization\",\"name\":\"versiegelung24\",\"url\":\"https:\\\/\\\/www.versiegelung24.com\\\/tr\\\/\",\"logo\":{\"@type\":\"ImageObject\",\"inLanguage\":\"tr\",\"@id\":\"https:\\\/\\\/www.versiegelung24.com\\\/tr\\\/#\\\/schema\\\/logo\\\/image\\\/\",\"url\":\"https:\\\/\\\/www.versiegelung24.com\\\/wp-content\\\/uploads\\\/2020\\\/04\\\/versiegelung24.png\",\"contentUrl\":\"https:\\\/\\\/www.versiegelung24.com\\\/wp-content\\\/uploads\\\/2020\\\/04\\\/versiegelung24.png\",\"width\":470,\"height\":102,\"caption\":\"versiegelung24\"},\"image\":{\"@id\":\"https:\\\/\\\/www.versiegelung24.com\\\/tr\\\/#\\\/schema\\\/logo\\\/image\\\/\"}}]}<\/script>\n<meta property=\"product:price:amount\" content=\"89.99\" \/>\n<meta property=\"product:price:currency\" content=\"EUR\" \/>\n<meta property=\"og:availability\" content=\"instock\" \/>\n<meta property=\"product:availability\" content=\"instock\" \/>\n<meta property=\"product:retailer_item_id\" content=\"4005-7675\" \/>\n<meta property=\"product:condition\" content=\"new\" \/>\n<!-- \/ Yoast SEO Premium plugin. -->","yoast_head_json":{"title":"\"Sert\" \/ emici olmayan y\u00fczeyler i\u00e7in evrensel s\u0131zd\u0131rmazl\u0131k 7675 (cam \/ seramik +++, paslanmaz \u00e7elik +++, plastik \/ metal ++) - versiegelung24.com","robots":{"index":"index","follow":"follow","max-snippet":"max-snippet:-1","max-image-preview":"max-image-preview:large","max-video-preview":"max-video-preview:-1"},"canonical":"https:\/\/www.versiegelung24.com\/tr\/evrensel-sizdirmazlik-7675-sert-emici-olmayan-yuezeyler-cam-seramik-paslanmaz-celik-plastik-metal-icin.html","og_locale":"tr_TR","og_type":"article","og_title":"\"Sert\" \/ emici olmayan y\u00fczeyler i\u00e7in evrensel s\u0131zd\u0131rmazl\u0131k 7675 (cam \/ seramik +++, paslanmaz \u00e7elik +++, plastik \/ metal ++)","og_description":"**YEN\u0130** A\u015fa\u011f\u0131dakiler gibi \"sert\"\/emici olmayan y\u00fczeyler i\u00e7in son derece etkili profesyonel \u00fcniversal conta: \u2713 Cam \u2713 Seramik y\u00fczeyler \u2713 Plastik y\u00fczeyler \u2713 Metal y\u00fczeyler \u2713 Kolay temizlenebilir etki ile","og_url":"https:\/\/www.versiegelung24.com\/tr\/evrensel-sizdirmazlik-7675-sert-emici-olmayan-yuezeyler-cam-seramik-paslanmaz-celik-plastik-metal-icin.html","og_site_name":"versiegelung24.com","article_modified_time":"2025-03-20T09:10:30+00:00","og_image":[{"width":2560,"height":2560,"url":"https:\/\/www.versiegelung24.com\/wp-content\/uploads\/2020\/06\/produkt-4005-7675-1000-Universalversiegelung-7675-scaled.jpg","type":"image\/jpeg"}],"twitter_card":"summary_large_image","twitter_misc":{"Fiyat":"89,99&euro;","Durumu":"Stokta var"},"schema":{"@context":"https:\/\/schema.org","@graph":[{"@type":"WebPage","@id":"https:\/\/www.versiegelung24.com\/tr\/evrensel-sizdirmazlik-7675-sert-emici-olmayan-yuezeyler-cam-seramik-paslanmaz-celik-plastik-metal-icin.html","url":"https:\/\/www.versiegelung24.com\/tr\/evrensel-sizdirmazlik-7675-sert-emici-olmayan-yuezeyler-cam-seramik-paslanmaz-celik-plastik-metal-icin.html","name":"\"Sert\" \/ emici olmayan y\u00fczeyler i\u00e7in evrensel s\u0131zd\u0131rmazl\u0131k 7675 (cam \/ seramik +++, paslanmaz \u00e7elik +++, plastik \/ metal ++) - versiegelung24.com","isPartOf":{"@id":"https:\/\/www.versiegelung24.com\/tr\/#website"},"primaryImageOfPage":{"@id":"https:\/\/www.versiegelung24.com\/tr\/evrensel-sizdirmazlik-7675-sert-emici-olmayan-yuezeyler-cam-seramik-paslanmaz-celik-plastik-metal-icin.html#primaryimage"},"image":{"@id":"https:\/\/www.versiegelung24.com\/tr\/evrensel-sizdirmazlik-7675-sert-emici-olmayan-yuezeyler-cam-seramik-paslanmaz-celik-plastik-metal-icin.html#primaryimage"},"thumbnailUrl":"https:\/\/www.versiegelung24.com\/wp-content\/uploads\/2020\/06\/produkt-4005-7675-1000-Universalversiegelung-7675-scaled.jpg","datePublished":"2021-08-02T19:28:18+00:00","dateModified":"2025-03-20T09:10:30+00:00","breadcrumb":{"@id":"https:\/\/www.versiegelung24.com\/tr\/evrensel-sizdirmazlik-7675-sert-emici-olmayan-yuezeyler-cam-seramik-paslanmaz-celik-plastik-metal-icin.html#breadcrumb"},"inLanguage":"tr","potentialAction":[{"@type":"ReadAction","target":["https:\/\/www.versiegelung24.com\/tr\/evrensel-sizdirmazlik-7675-sert-emici-olmayan-yuezeyler-cam-seramik-paslanmaz-celik-plastik-metal-icin.html"]}]},{"@type":"ImageObject","inLanguage":"tr","@id":"https:\/\/www.versiegelung24.com\/tr\/evrensel-sizdirmazlik-7675-sert-emici-olmayan-yuezeyler-cam-seramik-paslanmaz-celik-plastik-metal-icin.html#primaryimage","url":"https:\/\/www.versiegelung24.com\/wp-content\/uploads\/2020\/06\/produkt-4005-7675-1000-Universalversiegelung-7675-scaled.jpg","contentUrl":"https:\/\/www.versiegelung24.com\/wp-content\/uploads\/2020\/06\/produkt-4005-7675-1000-Universalversiegelung-7675-scaled.jpg","width":2560,"height":2560},{"@type":"BreadcrumbList","@id":"https:\/\/www.versiegelung24.com\/tr\/evrensel-sizdirmazlik-7675-sert-emici-olmayan-yuezeyler-cam-seramik-paslanmaz-celik-plastik-metal-icin.html#breadcrumb","itemListElement":[{"@type":"ListItem","position":1,"name":"Anasayfa","item":"https:\/\/www.versiegelung24.com\/tr\/on\/"},{"@type":"ListItem","position":2,"name":"Ma\u011faza","item":"https:\/\/www.versiegelung24.com\/tr\/magaza\/"},{"@type":"ListItem","position":3,"name":"&#8220;Sert&#8221; \/ emici olmayan y\u00fczeyler i\u00e7in evrensel s\u0131zd\u0131rmazl\u0131k 7675 (cam \/ seramik +++, paslanmaz \u00e7elik +++, plastik \/ metal ++)"}]},{"@type":"WebSite","@id":"https:\/\/www.versiegelung24.com\/tr\/#website","url":"https:\/\/www.versiegelung24.com\/tr\/","name":"versiegelung24.com","description":"Fl\u00fcssigglas-Versiegelung - Made in Germany","publisher":{"@id":"https:\/\/www.versiegelung24.com\/tr\/#organization"},"potentialAction":[{"@type":"SearchAction","target":{"@type":"EntryPoint","urlTemplate":"https:\/\/www.versiegelung24.com\/tr\/?s={search_term_string}"},"query-input":{"@type":"PropertyValueSpecification","valueRequired":true,"valueName":"search_term_string"}}],"inLanguage":"tr"},{"@type":"Organization","@id":"https:\/\/www.versiegelung24.com\/tr\/#organization","name":"versiegelung24","url":"https:\/\/www.versiegelung24.com\/tr\/","logo":{"@type":"ImageObject","inLanguage":"tr","@id":"https:\/\/www.versiegelung24.com\/tr\/#\/schema\/logo\/image\/","url":"https:\/\/www.versiegelung24.com\/wp-content\/uploads\/2020\/04\/versiegelung24.png","contentUrl":"https:\/\/www.versiegelung24.com\/wp-content\/uploads\/2020\/04\/versiegelung24.png","width":470,"height":102,"caption":"versiegelung24"},"image":{"@id":"https:\/\/www.versiegelung24.com\/tr\/#\/schema\/logo\/image\/"}}]},"product_price_amount":"89.99","product_price_currency":"EUR","og_availability":"instock","product_availability":"instock","product_retailer_item_id":"4005-7675","product_condition":"new"},"_links":{"self":[{"href":"https:\/\/www.versiegelung24.com\/tr\/wp-json\/wp\/v2\/product\/23227","targetHints":{"allow":["GET"]}}],"collection":[{"href":"https:\/\/www.versiegelung24.com\/tr\/wp-json\/wp\/v2\/product"}],"about":[{"href":"https:\/\/www.versiegelung24.com\/tr\/wp-json\/wp\/v2\/types\/product"}],"version-history":[{"count":16,"href":"https:\/\/www.versiegelung24.com\/tr\/wp-json\/wp\/v2\/product\/23227\/revisions"}],"predecessor-version":[{"id":181110,"href":"https:\/\/www.versiegelung24.com\/tr\/wp-json\/wp\/v2\/product\/23227\/revisions\/181110"}],"wp:featuredmedia":[{"embeddable":true,"href":"https:\/\/www.versiegelung24.com\/tr\/wp-json\/wp\/v2\/media\/18275"}],"wp:attachment":[{"href":"https:\/\/www.versiegelung24.com\/tr\/wp-json\/wp\/v2\/media?parent=23227"}],"wp:term":[{"taxonomy":"product_brand","embeddable":true,"href":"https:\/\/www.versiegelung24.com\/tr\/wp-json\/wp\/v2\/product_brand?post=23227"},{"taxonomy":"product_cat","embeddable":true,"href":"https:\/\/www.versiegelung24.com\/tr\/wp-json\/wp\/v2\/product_cat?post=23227"},{"taxonomy":"product_tag","embeddable":true,"href":"https:\/\/www.versiegelung24.com\/tr\/wp-json\/wp\/v2\/product_tag?post=23227"}],"curies":[{"name":"wp","href":"https:\/\/api.w.org\/{rel}","templated":true}]}}