{"id":23413,"date":"2020-04-04T18:53:17","date_gmt":"2021-08-02T19:35:17","guid":{"rendered":"https:\/\/www.versiegelung24.com\/produkt\/500-litre-uzun-sureli-yuzey-dezenfeksiyonu-icin-5-litre-bacoban-konsantresi"},"modified":"2025-01-13T16:37:00","modified_gmt":"2025-01-13T15:37:00","slug":"bacoban-uzun-vadeli-yuzey-dezenfeksiyonu-5-000ml-su-bazli-konsantre","status":"publish","type":"product","link":"https:\/\/www.versiegelung24.com\/tr\/bacoban-uzun-vadeli-yuezey-dezenfeksiyonu-5-000ml-su-bazli-konsantre.html","title":{"rendered":"500 litre uzun s\u00fcreli y\u00fczey dezenfeksiyonu i\u00e7in 5 litre BACOBAN\u00ae konsantresi"},"content":{"rendered":"\n<h2 class=\"wp-block-heading\" id=\"h-5-liter-kanister-bacoban-langzeit-flachendesinfektion-konzentrat\">5 litrelik bidon BACOBAN\u00ae uzun s\u00fcreli y\u00fczey dezenfeksiyon konsantresi<\/h2>\n\n<p><strong>500 litre dezenfektan i\u00e7in yeterli (1:100 su ile seyreltilmi\u015f)<\/strong><\/p>\n\n<p><strong>Dezenfektanlar\u0131 dikkatli kullan\u0131n. Kullanmadan \u00f6nce her zaman etiketi ve \u00fcr\u00fcn bilgisini okuyun.<\/strong><\/p>\n\n<hr \/>\n\n<h4 class=\"wp-block-heading\" id=\"properties\">\u00dcr\u00fcn \u00f6zellikleri<\/h4>\n\n<p><br \/>B<strong>ile\u015fim:<\/strong> 100 g \u00e7\u00f6zelti i\u00e7erir:<br \/>Benzalkonyum klor\u00fcr 26 g, sodyum pirition 2.5 g, polikondensatlar, kokular, ar\u0131t\u0131lm\u0131\u015f su, formaldehit i\u00e7ermez, fenol i\u00e7ermez. 648\/2004 say\u0131l\u0131 Y\u00f6netmeli\u011fe (EC) g\u00f6re i\u00e7erik: %15 ve \u00fczeri, ancak %30&#8217;dan az katyonik y\u00fczey aktif maddeler, dezenfektanlar, koku (linalool, limonen, sitral, geraniol, sitronellol)<\/p>\n<div class=\"wp-block-image\">\n<figure class=\"aligncenter size-large is-resized\"><img decoding=\"async\" src=\"https:\/\/www.versiegelung24.com\/wp-content\/uploads\/2022\/01\/desinfektion_tisch-1300x260.jpg\" alt=\"\" class=\"wp-image-59386\" width=\"1500\" srcset=\"https:\/\/www.versiegelung24.com\/wp-content\/uploads\/2022\/01\/desinfektion_tisch-1300x260.jpg 1300w, https:\/\/www.versiegelung24.com\/wp-content\/uploads\/2022\/01\/desinfektion_tisch-300x60.jpg 300w, https:\/\/www.versiegelung24.com\/wp-content\/uploads\/2022\/01\/desinfektion_tisch-768x154.jpg 768w, https:\/\/www.versiegelung24.com\/wp-content\/uploads\/2022\/01\/desinfektion_tisch-600x120.jpg 600w, https:\/\/www.versiegelung24.com\/wp-content\/uploads\/2022\/01\/desinfektion_tisch.jpg 1500w\" sizes=\"(max-width: 1300px) 100vw, 1300px\" \/><\/figure>\n<\/div>\n<hr \/>\n\n<h4 class=\"wp-block-heading\" id=\"application\">Uygulama<\/h4>\n\n<p>D\u0131\u015far\u0131<strong> bacoban<\/strong><sup> \u00ae<\/sup><strong> D\u00fcnya Bankas\u0131<\/strong> Kar\u0131\u015ft\u0131rma tablosuna g\u00f6re kullan\u0131ma haz\u0131r sol\u00fcsyon haz\u0131rlay\u0131n ve y\u00fczeyleri yeterince \u0131slat\u0131n. Durulamay\u0131n veya ovalamay\u0131n. Taze haz\u0131rlanm\u0131\u015f \u00e7al\u0131\u015fma sol\u00fcsyonunun bekleme s\u00fcresi: 8 saat<\/p>\n\n<figure class=\"wp-block-table\"><table><tbody><tr><td>kar\u0131\u015ft\u0131rma masas\u0131<\/td><\/tr><tr><td>Son hacim<\/td><td>0,5 %<\/td><td>1 %<\/td><td>2 %<\/td><td>3 %<\/td><\/tr><tr><td>1 litre<\/td><td>5 ml<\/td><td>10 ml<\/td><td>20 ml<\/td><td>30 ml<\/td><\/tr><tr><td>2 litre<\/td><td>10 ml<\/td><td>20 ml<\/td><td>40 ml<\/td><td>60 ml<\/td><\/tr><tr><td>4 litre<\/td><td>20 ml<\/td><td>40 ml<\/td><td>80 ml<\/td><td>120 ml<\/td><\/tr><tr><td>8 litre<\/td><td>40 ml<\/td><td>80 ml<\/td><td>160 ml<\/td><td>240 ml<\/td><\/tr><tr><td>10 litre<\/td><td>50 ml<\/td><td>100 ml<\/td><td>200 ml<\/td><td>300 ml<\/td><\/tr><\/tbody><\/table><figcaption>kar\u0131\u015ft\u0131rma masas\u0131<\/figcaption><\/figure>\n\n<p><br \/>Kal\u0131c\u0131 antimikrobiyal etki <strong>(remanans<\/strong> etkisi) <strong>10 g\u00fcne<\/strong> kadar (ASTM E 2180&#8217;e g\u00f6re test edilmi\u015ftir). Dermatolojik olarak test edilmi\u015ftir (*%1&#8217;de): \u00e7ok iyi cilt uyumlulu\u011fu.<\/p>\n\n<p><strong>Etkinlik ve dozaj:<\/strong><\/p>\n\n<div class=\"wp-block-columns is-layout-flex wp-container-core-columns-is-layout-9d6595d7 wp-block-columns-is-layout-flex\">\n<div class=\"wp-block-column is-layout-flow wp-block-column-is-layout-flow\">\n<p><br \/><br \/><br \/><br \/><br \/>DGHM y\u00f6nergelerine g\u00f6re test (y\u00fcksek organik y\u00fck): %1,5, 15 dk.; %2,0, 5 dk. EN y\u00f6nergelerine g\u00f6re test: DIN EN 1040: %0,25, 5 dk. DIN EN 1275: %0,25, 5 dk. DIN EN 1276: %0,75, 5 dk.\/%0,50, 15 dk.<\/p>\n<\/div>\n\n\n\n<div class=\"wp-block-column is-layout-flow wp-block-column-is-layout-flow\">\n<p><br \/><br \/>DIN EN 1650: %0,50, 5 dk\/%0,25, 15 dk DIN EN 13697: %0,50, 15 dk EN 13727:<br \/><br \/><br \/><br \/>1, 5 dk EN 13624: %1, 5 dk DIN EN 14561: %3 5 dk, %0,5 60 dk DIN EN 14562: %0,5 60 dk DVV y\u00f6nergelerine uygun olarak test edilmi\u015ftir: *S\u0131n\u0131rl\u0131 vir\u00fcsidal etkinlik; %1,0; 5 dk. (HIV, HBV, HCV, herpes, influenza, ayr\u0131ca ku\u015f gribi, BVDV, vaccinia), rotavir\u00fcs: %0,1, 5 dk., adenovir\u00fcs: %2,0, 240 dk.<\/p>\n<\/div>\n<\/div>\n\n<p><strong>10 g\u00fcne kadar kal\u0131c\u0131 antimikrobiyal etki<\/strong> (ASTM E 2180&#8217;e g\u00f6re test edilmi\u015ftir)<\/p>\n\n<p><br \/>\u00d6nemli! <strong><sup>Bacoban\u00aeWB<\/sup>&#8216;nin uzun s\u00fcreli antimikrobiyal etkisi, g\u00f6r\u00fcn\u00fcr ve\/veya \u015f\u00fcpheli kontaminasyon durumunda gerekli dezenfeksiyon \u00f6nlemlerinin ihmal edilmesine yol a\u00e7mamal\u0131d\u0131r!<\/strong><\/p>\n<div class=\"wp-block-image\">\n<figure class=\"aligncenter size-large is-resized\"><img decoding=\"async\" src=\"https:\/\/www.versiegelung24.com\/wp-content\/uploads\/2022\/01\/tuere_viren-1300x260.jpg\" alt=\"\" class=\"wp-image-59414\" width=\"1500\" srcset=\"https:\/\/www.versiegelung24.com\/wp-content\/uploads\/2022\/01\/tuere_viren-1300x260.jpg 1300w, https:\/\/www.versiegelung24.com\/wp-content\/uploads\/2022\/01\/tuere_viren-300x60.jpg 300w, https:\/\/www.versiegelung24.com\/wp-content\/uploads\/2022\/01\/tuere_viren-768x154.jpg 768w, https:\/\/www.versiegelung24.com\/wp-content\/uploads\/2022\/01\/tuere_viren-600x120.jpg 600w, https:\/\/www.versiegelung24.com\/wp-content\/uploads\/2022\/01\/tuere_viren.jpg 1500w\" sizes=\"(max-width: 1300px) 100vw, 1300px\" \/><\/figure>\n<\/div>\n<hr \/>\n\n<h4 class=\"wp-block-heading\" id=\"advisor\">Dan\u0131\u015fman<\/h4>\n\n<p><br \/>G<strong>\u00fcvenlik bilgileri:<\/strong> \u0130\u015fverenlerin sorumluluk sigortas\u0131 birli\u011fi, dezenfektanlarla \u00e7al\u0131\u015f\u0131rken eldiven giyilmesini \u015fart ko\u015fmaktad\u0131r. Yutulmas\u0131 halinde zararl\u0131d\u0131r. Ciddi cilt yan\u0131klar\u0131na ve g\u00f6z hasar\u0131na neden olur. Suda ya\u015fayan organizmalar i\u00e7in \u00e7ok toksiktir. Sucul organizmalar i\u00e7in toksiktir, uzun s\u00fcreli etkileri vard\u0131r. \u00dcr\u00fcn\u00fc kullan\u0131rken bir \u015fey yemeyin, i\u00e7meyin veya sigara i\u00e7meyin. YUTULDU\u011eUNDA: A\u011fz\u0131 \u00e7alkalay\u0131n. Kusturmaya \u00c7ALI\u015eMAYIN. C\u0130LTLE (veya sa\u00e7la) TEMAS HAL\u0130NDE: Kirlenmi\u015f t\u00fcm giysileri derhal \u00e7\u0131kar\u0131n. Cildi su\/du\u015f ile durulay\u0131n. G\u00d6ZLE TEMASI HAL\u0130NDE: Birka\u00e7 dakika boyunca dikkatlice su ile durulay\u0131n. M\u00fcmk\u00fcnse mevcut kontakt lensleri \u00e7\u0131kar\u0131n. Durulamaya devam edin. Derhal bir ZEH\u0130R MERKEZ\u0130 veya doktor \u00e7a\u011f\u0131r\u0131n. T\u0131bbi tavsiye gerekiyorsa, ambalaj\u0131 veya etiketi haz\u0131r bulundurun. <br \/>\u00c7ocuklar\u0131n ula\u015famayaca\u011f\u0131 yerlerde saklay\u0131n\u0131z. Sadece su ile ve kar\u0131\u015f\u0131m tablosuna uygun olarak kullan\u0131n\u0131z. Di\u011fer temizleyiciler veya dezenfektanlarla birlikte kullanmay\u0131n.<\/p>\n\n<div class=\"wp-block-columns is-layout-flex wp-container-core-columns-is-layout-9d6595d7 wp-block-columns-is-layout-flex\">\n<div class=\"wp-block-column is-layout-flow wp-block-column-is-layout-flow\">\n<p>T\u00fcm y\u00fczeylerde kullan\u0131labilir. \u015e\u00fcpheli derecede <strong>hassas y\u00fczeyler s\u00f6z konusu oldu\u011funda, g\u00f6ze \u00e7arpmayan bir alanda diren\u00e7 testi yap\u0131lmas\u0131n\u0131 \u00f6neririz<\/strong> . Sadece kapal\u0131 bir kapta saklay\u0131n. Serin ve kuru bir yerde saklay\u0131n.<\/p>\n<\/div>\n\n\n\n<div class=\"wp-block-column is-layout-flow wp-block-column-is-layout-flow\">\n<p><strong>Konteyner sadece tamamen bo\u015f oldu\u011funda geri d\u00f6n\u00fc\u015ft\u00fcr\u00fclebilir.<\/strong> Son kullanma tarihinden sonra kullanmay\u0131n\u0131z. Yerel ve resmi y\u00f6netmeliklere uygun olarak bertaraf edin.<\/p>\n<\/div>\n<\/div>\n\n<p>Biyosit Kay\u0131t No: N-28795 (D). 263\/17\/L (Lu)<\/p>\n\n<p>Kar\u0131\u015ft\u0131rma tablosuna g\u00f6re kullan\u0131ma <strong>haz\u0131r<\/strong> \u00e7\u00f6z\u00fcm bir tehlike sembol\u00fc gerektirmez.<\/p>\n","protected":false},"excerpt":{"rendered":"<p><strong>500 litre su bazl\u0131 dezenfektan i\u00e7in konsantre olun.<\/strong><\/p>\n","protected":false},"featured_media":15398,"template":"","meta":{"_acf_changed":false,"neve_meta_sidebar":"","neve_meta_container":"","neve_meta_enable_content_width":"","neve_meta_content_width":0,"neve_meta_title_alignment":"","neve_meta_author_avatar":"","neve_post_elements_order":"","neve_meta_disable_header":"","neve_meta_disable_footer":"","neve_meta_disable_title":"","neve_meta_reading_time":"","_surfaces":[],"_ver_product_tabs":[],"footnotes":""},"product_brand":[],"product_cat":[2359,2361,2362],"product_tag":[],"class_list":{"0":"post-23413","1":"product","2":"type-product","3":"status-publish","4":"has-post-thumbnail","6":"product_cat-dezenfektanlar","7":"product_cat-yuezey-dezenfektanlari","8":"product_cat-dezenfektan-konsantreleri","10":"first","11":"instock","12":"taxable","13":"shipping-taxable","14":"purchasable","15":"product-type-simple"},"acf":[],"yoast_head":"<!-- This site is optimized with the Yoast SEO Premium plugin v22.8 (Yoast SEO v27.5) - https:\/\/yoast.com\/product\/yoast-seo-premium-wordpress\/ -->\n<title>500 litre uzun s\u00fcreli y\u00fczey dezenfeksiyonu i\u00e7in 5 litre BACOBAN\u00ae konsantresi - versiegelung24.com<\/title>\n<meta name=\"robots\" content=\"index, follow, max-snippet:-1, max-image-preview:large, max-video-preview:-1\" \/>\n<link rel=\"canonical\" href=\"https:\/\/www.versiegelung24.com\/tr\/bacoban-uzun-vadeli-yuezey-dezenfeksiyonu-5-000ml-su-bazli-konsantre.html\" \/>\n<meta property=\"og:locale\" content=\"tr_TR\" \/>\n<meta property=\"og:type\" content=\"article\" \/>\n<meta property=\"og:title\" content=\"500 litre uzun s\u00fcreli y\u00fczey dezenfeksiyonu i\u00e7in 5 litre BACOBAN\u00ae konsantresi\" \/>\n<meta property=\"og:description\" content=\"500 litre su bazl\u0131 dezenfektan i\u00e7in konsantre olun.\" \/>\n<meta property=\"og:url\" content=\"https:\/\/www.versiegelung24.com\/tr\/bacoban-uzun-vadeli-yuezey-dezenfeksiyonu-5-000ml-su-bazli-konsantre.html\" \/>\n<meta property=\"og:site_name\" content=\"versiegelung24.com\" \/>\n<meta property=\"article:modified_time\" content=\"2025-01-13T15:37:00+00:00\" \/>\n<meta property=\"og:image\" content=\"https:\/\/www.versiegelung24.com\/wp-content\/uploads\/2020\/05\/bacoban-bacwb5-1.png\" \/>\n\t<meta property=\"og:image:width\" content=\"2000\" \/>\n\t<meta property=\"og:image:height\" content=\"2000\" \/>\n\t<meta property=\"og:image:type\" content=\"image\/png\" \/>\n<meta name=\"twitter:card\" content=\"summary_large_image\" \/>\n<meta name=\"twitter:label1\" content=\"Fiyat\" \/>\n\t<meta name=\"twitter:data1\" content=\"399,00&euro;\" \/>\n\t<meta name=\"twitter:label2\" content=\"Durumu\" \/>\n\t<meta name=\"twitter:data2\" content=\"Stokta var\" \/>\n<script type=\"application\/ld+json\" class=\"yoast-schema-graph\">{\"@context\":\"https:\\\/\\\/schema.org\",\"@graph\":[{\"@type\":\"WebPage\",\"@id\":\"https:\\\/\\\/www.versiegelung24.com\\\/tr\\\/bacoban-uzun-vadeli-yuezey-dezenfeksiyonu-5-000ml-su-bazli-konsantre.html\",\"url\":\"https:\\\/\\\/www.versiegelung24.com\\\/tr\\\/bacoban-uzun-vadeli-yuezey-dezenfeksiyonu-5-000ml-su-bazli-konsantre.html\",\"name\":\"500 litre uzun s\u00fcreli y\u00fczey dezenfeksiyonu i\u00e7in 5 litre BACOBAN\u00ae konsantresi - versiegelung24.com\",\"isPartOf\":{\"@id\":\"https:\\\/\\\/www.versiegelung24.com\\\/tr\\\/#website\"},\"primaryImageOfPage\":{\"@id\":\"https:\\\/\\\/www.versiegelung24.com\\\/tr\\\/bacoban-uzun-vadeli-yuezey-dezenfeksiyonu-5-000ml-su-bazli-konsantre.html#primaryimage\"},\"image\":{\"@id\":\"https:\\\/\\\/www.versiegelung24.com\\\/tr\\\/bacoban-uzun-vadeli-yuezey-dezenfeksiyonu-5-000ml-su-bazli-konsantre.html#primaryimage\"},\"thumbnailUrl\":\"https:\\\/\\\/www.versiegelung24.com\\\/wp-content\\\/uploads\\\/2020\\\/05\\\/bacoban-bacwb5-1.png\",\"datePublished\":\"2021-08-02T19:35:17+00:00\",\"dateModified\":\"2025-01-13T15:37:00+00:00\",\"breadcrumb\":{\"@id\":\"https:\\\/\\\/www.versiegelung24.com\\\/tr\\\/bacoban-uzun-vadeli-yuezey-dezenfeksiyonu-5-000ml-su-bazli-konsantre.html#breadcrumb\"},\"inLanguage\":\"tr\",\"potentialAction\":[{\"@type\":\"ReadAction\",\"target\":[\"https:\\\/\\\/www.versiegelung24.com\\\/tr\\\/bacoban-uzun-vadeli-yuezey-dezenfeksiyonu-5-000ml-su-bazli-konsantre.html\"]}]},{\"@type\":\"ImageObject\",\"inLanguage\":\"tr\",\"@id\":\"https:\\\/\\\/www.versiegelung24.com\\\/tr\\\/bacoban-uzun-vadeli-yuezey-dezenfeksiyonu-5-000ml-su-bazli-konsantre.html#primaryimage\",\"url\":\"https:\\\/\\\/www.versiegelung24.com\\\/wp-content\\\/uploads\\\/2020\\\/05\\\/bacoban-bacwb5-1.png\",\"contentUrl\":\"https:\\\/\\\/www.versiegelung24.com\\\/wp-content\\\/uploads\\\/2020\\\/05\\\/bacoban-bacwb5-1.png\",\"width\":2000,\"height\":2000},{\"@type\":\"BreadcrumbList\",\"@id\":\"https:\\\/\\\/www.versiegelung24.com\\\/tr\\\/bacoban-uzun-vadeli-yuezey-dezenfeksiyonu-5-000ml-su-bazli-konsantre.html#breadcrumb\",\"itemListElement\":[{\"@type\":\"ListItem\",\"position\":1,\"name\":\"Anasayfa\",\"item\":\"https:\\\/\\\/www.versiegelung24.com\\\/tr\\\/on\\\/\"},{\"@type\":\"ListItem\",\"position\":2,\"name\":\"Ma\u011faza\",\"item\":\"https:\\\/\\\/www.versiegelung24.com\\\/tr\\\/magaza\\\/\"},{\"@type\":\"ListItem\",\"position\":3,\"name\":\"500 litre uzun s\u00fcreli y\u00fczey dezenfeksiyonu i\u00e7in 5 litre BACOBAN\u00ae konsantresi\"}]},{\"@type\":\"WebSite\",\"@id\":\"https:\\\/\\\/www.versiegelung24.com\\\/tr\\\/#website\",\"url\":\"https:\\\/\\\/www.versiegelung24.com\\\/tr\\\/\",\"name\":\"versiegelung24.com\",\"description\":\"Fl\u00fcssigglas-Versiegelung - Made in Germany\",\"publisher\":{\"@id\":\"https:\\\/\\\/www.versiegelung24.com\\\/tr\\\/#organization\"},\"potentialAction\":[{\"@type\":\"SearchAction\",\"target\":{\"@type\":\"EntryPoint\",\"urlTemplate\":\"https:\\\/\\\/www.versiegelung24.com\\\/tr\\\/?s={search_term_string}\"},\"query-input\":{\"@type\":\"PropertyValueSpecification\",\"valueRequired\":true,\"valueName\":\"search_term_string\"}}],\"inLanguage\":\"tr\"},{\"@type\":\"Organization\",\"@id\":\"https:\\\/\\\/www.versiegelung24.com\\\/tr\\\/#organization\",\"name\":\"versiegelung24\",\"url\":\"https:\\\/\\\/www.versiegelung24.com\\\/tr\\\/\",\"logo\":{\"@type\":\"ImageObject\",\"inLanguage\":\"tr\",\"@id\":\"https:\\\/\\\/www.versiegelung24.com\\\/tr\\\/#\\\/schema\\\/logo\\\/image\\\/\",\"url\":\"https:\\\/\\\/www.versiegelung24.com\\\/wp-content\\\/uploads\\\/2020\\\/04\\\/versiegelung24.png\",\"contentUrl\":\"https:\\\/\\\/www.versiegelung24.com\\\/wp-content\\\/uploads\\\/2020\\\/04\\\/versiegelung24.png\",\"width\":470,\"height\":102,\"caption\":\"versiegelung24\"},\"image\":{\"@id\":\"https:\\\/\\\/www.versiegelung24.com\\\/tr\\\/#\\\/schema\\\/logo\\\/image\\\/\"}}]}<\/script>\n<meta property=\"product:price:amount\" content=\"399.00\" \/>\n<meta property=\"product:price:currency\" content=\"EUR\" \/>\n<meta property=\"og:availability\" content=\"instock\" \/>\n<meta property=\"product:availability\" content=\"instock\" \/>\n<meta property=\"product:retailer_item_id\" content=\"BACWB5\" \/>\n<meta property=\"product:condition\" content=\"new\" \/>\n<!-- \/ Yoast SEO Premium plugin. -->","yoast_head_json":{"title":"500 litre uzun s\u00fcreli y\u00fczey dezenfeksiyonu i\u00e7in 5 litre BACOBAN\u00ae konsantresi - versiegelung24.com","robots":{"index":"index","follow":"follow","max-snippet":"max-snippet:-1","max-image-preview":"max-image-preview:large","max-video-preview":"max-video-preview:-1"},"canonical":"https:\/\/www.versiegelung24.com\/tr\/bacoban-uzun-vadeli-yuezey-dezenfeksiyonu-5-000ml-su-bazli-konsantre.html","og_locale":"tr_TR","og_type":"article","og_title":"500 litre uzun s\u00fcreli y\u00fczey dezenfeksiyonu i\u00e7in 5 litre BACOBAN\u00ae konsantresi","og_description":"500 litre su bazl\u0131 dezenfektan i\u00e7in konsantre olun.","og_url":"https:\/\/www.versiegelung24.com\/tr\/bacoban-uzun-vadeli-yuezey-dezenfeksiyonu-5-000ml-su-bazli-konsantre.html","og_site_name":"versiegelung24.com","article_modified_time":"2025-01-13T15:37:00+00:00","og_image":[{"width":2000,"height":2000,"url":"https:\/\/www.versiegelung24.com\/wp-content\/uploads\/2020\/05\/bacoban-bacwb5-1.png","type":"image\/png"}],"twitter_card":"summary_large_image","twitter_misc":{"Fiyat":"399,00&euro;","Durumu":"Stokta var"},"schema":{"@context":"https:\/\/schema.org","@graph":[{"@type":"WebPage","@id":"https:\/\/www.versiegelung24.com\/tr\/bacoban-uzun-vadeli-yuezey-dezenfeksiyonu-5-000ml-su-bazli-konsantre.html","url":"https:\/\/www.versiegelung24.com\/tr\/bacoban-uzun-vadeli-yuezey-dezenfeksiyonu-5-000ml-su-bazli-konsantre.html","name":"500 litre uzun s\u00fcreli y\u00fczey dezenfeksiyonu i\u00e7in 5 litre BACOBAN\u00ae konsantresi - versiegelung24.com","isPartOf":{"@id":"https:\/\/www.versiegelung24.com\/tr\/#website"},"primaryImageOfPage":{"@id":"https:\/\/www.versiegelung24.com\/tr\/bacoban-uzun-vadeli-yuezey-dezenfeksiyonu-5-000ml-su-bazli-konsantre.html#primaryimage"},"image":{"@id":"https:\/\/www.versiegelung24.com\/tr\/bacoban-uzun-vadeli-yuezey-dezenfeksiyonu-5-000ml-su-bazli-konsantre.html#primaryimage"},"thumbnailUrl":"https:\/\/www.versiegelung24.com\/wp-content\/uploads\/2020\/05\/bacoban-bacwb5-1.png","datePublished":"2021-08-02T19:35:17+00:00","dateModified":"2025-01-13T15:37:00+00:00","breadcrumb":{"@id":"https:\/\/www.versiegelung24.com\/tr\/bacoban-uzun-vadeli-yuezey-dezenfeksiyonu-5-000ml-su-bazli-konsantre.html#breadcrumb"},"inLanguage":"tr","potentialAction":[{"@type":"ReadAction","target":["https:\/\/www.versiegelung24.com\/tr\/bacoban-uzun-vadeli-yuezey-dezenfeksiyonu-5-000ml-su-bazli-konsantre.html"]}]},{"@type":"ImageObject","inLanguage":"tr","@id":"https:\/\/www.versiegelung24.com\/tr\/bacoban-uzun-vadeli-yuezey-dezenfeksiyonu-5-000ml-su-bazli-konsantre.html#primaryimage","url":"https:\/\/www.versiegelung24.com\/wp-content\/uploads\/2020\/05\/bacoban-bacwb5-1.png","contentUrl":"https:\/\/www.versiegelung24.com\/wp-content\/uploads\/2020\/05\/bacoban-bacwb5-1.png","width":2000,"height":2000},{"@type":"BreadcrumbList","@id":"https:\/\/www.versiegelung24.com\/tr\/bacoban-uzun-vadeli-yuezey-dezenfeksiyonu-5-000ml-su-bazli-konsantre.html#breadcrumb","itemListElement":[{"@type":"ListItem","position":1,"name":"Anasayfa","item":"https:\/\/www.versiegelung24.com\/tr\/on\/"},{"@type":"ListItem","position":2,"name":"Ma\u011faza","item":"https:\/\/www.versiegelung24.com\/tr\/magaza\/"},{"@type":"ListItem","position":3,"name":"500 litre uzun s\u00fcreli y\u00fczey dezenfeksiyonu i\u00e7in 5 litre BACOBAN\u00ae konsantresi"}]},{"@type":"WebSite","@id":"https:\/\/www.versiegelung24.com\/tr\/#website","url":"https:\/\/www.versiegelung24.com\/tr\/","name":"versiegelung24.com","description":"Fl\u00fcssigglas-Versiegelung - Made in Germany","publisher":{"@id":"https:\/\/www.versiegelung24.com\/tr\/#organization"},"potentialAction":[{"@type":"SearchAction","target":{"@type":"EntryPoint","urlTemplate":"https:\/\/www.versiegelung24.com\/tr\/?s={search_term_string}"},"query-input":{"@type":"PropertyValueSpecification","valueRequired":true,"valueName":"search_term_string"}}],"inLanguage":"tr"},{"@type":"Organization","@id":"https:\/\/www.versiegelung24.com\/tr\/#organization","name":"versiegelung24","url":"https:\/\/www.versiegelung24.com\/tr\/","logo":{"@type":"ImageObject","inLanguage":"tr","@id":"https:\/\/www.versiegelung24.com\/tr\/#\/schema\/logo\/image\/","url":"https:\/\/www.versiegelung24.com\/wp-content\/uploads\/2020\/04\/versiegelung24.png","contentUrl":"https:\/\/www.versiegelung24.com\/wp-content\/uploads\/2020\/04\/versiegelung24.png","width":470,"height":102,"caption":"versiegelung24"},"image":{"@id":"https:\/\/www.versiegelung24.com\/tr\/#\/schema\/logo\/image\/"}}]},"product_price_amount":"399.00","product_price_currency":"EUR","og_availability":"instock","product_availability":"instock","product_retailer_item_id":"BACWB5","product_condition":"new"},"_links":{"self":[{"href":"https:\/\/www.versiegelung24.com\/tr\/wp-json\/wp\/v2\/product\/23413","targetHints":{"allow":["GET"]}}],"collection":[{"href":"https:\/\/www.versiegelung24.com\/tr\/wp-json\/wp\/v2\/product"}],"about":[{"href":"https:\/\/www.versiegelung24.com\/tr\/wp-json\/wp\/v2\/types\/product"}],"version-history":[{"count":25,"href":"https:\/\/www.versiegelung24.com\/tr\/wp-json\/wp\/v2\/product\/23413\/revisions"}],"predecessor-version":[{"id":180521,"href":"https:\/\/www.versiegelung24.com\/tr\/wp-json\/wp\/v2\/product\/23413\/revisions\/180521"}],"wp:featuredmedia":[{"embeddable":true,"href":"https:\/\/www.versiegelung24.com\/tr\/wp-json\/wp\/v2\/media\/15398"}],"wp:attachment":[{"href":"https:\/\/www.versiegelung24.com\/tr\/wp-json\/wp\/v2\/media?parent=23413"}],"wp:term":[{"taxonomy":"product_brand","embeddable":true,"href":"https:\/\/www.versiegelung24.com\/tr\/wp-json\/wp\/v2\/product_brand?post=23413"},{"taxonomy":"product_cat","embeddable":true,"href":"https:\/\/www.versiegelung24.com\/tr\/wp-json\/wp\/v2\/product_cat?post=23413"},{"taxonomy":"product_tag","embeddable":true,"href":"https:\/\/www.versiegelung24.com\/tr\/wp-json\/wp\/v2\/product_tag?post=23413"}],"curies":[{"name":"wp","href":"https:\/\/api.w.org\/{rel}","templated":true}]}}