{"id":23416,"date":"2020-04-04T18:53:43","date_gmt":"2021-08-02T19:35:23","guid":{"rendered":"https:\/\/www.versiegelung24.com\/produkt\/yumusak-emici-yuzeyler-icin-evrensel-sizdirmazlik-695-tas-ahsap-tekstil"},"modified":"2025-04-12T11:48:00","modified_gmt":"2025-04-12T09:48:00","slug":"universal-seal-695-for-yumusak-emici-yuzeyler-tas-ahsap-tekstil","status":"publish","type":"product","link":"https:\/\/www.versiegelung24.com\/tr\/universal-seal-695-for-yumusak-emici-yuezeyler-tas-ahsap-tekstil.html","title":{"rendered":"&#8220;Yumu\u015fak&#8221; \/ emici y\u00fczeyler i\u00e7in evrensel s\u0131zd\u0131rmazl\u0131k 695 (ta\u015f +++, ah\u015fap +++, tekstil ++)"},"content":{"rendered":"\n<p><strong>Tekstil, ta\u015f, ah\u015fap gibi &#8220;yumu\u015fak&#8221;\/emici y\u00fczeyler i\u00e7in temizlemesi kolay efektli son derece etkili profesyonel \u00fcniversal conta<\/strong><\/p>\n\n<p>Ta\u015f ve ah\u015fap i\u00e7in ideal, tekstile de uygulanabilir<\/p>\n\n<p>Y\u00fcksek kalite &#8211; Almanya&#8217;da \u00fcretilmi\u015ftir<\/p>\n\n<p><strong>V24 evrensel s\u0131zd\u0131rmazl\u0131k 4007-695<\/strong> y\u00fczeylerin \u00e7ok iyi hidrofobikli\u011fi (su iticilik) ve oleofobikli\u011fi (ya\u011f iticilik) ile emici \/ &#8220;yumu\u015fak&#8221; y\u00fczeyler i\u00e7in sulu bir emprenyedir. \u00dcr\u00fcn neredeyse g\u00f6r\u00fcnmez, ince bir y\u00fczey filmi olu\u015fturur. Su itici etki, i\u015flenmi\u015f y\u00fczeylerde nem penetrasyon oran\u0131n\u0131 ve yeniden kirlenmeyi \u00f6nemli \u00f6l\u00e7\u00fcde azalt\u0131r. Ya\u011f ve renk a\u00e7\u0131c\u0131 maddelerin y\u00fczeye n\u00fcfuzu azalt\u0131l\u0131r ve kolayca \u00e7\u0131kar\u0131labilir\/temizlenebilir.<\/p>\n\n<hr \/>\n\n<h4 class=\"wp-block-heading\" id=\"properties\">\u00dcr\u00fcn \u00f6zellikleri<\/h4>\n\n<div class=\"wp-block-columns is-layout-flex wp-container-core-columns-is-layout-9d6595d7 wp-block-columns-is-layout-flex\">\n<div class=\"wp-block-column is-layout-flow wp-block-column-is-layout-flow\">\n<p>Not: Ucuz beyaz tekstillerin rengi sar\u0131 olabilir<\/p>\n\n\n\n<p>S\u0131zd\u0131rmazl\u0131k yap\u0131lacak y\u00fczeyin emicili\u011fine ba\u011fl\u0131 olarak 40m\u00b2&#8217;ye kadar 1 litre yeterlidir.<\/p>\n<\/div>\n\n\n\n<div class=\"wp-block-column is-layout-flow wp-block-column-is-layout-flow\">\n<p><br \/><br \/>T<strong>eslimat kapsam\u0131:<\/strong> 1 x litrelik \u015fi\u015fe 1 x pompal\u0131 p\u00fcsk\u00fcrtme ba\u015fl\u0131\u011f\u0131<\/p>\n<\/div>\n<\/div>\n\n<hr \/>\n\n<h4 class=\"wp-block-heading\" id=\"h-ratgeber\">Dan\u0131\u015fman<\/h4>\n\n<p>\u00dcniversal contalar\u0131m\u0131z \u00f6zellikle kendin yap sekt\u00f6r\u00fc i\u00e7in uygundur.<\/p>\n\n<p>Uygulama s\u0131ras\u0131nda kolay kullan\u0131m ile farkl\u0131 y\u00fczeylerde profesyonel bir hareket tarz\u0131n\u0131 birle\u015ftirirler. Ve t\u00fcm bunlar kalite a\u00e7\u0131s\u0131ndan b\u00fcy\u00fck bir taviz vermek zorunda kalmadan.<\/p>\n\n<p>Bu sayede tek bir \u00fcniversal mastik ile birden fazla malzemeye uygulama yap\u0131labilir ve y\u00fcksek kaliteli bir etki ve uzun s\u00fcreli dayan\u0131kl\u0131l\u0131k da elde edilebilir.<\/p>\n\n<p>Ancak, belirli bir y\u00fczeyde m\u00fcmk\u00fcn olan en y\u00fcksek performans\u0131n elde edilece\u011fi ticari ve end\u00fcstriyel uygulamalar i\u00e7in, o y\u00fczey i\u00e7in \u00f6zel cilalar\u0131m\u0131z\u0131n kullan\u0131lmas\u0131n\u0131 \u00f6neririz.<\/p>\n","protected":false},"excerpt":{"rendered":"<p><strong>Emici \/ &#8220;yumu\u015fak&#8221; y\u00fczeyler i\u00e7in son derece etkili profesyonel evrensel conta:<\/strong><\/p>\n<p>\u2713 Tekstil<\/p>\n<p>\u2713 Ta\u015f<\/p>\n<p>\u2713 ah\u015fap<\/p>\n<p>\u2713 Kolay temizlenebilir etki ile<\/p>\n","protected":false},"featured_media":18345,"template":"","meta":{"_acf_changed":false,"neve_meta_sidebar":"","neve_meta_container":"","neve_meta_enable_content_width":"","neve_meta_content_width":0,"neve_meta_title_alignment":"","neve_meta_author_avatar":"","neve_post_elements_order":"","neve_meta_disable_header":"","neve_meta_disable_footer":"","neve_meta_disable_title":"","neve_meta_reading_time":"","_surfaces":[],"_ver_product_tabs":[],"footnotes":""},"product_brand":[],"product_cat":[2481],"product_tag":[],"class_list":{"0":"post-23416","1":"product","2":"type-product","3":"status-publish","4":"has-post-thumbnail","6":"product_cat-evrensel-muehuer","7":"pa_gebinde-1000ml-sise","8":"pa_gebinde-20l-teneke-kutu","10":"first","11":"instock","12":"taxable","13":"shipping-taxable","14":"purchasable","15":"product-type-variable","16":"has-default-attributes"},"acf":[],"yoast_head":"<!-- This site is optimized with the Yoast SEO Premium plugin v22.8 (Yoast SEO v27.5) - https:\/\/yoast.com\/product\/yoast-seo-premium-wordpress\/ -->\n<title>&quot;Yumu\u015fak&quot; \/ emici y\u00fczeyler i\u00e7in evrensel s\u0131zd\u0131rmazl\u0131k 695 (ta\u015f +++, ah\u015fap +++, tekstil ++) - versiegelung24.com<\/title>\n<meta name=\"robots\" content=\"index, follow, max-snippet:-1, max-image-preview:large, max-video-preview:-1\" \/>\n<link rel=\"canonical\" href=\"https:\/\/www.versiegelung24.com\/tr\/universal-seal-695-for-yumusak-emici-yuezeyler-tas-ahsap-tekstil.html\" \/>\n<meta property=\"og:locale\" content=\"tr_TR\" \/>\n<meta property=\"og:type\" content=\"article\" \/>\n<meta property=\"og:title\" content=\"&quot;Yumu\u015fak&quot; \/ emici y\u00fczeyler i\u00e7in evrensel s\u0131zd\u0131rmazl\u0131k 695 (ta\u015f +++, ah\u015fap +++, tekstil ++)\" \/>\n<meta property=\"og:description\" content=\"Emici \/ &quot;yumu\u015fak&quot; y\u00fczeyler i\u00e7in son derece etkili profesyonel evrensel conta: \u2713 Tekstil \u2713 Ta\u015f \u2713 ah\u015fap \u2713 Kolay temizlenebilir etki ile\" \/>\n<meta property=\"og:url\" content=\"https:\/\/www.versiegelung24.com\/tr\/universal-seal-695-for-yumusak-emici-yuezeyler-tas-ahsap-tekstil.html\" \/>\n<meta property=\"og:site_name\" content=\"versiegelung24.com\" \/>\n<meta property=\"article:modified_time\" content=\"2025-04-12T09:48:00+00:00\" \/>\n<meta property=\"og:image\" content=\"https:\/\/www.versiegelung24.com\/wp-content\/uploads\/2020\/06\/produkt-4007-695-1000-Universalversiegelung-695-scaled.jpg\" \/>\n\t<meta property=\"og:image:width\" content=\"2560\" \/>\n\t<meta property=\"og:image:height\" content=\"2560\" \/>\n\t<meta property=\"og:image:type\" content=\"image\/jpeg\" \/>\n<meta name=\"twitter:card\" content=\"summary_large_image\" \/>\n<meta name=\"twitter:label1\" content=\"Durumu\" \/>\n\t<meta name=\"twitter:data1\" content=\"Stokta var\" \/>\n<script type=\"application\/ld+json\" class=\"yoast-schema-graph\">{\"@context\":\"https:\\\/\\\/schema.org\",\"@graph\":[{\"@type\":\"WebPage\",\"@id\":\"https:\\\/\\\/www.versiegelung24.com\\\/tr\\\/universal-seal-695-for-yumusak-emici-yuezeyler-tas-ahsap-tekstil.html\",\"url\":\"https:\\\/\\\/www.versiegelung24.com\\\/tr\\\/universal-seal-695-for-yumusak-emici-yuezeyler-tas-ahsap-tekstil.html\",\"name\":\"\\\"Yumu\u015fak\\\" \\\/ emici y\u00fczeyler i\u00e7in evrensel s\u0131zd\u0131rmazl\u0131k 695 (ta\u015f +++, ah\u015fap +++, tekstil ++) - versiegelung24.com\",\"isPartOf\":{\"@id\":\"https:\\\/\\\/www.versiegelung24.com\\\/tr\\\/#website\"},\"primaryImageOfPage\":{\"@id\":\"https:\\\/\\\/www.versiegelung24.com\\\/tr\\\/universal-seal-695-for-yumusak-emici-yuezeyler-tas-ahsap-tekstil.html#primaryimage\"},\"image\":{\"@id\":\"https:\\\/\\\/www.versiegelung24.com\\\/tr\\\/universal-seal-695-for-yumusak-emici-yuezeyler-tas-ahsap-tekstil.html#primaryimage\"},\"thumbnailUrl\":\"https:\\\/\\\/www.versiegelung24.com\\\/wp-content\\\/uploads\\\/2020\\\/06\\\/produkt-4007-695-1000-Universalversiegelung-695-scaled.jpg\",\"datePublished\":\"2021-08-02T19:35:23+00:00\",\"dateModified\":\"2025-04-12T09:48:00+00:00\",\"breadcrumb\":{\"@id\":\"https:\\\/\\\/www.versiegelung24.com\\\/tr\\\/universal-seal-695-for-yumusak-emici-yuezeyler-tas-ahsap-tekstil.html#breadcrumb\"},\"inLanguage\":\"tr\",\"potentialAction\":[{\"@type\":\"ReadAction\",\"target\":[\"https:\\\/\\\/www.versiegelung24.com\\\/tr\\\/universal-seal-695-for-yumusak-emici-yuezeyler-tas-ahsap-tekstil.html\"]}]},{\"@type\":\"ImageObject\",\"inLanguage\":\"tr\",\"@id\":\"https:\\\/\\\/www.versiegelung24.com\\\/tr\\\/universal-seal-695-for-yumusak-emici-yuezeyler-tas-ahsap-tekstil.html#primaryimage\",\"url\":\"https:\\\/\\\/www.versiegelung24.com\\\/wp-content\\\/uploads\\\/2020\\\/06\\\/produkt-4007-695-1000-Universalversiegelung-695-scaled.jpg\",\"contentUrl\":\"https:\\\/\\\/www.versiegelung24.com\\\/wp-content\\\/uploads\\\/2020\\\/06\\\/produkt-4007-695-1000-Universalversiegelung-695-scaled.jpg\",\"width\":2560,\"height\":2560},{\"@type\":\"BreadcrumbList\",\"@id\":\"https:\\\/\\\/www.versiegelung24.com\\\/tr\\\/universal-seal-695-for-yumusak-emici-yuezeyler-tas-ahsap-tekstil.html#breadcrumb\",\"itemListElement\":[{\"@type\":\"ListItem\",\"position\":1,\"name\":\"Anasayfa\",\"item\":\"https:\\\/\\\/www.versiegelung24.com\\\/tr\\\/on\\\/\"},{\"@type\":\"ListItem\",\"position\":2,\"name\":\"Ma\u011faza\",\"item\":\"https:\\\/\\\/www.versiegelung24.com\\\/tr\\\/magaza\\\/\"},{\"@type\":\"ListItem\",\"position\":3,\"name\":\"&#8220;Yumu\u015fak&#8221; \\\/ emici y\u00fczeyler i\u00e7in evrensel s\u0131zd\u0131rmazl\u0131k 695 (ta\u015f +++, ah\u015fap +++, tekstil ++)\"}]},{\"@type\":\"WebSite\",\"@id\":\"https:\\\/\\\/www.versiegelung24.com\\\/tr\\\/#website\",\"url\":\"https:\\\/\\\/www.versiegelung24.com\\\/tr\\\/\",\"name\":\"versiegelung24.com\",\"description\":\"Fl\u00fcssigglas-Versiegelung - Made in Germany\",\"publisher\":{\"@id\":\"https:\\\/\\\/www.versiegelung24.com\\\/tr\\\/#organization\"},\"potentialAction\":[{\"@type\":\"SearchAction\",\"target\":{\"@type\":\"EntryPoint\",\"urlTemplate\":\"https:\\\/\\\/www.versiegelung24.com\\\/tr\\\/?s={search_term_string}\"},\"query-input\":{\"@type\":\"PropertyValueSpecification\",\"valueRequired\":true,\"valueName\":\"search_term_string\"}}],\"inLanguage\":\"tr\"},{\"@type\":\"Organization\",\"@id\":\"https:\\\/\\\/www.versiegelung24.com\\\/tr\\\/#organization\",\"name\":\"versiegelung24\",\"url\":\"https:\\\/\\\/www.versiegelung24.com\\\/tr\\\/\",\"logo\":{\"@type\":\"ImageObject\",\"inLanguage\":\"tr\",\"@id\":\"https:\\\/\\\/www.versiegelung24.com\\\/tr\\\/#\\\/schema\\\/logo\\\/image\\\/\",\"url\":\"https:\\\/\\\/www.versiegelung24.com\\\/wp-content\\\/uploads\\\/2020\\\/04\\\/versiegelung24.png\",\"contentUrl\":\"https:\\\/\\\/www.versiegelung24.com\\\/wp-content\\\/uploads\\\/2020\\\/04\\\/versiegelung24.png\",\"width\":470,\"height\":102,\"caption\":\"versiegelung24\"},\"image\":{\"@id\":\"https:\\\/\\\/www.versiegelung24.com\\\/tr\\\/#\\\/schema\\\/logo\\\/image\\\/\"}}]}<\/script>\n<meta property=\"og:availability\" content=\"instock\" \/>\n<meta property=\"product:availability\" content=\"instock\" \/>\n<meta property=\"product:retailer_item_id\" content=\"4007-695\" \/>\n<meta property=\"product:condition\" content=\"new\" \/>\n<!-- \/ Yoast SEO Premium plugin. -->","yoast_head_json":{"title":"\"Yumu\u015fak\" \/ emici y\u00fczeyler i\u00e7in evrensel s\u0131zd\u0131rmazl\u0131k 695 (ta\u015f +++, ah\u015fap +++, tekstil ++) - versiegelung24.com","robots":{"index":"index","follow":"follow","max-snippet":"max-snippet:-1","max-image-preview":"max-image-preview:large","max-video-preview":"max-video-preview:-1"},"canonical":"https:\/\/www.versiegelung24.com\/tr\/universal-seal-695-for-yumusak-emici-yuezeyler-tas-ahsap-tekstil.html","og_locale":"tr_TR","og_type":"article","og_title":"\"Yumu\u015fak\" \/ emici y\u00fczeyler i\u00e7in evrensel s\u0131zd\u0131rmazl\u0131k 695 (ta\u015f +++, ah\u015fap +++, tekstil ++)","og_description":"Emici \/ \"yumu\u015fak\" y\u00fczeyler i\u00e7in son derece etkili profesyonel evrensel conta: \u2713 Tekstil \u2713 Ta\u015f \u2713 ah\u015fap \u2713 Kolay temizlenebilir etki ile","og_url":"https:\/\/www.versiegelung24.com\/tr\/universal-seal-695-for-yumusak-emici-yuezeyler-tas-ahsap-tekstil.html","og_site_name":"versiegelung24.com","article_modified_time":"2025-04-12T09:48:00+00:00","og_image":[{"width":2560,"height":2560,"url":"https:\/\/www.versiegelung24.com\/wp-content\/uploads\/2020\/06\/produkt-4007-695-1000-Universalversiegelung-695-scaled.jpg","type":"image\/jpeg"}],"twitter_card":"summary_large_image","twitter_misc":{"Durumu":"Stokta var"},"schema":{"@context":"https:\/\/schema.org","@graph":[{"@type":"WebPage","@id":"https:\/\/www.versiegelung24.com\/tr\/universal-seal-695-for-yumusak-emici-yuezeyler-tas-ahsap-tekstil.html","url":"https:\/\/www.versiegelung24.com\/tr\/universal-seal-695-for-yumusak-emici-yuezeyler-tas-ahsap-tekstil.html","name":"\"Yumu\u015fak\" \/ emici y\u00fczeyler i\u00e7in evrensel s\u0131zd\u0131rmazl\u0131k 695 (ta\u015f +++, ah\u015fap +++, tekstil ++) - versiegelung24.com","isPartOf":{"@id":"https:\/\/www.versiegelung24.com\/tr\/#website"},"primaryImageOfPage":{"@id":"https:\/\/www.versiegelung24.com\/tr\/universal-seal-695-for-yumusak-emici-yuezeyler-tas-ahsap-tekstil.html#primaryimage"},"image":{"@id":"https:\/\/www.versiegelung24.com\/tr\/universal-seal-695-for-yumusak-emici-yuezeyler-tas-ahsap-tekstil.html#primaryimage"},"thumbnailUrl":"https:\/\/www.versiegelung24.com\/wp-content\/uploads\/2020\/06\/produkt-4007-695-1000-Universalversiegelung-695-scaled.jpg","datePublished":"2021-08-02T19:35:23+00:00","dateModified":"2025-04-12T09:48:00+00:00","breadcrumb":{"@id":"https:\/\/www.versiegelung24.com\/tr\/universal-seal-695-for-yumusak-emici-yuezeyler-tas-ahsap-tekstil.html#breadcrumb"},"inLanguage":"tr","potentialAction":[{"@type":"ReadAction","target":["https:\/\/www.versiegelung24.com\/tr\/universal-seal-695-for-yumusak-emici-yuezeyler-tas-ahsap-tekstil.html"]}]},{"@type":"ImageObject","inLanguage":"tr","@id":"https:\/\/www.versiegelung24.com\/tr\/universal-seal-695-for-yumusak-emici-yuezeyler-tas-ahsap-tekstil.html#primaryimage","url":"https:\/\/www.versiegelung24.com\/wp-content\/uploads\/2020\/06\/produkt-4007-695-1000-Universalversiegelung-695-scaled.jpg","contentUrl":"https:\/\/www.versiegelung24.com\/wp-content\/uploads\/2020\/06\/produkt-4007-695-1000-Universalversiegelung-695-scaled.jpg","width":2560,"height":2560},{"@type":"BreadcrumbList","@id":"https:\/\/www.versiegelung24.com\/tr\/universal-seal-695-for-yumusak-emici-yuezeyler-tas-ahsap-tekstil.html#breadcrumb","itemListElement":[{"@type":"ListItem","position":1,"name":"Anasayfa","item":"https:\/\/www.versiegelung24.com\/tr\/on\/"},{"@type":"ListItem","position":2,"name":"Ma\u011faza","item":"https:\/\/www.versiegelung24.com\/tr\/magaza\/"},{"@type":"ListItem","position":3,"name":"&#8220;Yumu\u015fak&#8221; \/ emici y\u00fczeyler i\u00e7in evrensel s\u0131zd\u0131rmazl\u0131k 695 (ta\u015f +++, ah\u015fap +++, tekstil ++)"}]},{"@type":"WebSite","@id":"https:\/\/www.versiegelung24.com\/tr\/#website","url":"https:\/\/www.versiegelung24.com\/tr\/","name":"versiegelung24.com","description":"Fl\u00fcssigglas-Versiegelung - Made in Germany","publisher":{"@id":"https:\/\/www.versiegelung24.com\/tr\/#organization"},"potentialAction":[{"@type":"SearchAction","target":{"@type":"EntryPoint","urlTemplate":"https:\/\/www.versiegelung24.com\/tr\/?s={search_term_string}"},"query-input":{"@type":"PropertyValueSpecification","valueRequired":true,"valueName":"search_term_string"}}],"inLanguage":"tr"},{"@type":"Organization","@id":"https:\/\/www.versiegelung24.com\/tr\/#organization","name":"versiegelung24","url":"https:\/\/www.versiegelung24.com\/tr\/","logo":{"@type":"ImageObject","inLanguage":"tr","@id":"https:\/\/www.versiegelung24.com\/tr\/#\/schema\/logo\/image\/","url":"https:\/\/www.versiegelung24.com\/wp-content\/uploads\/2020\/04\/versiegelung24.png","contentUrl":"https:\/\/www.versiegelung24.com\/wp-content\/uploads\/2020\/04\/versiegelung24.png","width":470,"height":102,"caption":"versiegelung24"},"image":{"@id":"https:\/\/www.versiegelung24.com\/tr\/#\/schema\/logo\/image\/"}}]},"og_availability":"instock","product_availability":"instock","product_retailer_item_id":"4007-695","product_condition":"new"},"_links":{"self":[{"href":"https:\/\/www.versiegelung24.com\/tr\/wp-json\/wp\/v2\/product\/23416","targetHints":{"allow":["GET"]}}],"collection":[{"href":"https:\/\/www.versiegelung24.com\/tr\/wp-json\/wp\/v2\/product"}],"about":[{"href":"https:\/\/www.versiegelung24.com\/tr\/wp-json\/wp\/v2\/types\/product"}],"version-history":[{"count":25,"href":"https:\/\/www.versiegelung24.com\/tr\/wp-json\/wp\/v2\/product\/23416\/revisions"}],"predecessor-version":[{"id":181448,"href":"https:\/\/www.versiegelung24.com\/tr\/wp-json\/wp\/v2\/product\/23416\/revisions\/181448"}],"wp:featuredmedia":[{"embeddable":true,"href":"https:\/\/www.versiegelung24.com\/tr\/wp-json\/wp\/v2\/media\/18345"}],"wp:attachment":[{"href":"https:\/\/www.versiegelung24.com\/tr\/wp-json\/wp\/v2\/media?parent=23416"}],"wp:term":[{"taxonomy":"product_brand","embeddable":true,"href":"https:\/\/www.versiegelung24.com\/tr\/wp-json\/wp\/v2\/product_brand?post=23416"},{"taxonomy":"product_cat","embeddable":true,"href":"https:\/\/www.versiegelung24.com\/tr\/wp-json\/wp\/v2\/product_cat?post=23416"},{"taxonomy":"product_tag","embeddable":true,"href":"https:\/\/www.versiegelung24.com\/tr\/wp-json\/wp\/v2\/product_tag?post=23416"}],"curies":[{"name":"wp","href":"https:\/\/api.w.org\/{rel}","templated":true}]}}