{"id":23463,"date":"2020-04-04T18:53:44","date_gmt":"2021-08-02T19:38:14","guid":{"rendered":"https:\/\/www.versiegelung24.com\/produkt\/araba-boyasi-ve-jant-sizdirmazligi"},"modified":"2025-01-04T00:14:11","modified_gmt":"2025-01-03T23:14:11","slug":"araba-boyasi-ve-jant-sizdirmazligi","status":"publish","type":"product","link":"https:\/\/www.versiegelung24.com\/tr\/araba-boya-ve-jant-sizdirmazlik.html","title":{"rendered":"Araba boyas\u0131 ve jant s\u0131zd\u0131rmazl\u0131\u011f\u0131"},"content":{"rendered":"\n<p><strong>*** Geli\u015ftirilmi\u015f efektli yeni \u00fcr\u00fcn versiyonu *** <\/strong><\/p>\n\n<p><strong>Lotus efektli (su iticilik) araba boyas\u0131 ve al\u00fcminyum jantlar i\u00e7in son derece etkili profesyonel koruyucu conta<\/strong><\/p>\n\n<p>Makale numaras\u0131: 2003-7656<\/p>\n\n<p>Almanya&#8217;da yap\u0131lan y\u00fcksek kalite.<\/p>\n\n<p>Plastik, boyal\u0131 y\u00fczeyler, paslanmaz \u00e7elik ve metalden yap\u0131lm\u0131\u015f p\u00fcr\u00fczs\u00fcz y\u00fczeyler hidrofobik ve oleofobik etkiye sahiptir ve gres, ya\u011fl\u0131 maddeler, kire\u00e7 ve \u00e7evre kirlili\u011finden kaynaklanan maddeler gibi kir par\u00e7ac\u0131klar\u0131 daha az yap\u0131\u015f\u0131r veya kaplamadan kolayca \u00e7\u0131kar\u0131labilir, yani kullan\u0131lmadan. a\u015f\u0131nd\u0131r\u0131c\u0131lar (\u201cKolay temizlenir\u201d)<\/p>\n\n<hr\/>\n\n<h4 class=\"wp-block-heading\" id=\"properties\">\u00dcr\u00fcn \u00f6zellikleri<\/h4>\n\n<div class=\"wp-block-columns is-layout-flex wp-container-core-columns-is-layout-9d6595d7 wp-block-columns-is-layout-flex\">\n<div class=\"wp-block-column is-layout-flow wp-block-column-is-layout-flow\">\n<ul class=\"wp-block-list\">\n<li>Kir yap\u0131\u015fmas\u0131 i\u00e7in ola\u011fan\u00fcst\u00fc kolay temizlenebilir etki<\/li>\n\n\n\n<li>Araba temizleyicilerine kar\u015f\u0131 kimyasal diren\u00e7li (pH 12&#8217;ye kadar)<\/li>\n\n\n\n<li>Hidrofobik ve oleofobik etki (su ve ya\u011f iticilik)<\/li>\n\n\n\n<li>SiO\u00b2 nano teknolojisi sayesinde \u00e7ok y\u00fcksek a\u015f\u0131nma direnci<\/li>\n\n\n\n<li>Ku\u015f pislikleri, b\u00f6cekler ve di\u011fer kirlerin \u00e7\u0131kar\u0131lmas\u0131 daha kolayd\u0131r<\/li>\n\n\n\n<li>UV kararl\u0131 \/ dona dayan\u0131kl\u0131 \/ tuzlu suya dayan\u0131kl\u0131 \/ g\u00f6r\u00fcnmez (katman kal\u0131nl\u0131\u011f\u0131: 100-150nm)<\/li>\n\n\n\n<li>Uzat\u0131lm\u0131\u015f temizleme d\u00f6ng\u00fcleri sayesinde maliyet, zaman ve enerji tasarrufu<\/li>\n<\/ul>\n<\/div>\n\n\n\n<div class=\"wp-block-column is-layout-flow wp-block-column-is-layout-flow\">\n<ul class=\"wp-block-list\">\n<li>Basit uygulama<\/li>\n\n\n\n<li>nefes alabilir<\/li>\n\n\n\n<li>G\u00fc\u00e7l\u00fc yap\u0131\u015fmaz \u00f6zellikler<\/li>\n\n\n\n<li>Dayan\u0131kl\u0131l\u0131k: 1 y\u0131la kadar (kullan\u0131ma ba\u011fl\u0131 olarak)<\/li>\n<\/ul>\n\n\n\n<p><br\/><br\/><br\/>T\u00fcketim: 1 litre ile 200 m\u00b2&#8217;ye kadar kapatma yap\u0131labilir Manuel: 5-10 ml\/m\u00b2 End\u00fcstriyel: 10-15 ml\/m\u00b2<\/p>\n\n\n\n<p><br\/><br\/>Teslimat kapsam\u0131: 1 x litrelik \u015fi\u015fe 1 x \u00fcr\u00fcn a\u00e7\u0131klamas\u0131<\/p>\n<\/div>\n<\/div>\n\n<hr\/>\n\n<h4 class=\"wp-block-heading\" id=\"application\">Uygulama<\/h4>\n\n<div class=\"wp-block-columns is-layout-flex wp-container-core-columns-is-layout-9d6595d7 wp-block-columns-is-layout-flex\">\n<div class=\"wp-block-column is-layout-flow wp-block-column-is-layout-flow\">\n<ul class=\"wp-block-list\">\n<li>araba boyas\u0131<\/li>\n\n\n\n<li>al\u00fcminyum jantlar<\/li>\n\n\n\n<li>boyal\u0131 jantlar<\/li>\n\n\n\n<li>Boyal\u0131 plastik ekler (tamponlar, e\u015fikler, r\u00fczgarl\u0131klar)<\/li>\n\n\n\n<li>P\u00fcr\u00fczs\u00fcz plastik y\u00fczeyler<\/li>\n\n\n\n<li>paslanmaz \u00e7elik<\/li>\n\n\n\n<li>pleksiglas<\/li>\n\n\n\n<li>metalik y\u00fczeyler<\/li>\n<\/ul>\n\n\n\n<p>T\u00fcketim y\u00fczeyin yap\u0131s\u0131na ba\u011fl\u0131d\u0131r yakla\u015f\u0131k 100-200m\u00b2 \/ litre.<\/p>\n<\/div>\n\n\n\n<div class=\"wp-block-column is-layout-flow wp-block-column-is-layout-flow\">\n<p>Uygulamas\u0131 kolay: <\/p>\n\n\n\n<p><br\/>1.Manuel: Temiz bir ka\u011f\u0131t, keten veya mikrofiber bezle dairesel hareketlerle uygulan\u0131r. 2.End\u00fcstriyel: Hem parlatma hem de sprey kaplama sistemlerinde kullan\u0131labilir.<\/p>\n\n\n\n<p>Bu SiO2 kaplama tamamen \u00e7apraz ba\u011flan\u0131r ve 24 saat sonra sertle\u015fir. Temizlemesi kolay etki, bu sertle\u015fme a\u015famas\u0131ndan sonra ilk kez test edilebilir.<\/p>\n<\/div>\n<\/div>\n","protected":false},"excerpt":{"rendered":"<p><strong>Araba boyas\u0131 ve al\u00fcminyum jantlar i\u00e7in son derece etkili profesyonel koruyucu conta:<\/strong><\/p>\n<p>\u2713 lotus etkisi ile (su iticilik)<\/p>\n","protected":false},"featured_media":17875,"template":"","meta":{"_acf_changed":false,"neve_meta_sidebar":"","neve_meta_container":"","neve_meta_enable_content_width":"","neve_meta_content_width":0,"neve_meta_title_alignment":"","neve_meta_author_avatar":"","neve_post_elements_order":"","neve_meta_disable_header":"","neve_meta_disable_footer":"","neve_meta_disable_title":"","neve_meta_reading_time":"","_surfaces":[],"_ver_product_tabs":[],"footnotes":""},"product_brand":[],"product_cat":[2228],"product_tag":[],"class_list":{"0":"post-23463","1":"product","2":"type-product","3":"status-publish","4":"has-post-thumbnail","6":"product_cat-araba-sizdirmazlik","8":"first","9":"instock","10":"taxable","11":"shipping-taxable","12":"purchasable","13":"product-type-simple"},"acf":[],"yoast_head":"<!-- This site is optimized with the Yoast SEO Premium plugin v22.8 (Yoast SEO v27.5) - https:\/\/yoast.com\/product\/yoast-seo-premium-wordpress\/ -->\n<title>Araba boyas\u0131 ve jant s\u0131zd\u0131rmazl\u0131\u011f\u0131 - versiegelung24.com<\/title>\n<meta name=\"robots\" content=\"index, follow, max-snippet:-1, max-image-preview:large, max-video-preview:-1\" \/>\n<link rel=\"canonical\" href=\"https:\/\/www.versiegelung24.com\/tr\/araba-boya-ve-jant-sizdirmazlik.html\" \/>\n<meta property=\"og:locale\" content=\"tr_TR\" \/>\n<meta property=\"og:type\" content=\"article\" \/>\n<meta property=\"og:title\" content=\"Araba boyas\u0131 ve jant s\u0131zd\u0131rmazl\u0131\u011f\u0131\" \/>\n<meta property=\"og:description\" content=\"Araba boyas\u0131 ve al\u00fcminyum jantlar i\u00e7in son derece etkili profesyonel koruyucu conta: \u2713 lotus etkisi ile (su iticilik)\" \/>\n<meta property=\"og:url\" content=\"https:\/\/www.versiegelung24.com\/tr\/araba-boya-ve-jant-sizdirmazlik.html\" \/>\n<meta property=\"og:site_name\" content=\"versiegelung24.com\" \/>\n<meta property=\"article:modified_time\" content=\"2025-01-03T23:14:11+00:00\" \/>\n<meta property=\"og:image\" content=\"https:\/\/www.versiegelung24.com\/wp-content\/uploads\/2020\/06\/produkt-2003-7656-1000-Autolack-Felgenversiegelung-scaled.jpg\" \/>\n\t<meta property=\"og:image:width\" content=\"2560\" \/>\n\t<meta property=\"og:image:height\" content=\"2560\" \/>\n\t<meta property=\"og:image:type\" content=\"image\/jpeg\" \/>\n<meta name=\"twitter:card\" content=\"summary_large_image\" \/>\n<meta name=\"twitter:label1\" content=\"Fiyat\" \/>\n\t<meta name=\"twitter:data1\" content=\"149,00&euro;\" \/>\n\t<meta name=\"twitter:label2\" content=\"Durumu\" \/>\n\t<meta name=\"twitter:data2\" content=\"Stokta var\" \/>\n<script type=\"application\/ld+json\" class=\"yoast-schema-graph\">{\"@context\":\"https:\\\/\\\/schema.org\",\"@graph\":[{\"@type\":\"WebPage\",\"@id\":\"https:\\\/\\\/www.versiegelung24.com\\\/tr\\\/araba-boya-ve-jant-sizdirmazlik.html\",\"url\":\"https:\\\/\\\/www.versiegelung24.com\\\/tr\\\/araba-boya-ve-jant-sizdirmazlik.html\",\"name\":\"Araba boyas\u0131 ve jant s\u0131zd\u0131rmazl\u0131\u011f\u0131 - versiegelung24.com\",\"isPartOf\":{\"@id\":\"https:\\\/\\\/www.versiegelung24.com\\\/tr\\\/#website\"},\"primaryImageOfPage\":{\"@id\":\"https:\\\/\\\/www.versiegelung24.com\\\/tr\\\/araba-boya-ve-jant-sizdirmazlik.html#primaryimage\"},\"image\":{\"@id\":\"https:\\\/\\\/www.versiegelung24.com\\\/tr\\\/araba-boya-ve-jant-sizdirmazlik.html#primaryimage\"},\"thumbnailUrl\":\"https:\\\/\\\/www.versiegelung24.com\\\/wp-content\\\/uploads\\\/2020\\\/06\\\/produkt-2003-7656-1000-Autolack-Felgenversiegelung-scaled.jpg\",\"datePublished\":\"2021-08-02T19:38:14+00:00\",\"dateModified\":\"2025-01-03T23:14:11+00:00\",\"breadcrumb\":{\"@id\":\"https:\\\/\\\/www.versiegelung24.com\\\/tr\\\/araba-boya-ve-jant-sizdirmazlik.html#breadcrumb\"},\"inLanguage\":\"tr\",\"potentialAction\":[{\"@type\":\"ReadAction\",\"target\":[\"https:\\\/\\\/www.versiegelung24.com\\\/tr\\\/araba-boya-ve-jant-sizdirmazlik.html\"]}]},{\"@type\":\"ImageObject\",\"inLanguage\":\"tr\",\"@id\":\"https:\\\/\\\/www.versiegelung24.com\\\/tr\\\/araba-boya-ve-jant-sizdirmazlik.html#primaryimage\",\"url\":\"https:\\\/\\\/www.versiegelung24.com\\\/wp-content\\\/uploads\\\/2020\\\/06\\\/produkt-2003-7656-1000-Autolack-Felgenversiegelung-scaled.jpg\",\"contentUrl\":\"https:\\\/\\\/www.versiegelung24.com\\\/wp-content\\\/uploads\\\/2020\\\/06\\\/produkt-2003-7656-1000-Autolack-Felgenversiegelung-scaled.jpg\",\"width\":2560,\"height\":2560},{\"@type\":\"BreadcrumbList\",\"@id\":\"https:\\\/\\\/www.versiegelung24.com\\\/tr\\\/araba-boya-ve-jant-sizdirmazlik.html#breadcrumb\",\"itemListElement\":[{\"@type\":\"ListItem\",\"position\":1,\"name\":\"Anasayfa\",\"item\":\"https:\\\/\\\/www.versiegelung24.com\\\/tr\\\/on\\\/\"},{\"@type\":\"ListItem\",\"position\":2,\"name\":\"Ma\u011faza\",\"item\":\"https:\\\/\\\/www.versiegelung24.com\\\/tr\\\/magaza\\\/\"},{\"@type\":\"ListItem\",\"position\":3,\"name\":\"Araba boyas\u0131 ve jant s\u0131zd\u0131rmazl\u0131\u011f\u0131\"}]},{\"@type\":\"WebSite\",\"@id\":\"https:\\\/\\\/www.versiegelung24.com\\\/tr\\\/#website\",\"url\":\"https:\\\/\\\/www.versiegelung24.com\\\/tr\\\/\",\"name\":\"versiegelung24.com\",\"description\":\"Fl\u00fcssigglas-Versiegelung - Made in Germany\",\"publisher\":{\"@id\":\"https:\\\/\\\/www.versiegelung24.com\\\/tr\\\/#organization\"},\"potentialAction\":[{\"@type\":\"SearchAction\",\"target\":{\"@type\":\"EntryPoint\",\"urlTemplate\":\"https:\\\/\\\/www.versiegelung24.com\\\/tr\\\/?s={search_term_string}\"},\"query-input\":{\"@type\":\"PropertyValueSpecification\",\"valueRequired\":true,\"valueName\":\"search_term_string\"}}],\"inLanguage\":\"tr\"},{\"@type\":\"Organization\",\"@id\":\"https:\\\/\\\/www.versiegelung24.com\\\/tr\\\/#organization\",\"name\":\"versiegelung24\",\"url\":\"https:\\\/\\\/www.versiegelung24.com\\\/tr\\\/\",\"logo\":{\"@type\":\"ImageObject\",\"inLanguage\":\"tr\",\"@id\":\"https:\\\/\\\/www.versiegelung24.com\\\/tr\\\/#\\\/schema\\\/logo\\\/image\\\/\",\"url\":\"https:\\\/\\\/www.versiegelung24.com\\\/wp-content\\\/uploads\\\/2020\\\/04\\\/versiegelung24.png\",\"contentUrl\":\"https:\\\/\\\/www.versiegelung24.com\\\/wp-content\\\/uploads\\\/2020\\\/04\\\/versiegelung24.png\",\"width\":470,\"height\":102,\"caption\":\"versiegelung24\"},\"image\":{\"@id\":\"https:\\\/\\\/www.versiegelung24.com\\\/tr\\\/#\\\/schema\\\/logo\\\/image\\\/\"}}]}<\/script>\n<meta property=\"product:price:amount\" content=\"149.00\" \/>\n<meta property=\"product:price:currency\" content=\"EUR\" \/>\n<meta property=\"og:availability\" content=\"instock\" \/>\n<meta property=\"product:availability\" content=\"instock\" \/>\n<meta property=\"product:retailer_item_id\" content=\"2003-7656-1000\" \/>\n<meta property=\"product:condition\" content=\"new\" \/>\n<!-- \/ Yoast SEO Premium plugin. -->","yoast_head_json":{"title":"Araba boyas\u0131 ve jant s\u0131zd\u0131rmazl\u0131\u011f\u0131 - versiegelung24.com","robots":{"index":"index","follow":"follow","max-snippet":"max-snippet:-1","max-image-preview":"max-image-preview:large","max-video-preview":"max-video-preview:-1"},"canonical":"https:\/\/www.versiegelung24.com\/tr\/araba-boya-ve-jant-sizdirmazlik.html","og_locale":"tr_TR","og_type":"article","og_title":"Araba boyas\u0131 ve jant s\u0131zd\u0131rmazl\u0131\u011f\u0131","og_description":"Araba boyas\u0131 ve al\u00fcminyum jantlar i\u00e7in son derece etkili profesyonel koruyucu conta: \u2713 lotus etkisi ile (su iticilik)","og_url":"https:\/\/www.versiegelung24.com\/tr\/araba-boya-ve-jant-sizdirmazlik.html","og_site_name":"versiegelung24.com","article_modified_time":"2025-01-03T23:14:11+00:00","og_image":[{"width":2560,"height":2560,"url":"https:\/\/www.versiegelung24.com\/wp-content\/uploads\/2020\/06\/produkt-2003-7656-1000-Autolack-Felgenversiegelung-scaled.jpg","type":"image\/jpeg"}],"twitter_card":"summary_large_image","twitter_misc":{"Fiyat":"149,00&euro;","Durumu":"Stokta var"},"schema":{"@context":"https:\/\/schema.org","@graph":[{"@type":"WebPage","@id":"https:\/\/www.versiegelung24.com\/tr\/araba-boya-ve-jant-sizdirmazlik.html","url":"https:\/\/www.versiegelung24.com\/tr\/araba-boya-ve-jant-sizdirmazlik.html","name":"Araba boyas\u0131 ve jant s\u0131zd\u0131rmazl\u0131\u011f\u0131 - versiegelung24.com","isPartOf":{"@id":"https:\/\/www.versiegelung24.com\/tr\/#website"},"primaryImageOfPage":{"@id":"https:\/\/www.versiegelung24.com\/tr\/araba-boya-ve-jant-sizdirmazlik.html#primaryimage"},"image":{"@id":"https:\/\/www.versiegelung24.com\/tr\/araba-boya-ve-jant-sizdirmazlik.html#primaryimage"},"thumbnailUrl":"https:\/\/www.versiegelung24.com\/wp-content\/uploads\/2020\/06\/produkt-2003-7656-1000-Autolack-Felgenversiegelung-scaled.jpg","datePublished":"2021-08-02T19:38:14+00:00","dateModified":"2025-01-03T23:14:11+00:00","breadcrumb":{"@id":"https:\/\/www.versiegelung24.com\/tr\/araba-boya-ve-jant-sizdirmazlik.html#breadcrumb"},"inLanguage":"tr","potentialAction":[{"@type":"ReadAction","target":["https:\/\/www.versiegelung24.com\/tr\/araba-boya-ve-jant-sizdirmazlik.html"]}]},{"@type":"ImageObject","inLanguage":"tr","@id":"https:\/\/www.versiegelung24.com\/tr\/araba-boya-ve-jant-sizdirmazlik.html#primaryimage","url":"https:\/\/www.versiegelung24.com\/wp-content\/uploads\/2020\/06\/produkt-2003-7656-1000-Autolack-Felgenversiegelung-scaled.jpg","contentUrl":"https:\/\/www.versiegelung24.com\/wp-content\/uploads\/2020\/06\/produkt-2003-7656-1000-Autolack-Felgenversiegelung-scaled.jpg","width":2560,"height":2560},{"@type":"BreadcrumbList","@id":"https:\/\/www.versiegelung24.com\/tr\/araba-boya-ve-jant-sizdirmazlik.html#breadcrumb","itemListElement":[{"@type":"ListItem","position":1,"name":"Anasayfa","item":"https:\/\/www.versiegelung24.com\/tr\/on\/"},{"@type":"ListItem","position":2,"name":"Ma\u011faza","item":"https:\/\/www.versiegelung24.com\/tr\/magaza\/"},{"@type":"ListItem","position":3,"name":"Araba boyas\u0131 ve jant s\u0131zd\u0131rmazl\u0131\u011f\u0131"}]},{"@type":"WebSite","@id":"https:\/\/www.versiegelung24.com\/tr\/#website","url":"https:\/\/www.versiegelung24.com\/tr\/","name":"versiegelung24.com","description":"Fl\u00fcssigglas-Versiegelung - Made in Germany","publisher":{"@id":"https:\/\/www.versiegelung24.com\/tr\/#organization"},"potentialAction":[{"@type":"SearchAction","target":{"@type":"EntryPoint","urlTemplate":"https:\/\/www.versiegelung24.com\/tr\/?s={search_term_string}"},"query-input":{"@type":"PropertyValueSpecification","valueRequired":true,"valueName":"search_term_string"}}],"inLanguage":"tr"},{"@type":"Organization","@id":"https:\/\/www.versiegelung24.com\/tr\/#organization","name":"versiegelung24","url":"https:\/\/www.versiegelung24.com\/tr\/","logo":{"@type":"ImageObject","inLanguage":"tr","@id":"https:\/\/www.versiegelung24.com\/tr\/#\/schema\/logo\/image\/","url":"https:\/\/www.versiegelung24.com\/wp-content\/uploads\/2020\/04\/versiegelung24.png","contentUrl":"https:\/\/www.versiegelung24.com\/wp-content\/uploads\/2020\/04\/versiegelung24.png","width":470,"height":102,"caption":"versiegelung24"},"image":{"@id":"https:\/\/www.versiegelung24.com\/tr\/#\/schema\/logo\/image\/"}}]},"product_price_amount":"149.00","product_price_currency":"EUR","og_availability":"instock","product_availability":"instock","product_retailer_item_id":"2003-7656-1000","product_condition":"new"},"_links":{"self":[{"href":"https:\/\/www.versiegelung24.com\/tr\/wp-json\/wp\/v2\/product\/23463","targetHints":{"allow":["GET"]}}],"collection":[{"href":"https:\/\/www.versiegelung24.com\/tr\/wp-json\/wp\/v2\/product"}],"about":[{"href":"https:\/\/www.versiegelung24.com\/tr\/wp-json\/wp\/v2\/types\/product"}],"version-history":[{"count":14,"href":"https:\/\/www.versiegelung24.com\/tr\/wp-json\/wp\/v2\/product\/23463\/revisions"}],"predecessor-version":[{"id":177909,"href":"https:\/\/www.versiegelung24.com\/tr\/wp-json\/wp\/v2\/product\/23463\/revisions\/177909"}],"wp:featuredmedia":[{"embeddable":true,"href":"https:\/\/www.versiegelung24.com\/tr\/wp-json\/wp\/v2\/media\/17875"}],"wp:attachment":[{"href":"https:\/\/www.versiegelung24.com\/tr\/wp-json\/wp\/v2\/media?parent=23463"}],"wp:term":[{"taxonomy":"product_brand","embeddable":true,"href":"https:\/\/www.versiegelung24.com\/tr\/wp-json\/wp\/v2\/product_brand?post=23463"},{"taxonomy":"product_cat","embeddable":true,"href":"https:\/\/www.versiegelung24.com\/tr\/wp-json\/wp\/v2\/product_cat?post=23463"},{"taxonomy":"product_tag","embeddable":true,"href":"https:\/\/www.versiegelung24.com\/tr\/wp-json\/wp\/v2\/product_tag?post=23463"}],"curies":[{"name":"wp","href":"https:\/\/api.w.org\/{rel}","templated":true}]}}