{"id":23540,"date":"2020-04-04T18:53:42","date_gmt":"2020-04-04T16:53:42","guid":{"rendered":"https:\/\/www.versiegelung24.com\/produkt\/asiri-dayanikliliga-sahip-cam-ve-seramikler-icin-birinci-sinif-sizdirmazlik"},"modified":"2025-01-03T23:43:59","modified_gmt":"2025-01-03T22:43:59","slug":"cam-ve-seramikler-icin-ustun-dayanikliliga-sahip-ustun-dayaniklilik","status":"publish","type":"product","link":"https:\/\/www.versiegelung24.com\/tr\/cam-ve-seramikler-icin-uestuen-dayanikliliga-sahip-uestuen-dayaniklilik.html","title":{"rendered":"Cam ve seramikler i\u00e7in \u00fcst\u00fcn dayan\u0131kl\u0131l\u0131\u011fa sahip birinci s\u0131n\u0131f dolgu macunu"},"content":{"rendered":"\n<p><strong>Pencere camlar\u0131, cam cepheler, giri\u015f kap\u0131lar\u0131 (3 y\u0131la kadar), vb., m\u00fcmk\u00fcn olan en uzun dayan\u0131kl\u0131l\u0131\u011f\u0131 elde etmek istedi\u011finiz t\u00fcm y\u00fczeyler i\u00e7in, lotus efektli (su iticilik), i\u00e7 ve d\u0131\u015f mekanlarda y\u00fcksek etkili cam ve seramik s\u0131zd\u0131rmazl\u0131k d\u0131\u015far\u0131da<\/strong> .<\/p>\n\n<p>\u00dcr\u00fcn numaras\u0131: 1003-7601 &#8211; Y\u00fcksek kalite Almanya&#8217;da \u00fcretilmi\u015ftir.<\/p>\n\n<div class=\"wp-block-columns is-layout-flex wp-container-core-columns-is-layout-9d6595d7 wp-block-columns-is-layout-flex\">\n<div class=\"wp-block-column is-layout-flow wp-block-column-is-layout-flow\">\n<figure class=\"wp-block-embed is-type-video is-provider-youtube wp-block-embed-youtube wp-embed-aspect-16-9 wp-has-aspect-ratio\"><div class=\"wp-block-embed__wrapper\"> \n<div class=\"nv-iframe-embed\"><iframe title=\"(Nano-)Versiegelungen f\u00fcrs Badezimmer, die wirklich halten! Versiegelung24.com\" width=\"1200\" height=\"675\" src=\"https:\/\/www.youtube.com\/embed\/l6YldCwuye0?feature=oembed\" frameborder=\"0\" allow=\"accelerometer; autoplay; clipboard-write; encrypted-media; gyroscope; picture-in-picture; web-share\" referrerpolicy=\"strict-origin-when-cross-origin\" allowfullscreen><\/iframe><\/div>\n <\/div><\/figure>\n<\/div>\n\n\n\n<div class=\"wp-block-column is-layout-flow wp-block-column-is-layout-flow\">\n<figure class=\"wp-block-embed is-type-video is-provider-youtube wp-block-embed-youtube wp-embed-aspect-16-9 wp-has-aspect-ratio\"><div class=\"wp-block-embed__wrapper\"> \n<div class=\"nv-iframe-embed\"><iframe title=\"Kalk in der Dusche entfernen und mit einer Glasversiegelung vorbeugen!\" width=\"1200\" height=\"675\" src=\"https:\/\/www.youtube.com\/embed\/vnJHIGeb_7I?feature=oembed\" frameborder=\"0\" allow=\"accelerometer; autoplay; clipboard-write; encrypted-media; gyroscope; picture-in-picture; web-share\" referrerpolicy=\"strict-origin-when-cross-origin\" allowfullscreen><\/iframe><\/div>\n <\/div><\/figure>\n<\/div>\n<\/div>\n\n<hr\/>\n\n<h4 class=\"wp-block-heading\" id=\"properties\">\u00dcr\u00fcn \u00f6zellikleri<\/h4>\n\n<div class=\"wp-block-columns is-layout-flex wp-container-core-columns-is-layout-9d6595d7 wp-block-columns-is-layout-flex\">\n<div class=\"wp-block-column is-layout-flow wp-block-column-is-layout-flow\">\n<ul class=\"wp-block-list\" id=\"block-fbfff1f6-f7fb-4162-9feb-4a71c2f1f5b7\">\n<li>Kir birikintileri ve kire\u00e7 i\u00e7in m\u00fckemmel kolay temizlenebilir etki<\/li>\n\n\n\n<li>\u00c7ok g\u00fc\u00e7l\u00fc hidrofobik ve oleofobik etki (su ve ya\u011f iticilik)<\/li>\n\n\n\n<li>SiO\u00b2 nano teknolojisi sayesinde \u00e7ok y\u00fcksek a\u015f\u0131nma direnci<\/li>\n\n\n\n<li>Temizlik maddelerine kar\u015f\u0131 kimyasal diren\u00e7li (pH de\u011feri 12&#8217;ye kadar)<\/li>\n\n\n\n<li>Dayan\u0131kl\u0131l\u0131k: 3-5 y\u0131la kadar (kullan\u0131ma ba\u011fl\u0131 olarak)<\/li>\n<\/ul>\n<\/div>\n\n\n\n<div class=\"wp-block-column is-layout-flow wp-block-column-is-layout-flow\">\n<ul class=\"wp-block-list\" id=\"block-da198c4e-3517-4612-b9e4-86eb030d8594\">\n<li>Mikroorganizmalar\u0131n ve bakterilerin b\u00fcy\u00fcmesini azalt\u0131r ve b\u00f6ylece hijyeni art\u0131r\u0131r<\/li>\n\n\n\n<li>UV kararl\u0131 \/ dona dayan\u0131kl\u0131 \/ tuzlu suya dayan\u0131kl\u0131 \/ g\u00f6r\u00fcnmez (katman kal\u0131nl\u0131\u011f\u0131: 100-150nm)<\/li>\n\n\n\n<li>Ya\u011fmurda dikey cam y\u00fczeylerde kendi kendini temizleme etkisi<\/li>\n\n\n\n<li>Uzat\u0131lm\u0131\u015f temizleme d\u00f6ng\u00fcleri sayesinde maliyet, zaman ve enerji tasarrufu<\/li>\n<\/ul>\n\n\n\n<p><br\/><br\/><br\/>Teslimat kapsam\u0131: 1 x litrelik \u015fi\u015fe 1 x pompal\u0131 p\u00fcsk\u00fcrtme ba\u015fl\u0131\u011f\u0131 1 x \u00fcr\u00fcn a\u00e7\u0131klamas\u0131<\/p>\n<\/div>\n<\/div>\n\n<figure class=\"wp-block-image size-large is-resized\"><img fetchpriority=\"high\" decoding=\"async\" width=\"1300\" height=\"260\" src=\"https:\/\/www.versiegelung24.com\/wp-content\/uploads\/2022\/01\/bad_glas-1300x260.jpg\" alt=\"\" class=\"wp-image-59538\" style=\"width:1500px\" srcset=\"https:\/\/www.versiegelung24.com\/wp-content\/uploads\/2022\/01\/bad_glas-1300x260.jpg 1300w, https:\/\/www.versiegelung24.com\/wp-content\/uploads\/2022\/01\/bad_glas-300x60.jpg 300w, https:\/\/www.versiegelung24.com\/wp-content\/uploads\/2022\/01\/bad_glas-768x154.jpg 768w, https:\/\/www.versiegelung24.com\/wp-content\/uploads\/2022\/01\/bad_glas-600x120.jpg 600w, https:\/\/www.versiegelung24.com\/wp-content\/uploads\/2022\/01\/bad_glas.jpg 1500w\" sizes=\"(max-width: 1300px) 100vw, 1300px\" \/><\/figure>\n\n<h4 class=\"wp-block-heading\" id=\"application\">Uygulama<\/h4>\n\n<div class=\"wp-block-columns is-layout-flex wp-container-core-columns-is-layout-9d6595d7 wp-block-columns-is-layout-flex\">\n<div class=\"wp-block-column is-layout-flow wp-block-column-is-layout-flow\">\n<ul class=\"wp-block-list\">\n<li>Pencere cam\u0131 (i\u00e7 ve d\u0131\u015f)<\/li>\n\n\n\n<li>S\u0131hhi alanda cam y\u00fczeyler (aynalar, du\u015f kabinleri)<\/li>\n\n\n\n<li>\u0130n\u015faat camlar\u0131 (k\u0131\u015f bah\u00e7eleri, seralar, sa\u00e7aklar, duvar camlar\u0131)<\/li>\n<\/ul>\n<\/div>\n\n\n\n<div class=\"wp-block-column is-layout-flow wp-block-column-is-layout-flow\">\n<ul class=\"wp-block-list\">\n<li>S\u0131rl\u0131 yer ve duvar karolar\u0131<\/li>\n\n\n\n<li>S\u0131rl\u0131 seramik y\u00fczeyler (tuvalet, lavabo, lavabo, k\u00fcvet)<\/li>\n<\/ul>\n\n\n\n<p>T\u00fcketim y\u00fczeyin yap\u0131s\u0131na ba\u011fl\u0131d\u0131r yakla\u015f\u0131k 100-200m\u00b2 \/ litre.<\/p>\n<\/div>\n<\/div>\n\n<p><\/p>\n","protected":false},"excerpt":{"rendered":"<p><strong>Profesyonel kalitede birinci s\u0131n\u0131f cam ve seramik s\u0131zd\u0131rmazl\u0131k:<\/strong><\/p>\n<p>\u2713 ekstra dayan\u0131kl\u0131l\u0131k ile<\/p>\n<p>\u2713Almanya&#8217;da \u00fcretilmi\u015ftir<\/p>\n","protected":false},"featured_media":17774,"template":"","meta":{"_acf_changed":false,"neve_meta_sidebar":"","neve_meta_container":"","neve_meta_enable_content_width":"","neve_meta_content_width":0,"neve_meta_title_alignment":"","neve_meta_author_avatar":"","neve_post_elements_order":"","neve_meta_disable_header":"","neve_meta_disable_footer":"","neve_meta_disable_title":"","neve_meta_reading_time":"","_surfaces":[],"_ver_product_tabs":[],"footnotes":""},"product_brand":[],"product_cat":[2156],"product_tag":[],"class_list":{"0":"post-23540","1":"product","2":"type-product","3":"status-publish","4":"has-post-thumbnail","6":"product_cat-cam-ve-seramik-icin-sizdirmazlik","7":"pa_gebinde-1000ml-sise","8":"pa_gebinde-20l-teneke-kutu","10":"first","11":"instock","12":"taxable","13":"shipping-taxable","14":"purchasable","15":"product-type-variable","16":"has-default-attributes"},"acf":[],"yoast_head":"<!-- This site is optimized with the Yoast SEO Premium plugin v22.8 (Yoast SEO v27.5) - https:\/\/yoast.com\/product\/yoast-seo-premium-wordpress\/ -->\n<title>Cam ve seramikler i\u00e7in \u00fcst\u00fcn dayan\u0131kl\u0131l\u0131\u011fa sahip birinci s\u0131n\u0131f dolgu macunu - versiegelung24.com<\/title>\n<meta name=\"robots\" content=\"index, follow, max-snippet:-1, max-image-preview:large, max-video-preview:-1\" \/>\n<link rel=\"canonical\" href=\"https:\/\/www.versiegelung24.com\/tr\/cam-ve-seramikler-icin-uestuen-dayanikliliga-sahip-uestuen-dayaniklilik.html\" \/>\n<meta property=\"og:locale\" content=\"tr_TR\" \/>\n<meta property=\"og:type\" content=\"article\" \/>\n<meta property=\"og:title\" content=\"Cam ve seramikler i\u00e7in \u00fcst\u00fcn dayan\u0131kl\u0131l\u0131\u011fa sahip birinci s\u0131n\u0131f dolgu macunu\" \/>\n<meta property=\"og:description\" content=\"Profesyonel kalitede birinci s\u0131n\u0131f cam ve seramik s\u0131zd\u0131rmazl\u0131k: \u2713 ekstra dayan\u0131kl\u0131l\u0131k ile \u2713Almanya&#039;da \u00fcretilmi\u015ftir\" \/>\n<meta property=\"og:url\" content=\"https:\/\/www.versiegelung24.com\/tr\/cam-ve-seramikler-icin-uestuen-dayanikliliga-sahip-uestuen-dayaniklilik.html\" \/>\n<meta property=\"og:site_name\" content=\"versiegelung24.com\" \/>\n<meta property=\"article:modified_time\" content=\"2025-01-03T22:43:59+00:00\" \/>\n<meta property=\"og:image\" content=\"https:\/\/www.versiegelung24.com\/wp-content\/uploads\/2020\/06\/produkt-1003-7601-1000-Premium-Versiegelung-Glas-Keramik-scaled.jpg\" \/>\n\t<meta property=\"og:image:width\" content=\"2560\" \/>\n\t<meta property=\"og:image:height\" content=\"2560\" \/>\n\t<meta property=\"og:image:type\" content=\"image\/jpeg\" \/>\n<meta name=\"twitter:card\" content=\"summary_large_image\" \/>\n<meta name=\"twitter:label1\" content=\"Durumu\" \/>\n\t<meta name=\"twitter:data1\" content=\"Stokta var\" \/>\n<script type=\"application\/ld+json\" class=\"yoast-schema-graph\">{\"@context\":\"https:\\\/\\\/schema.org\",\"@graph\":[{\"@type\":\"WebPage\",\"@id\":\"https:\\\/\\\/www.versiegelung24.com\\\/tr\\\/cam-ve-seramikler-icin-uestuen-dayanikliliga-sahip-uestuen-dayaniklilik.html\",\"url\":\"https:\\\/\\\/www.versiegelung24.com\\\/tr\\\/cam-ve-seramikler-icin-uestuen-dayanikliliga-sahip-uestuen-dayaniklilik.html\",\"name\":\"Cam ve seramikler i\u00e7in \u00fcst\u00fcn dayan\u0131kl\u0131l\u0131\u011fa sahip birinci s\u0131n\u0131f dolgu macunu - versiegelung24.com\",\"isPartOf\":{\"@id\":\"https:\\\/\\\/www.versiegelung24.com\\\/tr\\\/#website\"},\"primaryImageOfPage\":{\"@id\":\"https:\\\/\\\/www.versiegelung24.com\\\/tr\\\/cam-ve-seramikler-icin-uestuen-dayanikliliga-sahip-uestuen-dayaniklilik.html#primaryimage\"},\"image\":{\"@id\":\"https:\\\/\\\/www.versiegelung24.com\\\/tr\\\/cam-ve-seramikler-icin-uestuen-dayanikliliga-sahip-uestuen-dayaniklilik.html#primaryimage\"},\"thumbnailUrl\":\"https:\\\/\\\/www.versiegelung24.com\\\/wp-content\\\/uploads\\\/2020\\\/06\\\/produkt-1003-7601-1000-Premium-Versiegelung-Glas-Keramik-scaled.jpg\",\"datePublished\":\"2020-04-04T16:53:42+00:00\",\"dateModified\":\"2025-01-03T22:43:59+00:00\",\"breadcrumb\":{\"@id\":\"https:\\\/\\\/www.versiegelung24.com\\\/tr\\\/cam-ve-seramikler-icin-uestuen-dayanikliliga-sahip-uestuen-dayaniklilik.html#breadcrumb\"},\"inLanguage\":\"tr\",\"potentialAction\":[{\"@type\":\"ReadAction\",\"target\":[\"https:\\\/\\\/www.versiegelung24.com\\\/tr\\\/cam-ve-seramikler-icin-uestuen-dayanikliliga-sahip-uestuen-dayaniklilik.html\"]}]},{\"@type\":\"ImageObject\",\"inLanguage\":\"tr\",\"@id\":\"https:\\\/\\\/www.versiegelung24.com\\\/tr\\\/cam-ve-seramikler-icin-uestuen-dayanikliliga-sahip-uestuen-dayaniklilik.html#primaryimage\",\"url\":\"https:\\\/\\\/www.versiegelung24.com\\\/wp-content\\\/uploads\\\/2020\\\/06\\\/produkt-1003-7601-1000-Premium-Versiegelung-Glas-Keramik-scaled.jpg\",\"contentUrl\":\"https:\\\/\\\/www.versiegelung24.com\\\/wp-content\\\/uploads\\\/2020\\\/06\\\/produkt-1003-7601-1000-Premium-Versiegelung-Glas-Keramik-scaled.jpg\",\"width\":2560,\"height\":2560},{\"@type\":\"BreadcrumbList\",\"@id\":\"https:\\\/\\\/www.versiegelung24.com\\\/tr\\\/cam-ve-seramikler-icin-uestuen-dayanikliliga-sahip-uestuen-dayaniklilik.html#breadcrumb\",\"itemListElement\":[{\"@type\":\"ListItem\",\"position\":1,\"name\":\"Anasayfa\",\"item\":\"https:\\\/\\\/www.versiegelung24.com\\\/tr\\\/on\\\/\"},{\"@type\":\"ListItem\",\"position\":2,\"name\":\"Ma\u011faza\",\"item\":\"https:\\\/\\\/www.versiegelung24.com\\\/tr\\\/magaza\\\/\"},{\"@type\":\"ListItem\",\"position\":3,\"name\":\"Cam ve seramikler i\u00e7in \u00fcst\u00fcn dayan\u0131kl\u0131l\u0131\u011fa sahip birinci s\u0131n\u0131f dolgu macunu\"}]},{\"@type\":\"WebSite\",\"@id\":\"https:\\\/\\\/www.versiegelung24.com\\\/tr\\\/#website\",\"url\":\"https:\\\/\\\/www.versiegelung24.com\\\/tr\\\/\",\"name\":\"versiegelung24.com\",\"description\":\"Fl\u00fcssigglas-Versiegelung - Made in Germany\",\"publisher\":{\"@id\":\"https:\\\/\\\/www.versiegelung24.com\\\/tr\\\/#organization\"},\"potentialAction\":[{\"@type\":\"SearchAction\",\"target\":{\"@type\":\"EntryPoint\",\"urlTemplate\":\"https:\\\/\\\/www.versiegelung24.com\\\/tr\\\/?s={search_term_string}\"},\"query-input\":{\"@type\":\"PropertyValueSpecification\",\"valueRequired\":true,\"valueName\":\"search_term_string\"}}],\"inLanguage\":\"tr\"},{\"@type\":\"Organization\",\"@id\":\"https:\\\/\\\/www.versiegelung24.com\\\/tr\\\/#organization\",\"name\":\"versiegelung24\",\"url\":\"https:\\\/\\\/www.versiegelung24.com\\\/tr\\\/\",\"logo\":{\"@type\":\"ImageObject\",\"inLanguage\":\"tr\",\"@id\":\"https:\\\/\\\/www.versiegelung24.com\\\/tr\\\/#\\\/schema\\\/logo\\\/image\\\/\",\"url\":\"https:\\\/\\\/www.versiegelung24.com\\\/wp-content\\\/uploads\\\/2020\\\/04\\\/versiegelung24.png\",\"contentUrl\":\"https:\\\/\\\/www.versiegelung24.com\\\/wp-content\\\/uploads\\\/2020\\\/04\\\/versiegelung24.png\",\"width\":470,\"height\":102,\"caption\":\"versiegelung24\"},\"image\":{\"@id\":\"https:\\\/\\\/www.versiegelung24.com\\\/tr\\\/#\\\/schema\\\/logo\\\/image\\\/\"}}]}<\/script>\n<meta property=\"og:availability\" content=\"instock\" \/>\n<meta property=\"product:availability\" content=\"instock\" \/>\n<meta property=\"product:retailer_item_id\" content=\"1003-7601\" \/>\n<meta property=\"product:condition\" content=\"new\" \/>\n<!-- \/ Yoast SEO Premium plugin. -->","yoast_head_json":{"title":"Cam ve seramikler i\u00e7in \u00fcst\u00fcn dayan\u0131kl\u0131l\u0131\u011fa sahip birinci s\u0131n\u0131f dolgu macunu - versiegelung24.com","robots":{"index":"index","follow":"follow","max-snippet":"max-snippet:-1","max-image-preview":"max-image-preview:large","max-video-preview":"max-video-preview:-1"},"canonical":"https:\/\/www.versiegelung24.com\/tr\/cam-ve-seramikler-icin-uestuen-dayanikliliga-sahip-uestuen-dayaniklilik.html","og_locale":"tr_TR","og_type":"article","og_title":"Cam ve seramikler i\u00e7in \u00fcst\u00fcn dayan\u0131kl\u0131l\u0131\u011fa sahip birinci s\u0131n\u0131f dolgu macunu","og_description":"Profesyonel kalitede birinci s\u0131n\u0131f cam ve seramik s\u0131zd\u0131rmazl\u0131k: \u2713 ekstra dayan\u0131kl\u0131l\u0131k ile \u2713Almanya'da \u00fcretilmi\u015ftir","og_url":"https:\/\/www.versiegelung24.com\/tr\/cam-ve-seramikler-icin-uestuen-dayanikliliga-sahip-uestuen-dayaniklilik.html","og_site_name":"versiegelung24.com","article_modified_time":"2025-01-03T22:43:59+00:00","og_image":[{"width":2560,"height":2560,"url":"https:\/\/www.versiegelung24.com\/wp-content\/uploads\/2020\/06\/produkt-1003-7601-1000-Premium-Versiegelung-Glas-Keramik-scaled.jpg","type":"image\/jpeg"}],"twitter_card":"summary_large_image","twitter_misc":{"Durumu":"Stokta var"},"schema":{"@context":"https:\/\/schema.org","@graph":[{"@type":"WebPage","@id":"https:\/\/www.versiegelung24.com\/tr\/cam-ve-seramikler-icin-uestuen-dayanikliliga-sahip-uestuen-dayaniklilik.html","url":"https:\/\/www.versiegelung24.com\/tr\/cam-ve-seramikler-icin-uestuen-dayanikliliga-sahip-uestuen-dayaniklilik.html","name":"Cam ve seramikler i\u00e7in \u00fcst\u00fcn dayan\u0131kl\u0131l\u0131\u011fa sahip birinci s\u0131n\u0131f dolgu macunu - versiegelung24.com","isPartOf":{"@id":"https:\/\/www.versiegelung24.com\/tr\/#website"},"primaryImageOfPage":{"@id":"https:\/\/www.versiegelung24.com\/tr\/cam-ve-seramikler-icin-uestuen-dayanikliliga-sahip-uestuen-dayaniklilik.html#primaryimage"},"image":{"@id":"https:\/\/www.versiegelung24.com\/tr\/cam-ve-seramikler-icin-uestuen-dayanikliliga-sahip-uestuen-dayaniklilik.html#primaryimage"},"thumbnailUrl":"https:\/\/www.versiegelung24.com\/wp-content\/uploads\/2020\/06\/produkt-1003-7601-1000-Premium-Versiegelung-Glas-Keramik-scaled.jpg","datePublished":"2020-04-04T16:53:42+00:00","dateModified":"2025-01-03T22:43:59+00:00","breadcrumb":{"@id":"https:\/\/www.versiegelung24.com\/tr\/cam-ve-seramikler-icin-uestuen-dayanikliliga-sahip-uestuen-dayaniklilik.html#breadcrumb"},"inLanguage":"tr","potentialAction":[{"@type":"ReadAction","target":["https:\/\/www.versiegelung24.com\/tr\/cam-ve-seramikler-icin-uestuen-dayanikliliga-sahip-uestuen-dayaniklilik.html"]}]},{"@type":"ImageObject","inLanguage":"tr","@id":"https:\/\/www.versiegelung24.com\/tr\/cam-ve-seramikler-icin-uestuen-dayanikliliga-sahip-uestuen-dayaniklilik.html#primaryimage","url":"https:\/\/www.versiegelung24.com\/wp-content\/uploads\/2020\/06\/produkt-1003-7601-1000-Premium-Versiegelung-Glas-Keramik-scaled.jpg","contentUrl":"https:\/\/www.versiegelung24.com\/wp-content\/uploads\/2020\/06\/produkt-1003-7601-1000-Premium-Versiegelung-Glas-Keramik-scaled.jpg","width":2560,"height":2560},{"@type":"BreadcrumbList","@id":"https:\/\/www.versiegelung24.com\/tr\/cam-ve-seramikler-icin-uestuen-dayanikliliga-sahip-uestuen-dayaniklilik.html#breadcrumb","itemListElement":[{"@type":"ListItem","position":1,"name":"Anasayfa","item":"https:\/\/www.versiegelung24.com\/tr\/on\/"},{"@type":"ListItem","position":2,"name":"Ma\u011faza","item":"https:\/\/www.versiegelung24.com\/tr\/magaza\/"},{"@type":"ListItem","position":3,"name":"Cam ve seramikler i\u00e7in \u00fcst\u00fcn dayan\u0131kl\u0131l\u0131\u011fa sahip birinci s\u0131n\u0131f dolgu macunu"}]},{"@type":"WebSite","@id":"https:\/\/www.versiegelung24.com\/tr\/#website","url":"https:\/\/www.versiegelung24.com\/tr\/","name":"versiegelung24.com","description":"Fl\u00fcssigglas-Versiegelung - Made in Germany","publisher":{"@id":"https:\/\/www.versiegelung24.com\/tr\/#organization"},"potentialAction":[{"@type":"SearchAction","target":{"@type":"EntryPoint","urlTemplate":"https:\/\/www.versiegelung24.com\/tr\/?s={search_term_string}"},"query-input":{"@type":"PropertyValueSpecification","valueRequired":true,"valueName":"search_term_string"}}],"inLanguage":"tr"},{"@type":"Organization","@id":"https:\/\/www.versiegelung24.com\/tr\/#organization","name":"versiegelung24","url":"https:\/\/www.versiegelung24.com\/tr\/","logo":{"@type":"ImageObject","inLanguage":"tr","@id":"https:\/\/www.versiegelung24.com\/tr\/#\/schema\/logo\/image\/","url":"https:\/\/www.versiegelung24.com\/wp-content\/uploads\/2020\/04\/versiegelung24.png","contentUrl":"https:\/\/www.versiegelung24.com\/wp-content\/uploads\/2020\/04\/versiegelung24.png","width":470,"height":102,"caption":"versiegelung24"},"image":{"@id":"https:\/\/www.versiegelung24.com\/tr\/#\/schema\/logo\/image\/"}}]},"og_availability":"instock","product_availability":"instock","product_retailer_item_id":"1003-7601","product_condition":"new"},"_links":{"self":[{"href":"https:\/\/www.versiegelung24.com\/tr\/wp-json\/wp\/v2\/product\/23540","targetHints":{"allow":["GET"]}}],"collection":[{"href":"https:\/\/www.versiegelung24.com\/tr\/wp-json\/wp\/v2\/product"}],"about":[{"href":"https:\/\/www.versiegelung24.com\/tr\/wp-json\/wp\/v2\/types\/product"}],"version-history":[{"count":28,"href":"https:\/\/www.versiegelung24.com\/tr\/wp-json\/wp\/v2\/product\/23540\/revisions"}],"predecessor-version":[{"id":177598,"href":"https:\/\/www.versiegelung24.com\/tr\/wp-json\/wp\/v2\/product\/23540\/revisions\/177598"}],"wp:featuredmedia":[{"embeddable":true,"href":"https:\/\/www.versiegelung24.com\/tr\/wp-json\/wp\/v2\/media\/17774"}],"wp:attachment":[{"href":"https:\/\/www.versiegelung24.com\/tr\/wp-json\/wp\/v2\/media?parent=23540"}],"wp:term":[{"taxonomy":"product_brand","embeddable":true,"href":"https:\/\/www.versiegelung24.com\/tr\/wp-json\/wp\/v2\/product_brand?post=23540"},{"taxonomy":"product_cat","embeddable":true,"href":"https:\/\/www.versiegelung24.com\/tr\/wp-json\/wp\/v2\/product_cat?post=23540"},{"taxonomy":"product_tag","embeddable":true,"href":"https:\/\/www.versiegelung24.com\/tr\/wp-json\/wp\/v2\/product_tag?post=23540"}],"curies":[{"name":"wp","href":"https:\/\/api.w.org\/{rel}","templated":true}]}}