{"id":23639,"date":"2020-04-04T18:53:41","date_gmt":"2020-04-04T16:53:41","guid":{"rendered":"https:\/\/www.versiegelung24.com\/produkt\/profesyonel-on-temizlik-icin-%966-biyoetanol"},"modified":"2025-01-13T17:00:25","modified_gmt":"2025-01-13T16:00:25","slug":"bioetanol-966-for-profesyonel-on-temizlik","status":"publish","type":"product","link":"https:\/\/www.versiegelung24.com\/tr\/bioetanol-966-for-profesyonel-oen-temizlik.html","title":{"rendered":"Profesyonel \u00f6n temizlik i\u00e7in %96,6 biyoetanol"},"content":{"rendered":"\n<h4 class=\"wp-block-heading\" id=\"h-beschreibung\">A\u00e7\u0131klama<\/h4>\n\n<p>Teknik kalite biyoetanol %96,6 emici olmayan y\u00fczeylerin kapsaml\u0131 \u00f6n temizli\u011fi ve ya\u011fdan ar\u0131nd\u0131r\u0131lmas\u0131 i\u00e7in uygundur. <\/p>\n\n<p>Biyolojik, kal\u0131nt\u0131 b\u0131rakmayan \u00f6n <a href=\"https:\/\/www.versiegelung24.com\/tr\/biosativa-biyolojik-oen-temizleyici.html\">temizleyicimiz BIOSATIVA<\/a> \u00ae ile kombinasyon halinde, \u00f6rne\u011fin cam, seramik, boyal\u0131 y\u00fczeyleri y\u00fczey contalar\u0131m\u0131z\u0131n uygulanmas\u0131 i\u00e7in haz\u0131rlamak i\u00e7in \u00e7ok iyi kullan\u0131labilir.<\/p>\n\n<hr \/>\n\n<h4 class=\"wp-block-heading\" id=\"properties\">\u00dcr\u00fcn \u00f6zellikleri<\/h4>\n\n<p>\u2713 %100 m\u0131s\u0131r ve \u015feker pancar\u0131ndan elde edilen biyoetanol<\/p>\n\n<p>\u2713 Avrupa&#8217;dan gelen malzemelerle b\u00f6lgesel \u00fcretim<\/p>\n\n<p>\u2713 Y\u00fcksek Avrupa y\u00f6nergelerine g\u00f6re \u00fcretim<\/p>\n\n<p>\u2713 Y\u00fcksek standartlarda g\u00fcvenlik ve kalite<\/p>\n\n<p>S\u00fcrd\u00fcr\u00fclebilir \u00fcretimden (biyok\u00fctle) %1 MEK, %1 izopropanol ve Bitrex tamamen denat\u00fcre biyoetanol %96,6 (etilen alkol) ile y\u00fcksek safl\u0131k.<\/p>\n\n<hr \/>\n\n<h4 class=\"wp-block-heading\" id=\"application\">Uygulama<\/h4>\n\n<p>P\u00fcr\u00fczs\u00fcz, emici olmayan y\u00fczeyleri temizlemek i\u00e7in iki ad\u0131mda temizlemenizi \u00f6neririz:<\/p>\n\n<p>1. Geleneksel kal\u0131nt\u0131 b\u0131rakmayan bir temizleyici veya biyolojik temizleme <a href=\"https:\/\/www.versiegelung24.com\/tr\/biosativa-biyolojik-oen-temizleyici.html\">konsantremiz BIOSATIVA<\/a> <a href=\"https:\/\/www.versiegelung24.com\/biosativa-biologischer-vorreiniger.html\">\u00ae<\/a> kullanarak y\u00fczeyin yo\u011fun \u00f6n temizli\u011fi<\/p>\n\n<p>2. Temizleme i\u015flemini tamamlad\u0131ktan sonra, t\u00fcm kirlerin temizlenmesi ve y\u00fczeyin tamamen ya\u011fdan ar\u0131nd\u0131r\u0131lmas\u0131 i\u00e7in y\u00fczeyi tekrar %96,6 biyo-etanol ile temizleyin. Mikrofiber bez \u00fczerinde art\u0131k kir kalmay\u0131ncaya kadar bu i\u015flemi tekrarlay\u0131n.<\/p>\n\n<p>Y\u00fczeydeki herhangi bir alkol kal\u0131nt\u0131s\u0131n\u0131n k\u0131sa bir buharla\u015fma s\u00fcresinden sonra nano kaplamalar\u0131m\u0131z\u0131n ve emprenyelerimizin uygulanmas\u0131na ba\u015flanabilir.<\/p>\n\n<p><em>Temel olarak, her y\u00fczey temizleme ve s\u0131zd\u0131rmazl\u0131k i\u015fleminde, y\u00fczeyin kullan\u0131lan maddelerle uyumlulu\u011funu belirlemek i\u00e7in her zaman g\u00f6ze \u00e7arpmayan bir alanda bir test yap\u0131lmal\u0131d\u0131r.<\/em><\/p>\n\n<hr \/>\n\n<h4 class=\"wp-block-heading\" id=\"advisor\">Dan\u0131\u015fman<\/h4>\n\n<p><strong>Bio-Ethanol %96,6 &#8211; masa \u015f\u00f6mineleri i\u00e7in m\u00fckemmel<\/strong><\/p>\n\n<p>Zevklerimiz kadar farkl\u0131 olan etanol \u015f\u00f6mineleri bir\u00e7ok evin vazge\u00e7ilmezi haline geldi. 1 litrelik \u015fi\u015feler, etanol \u015f\u00f6minesi veya s\u0131v\u0131 biyo etanol yak\u0131t\u0131m\u0131zla tan\u0131\u015fmak isteyen ara s\u0131ra veya ilk kez kullanan kullan\u0131c\u0131lar i\u00e7in m\u00fckemmeldir.<\/p>\n\n<p><strong>1 litre biyoetanol ne kadar s\u00fcrer?<\/strong><\/p>\n\n<p>1 litre %96,6 biyoetanol\u00fcn ortalama yanma s\u00fcresi 2 ila 3 saat civar\u0131ndad\u0131r. Ancak bunu tam olarak s\u00f6yleyemezsiniz, \u00e7\u00fcnk\u00fc yanma s\u00fcresi s\u0131v\u0131n\u0131n yand\u0131\u011f\u0131 y\u00fczey alan\u0131na ba\u011fl\u0131d\u0131r. Alan ne kadar b\u00fcy\u00fck olursa, birinci s\u0131n\u0131f biyo etanol o kadar h\u0131zl\u0131 yanar.<\/p>\n\n<hr \/>\n\n<h4 class=\"wp-block-heading\" id=\"faq\">SSS<\/h4>\n\n<div class=\"schema-faq wp-block-yoast-faq-block\"><div class=\"schema-faq-section\" id=\"faq-question-1645793617330\"><strong class=\"schema-faq-question\">Biyoetanol t\u0131p sekt\u00f6r\u00fc i\u00e7in onayland\u0131 m\u0131?<\/strong> <p class=\"schema-faq-answer\">Hay\u0131r! Hay\u0131r! Bir y\u00fczey dezenfektan\u0131 ar\u0131yorsan\u0131z, burada daha fazla bilgi bulabilirsiniz: <a href=\"https:\/\/www.versiegelung24.com\/desinfektionsmittel\/\">Dezenfektanlara genel bak\u0131\u015f<\/a><\/p> <\/div> <div class=\"schema-faq-section\" id=\"faq-question-1645793819353\"><strong class=\"schema-faq-question\">Biyoetanol ne kadar tehlikeli?<\/strong> <p class=\"schema-faq-answer\">Yanma, nefes ald\u0131\u011f\u0131m\u0131zda yapt\u0131\u011f\u0131m\u0131z gibi su buhar\u0131 (H2O) ve karbondioksit (CO2) \u00fcretir. Biyoetanol %96,6 kokusuz ve kal\u0131nt\u0131 b\u0131rakmadan yanar. \u015e\u00f6minelerde kullan\u0131rken, kesin tehlike uyar\u0131lar\u0131na her zaman uyulmal\u0131d\u0131r!<br>Biyoetanol %96,6 son derece yan\u0131c\u0131d\u0131r. Temizleyici olarak kullan\u0131ld\u0131\u011f\u0131nda kolayca yan\u0131c\u0131 gazlar olu\u015fur. <br><\/p> <\/div> <div class=\"schema-faq-section\" id=\"faq-question-1645794918526\"><strong class=\"schema-faq-question\">Biyoetanol (temizleyici olarak kullan\u0131l\u0131r) y\u00fczeylere zarar verebilir mi?<\/strong> <p class=\"schema-faq-answer\">\u00d6zellikle plastik s\u00f6z konusu oldu\u011funda, burada dikkatli olunmal\u0131d\u0131r. Contalar ve hortumlar gibi yumu\u015fak plastikler, plastikle\u015ftiricilerle reaksiyona girebilir ve y\u00fczeylere veya malzemelere zarar verebilir.<br><br>Temel olarak, y\u00fczeyi temizlerken, her zaman \u00f6nce g\u00f6ze \u00e7arpmayan bir alanda bir test yap\u0131lmal\u0131d\u0131r.<\/p> <\/div> <\/div>\n","protected":false},"excerpt":{"rendered":"<p>\u2713 %100 m\u0131s\u0131r ve \u015feker pancar\u0131ndan elde edilen biyoetanol<\/p>\n<p>\u2713 Avrupa&#8217;dan gelen malzemelerle b\u00f6lgesel \u00fcretim<\/p>\n<p>\u2713 Y\u00fcksek Avrupa y\u00f6nergelerine g\u00f6re \u00fcretim<\/p>\n<p>\u2713 Y\u00fcksek standartlarda g\u00fcvenlik ve kalite<\/p>\n","protected":false},"featured_media":65167,"template":"","meta":{"_acf_changed":false,"neve_meta_sidebar":"","neve_meta_container":"","neve_meta_enable_content_width":"","neve_meta_content_width":0,"neve_meta_title_alignment":"","neve_meta_author_avatar":"","neve_post_elements_order":"","neve_meta_disable_header":"","neve_meta_disable_footer":"","neve_meta_disable_title":"","neve_meta_reading_time":"","_surfaces":[],"_ver_product_tabs":[],"footnotes":""},"product_brand":[],"product_cat":[2156,2228,2435,2438,2623],"product_tag":[],"class_list":{"0":"post-23639","1":"product","2":"type-product","3":"status-publish","4":"has-post-thumbnail","6":"product_cat-cam-ve-seramik-icin-sizdirmazlik","7":"product_cat-araba-sizdirmazlik","8":"product_cat-metal-ve-plastik-sizdirmazlik","9":"product_cat-temizlik-malzemeleri","10":"product_cat-biyoetanol","12":"first","13":"instock","14":"taxable","15":"shipping-taxable","16":"purchasable","17":"product-type-simple"},"acf":[],"yoast_head":"<!-- This site is optimized with the Yoast SEO Premium plugin v22.8 (Yoast SEO v27.5) - https:\/\/yoast.com\/product\/yoast-seo-premium-wordpress\/ -->\n<title>Profesyonel \u00f6n temizlik i\u00e7in %96,6 biyoetanol - versiegelung24.com<\/title>\n<meta name=\"robots\" content=\"index, follow, max-snippet:-1, max-image-preview:large, max-video-preview:-1\" \/>\n<link rel=\"canonical\" href=\"https:\/\/www.versiegelung24.com\/tr\/bioetanol-966-for-profesyonel-oen-temizlik.html\" \/>\n<meta property=\"og:locale\" content=\"tr_TR\" \/>\n<meta property=\"og:type\" content=\"article\" \/>\n<meta property=\"og:title\" content=\"Profesyonel \u00f6n temizlik i\u00e7in %96,6 biyoetanol\" \/>\n<meta property=\"og:description\" content=\"\u2713 %100 m\u0131s\u0131r ve \u015feker pancar\u0131ndan elde edilen biyoetanol \u2713 Avrupa&#039;dan gelen malzemelerle b\u00f6lgesel \u00fcretim \u2713 Y\u00fcksek Avrupa y\u00f6nergelerine g\u00f6re \u00fcretim \u2713 Y\u00fcksek standartlarda g\u00fcvenlik ve kalite\" \/>\n<meta property=\"og:url\" content=\"https:\/\/www.versiegelung24.com\/tr\/bioetanol-966-for-profesyonel-oen-temizlik.html\" \/>\n<meta property=\"og:site_name\" content=\"versiegelung24.com\" \/>\n<meta property=\"article:modified_time\" content=\"2025-01-13T16:00:25+00:00\" \/>\n<meta property=\"og:image\" content=\"https:\/\/www.versiegelung24.com\/wp-content\/uploads\/2020\/04\/produkt_9100-950-1000-bioethanol-flasche.jpeg\" \/>\n\t<meta property=\"og:image:width\" content=\"2560\" \/>\n\t<meta property=\"og:image:height\" content=\"2560\" \/>\n\t<meta property=\"og:image:type\" content=\"image\/jpeg\" \/>\n<meta name=\"twitter:card\" content=\"summary_large_image\" \/>\n<meta name=\"twitter:label1\" content=\"Fiyat\" \/>\n\t<meta name=\"twitter:data1\" content=\"9,99&euro;\" \/>\n\t<meta name=\"twitter:label2\" content=\"Durumu\" \/>\n\t<meta name=\"twitter:data2\" content=\"Stokta var\" \/>\n<script type=\"application\/ld+json\" class=\"yoast-schema-graph\">{\"@context\":\"https:\\\/\\\/schema.org\",\"@graph\":[{\"@type\":[\"WebPage\",\"FAQPage\"],\"@id\":\"https:\\\/\\\/www.versiegelung24.com\\\/tr\\\/bioetanol-966-for-profesyonel-oen-temizlik.html\",\"url\":\"https:\\\/\\\/www.versiegelung24.com\\\/tr\\\/bioetanol-966-for-profesyonel-oen-temizlik.html\",\"name\":\"Profesyonel \u00f6n temizlik i\u00e7in %96,6 biyoetanol - versiegelung24.com\",\"isPartOf\":{\"@id\":\"https:\\\/\\\/www.versiegelung24.com\\\/tr\\\/#website\"},\"primaryImageOfPage\":{\"@id\":\"https:\\\/\\\/www.versiegelung24.com\\\/tr\\\/bioetanol-966-for-profesyonel-oen-temizlik.html#primaryimage\"},\"image\":{\"@id\":\"https:\\\/\\\/www.versiegelung24.com\\\/tr\\\/bioetanol-966-for-profesyonel-oen-temizlik.html#primaryimage\"},\"thumbnailUrl\":\"https:\\\/\\\/www.versiegelung24.com\\\/wp-content\\\/uploads\\\/2020\\\/04\\\/produkt_9100-950-1000-bioethanol-flasche.jpeg\",\"datePublished\":\"2020-04-04T16:53:41+00:00\",\"dateModified\":\"2025-01-13T16:00:25+00:00\",\"breadcrumb\":{\"@id\":\"https:\\\/\\\/www.versiegelung24.com\\\/tr\\\/bioetanol-966-for-profesyonel-oen-temizlik.html#breadcrumb\"},\"mainEntity\":[{\"@id\":\"https:\\\/\\\/www.versiegelung24.com\\\/tr\\\/bioetanol-966-for-profesyonel-oen-temizlik.html#faq-question-1645793617330\"},{\"@id\":\"https:\\\/\\\/www.versiegelung24.com\\\/tr\\\/bioetanol-966-for-profesyonel-oen-temizlik.html#faq-question-1645793819353\"},{\"@id\":\"https:\\\/\\\/www.versiegelung24.com\\\/tr\\\/bioetanol-966-for-profesyonel-oen-temizlik.html#faq-question-1645794918526\"}],\"inLanguage\":\"tr\",\"potentialAction\":[{\"@type\":\"ReadAction\",\"target\":[\"https:\\\/\\\/www.versiegelung24.com\\\/tr\\\/bioetanol-966-for-profesyonel-oen-temizlik.html\"]}]},{\"@type\":\"ImageObject\",\"inLanguage\":\"tr\",\"@id\":\"https:\\\/\\\/www.versiegelung24.com\\\/tr\\\/bioetanol-966-for-profesyonel-oen-temizlik.html#primaryimage\",\"url\":\"https:\\\/\\\/www.versiegelung24.com\\\/wp-content\\\/uploads\\\/2020\\\/04\\\/produkt_9100-950-1000-bioethanol-flasche.jpeg\",\"contentUrl\":\"https:\\\/\\\/www.versiegelung24.com\\\/wp-content\\\/uploads\\\/2020\\\/04\\\/produkt_9100-950-1000-bioethanol-flasche.jpeg\",\"width\":2560,\"height\":2560},{\"@type\":\"BreadcrumbList\",\"@id\":\"https:\\\/\\\/www.versiegelung24.com\\\/tr\\\/bioetanol-966-for-profesyonel-oen-temizlik.html#breadcrumb\",\"itemListElement\":[{\"@type\":\"ListItem\",\"position\":1,\"name\":\"Anasayfa\",\"item\":\"https:\\\/\\\/www.versiegelung24.com\\\/tr\\\/on\\\/\"},{\"@type\":\"ListItem\",\"position\":2,\"name\":\"Ma\u011faza\",\"item\":\"https:\\\/\\\/www.versiegelung24.com\\\/tr\\\/magaza\\\/\"},{\"@type\":\"ListItem\",\"position\":3,\"name\":\"Profesyonel \u00f6n temizlik i\u00e7in %96,6 biyoetanol\"}]},{\"@type\":\"WebSite\",\"@id\":\"https:\\\/\\\/www.versiegelung24.com\\\/tr\\\/#website\",\"url\":\"https:\\\/\\\/www.versiegelung24.com\\\/tr\\\/\",\"name\":\"versiegelung24.com\",\"description\":\"Fl\u00fcssigglas-Versiegelung - Made in Germany\",\"publisher\":{\"@id\":\"https:\\\/\\\/www.versiegelung24.com\\\/tr\\\/#organization\"},\"potentialAction\":[{\"@type\":\"SearchAction\",\"target\":{\"@type\":\"EntryPoint\",\"urlTemplate\":\"https:\\\/\\\/www.versiegelung24.com\\\/tr\\\/?s={search_term_string}\"},\"query-input\":{\"@type\":\"PropertyValueSpecification\",\"valueRequired\":true,\"valueName\":\"search_term_string\"}}],\"inLanguage\":\"tr\"},{\"@type\":\"Organization\",\"@id\":\"https:\\\/\\\/www.versiegelung24.com\\\/tr\\\/#organization\",\"name\":\"versiegelung24\",\"url\":\"https:\\\/\\\/www.versiegelung24.com\\\/tr\\\/\",\"logo\":{\"@type\":\"ImageObject\",\"inLanguage\":\"tr\",\"@id\":\"https:\\\/\\\/www.versiegelung24.com\\\/tr\\\/#\\\/schema\\\/logo\\\/image\\\/\",\"url\":\"https:\\\/\\\/www.versiegelung24.com\\\/wp-content\\\/uploads\\\/2020\\\/04\\\/versiegelung24.png\",\"contentUrl\":\"https:\\\/\\\/www.versiegelung24.com\\\/wp-content\\\/uploads\\\/2020\\\/04\\\/versiegelung24.png\",\"width\":470,\"height\":102,\"caption\":\"versiegelung24\"},\"image\":{\"@id\":\"https:\\\/\\\/www.versiegelung24.com\\\/tr\\\/#\\\/schema\\\/logo\\\/image\\\/\"}},{\"@type\":\"Question\",\"@id\":\"https:\\\/\\\/www.versiegelung24.com\\\/tr\\\/bioetanol-966-for-profesyonel-oen-temizlik.html#faq-question-1645793617330\",\"position\":1,\"url\":\"https:\\\/\\\/www.versiegelung24.com\\\/tr\\\/bioetanol-966-for-profesyonel-oen-temizlik.html#faq-question-1645793617330\",\"name\":\"Ist Bioethanol f\u00fcr den medizinischen Bereich zugelassen?\",\"answerCount\":1,\"acceptedAnswer\":{\"@type\":\"Answer\",\"text\":\"Nein! Wenn Sie ein Fl\u00e4chendesinfektionsmittel suchen, finden Sie weitere Informationen hier: <a href=\\\"https:\\\/\\\/www.versiegelung24.com\\\/desinfektionsmittel\\\/\\\">\u00dcbersicht Desinfektionsmittel<\\\/a>\",\"inLanguage\":\"tr\"},\"inLanguage\":\"tr\"},{\"@type\":\"Question\",\"@id\":\"https:\\\/\\\/www.versiegelung24.com\\\/tr\\\/bioetanol-966-for-profesyonel-oen-temizlik.html#faq-question-1645793819353\",\"position\":2,\"url\":\"https:\\\/\\\/www.versiegelung24.com\\\/tr\\\/bioetanol-966-for-profesyonel-oen-temizlik.html#faq-question-1645793819353\",\"name\":\"Wie gef\u00e4hrlich ist Bioethanol?\",\"answerCount\":1,\"acceptedAnswer\":{\"@type\":\"Answer\",\"text\":\"Bei der Verbrennung entstehen genau wie bei unserer Atmung Wasserdampf (H2O) und Kohlendioxid (CO2). Bioethanol 96,6% verbrennt geruchs- und r\u00fcckstandsfrei. Bei Nutzung in Feuerstellen sind stets die genauen Gefahrenhinweise zu beachten!<br \\\/>Bioethanol 96,6% ist leicht entz\u00fcndlich. Bei der Nutzung als Reiniger entstehen leicht brennbare Gase. <br \\\/>\",\"inLanguage\":\"tr\"},\"inLanguage\":\"tr\"},{\"@type\":\"Question\",\"@id\":\"https:\\\/\\\/www.versiegelung24.com\\\/tr\\\/bioetanol-966-for-profesyonel-oen-temizlik.html#faq-question-1645794918526\",\"position\":3,\"url\":\"https:\\\/\\\/www.versiegelung24.com\\\/tr\\\/bioetanol-966-for-profesyonel-oen-temizlik.html#faq-question-1645794918526\",\"name\":\"Kann Bioethanol (als Reiniger eingesetzt) Oberfl\u00e4chen angreifen?\",\"answerCount\":1,\"acceptedAnswer\":{\"@type\":\"Answer\",\"text\":\"Besonders bei Kunststoffen ist hier mit Achtsamkeit vor zu gehen. Weiche Kunststoffe wie z.B. bei Dichtungen und Schl\u00e4uchen kann dieser mit den Weichmachern reagieren und Oberfl\u00e4chen bzw. Materialien sch\u00e4digen.<br \\\/><br \\\/>Grunds\u00e4tzlich sollte bei der Oberfl\u00e4chenreinigung immer erst ein Test an unauff\u00e4lliger Stelle durchgef\u00fchrt werden.\",\"inLanguage\":\"tr\"},\"inLanguage\":\"tr\"}]}<\/script>\n<meta property=\"product:price:amount\" content=\"9.99\" \/>\n<meta property=\"product:price:currency\" content=\"EUR\" \/>\n<meta property=\"og:availability\" content=\"instock\" \/>\n<meta property=\"product:availability\" content=\"instock\" \/>\n<meta property=\"product:retailer_item_id\" content=\"9100-BE96-1\" \/>\n<meta property=\"product:condition\" content=\"new\" \/>\n<!-- \/ Yoast SEO Premium plugin. -->","yoast_head_json":{"title":"Profesyonel \u00f6n temizlik i\u00e7in %96,6 biyoetanol - versiegelung24.com","robots":{"index":"index","follow":"follow","max-snippet":"max-snippet:-1","max-image-preview":"max-image-preview:large","max-video-preview":"max-video-preview:-1"},"canonical":"https:\/\/www.versiegelung24.com\/tr\/bioetanol-966-for-profesyonel-oen-temizlik.html","og_locale":"tr_TR","og_type":"article","og_title":"Profesyonel \u00f6n temizlik i\u00e7in %96,6 biyoetanol","og_description":"\u2713 %100 m\u0131s\u0131r ve \u015feker pancar\u0131ndan elde edilen biyoetanol \u2713 Avrupa'dan gelen malzemelerle b\u00f6lgesel \u00fcretim \u2713 Y\u00fcksek Avrupa y\u00f6nergelerine g\u00f6re \u00fcretim \u2713 Y\u00fcksek standartlarda g\u00fcvenlik ve kalite","og_url":"https:\/\/www.versiegelung24.com\/tr\/bioetanol-966-for-profesyonel-oen-temizlik.html","og_site_name":"versiegelung24.com","article_modified_time":"2025-01-13T16:00:25+00:00","og_image":[{"width":2560,"height":2560,"url":"https:\/\/www.versiegelung24.com\/wp-content\/uploads\/2020\/04\/produkt_9100-950-1000-bioethanol-flasche.jpeg","type":"image\/jpeg"}],"twitter_card":"summary_large_image","twitter_misc":{"Fiyat":"9,99&euro;","Durumu":"Stokta var"},"schema":{"@context":"https:\/\/schema.org","@graph":[{"@type":["WebPage","FAQPage"],"@id":"https:\/\/www.versiegelung24.com\/tr\/bioetanol-966-for-profesyonel-oen-temizlik.html","url":"https:\/\/www.versiegelung24.com\/tr\/bioetanol-966-for-profesyonel-oen-temizlik.html","name":"Profesyonel \u00f6n temizlik i\u00e7in %96,6 biyoetanol - versiegelung24.com","isPartOf":{"@id":"https:\/\/www.versiegelung24.com\/tr\/#website"},"primaryImageOfPage":{"@id":"https:\/\/www.versiegelung24.com\/tr\/bioetanol-966-for-profesyonel-oen-temizlik.html#primaryimage"},"image":{"@id":"https:\/\/www.versiegelung24.com\/tr\/bioetanol-966-for-profesyonel-oen-temizlik.html#primaryimage"},"thumbnailUrl":"https:\/\/www.versiegelung24.com\/wp-content\/uploads\/2020\/04\/produkt_9100-950-1000-bioethanol-flasche.jpeg","datePublished":"2020-04-04T16:53:41+00:00","dateModified":"2025-01-13T16:00:25+00:00","breadcrumb":{"@id":"https:\/\/www.versiegelung24.com\/tr\/bioetanol-966-for-profesyonel-oen-temizlik.html#breadcrumb"},"mainEntity":[{"@id":"https:\/\/www.versiegelung24.com\/tr\/bioetanol-966-for-profesyonel-oen-temizlik.html#faq-question-1645793617330"},{"@id":"https:\/\/www.versiegelung24.com\/tr\/bioetanol-966-for-profesyonel-oen-temizlik.html#faq-question-1645793819353"},{"@id":"https:\/\/www.versiegelung24.com\/tr\/bioetanol-966-for-profesyonel-oen-temizlik.html#faq-question-1645794918526"}],"inLanguage":"tr","potentialAction":[{"@type":"ReadAction","target":["https:\/\/www.versiegelung24.com\/tr\/bioetanol-966-for-profesyonel-oen-temizlik.html"]}]},{"@type":"ImageObject","inLanguage":"tr","@id":"https:\/\/www.versiegelung24.com\/tr\/bioetanol-966-for-profesyonel-oen-temizlik.html#primaryimage","url":"https:\/\/www.versiegelung24.com\/wp-content\/uploads\/2020\/04\/produkt_9100-950-1000-bioethanol-flasche.jpeg","contentUrl":"https:\/\/www.versiegelung24.com\/wp-content\/uploads\/2020\/04\/produkt_9100-950-1000-bioethanol-flasche.jpeg","width":2560,"height":2560},{"@type":"BreadcrumbList","@id":"https:\/\/www.versiegelung24.com\/tr\/bioetanol-966-for-profesyonel-oen-temizlik.html#breadcrumb","itemListElement":[{"@type":"ListItem","position":1,"name":"Anasayfa","item":"https:\/\/www.versiegelung24.com\/tr\/on\/"},{"@type":"ListItem","position":2,"name":"Ma\u011faza","item":"https:\/\/www.versiegelung24.com\/tr\/magaza\/"},{"@type":"ListItem","position":3,"name":"Profesyonel \u00f6n temizlik i\u00e7in %96,6 biyoetanol"}]},{"@type":"WebSite","@id":"https:\/\/www.versiegelung24.com\/tr\/#website","url":"https:\/\/www.versiegelung24.com\/tr\/","name":"versiegelung24.com","description":"Fl\u00fcssigglas-Versiegelung - Made in Germany","publisher":{"@id":"https:\/\/www.versiegelung24.com\/tr\/#organization"},"potentialAction":[{"@type":"SearchAction","target":{"@type":"EntryPoint","urlTemplate":"https:\/\/www.versiegelung24.com\/tr\/?s={search_term_string}"},"query-input":{"@type":"PropertyValueSpecification","valueRequired":true,"valueName":"search_term_string"}}],"inLanguage":"tr"},{"@type":"Organization","@id":"https:\/\/www.versiegelung24.com\/tr\/#organization","name":"versiegelung24","url":"https:\/\/www.versiegelung24.com\/tr\/","logo":{"@type":"ImageObject","inLanguage":"tr","@id":"https:\/\/www.versiegelung24.com\/tr\/#\/schema\/logo\/image\/","url":"https:\/\/www.versiegelung24.com\/wp-content\/uploads\/2020\/04\/versiegelung24.png","contentUrl":"https:\/\/www.versiegelung24.com\/wp-content\/uploads\/2020\/04\/versiegelung24.png","width":470,"height":102,"caption":"versiegelung24"},"image":{"@id":"https:\/\/www.versiegelung24.com\/tr\/#\/schema\/logo\/image\/"}},{"@type":"Question","@id":"https:\/\/www.versiegelung24.com\/tr\/bioetanol-966-for-profesyonel-oen-temizlik.html#faq-question-1645793617330","position":1,"url":"https:\/\/www.versiegelung24.com\/tr\/bioetanol-966-for-profesyonel-oen-temizlik.html#faq-question-1645793617330","name":"Ist Bioethanol f\u00fcr den medizinischen Bereich zugelassen?","answerCount":1,"acceptedAnswer":{"@type":"Answer","text":"Nein! Wenn Sie ein Fl\u00e4chendesinfektionsmittel suchen, finden Sie weitere Informationen hier: <a href=\"https:\/\/www.versiegelung24.com\/desinfektionsmittel\/\">\u00dcbersicht Desinfektionsmittel<\/a>","inLanguage":"tr"},"inLanguage":"tr"},{"@type":"Question","@id":"https:\/\/www.versiegelung24.com\/tr\/bioetanol-966-for-profesyonel-oen-temizlik.html#faq-question-1645793819353","position":2,"url":"https:\/\/www.versiegelung24.com\/tr\/bioetanol-966-for-profesyonel-oen-temizlik.html#faq-question-1645793819353","name":"Wie gef\u00e4hrlich ist Bioethanol?","answerCount":1,"acceptedAnswer":{"@type":"Answer","text":"Bei der Verbrennung entstehen genau wie bei unserer Atmung Wasserdampf (H2O) und Kohlendioxid (CO2). Bioethanol 96,6% verbrennt geruchs- und r\u00fcckstandsfrei. Bei Nutzung in Feuerstellen sind stets die genauen Gefahrenhinweise zu beachten!<br \/>Bioethanol 96,6% ist leicht entz\u00fcndlich. Bei der Nutzung als Reiniger entstehen leicht brennbare Gase. <br \/>","inLanguage":"tr"},"inLanguage":"tr"},{"@type":"Question","@id":"https:\/\/www.versiegelung24.com\/tr\/bioetanol-966-for-profesyonel-oen-temizlik.html#faq-question-1645794918526","position":3,"url":"https:\/\/www.versiegelung24.com\/tr\/bioetanol-966-for-profesyonel-oen-temizlik.html#faq-question-1645794918526","name":"Kann Bioethanol (als Reiniger eingesetzt) Oberfl\u00e4chen angreifen?","answerCount":1,"acceptedAnswer":{"@type":"Answer","text":"Besonders bei Kunststoffen ist hier mit Achtsamkeit vor zu gehen. Weiche Kunststoffe wie z.B. bei Dichtungen und Schl\u00e4uchen kann dieser mit den Weichmachern reagieren und Oberfl\u00e4chen bzw. Materialien sch\u00e4digen.<br \/><br \/>Grunds\u00e4tzlich sollte bei der Oberfl\u00e4chenreinigung immer erst ein Test an unauff\u00e4lliger Stelle durchgef\u00fchrt werden.","inLanguage":"tr"},"inLanguage":"tr"}]},"product_price_amount":"9.99","product_price_currency":"EUR","og_availability":"instock","product_availability":"instock","product_retailer_item_id":"9100-BE96-1","product_condition":"new"},"_links":{"self":[{"href":"https:\/\/www.versiegelung24.com\/tr\/wp-json\/wp\/v2\/product\/23639","targetHints":{"allow":["GET"]}}],"collection":[{"href":"https:\/\/www.versiegelung24.com\/tr\/wp-json\/wp\/v2\/product"}],"about":[{"href":"https:\/\/www.versiegelung24.com\/tr\/wp-json\/wp\/v2\/types\/product"}],"version-history":[{"count":49,"href":"https:\/\/www.versiegelung24.com\/tr\/wp-json\/wp\/v2\/product\/23639\/revisions"}],"predecessor-version":[{"id":180711,"href":"https:\/\/www.versiegelung24.com\/tr\/wp-json\/wp\/v2\/product\/23639\/revisions\/180711"}],"wp:featuredmedia":[{"embeddable":true,"href":"https:\/\/www.versiegelung24.com\/tr\/wp-json\/wp\/v2\/media\/65167"}],"wp:attachment":[{"href":"https:\/\/www.versiegelung24.com\/tr\/wp-json\/wp\/v2\/media?parent=23639"}],"wp:term":[{"taxonomy":"product_brand","embeddable":true,"href":"https:\/\/www.versiegelung24.com\/tr\/wp-json\/wp\/v2\/product_brand?post=23639"},{"taxonomy":"product_cat","embeddable":true,"href":"https:\/\/www.versiegelung24.com\/tr\/wp-json\/wp\/v2\/product_cat?post=23639"},{"taxonomy":"product_tag","embeddable":true,"href":"https:\/\/www.versiegelung24.com\/tr\/wp-json\/wp\/v2\/product_tag?post=23639"}],"curies":[{"name":"wp","href":"https:\/\/api.w.org\/{rel}","templated":true}]}}