{"id":23685,"date":"2020-04-04T18:53:44","date_gmt":"2021-08-02T19:55:08","guid":{"rendered":"https:\/\/www.versiegelung24.com\/produkt\/yumusak-emici-yuzeyler-icin-evrensel-sizdirmazlik-691-tekstil-ahsap-tas"},"modified":"2025-01-03T23:54:40","modified_gmt":"2025-01-03T22:54:40","slug":"evrensel-sizdirmazlik-691-icin-yumusak-emici-yuzeyler-tekstil-ahsap-tas","status":"publish","type":"product","link":"https:\/\/www.versiegelung24.com\/tr\/evrensel-sizdirmazlik-691-icin-yumusak-emici-yuezeyler-tekstil-ahsap-tas.html","title":{"rendered":"&#8220;Yumu\u015fak&#8221; \/ emici y\u00fczeyler i\u00e7in evrensel s\u0131zd\u0131rmazl\u0131k 691 (tekstil +++, ah\u015fap ++, ta\u015f ++)"},"content":{"rendered":"\n<p><strong>Emici \/ \u201cyumu\u015fak\u201d y\u00fczeyler (tekstil, ta\u015f, ah\u015fap) i\u00e7in temizlemesi kolay etkili, profesyonel \u00fcniversal mastik<\/strong><\/p>\n\n<p>Tekstil i\u00e7in ideal, ta\u015f ve ah\u015fapta da kullan\u0131labilir<\/p>\n\n<p>Y\u00fcksek kalite &#8211; Almanya&#8217;da \u00fcretilmi\u015ftir.<\/p>\n\n<p>\u00dcr\u00fcn numaras\u0131: 4006-691<\/p>\n\n<p><strong>V24 evrensel conta 4006-691<\/strong> Y\u00fczeylerin \u00e7ok iyi su iticilik (su iticilik) ve ya\u011f iticilik (ya\u011f iticilik) \u00f6zelli\u011fine sahip emici \/ \u201cyumu\u015fak\u201d y\u00fczeyler i\u00e7in sulu bir emprenyedir. \u00dcr\u00fcn neredeyse g\u00f6r\u00fcnmez, ince bir y\u00fczey filmi olu\u015fturur. Su itici etki, i\u015flenmi\u015f y\u00fczeylerde nem penetrasyon oran\u0131n\u0131 ve yeniden kirlenmeyi \u00f6nemli \u00f6l\u00e7\u00fcde azalt\u0131r. Ya\u011f ve renk a\u00e7\u0131c\u0131 maddelerin y\u00fczeye n\u00fcfuzu azalt\u0131l\u0131r ve kolayca \u00e7\u0131kar\u0131labilir\/temizlenebilir.<\/p>\n\n<hr\/>\n\n<h4 class=\"wp-block-heading\" id=\"properties\">\u00dcr\u00fcn \u00f6zellikleri<\/h4>\n\n<div class=\"wp-block-columns is-layout-flex wp-container-core-columns-is-layout-9d6595d7 wp-block-columns-is-layout-flex\">\n<div class=\"wp-block-column is-layout-flow wp-block-column-is-layout-flow\">\n<ul class=\"wp-block-list\">\n<li>Aktif bile\u015fen baz\u0131: flor i\u00e7eren polimer<\/li>\n\n\n\n<li>G\u00f6r\u00fcn\u00fcm: beyaz, yar\u0131 saydam s\u0131v\u0131<\/li>\n\n\n\n<li>Kat\u0131 i\u00e7erik: ~ 1%<\/li>\n\n\n\n<li>pH de\u011feri: 7<\/li>\n\n\n\n<li>Seyreltme: Seyreltilmi\u015f kullan\u0131ma haz\u0131r. \u0130stenilen etkiye ba\u011fl\u0131 olarak su ile daha da inceltilebilir.<\/li>\n<\/ul>\n<\/div>\n\n\n\n<div class=\"wp-block-column is-layout-flow wp-block-column-is-layout-flow\">\n<p><br\/><br\/>Teslimat kapsam\u0131: 1 x litrelik \u015fi\u015fe 1 x pompal\u0131 p\u00fcsk\u00fcrtme ba\u015fl\u0131\u011f\u0131<\/p>\n<\/div>\n<\/div>\n\n<hr\/>\n\n<h4 class=\"wp-block-heading\" id=\"h-ratgeber\">Dan\u0131\u015fman<\/h4>\n\n<p>\u00dcniversal contalar\u0131m\u0131z \u00f6zellikle kendin yap sekt\u00f6r\u00fc i\u00e7in uygundur.<\/p>\n\n<p>Uygulama s\u0131ras\u0131nda kolay kullan\u0131m ile farkl\u0131 y\u00fczeylerde profesyonel bir hareket tarz\u0131n\u0131 birle\u015ftirirler. Ve t\u00fcm bunlar kalite a\u00e7\u0131s\u0131ndan b\u00fcy\u00fck bir taviz vermek zorunda kalmadan.<\/p>\n\n<p>Bu sayede tek bir \u00fcniversal mastik ile birden fazla malzemeye uygulama yap\u0131labilir ve y\u00fcksek kaliteli bir etki ve uzun s\u00fcreli dayan\u0131kl\u0131l\u0131k da elde edilebilir.<\/p>\n\n<p>Ancak, belirli bir y\u00fczeyde m\u00fcmk\u00fcn olan en y\u00fcksek performans\u0131n elde edilece\u011fi ticari ve end\u00fcstriyel uygulamalar i\u00e7in, o y\u00fczey i\u00e7in \u00f6zel cilalar\u0131m\u0131z\u0131n kullan\u0131lmas\u0131n\u0131 \u00f6neririz.<\/p>\n","protected":false},"excerpt":{"rendered":"<p><strong>Emici \/ &#8220;yumu\u015fak&#8221; y\u00fczeyler i\u00e7in son derece etkili profesyonel evrensel conta:<\/strong><\/p>\n<p>\u2713 Tekstil<\/p>\n<p>\u2713 Ta\u015f<\/p>\n<p>\u2713 ah\u015fap<\/p>\n<p>\u2713 Kolay temizlenebilir etki ile<\/p>\n","protected":false},"featured_media":18300,"template":"","meta":{"_acf_changed":false,"neve_meta_sidebar":"","neve_meta_container":"","neve_meta_enable_content_width":"","neve_meta_content_width":0,"neve_meta_title_alignment":"","neve_meta_author_avatar":"","neve_post_elements_order":"","neve_meta_disable_header":"","neve_meta_disable_footer":"","neve_meta_disable_title":"","neve_meta_reading_time":"","_surfaces":[],"_ver_product_tabs":[],"footnotes":""},"product_brand":[],"product_cat":[2481],"product_tag":[],"class_list":{"0":"post-23685","1":"product","2":"type-product","3":"status-publish","4":"has-post-thumbnail","6":"product_cat-evrensel-muehuer","8":"first","9":"instock","10":"taxable","11":"shipping-taxable","12":"purchasable","13":"product-type-simple"},"acf":[],"yoast_head":"<!-- This site is optimized with the Yoast SEO Premium plugin v22.8 (Yoast SEO v27.3) - https:\/\/yoast.com\/product\/yoast-seo-premium-wordpress\/ -->\n<title>&quot;Yumu\u015fak&quot; \/ emici y\u00fczeyler i\u00e7in evrensel s\u0131zd\u0131rmazl\u0131k 691 (tekstil +++, ah\u015fap ++, ta\u015f ++) - versiegelung24.com<\/title>\n<meta name=\"robots\" content=\"index, follow, max-snippet:-1, max-image-preview:large, max-video-preview:-1\" \/>\n<link rel=\"canonical\" href=\"https:\/\/www.versiegelung24.com\/tr\/evrensel-sizdirmazlik-691-icin-yumusak-emici-yuezeyler-tekstil-ahsap-tas.html\" \/>\n<meta property=\"og:locale\" content=\"tr_TR\" \/>\n<meta property=\"og:type\" content=\"article\" \/>\n<meta property=\"og:title\" content=\"&quot;Yumu\u015fak&quot; \/ emici y\u00fczeyler i\u00e7in evrensel s\u0131zd\u0131rmazl\u0131k 691 (tekstil +++, ah\u015fap ++, ta\u015f ++)\" \/>\n<meta property=\"og:description\" content=\"Emici \/ &quot;yumu\u015fak&quot; y\u00fczeyler i\u00e7in son derece etkili profesyonel evrensel conta: \u2713 Tekstil \u2713 Ta\u015f \u2713 ah\u015fap \u2713 Kolay temizlenebilir etki ile\" \/>\n<meta property=\"og:url\" content=\"https:\/\/www.versiegelung24.com\/tr\/evrensel-sizdirmazlik-691-icin-yumusak-emici-yuezeyler-tekstil-ahsap-tas.html\" \/>\n<meta property=\"og:site_name\" content=\"versiegelung24.com\" \/>\n<meta property=\"article:modified_time\" content=\"2025-01-03T22:54:40+00:00\" \/>\n<meta property=\"og:image\" content=\"https:\/\/www.versiegelung24.com\/wp-content\/uploads\/2020\/06\/produkt-4006-691-1000-Universalversiegelung-691-scaled.jpg\" \/>\n\t<meta property=\"og:image:width\" content=\"2560\" \/>\n\t<meta property=\"og:image:height\" content=\"2560\" \/>\n\t<meta property=\"og:image:type\" content=\"image\/jpeg\" \/>\n<meta name=\"twitter:card\" content=\"summary_large_image\" \/>\n<meta name=\"twitter:label1\" content=\"Fiyat\" \/>\n\t<meta name=\"twitter:data1\" content=\"74,99&euro;\" \/>\n\t<meta name=\"twitter:label2\" content=\"Durumu\" \/>\n\t<meta name=\"twitter:data2\" content=\"Stokta var\" \/>\n<script type=\"application\/ld+json\" class=\"yoast-schema-graph\">{\"@context\":\"https:\\\/\\\/schema.org\",\"@graph\":[{\"@type\":\"WebPage\",\"@id\":\"https:\\\/\\\/www.versiegelung24.com\\\/tr\\\/evrensel-sizdirmazlik-691-icin-yumusak-emici-yuezeyler-tekstil-ahsap-tas.html\",\"url\":\"https:\\\/\\\/www.versiegelung24.com\\\/tr\\\/evrensel-sizdirmazlik-691-icin-yumusak-emici-yuezeyler-tekstil-ahsap-tas.html\",\"name\":\"\\\"Yumu\u015fak\\\" \\\/ emici y\u00fczeyler i\u00e7in evrensel s\u0131zd\u0131rmazl\u0131k 691 (tekstil +++, ah\u015fap ++, ta\u015f ++) - versiegelung24.com\",\"isPartOf\":{\"@id\":\"https:\\\/\\\/www.versiegelung24.com\\\/tr\\\/#website\"},\"primaryImageOfPage\":{\"@id\":\"https:\\\/\\\/www.versiegelung24.com\\\/tr\\\/evrensel-sizdirmazlik-691-icin-yumusak-emici-yuezeyler-tekstil-ahsap-tas.html#primaryimage\"},\"image\":{\"@id\":\"https:\\\/\\\/www.versiegelung24.com\\\/tr\\\/evrensel-sizdirmazlik-691-icin-yumusak-emici-yuezeyler-tekstil-ahsap-tas.html#primaryimage\"},\"thumbnailUrl\":\"https:\\\/\\\/www.versiegelung24.com\\\/wp-content\\\/uploads\\\/2020\\\/06\\\/produkt-4006-691-1000-Universalversiegelung-691-scaled.jpg\",\"datePublished\":\"2021-08-02T19:55:08+00:00\",\"dateModified\":\"2025-01-03T22:54:40+00:00\",\"breadcrumb\":{\"@id\":\"https:\\\/\\\/www.versiegelung24.com\\\/tr\\\/evrensel-sizdirmazlik-691-icin-yumusak-emici-yuezeyler-tekstil-ahsap-tas.html#breadcrumb\"},\"inLanguage\":\"tr\",\"potentialAction\":[{\"@type\":\"ReadAction\",\"target\":[\"https:\\\/\\\/www.versiegelung24.com\\\/tr\\\/evrensel-sizdirmazlik-691-icin-yumusak-emici-yuezeyler-tekstil-ahsap-tas.html\"]}]},{\"@type\":\"ImageObject\",\"inLanguage\":\"tr\",\"@id\":\"https:\\\/\\\/www.versiegelung24.com\\\/tr\\\/evrensel-sizdirmazlik-691-icin-yumusak-emici-yuezeyler-tekstil-ahsap-tas.html#primaryimage\",\"url\":\"https:\\\/\\\/www.versiegelung24.com\\\/wp-content\\\/uploads\\\/2020\\\/06\\\/produkt-4006-691-1000-Universalversiegelung-691-scaled.jpg\",\"contentUrl\":\"https:\\\/\\\/www.versiegelung24.com\\\/wp-content\\\/uploads\\\/2020\\\/06\\\/produkt-4006-691-1000-Universalversiegelung-691-scaled.jpg\",\"width\":2560,\"height\":2560},{\"@type\":\"BreadcrumbList\",\"@id\":\"https:\\\/\\\/www.versiegelung24.com\\\/tr\\\/evrensel-sizdirmazlik-691-icin-yumusak-emici-yuezeyler-tekstil-ahsap-tas.html#breadcrumb\",\"itemListElement\":[{\"@type\":\"ListItem\",\"position\":1,\"name\":\"Anasayfa\",\"item\":\"https:\\\/\\\/www.versiegelung24.com\\\/tr\\\/on\\\/\"},{\"@type\":\"ListItem\",\"position\":2,\"name\":\"Ma\u011faza\",\"item\":\"https:\\\/\\\/www.versiegelung24.com\\\/tr\\\/magaza\\\/\"},{\"@type\":\"ListItem\",\"position\":3,\"name\":\"&#8220;Yumu\u015fak&#8221; \\\/ emici y\u00fczeyler i\u00e7in evrensel s\u0131zd\u0131rmazl\u0131k 691 (tekstil +++, ah\u015fap ++, ta\u015f ++)\"}]},{\"@type\":\"WebSite\",\"@id\":\"https:\\\/\\\/www.versiegelung24.com\\\/tr\\\/#website\",\"url\":\"https:\\\/\\\/www.versiegelung24.com\\\/tr\\\/\",\"name\":\"versiegelung24.com\",\"description\":\"Fl\u00fcssigglas-Versiegelung - Made in Germany\",\"publisher\":{\"@id\":\"https:\\\/\\\/www.versiegelung24.com\\\/tr\\\/#organization\"},\"potentialAction\":[{\"@type\":\"SearchAction\",\"target\":{\"@type\":\"EntryPoint\",\"urlTemplate\":\"https:\\\/\\\/www.versiegelung24.com\\\/tr\\\/?s={search_term_string}\"},\"query-input\":{\"@type\":\"PropertyValueSpecification\",\"valueRequired\":true,\"valueName\":\"search_term_string\"}}],\"inLanguage\":\"tr\"},{\"@type\":\"Organization\",\"@id\":\"https:\\\/\\\/www.versiegelung24.com\\\/tr\\\/#organization\",\"name\":\"versiegelung24\",\"url\":\"https:\\\/\\\/www.versiegelung24.com\\\/tr\\\/\",\"logo\":{\"@type\":\"ImageObject\",\"inLanguage\":\"tr\",\"@id\":\"https:\\\/\\\/www.versiegelung24.com\\\/tr\\\/#\\\/schema\\\/logo\\\/image\\\/\",\"url\":\"https:\\\/\\\/www.versiegelung24.com\\\/wp-content\\\/uploads\\\/2020\\\/04\\\/versiegelung24.png\",\"contentUrl\":\"https:\\\/\\\/www.versiegelung24.com\\\/wp-content\\\/uploads\\\/2020\\\/04\\\/versiegelung24.png\",\"width\":470,\"height\":102,\"caption\":\"versiegelung24\"},\"image\":{\"@id\":\"https:\\\/\\\/www.versiegelung24.com\\\/tr\\\/#\\\/schema\\\/logo\\\/image\\\/\"}}]}<\/script>\n<meta property=\"product:price:amount\" content=\"74.99\" \/>\n<meta property=\"product:price:currency\" content=\"EUR\" \/>\n<meta property=\"og:availability\" content=\"instock\" \/>\n<meta property=\"product:availability\" content=\"instock\" \/>\n<meta property=\"product:retailer_item_id\" content=\"4006-691-1000\" \/>\n<meta property=\"product:condition\" content=\"new\" \/>\n<!-- \/ Yoast SEO Premium plugin. -->","yoast_head_json":{"title":"\"Yumu\u015fak\" \/ emici y\u00fczeyler i\u00e7in evrensel s\u0131zd\u0131rmazl\u0131k 691 (tekstil +++, ah\u015fap ++, ta\u015f ++) - versiegelung24.com","robots":{"index":"index","follow":"follow","max-snippet":"max-snippet:-1","max-image-preview":"max-image-preview:large","max-video-preview":"max-video-preview:-1"},"canonical":"https:\/\/www.versiegelung24.com\/tr\/evrensel-sizdirmazlik-691-icin-yumusak-emici-yuezeyler-tekstil-ahsap-tas.html","og_locale":"tr_TR","og_type":"article","og_title":"\"Yumu\u015fak\" \/ emici y\u00fczeyler i\u00e7in evrensel s\u0131zd\u0131rmazl\u0131k 691 (tekstil +++, ah\u015fap ++, ta\u015f ++)","og_description":"Emici \/ \"yumu\u015fak\" y\u00fczeyler i\u00e7in son derece etkili profesyonel evrensel conta: \u2713 Tekstil \u2713 Ta\u015f \u2713 ah\u015fap \u2713 Kolay temizlenebilir etki ile","og_url":"https:\/\/www.versiegelung24.com\/tr\/evrensel-sizdirmazlik-691-icin-yumusak-emici-yuezeyler-tekstil-ahsap-tas.html","og_site_name":"versiegelung24.com","article_modified_time":"2025-01-03T22:54:40+00:00","og_image":[{"width":2560,"height":2560,"url":"https:\/\/www.versiegelung24.com\/wp-content\/uploads\/2020\/06\/produkt-4006-691-1000-Universalversiegelung-691-scaled.jpg","type":"image\/jpeg"}],"twitter_card":"summary_large_image","twitter_misc":{"Fiyat":"74,99&euro;","Durumu":"Stokta var"},"schema":{"@context":"https:\/\/schema.org","@graph":[{"@type":"WebPage","@id":"https:\/\/www.versiegelung24.com\/tr\/evrensel-sizdirmazlik-691-icin-yumusak-emici-yuezeyler-tekstil-ahsap-tas.html","url":"https:\/\/www.versiegelung24.com\/tr\/evrensel-sizdirmazlik-691-icin-yumusak-emici-yuezeyler-tekstil-ahsap-tas.html","name":"\"Yumu\u015fak\" \/ emici y\u00fczeyler i\u00e7in evrensel s\u0131zd\u0131rmazl\u0131k 691 (tekstil +++, ah\u015fap ++, ta\u015f ++) - versiegelung24.com","isPartOf":{"@id":"https:\/\/www.versiegelung24.com\/tr\/#website"},"primaryImageOfPage":{"@id":"https:\/\/www.versiegelung24.com\/tr\/evrensel-sizdirmazlik-691-icin-yumusak-emici-yuezeyler-tekstil-ahsap-tas.html#primaryimage"},"image":{"@id":"https:\/\/www.versiegelung24.com\/tr\/evrensel-sizdirmazlik-691-icin-yumusak-emici-yuezeyler-tekstil-ahsap-tas.html#primaryimage"},"thumbnailUrl":"https:\/\/www.versiegelung24.com\/wp-content\/uploads\/2020\/06\/produkt-4006-691-1000-Universalversiegelung-691-scaled.jpg","datePublished":"2021-08-02T19:55:08+00:00","dateModified":"2025-01-03T22:54:40+00:00","breadcrumb":{"@id":"https:\/\/www.versiegelung24.com\/tr\/evrensel-sizdirmazlik-691-icin-yumusak-emici-yuezeyler-tekstil-ahsap-tas.html#breadcrumb"},"inLanguage":"tr","potentialAction":[{"@type":"ReadAction","target":["https:\/\/www.versiegelung24.com\/tr\/evrensel-sizdirmazlik-691-icin-yumusak-emici-yuezeyler-tekstil-ahsap-tas.html"]}]},{"@type":"ImageObject","inLanguage":"tr","@id":"https:\/\/www.versiegelung24.com\/tr\/evrensel-sizdirmazlik-691-icin-yumusak-emici-yuezeyler-tekstil-ahsap-tas.html#primaryimage","url":"https:\/\/www.versiegelung24.com\/wp-content\/uploads\/2020\/06\/produkt-4006-691-1000-Universalversiegelung-691-scaled.jpg","contentUrl":"https:\/\/www.versiegelung24.com\/wp-content\/uploads\/2020\/06\/produkt-4006-691-1000-Universalversiegelung-691-scaled.jpg","width":2560,"height":2560},{"@type":"BreadcrumbList","@id":"https:\/\/www.versiegelung24.com\/tr\/evrensel-sizdirmazlik-691-icin-yumusak-emici-yuezeyler-tekstil-ahsap-tas.html#breadcrumb","itemListElement":[{"@type":"ListItem","position":1,"name":"Anasayfa","item":"https:\/\/www.versiegelung24.com\/tr\/on\/"},{"@type":"ListItem","position":2,"name":"Ma\u011faza","item":"https:\/\/www.versiegelung24.com\/tr\/magaza\/"},{"@type":"ListItem","position":3,"name":"&#8220;Yumu\u015fak&#8221; \/ emici y\u00fczeyler i\u00e7in evrensel s\u0131zd\u0131rmazl\u0131k 691 (tekstil +++, ah\u015fap ++, ta\u015f ++)"}]},{"@type":"WebSite","@id":"https:\/\/www.versiegelung24.com\/tr\/#website","url":"https:\/\/www.versiegelung24.com\/tr\/","name":"versiegelung24.com","description":"Fl\u00fcssigglas-Versiegelung - Made in Germany","publisher":{"@id":"https:\/\/www.versiegelung24.com\/tr\/#organization"},"potentialAction":[{"@type":"SearchAction","target":{"@type":"EntryPoint","urlTemplate":"https:\/\/www.versiegelung24.com\/tr\/?s={search_term_string}"},"query-input":{"@type":"PropertyValueSpecification","valueRequired":true,"valueName":"search_term_string"}}],"inLanguage":"tr"},{"@type":"Organization","@id":"https:\/\/www.versiegelung24.com\/tr\/#organization","name":"versiegelung24","url":"https:\/\/www.versiegelung24.com\/tr\/","logo":{"@type":"ImageObject","inLanguage":"tr","@id":"https:\/\/www.versiegelung24.com\/tr\/#\/schema\/logo\/image\/","url":"https:\/\/www.versiegelung24.com\/wp-content\/uploads\/2020\/04\/versiegelung24.png","contentUrl":"https:\/\/www.versiegelung24.com\/wp-content\/uploads\/2020\/04\/versiegelung24.png","width":470,"height":102,"caption":"versiegelung24"},"image":{"@id":"https:\/\/www.versiegelung24.com\/tr\/#\/schema\/logo\/image\/"}}]},"product_price_amount":"74.99","product_price_currency":"EUR","og_availability":"instock","product_availability":"instock","product_retailer_item_id":"4006-691-1000","product_condition":"new"},"_links":{"self":[{"href":"https:\/\/www.versiegelung24.com\/tr\/wp-json\/wp\/v2\/product\/23685","targetHints":{"allow":["GET"]}}],"collection":[{"href":"https:\/\/www.versiegelung24.com\/tr\/wp-json\/wp\/v2\/product"}],"about":[{"href":"https:\/\/www.versiegelung24.com\/tr\/wp-json\/wp\/v2\/types\/product"}],"version-history":[{"count":16,"href":"https:\/\/www.versiegelung24.com\/tr\/wp-json\/wp\/v2\/product\/23685\/revisions"}],"predecessor-version":[{"id":177710,"href":"https:\/\/www.versiegelung24.com\/tr\/wp-json\/wp\/v2\/product\/23685\/revisions\/177710"}],"wp:featuredmedia":[{"embeddable":true,"href":"https:\/\/www.versiegelung24.com\/tr\/wp-json\/wp\/v2\/media\/18300"}],"wp:attachment":[{"href":"https:\/\/www.versiegelung24.com\/tr\/wp-json\/wp\/v2\/media?parent=23685"}],"wp:term":[{"taxonomy":"product_brand","embeddable":true,"href":"https:\/\/www.versiegelung24.com\/tr\/wp-json\/wp\/v2\/product_brand?post=23685"},{"taxonomy":"product_cat","embeddable":true,"href":"https:\/\/www.versiegelung24.com\/tr\/wp-json\/wp\/v2\/product_cat?post=23685"},{"taxonomy":"product_tag","embeddable":true,"href":"https:\/\/www.versiegelung24.com\/tr\/wp-json\/wp\/v2\/product_tag?post=23685"}],"curies":[{"name":"wp","href":"https:\/\/api.w.org\/{rel}","templated":true}]}}