{"id":23855,"date":"2020-04-04T18:53:45","date_gmt":"2021-08-02T20:07:29","guid":{"rendered":"https:\/\/www.versiegelung24.com\/produkt\/paslanmaz-celik-temizleyici-blu1000-paslanmaz-celik-yuzeylerin-profesyonel-temizligi-ve-hazirlanmasi-icin"},"modified":"2025-03-20T10:01:29","modified_gmt":"2025-03-20T09:01:29","slug":"paslanmaz-celik-temizleyici-blu1000-profesyonel-paslanmaz-celik-yuzeylerin-temizligi-ve-kondisyonlanmasi","status":"publish","type":"product","link":"https:\/\/www.versiegelung24.com\/tr\/paslanmaz-celik-temizleyici-blu1000-profesyonel-paslanmaz-celik-yuezeylerin-temizligi-ve-kondisyonlanmasi.html","title":{"rendered":"Paslanmaz \u00e7elik temizleyici BLU1000 &#8211; paslanmaz \u00e7elik y\u00fczeylerin profesyonel temizli\u011fi ve haz\u0131rlanmas\u0131 i\u00e7in"},"content":{"rendered":"\n<p><strong>Paslanmaz \u00e7elik \u00f6zel temizleyici BLU1000<\/strong><\/p>\n\n<hr \/>\n\n<h4 class=\"wp-block-heading\" id=\"properties\">\u00dcr\u00fcn \u00f6zellikleri<\/h4>\n\n<p>\u00dcr\u00fcn, en a\u011f\u0131r kirlenmi\u015f, hasarl\u0131, a\u015f\u0131nm\u0131\u015f ve g\u00f6ze ho\u015f gelmeyen paslanmaz \u00e7elik y\u00fczeyleri yenilemek i\u00e7in olduk\u00e7a aktif temizlik katk\u0131 maddeleri ve katk\u0131 maddeleri i\u00e7erir. Sonu\u00e7, iyi bir optik ila \u00e7ok parlak y\u00fczeydir.<\/p>\n\n<p><br \/><br \/>Teslimat kapsam\u0131: 1 x litrelik \u015fi\u015fe 1 x \u00fcr\u00fcn a\u00e7\u0131klamas\u0131<\/p>\n\n<hr \/>\n\n<h4 class=\"wp-block-heading\" id=\"application\">Uygulama<\/h4>\n\n<p>Paslanmaz \u00e7elikten yap\u0131lm\u0131\u015f i\u00e7 ve d\u0131\u015f y\u00fczeyler, end\u00fcstride, ticarette, l\u00fcks ve g\u0131da end\u00fcstrisinde, belediye alanlar\u0131nda (\u00f6rne\u011fin y\u00fczme havuzlar\u0131, klinikler) ve evde kaplamalar (metalik, organik, inorganik).<\/p>\n\n<p>Paslanmaz \u00e7elik \u00f6zel temizleyici BLU1000, konteynerler, bira \u00fcretim sistemleri, merdivenler, t\u0131rabzanlar, korkuluklar, y\u00fczme havuzlar\u0131, \u00e7elik cepheler, mobilyalar ve \u00e7ok daha fazlas\u0131 \u00fczerindeki yo\u011fun kirlenme, tortu ve korozyon i\u00e7in \u00f6zel bir temizleyici olarak kullan\u0131l\u0131r. konu\u015fland\u0131r\u0131ld\u0131.<\/p>\n\n<p>BLU1000 paslanmaz \u00e7elik i\u00e7in \u00f6zel bir temizleyicidir ancak di\u011fer y\u00fczeylerde de kullan\u0131labilir. Ama l\u00fctfen \u00f6nce g\u00f6ze \u00e7arpmayan bir alanda test edin.<\/p>\n\n<p><br \/>T<strong>\u00fcketim<\/strong>: 10 m\u00b2 i\u00e7in 0,5 &#8211; 1 kg.<\/p>\n\n<p>T\u00fcm bilgiler ba\u011flay\u0131c\u0131 de\u011fildir. <br \/>\u00dcr\u00fcn kullan\u0131lmadan \u00f6nce uygunlu\u011fu kontrol edilmelidir. Teknik de\u011fi\u015fikliklere tabidir.<\/p>\n","protected":false},"excerpt":{"rendered":"<p><strong>\u00dcr\u00fcn \u015funlar\u0131 i\u00e7erir:<\/strong><\/p>\n<p>\u2713 En a\u011f\u0131r kirleri, hasarl\u0131, a\u015f\u0131nm\u0131\u015f ve g\u00f6ze ho\u015f gelmeyen paslanmaz \u00e7elik y\u00fczeyleri temizlemek i\u00e7in son derece aktif temizlik maddeleri ve katk\u0131 maddeleri.<\/p>\n<p>\u2713 Optikten \u00e7ok parlaka iyi bir y\u00fczey olu\u015fturulur.<\/p>\n","protected":false},"featured_media":13223,"template":"","meta":{"_acf_changed":false,"neve_meta_sidebar":"","neve_meta_container":"","neve_meta_enable_content_width":"","neve_meta_content_width":0,"neve_meta_title_alignment":"","neve_meta_author_avatar":"","neve_post_elements_order":"","neve_meta_disable_header":"","neve_meta_disable_footer":"","neve_meta_disable_title":"","neve_meta_reading_time":"","_surfaces":[],"_ver_product_tabs":[],"footnotes":""},"product_brand":[],"product_cat":[2228,2435,2438,2768],"product_tag":[],"class_list":{"0":"post-23855","1":"product","2":"type-product","3":"status-publish","4":"has-post-thumbnail","6":"product_cat-araba-sizdirmazlik","7":"product_cat-metal-ve-plastik-sizdirmazlik","8":"product_cat-temizlik-malzemeleri","9":"product_cat-paslanmaz-celik-temizleyici","11":"first","12":"instock","13":"taxable","14":"shipping-taxable","15":"purchasable","16":"product-type-simple"},"acf":[],"yoast_head":"<!-- This site is optimized with the Yoast SEO Premium plugin v22.8 (Yoast SEO v27.5) - https:\/\/yoast.com\/product\/yoast-seo-premium-wordpress\/ -->\n<title>Paslanmaz \u00e7elik temizleyici BLU1000 - paslanmaz \u00e7elik y\u00fczeylerin profesyonel temizli\u011fi ve haz\u0131rlanmas\u0131 i\u00e7in - versiegelung24.com<\/title>\n<meta name=\"robots\" content=\"index, follow, max-snippet:-1, max-image-preview:large, max-video-preview:-1\" \/>\n<link rel=\"canonical\" href=\"https:\/\/www.versiegelung24.com\/tr\/paslanmaz-celik-temizleyici-blu1000-profesyonel-paslanmaz-celik-yuezeylerin-temizligi-ve-kondisyonlanmasi.html\" \/>\n<meta property=\"og:locale\" content=\"tr_TR\" \/>\n<meta property=\"og:type\" content=\"article\" \/>\n<meta property=\"og:title\" content=\"Paslanmaz \u00e7elik temizleyici BLU1000 - paslanmaz \u00e7elik y\u00fczeylerin profesyonel temizli\u011fi ve haz\u0131rlanmas\u0131 i\u00e7in\" \/>\n<meta property=\"og:description\" content=\"\u00dcr\u00fcn \u015funlar\u0131 i\u00e7erir: \u2713 En a\u011f\u0131r kirleri, hasarl\u0131, a\u015f\u0131nm\u0131\u015f ve g\u00f6ze ho\u015f gelmeyen paslanmaz \u00e7elik y\u00fczeyleri temizlemek i\u00e7in son derece aktif temizlik maddeleri ve katk\u0131 maddeleri. \u2713 Optikten \u00e7ok parlaka iyi bir y\u00fczey olu\u015fturulur.\" \/>\n<meta property=\"og:url\" content=\"https:\/\/www.versiegelung24.com\/tr\/paslanmaz-celik-temizleyici-blu1000-profesyonel-paslanmaz-celik-yuezeylerin-temizligi-ve-kondisyonlanmasi.html\" \/>\n<meta property=\"og:site_name\" content=\"versiegelung24.com\" \/>\n<meta property=\"article:modified_time\" content=\"2025-03-20T09:01:29+00:00\" \/>\n<meta property=\"og:image\" content=\"https:\/\/www.versiegelung24.com\/wp-content\/uploads\/2020\/04\/produktfoto_edelstahlreiniger.jpg\" \/>\n\t<meta property=\"og:image:width\" content=\"1000\" \/>\n\t<meta property=\"og:image:height\" content=\"1000\" \/>\n\t<meta property=\"og:image:type\" content=\"image\/jpeg\" \/>\n<meta name=\"twitter:card\" content=\"summary_large_image\" \/>\n<meta name=\"twitter:label1\" content=\"Fiyat\" \/>\n\t<meta name=\"twitter:data1\" content=\"49,99&euro;\" \/>\n\t<meta name=\"twitter:label2\" content=\"Durumu\" \/>\n\t<meta name=\"twitter:data2\" content=\"Stokta var\" \/>\n<script type=\"application\/ld+json\" class=\"yoast-schema-graph\">{\"@context\":\"https:\\\/\\\/schema.org\",\"@graph\":[{\"@type\":\"WebPage\",\"@id\":\"https:\\\/\\\/www.versiegelung24.com\\\/tr\\\/paslanmaz-celik-temizleyici-blu1000-profesyonel-paslanmaz-celik-yuezeylerin-temizligi-ve-kondisyonlanmasi.html\",\"url\":\"https:\\\/\\\/www.versiegelung24.com\\\/tr\\\/paslanmaz-celik-temizleyici-blu1000-profesyonel-paslanmaz-celik-yuezeylerin-temizligi-ve-kondisyonlanmasi.html\",\"name\":\"Paslanmaz \u00e7elik temizleyici BLU1000 - paslanmaz \u00e7elik y\u00fczeylerin profesyonel temizli\u011fi ve haz\u0131rlanmas\u0131 i\u00e7in - versiegelung24.com\",\"isPartOf\":{\"@id\":\"https:\\\/\\\/www.versiegelung24.com\\\/tr\\\/#website\"},\"primaryImageOfPage\":{\"@id\":\"https:\\\/\\\/www.versiegelung24.com\\\/tr\\\/paslanmaz-celik-temizleyici-blu1000-profesyonel-paslanmaz-celik-yuezeylerin-temizligi-ve-kondisyonlanmasi.html#primaryimage\"},\"image\":{\"@id\":\"https:\\\/\\\/www.versiegelung24.com\\\/tr\\\/paslanmaz-celik-temizleyici-blu1000-profesyonel-paslanmaz-celik-yuezeylerin-temizligi-ve-kondisyonlanmasi.html#primaryimage\"},\"thumbnailUrl\":\"https:\\\/\\\/www.versiegelung24.com\\\/wp-content\\\/uploads\\\/2020\\\/04\\\/produktfoto_edelstahlreiniger.jpg\",\"datePublished\":\"2021-08-02T20:07:29+00:00\",\"dateModified\":\"2025-03-20T09:01:29+00:00\",\"breadcrumb\":{\"@id\":\"https:\\\/\\\/www.versiegelung24.com\\\/tr\\\/paslanmaz-celik-temizleyici-blu1000-profesyonel-paslanmaz-celik-yuezeylerin-temizligi-ve-kondisyonlanmasi.html#breadcrumb\"},\"inLanguage\":\"tr\",\"potentialAction\":[{\"@type\":\"ReadAction\",\"target\":[\"https:\\\/\\\/www.versiegelung24.com\\\/tr\\\/paslanmaz-celik-temizleyici-blu1000-profesyonel-paslanmaz-celik-yuezeylerin-temizligi-ve-kondisyonlanmasi.html\"]}]},{\"@type\":\"ImageObject\",\"inLanguage\":\"tr\",\"@id\":\"https:\\\/\\\/www.versiegelung24.com\\\/tr\\\/paslanmaz-celik-temizleyici-blu1000-profesyonel-paslanmaz-celik-yuezeylerin-temizligi-ve-kondisyonlanmasi.html#primaryimage\",\"url\":\"https:\\\/\\\/www.versiegelung24.com\\\/wp-content\\\/uploads\\\/2020\\\/04\\\/produktfoto_edelstahlreiniger.jpg\",\"contentUrl\":\"https:\\\/\\\/www.versiegelung24.com\\\/wp-content\\\/uploads\\\/2020\\\/04\\\/produktfoto_edelstahlreiniger.jpg\",\"width\":1000,\"height\":1000},{\"@type\":\"BreadcrumbList\",\"@id\":\"https:\\\/\\\/www.versiegelung24.com\\\/tr\\\/paslanmaz-celik-temizleyici-blu1000-profesyonel-paslanmaz-celik-yuezeylerin-temizligi-ve-kondisyonlanmasi.html#breadcrumb\",\"itemListElement\":[{\"@type\":\"ListItem\",\"position\":1,\"name\":\"Anasayfa\",\"item\":\"https:\\\/\\\/www.versiegelung24.com\\\/tr\\\/on\\\/\"},{\"@type\":\"ListItem\",\"position\":2,\"name\":\"Ma\u011faza\",\"item\":\"https:\\\/\\\/www.versiegelung24.com\\\/tr\\\/magaza\\\/\"},{\"@type\":\"ListItem\",\"position\":3,\"name\":\"Paslanmaz \u00e7elik temizleyici BLU1000 &#8211; paslanmaz \u00e7elik y\u00fczeylerin profesyonel temizli\u011fi ve haz\u0131rlanmas\u0131 i\u00e7in\"}]},{\"@type\":\"WebSite\",\"@id\":\"https:\\\/\\\/www.versiegelung24.com\\\/tr\\\/#website\",\"url\":\"https:\\\/\\\/www.versiegelung24.com\\\/tr\\\/\",\"name\":\"versiegelung24.com\",\"description\":\"Fl\u00fcssigglas-Versiegelung - Made in Germany\",\"publisher\":{\"@id\":\"https:\\\/\\\/www.versiegelung24.com\\\/tr\\\/#organization\"},\"potentialAction\":[{\"@type\":\"SearchAction\",\"target\":{\"@type\":\"EntryPoint\",\"urlTemplate\":\"https:\\\/\\\/www.versiegelung24.com\\\/tr\\\/?s={search_term_string}\"},\"query-input\":{\"@type\":\"PropertyValueSpecification\",\"valueRequired\":true,\"valueName\":\"search_term_string\"}}],\"inLanguage\":\"tr\"},{\"@type\":\"Organization\",\"@id\":\"https:\\\/\\\/www.versiegelung24.com\\\/tr\\\/#organization\",\"name\":\"versiegelung24\",\"url\":\"https:\\\/\\\/www.versiegelung24.com\\\/tr\\\/\",\"logo\":{\"@type\":\"ImageObject\",\"inLanguage\":\"tr\",\"@id\":\"https:\\\/\\\/www.versiegelung24.com\\\/tr\\\/#\\\/schema\\\/logo\\\/image\\\/\",\"url\":\"https:\\\/\\\/www.versiegelung24.com\\\/wp-content\\\/uploads\\\/2020\\\/04\\\/versiegelung24.png\",\"contentUrl\":\"https:\\\/\\\/www.versiegelung24.com\\\/wp-content\\\/uploads\\\/2020\\\/04\\\/versiegelung24.png\",\"width\":470,\"height\":102,\"caption\":\"versiegelung24\"},\"image\":{\"@id\":\"https:\\\/\\\/www.versiegelung24.com\\\/tr\\\/#\\\/schema\\\/logo\\\/image\\\/\"}}]}<\/script>\n<meta property=\"product:price:amount\" content=\"49.99\" \/>\n<meta property=\"product:price:currency\" content=\"EUR\" \/>\n<meta property=\"og:availability\" content=\"instock\" \/>\n<meta property=\"product:availability\" content=\"instock\" \/>\n<meta property=\"product:retailer_item_id\" content=\"9001-BLU1000\" \/>\n<meta property=\"product:condition\" content=\"new\" \/>\n<!-- \/ Yoast SEO Premium plugin. -->","yoast_head_json":{"title":"Paslanmaz \u00e7elik temizleyici BLU1000 - paslanmaz \u00e7elik y\u00fczeylerin profesyonel temizli\u011fi ve haz\u0131rlanmas\u0131 i\u00e7in - versiegelung24.com","robots":{"index":"index","follow":"follow","max-snippet":"max-snippet:-1","max-image-preview":"max-image-preview:large","max-video-preview":"max-video-preview:-1"},"canonical":"https:\/\/www.versiegelung24.com\/tr\/paslanmaz-celik-temizleyici-blu1000-profesyonel-paslanmaz-celik-yuezeylerin-temizligi-ve-kondisyonlanmasi.html","og_locale":"tr_TR","og_type":"article","og_title":"Paslanmaz \u00e7elik temizleyici BLU1000 - paslanmaz \u00e7elik y\u00fczeylerin profesyonel temizli\u011fi ve haz\u0131rlanmas\u0131 i\u00e7in","og_description":"\u00dcr\u00fcn \u015funlar\u0131 i\u00e7erir: \u2713 En a\u011f\u0131r kirleri, hasarl\u0131, a\u015f\u0131nm\u0131\u015f ve g\u00f6ze ho\u015f gelmeyen paslanmaz \u00e7elik y\u00fczeyleri temizlemek i\u00e7in son derece aktif temizlik maddeleri ve katk\u0131 maddeleri. \u2713 Optikten \u00e7ok parlaka iyi bir y\u00fczey olu\u015fturulur.","og_url":"https:\/\/www.versiegelung24.com\/tr\/paslanmaz-celik-temizleyici-blu1000-profesyonel-paslanmaz-celik-yuezeylerin-temizligi-ve-kondisyonlanmasi.html","og_site_name":"versiegelung24.com","article_modified_time":"2025-03-20T09:01:29+00:00","og_image":[{"width":1000,"height":1000,"url":"https:\/\/www.versiegelung24.com\/wp-content\/uploads\/2020\/04\/produktfoto_edelstahlreiniger.jpg","type":"image\/jpeg"}],"twitter_card":"summary_large_image","twitter_misc":{"Fiyat":"49,99&euro;","Durumu":"Stokta var"},"schema":{"@context":"https:\/\/schema.org","@graph":[{"@type":"WebPage","@id":"https:\/\/www.versiegelung24.com\/tr\/paslanmaz-celik-temizleyici-blu1000-profesyonel-paslanmaz-celik-yuezeylerin-temizligi-ve-kondisyonlanmasi.html","url":"https:\/\/www.versiegelung24.com\/tr\/paslanmaz-celik-temizleyici-blu1000-profesyonel-paslanmaz-celik-yuezeylerin-temizligi-ve-kondisyonlanmasi.html","name":"Paslanmaz \u00e7elik temizleyici BLU1000 - paslanmaz \u00e7elik y\u00fczeylerin profesyonel temizli\u011fi ve haz\u0131rlanmas\u0131 i\u00e7in - versiegelung24.com","isPartOf":{"@id":"https:\/\/www.versiegelung24.com\/tr\/#website"},"primaryImageOfPage":{"@id":"https:\/\/www.versiegelung24.com\/tr\/paslanmaz-celik-temizleyici-blu1000-profesyonel-paslanmaz-celik-yuezeylerin-temizligi-ve-kondisyonlanmasi.html#primaryimage"},"image":{"@id":"https:\/\/www.versiegelung24.com\/tr\/paslanmaz-celik-temizleyici-blu1000-profesyonel-paslanmaz-celik-yuezeylerin-temizligi-ve-kondisyonlanmasi.html#primaryimage"},"thumbnailUrl":"https:\/\/www.versiegelung24.com\/wp-content\/uploads\/2020\/04\/produktfoto_edelstahlreiniger.jpg","datePublished":"2021-08-02T20:07:29+00:00","dateModified":"2025-03-20T09:01:29+00:00","breadcrumb":{"@id":"https:\/\/www.versiegelung24.com\/tr\/paslanmaz-celik-temizleyici-blu1000-profesyonel-paslanmaz-celik-yuezeylerin-temizligi-ve-kondisyonlanmasi.html#breadcrumb"},"inLanguage":"tr","potentialAction":[{"@type":"ReadAction","target":["https:\/\/www.versiegelung24.com\/tr\/paslanmaz-celik-temizleyici-blu1000-profesyonel-paslanmaz-celik-yuezeylerin-temizligi-ve-kondisyonlanmasi.html"]}]},{"@type":"ImageObject","inLanguage":"tr","@id":"https:\/\/www.versiegelung24.com\/tr\/paslanmaz-celik-temizleyici-blu1000-profesyonel-paslanmaz-celik-yuezeylerin-temizligi-ve-kondisyonlanmasi.html#primaryimage","url":"https:\/\/www.versiegelung24.com\/wp-content\/uploads\/2020\/04\/produktfoto_edelstahlreiniger.jpg","contentUrl":"https:\/\/www.versiegelung24.com\/wp-content\/uploads\/2020\/04\/produktfoto_edelstahlreiniger.jpg","width":1000,"height":1000},{"@type":"BreadcrumbList","@id":"https:\/\/www.versiegelung24.com\/tr\/paslanmaz-celik-temizleyici-blu1000-profesyonel-paslanmaz-celik-yuezeylerin-temizligi-ve-kondisyonlanmasi.html#breadcrumb","itemListElement":[{"@type":"ListItem","position":1,"name":"Anasayfa","item":"https:\/\/www.versiegelung24.com\/tr\/on\/"},{"@type":"ListItem","position":2,"name":"Ma\u011faza","item":"https:\/\/www.versiegelung24.com\/tr\/magaza\/"},{"@type":"ListItem","position":3,"name":"Paslanmaz \u00e7elik temizleyici BLU1000 &#8211; paslanmaz \u00e7elik y\u00fczeylerin profesyonel temizli\u011fi ve haz\u0131rlanmas\u0131 i\u00e7in"}]},{"@type":"WebSite","@id":"https:\/\/www.versiegelung24.com\/tr\/#website","url":"https:\/\/www.versiegelung24.com\/tr\/","name":"versiegelung24.com","description":"Fl\u00fcssigglas-Versiegelung - Made in Germany","publisher":{"@id":"https:\/\/www.versiegelung24.com\/tr\/#organization"},"potentialAction":[{"@type":"SearchAction","target":{"@type":"EntryPoint","urlTemplate":"https:\/\/www.versiegelung24.com\/tr\/?s={search_term_string}"},"query-input":{"@type":"PropertyValueSpecification","valueRequired":true,"valueName":"search_term_string"}}],"inLanguage":"tr"},{"@type":"Organization","@id":"https:\/\/www.versiegelung24.com\/tr\/#organization","name":"versiegelung24","url":"https:\/\/www.versiegelung24.com\/tr\/","logo":{"@type":"ImageObject","inLanguage":"tr","@id":"https:\/\/www.versiegelung24.com\/tr\/#\/schema\/logo\/image\/","url":"https:\/\/www.versiegelung24.com\/wp-content\/uploads\/2020\/04\/versiegelung24.png","contentUrl":"https:\/\/www.versiegelung24.com\/wp-content\/uploads\/2020\/04\/versiegelung24.png","width":470,"height":102,"caption":"versiegelung24"},"image":{"@id":"https:\/\/www.versiegelung24.com\/tr\/#\/schema\/logo\/image\/"}}]},"product_price_amount":"49.99","product_price_currency":"EUR","og_availability":"instock","product_availability":"instock","product_retailer_item_id":"9001-BLU1000","product_condition":"new"},"_links":{"self":[{"href":"https:\/\/www.versiegelung24.com\/tr\/wp-json\/wp\/v2\/product\/23855","targetHints":{"allow":["GET"]}}],"collection":[{"href":"https:\/\/www.versiegelung24.com\/tr\/wp-json\/wp\/v2\/product"}],"about":[{"href":"https:\/\/www.versiegelung24.com\/tr\/wp-json\/wp\/v2\/types\/product"}],"version-history":[{"count":14,"href":"https:\/\/www.versiegelung24.com\/tr\/wp-json\/wp\/v2\/product\/23855\/revisions"}],"predecessor-version":[{"id":181083,"href":"https:\/\/www.versiegelung24.com\/tr\/wp-json\/wp\/v2\/product\/23855\/revisions\/181083"}],"wp:featuredmedia":[{"embeddable":true,"href":"https:\/\/www.versiegelung24.com\/tr\/wp-json\/wp\/v2\/media\/13223"}],"wp:attachment":[{"href":"https:\/\/www.versiegelung24.com\/tr\/wp-json\/wp\/v2\/media?parent=23855"}],"wp:term":[{"taxonomy":"product_brand","embeddable":true,"href":"https:\/\/www.versiegelung24.com\/tr\/wp-json\/wp\/v2\/product_brand?post=23855"},{"taxonomy":"product_cat","embeddable":true,"href":"https:\/\/www.versiegelung24.com\/tr\/wp-json\/wp\/v2\/product_cat?post=23855"},{"taxonomy":"product_tag","embeddable":true,"href":"https:\/\/www.versiegelung24.com\/tr\/wp-json\/wp\/v2\/product_tag?post=23855"}],"curies":[{"name":"wp","href":"https:\/\/api.w.org\/{rel}","templated":true}]}}