{"id":24017,"date":"2020-04-04T18:53:45","date_gmt":"2021-08-02T20:19:37","guid":{"rendered":"https:\/\/www.versiegelung24.com\/produkt\/asiri-su-iticilik-ozelligine-sahip-birinci-sinif-tekstil-ve-kagit-sizdirmazligi"},"modified":"2025-01-03T23:57:39","modified_gmt":"2025-01-03T22:57:39","slug":"asiri-su-itici-ozellikli-birinci-sinif-tekstil-ve-kagit-muhur","status":"publish","type":"product","link":"https:\/\/www.versiegelung24.com\/tr\/asiri-su-itici-oezellikli-birinci-sinif-tekstil-ve-kagit-muehuer.html","title":{"rendered":"Dura Tex &#8211; A\u015f\u0131r\u0131 su iticili\u011fe sahip birinci s\u0131n\u0131f tekstil dolgu macunu"},"content":{"rendered":"\n<p><strong>\u0130\u00e7 ve d\u0131\u015f mekanlar i\u00e7in y\u00fcksek su iticili\u011fe sahip son derece etkili birinci s\u0131n\u0131f tekstil dolgu macunu<\/strong><\/p>\n\n<p>Profesyonel kalite &#8211; Almanya&#8217;da \u00fcretilmi\u015ftir<\/p>\n\n<p>\u00dcr\u00fcn numaras\u0131: 6002-7689<\/p>\n\n<p><strong>V24 Dura Tex &#8211; Premium Textile Sealer<\/strong>, neredeyse her t\u00fcr tekstil ve ka\u011f\u0131d\u0131 su, kir ve lekelerden korur ve kendisi g\u00f6r\u00fcnmez kal\u0131r. G\u00f6r\u00fcn\u00fcmlerini, nefes alabilirliklerini, renklerini veya hislerini hi\u00e7bir \u015fekilde etkilemez ve bak\u0131m\u0131 kolayd\u0131r.<\/p>\n\n<p>Kaplama, d\u0131\u015f mekan kuma\u015flar\u0131nda son derece su iticidir; b\u00f6ylece daha uzun s\u00fcre kuru kal\u0131rlar. Tekstil \u00fcr\u00fcnlerine \u00f6nceden i\u015flem yap\u0131ld\u0131ysa, ya\u011f, kahve ve di\u011fer yayg\u0131n lekeler ge\u00e7mi\u015fte kal\u0131r.<\/p>\n\n<hr\/>\n\n<h4 class=\"wp-block-heading\" id=\"properties\">\u00dcr\u00fcn \u00f6zellikleri<\/h4>\n\n<div class=\"wp-block-columns is-layout-flex wp-container-core-columns-is-layout-9d6595d7 wp-block-columns-is-layout-flex\">\n<div class=\"wp-block-column is-layout-flow wp-block-column-is-layout-flow\">\n<ul class=\"wp-block-list\">\n<li>\u00c7ok g\u00fc\u00e7l\u00fc hidrofobik ve oleofobik etki (su ve ya\u011f iticilik)<\/li>\n\n\n\n<li>A\u015f\u0131nmaya dayan\u0131kl\u0131 kolay temizlenebilir etki: kat\u0131 bir kimyasal ba\u011f, m\u00fckemmel a\u015f\u0131nma ve \u00e7ama\u015f\u0131r makinesi direnci sa\u011flar &#8211; kaplama, d\u0131\u015f etkiler taraf\u0131ndan yok edilene kadar elyafa yap\u0131\u015f\u0131r<\/li>\n\n\n\n<li>Kirler nemli bir bezle kolayca \u00e7\u0131kar\u0131labilir<\/li>\n\n\n\n<li>nefes alabilir<\/li>\n\n\n\n<li>G\u00f6r\u00fcnmez (g\u00f6r\u00fcn\u00fcm ve histe de\u011fi\u015fiklik yok)<\/li>\n\n\n\n<li>G\u00fc\u00e7l\u00fc yap\u0131\u015fmaz \u00f6zellikler<\/li>\n\n\n\n<li>Lekelere kar\u015f\u0131 koruma<\/li>\n<\/ul>\n<\/div>\n\n\n\n<div class=\"wp-block-column is-layout-flow wp-block-column-is-layout-flow\">\n<ul class=\"wp-block-list\">\n<li>A\u015f\u0131nma ve y\u0131rt\u0131lma direncini art\u0131r\u0131r<\/li>\n\n\n\n<li>G\u00f6r\u00fcn\u00fcmde bozulma yok<\/li>\n\n\n\n<li>SiO\u00b2 nano teknolojisi<\/li>\n\n\n\n<li>Kir par\u00e7ac\u0131klar\u0131n\u0131n n\u00fcfuz etmesine kar\u015f\u0131 liflerin korunmas\u0131<\/li>\n\n\n\n<li>Basit uygulama<\/li>\n\n\n\n<li>Mekanik strese ba\u011fl\u0131 olarak uzun raf \u00f6mr\u00fc<\/li>\n<\/ul>\n\n\n\n<p><br\/><br\/>Teslimat kapsam\u0131: 1 x litrelik \u015fi\u015fe 1 x \u00fcr\u00fcn a\u00e7\u0131klamas\u0131<\/p>\n<\/div>\n<\/div>\n\n<hr\/>\n\n<h4 class=\"wp-block-heading\" id=\"application\">Uygulama<\/h4>\n\n<div class=\"wp-block-columns is-layout-flex wp-container-core-columns-is-layout-9d6595d7 wp-block-columns-is-layout-flex\">\n<div class=\"wp-block-column is-layout-flow wp-block-column-is-layout-flow\">\n<ul class=\"wp-block-list\">\n<li>Giyim<\/li>\n\n\n\n<li>d\u0131\u015f mekan kuma\u015flar\u0131<\/li>\n\n\n\n<li>Ev tekstili (d\u00f6\u015feme, mobilya, hal\u0131)<\/li>\n\n\n\n<li>S\u00fcet deri<\/li>\n\n\n\n<li>Ka\u011f\u0131t karton<\/li>\n<\/ul>\n\n\n\n<p>T\u00fcketim, kaplanacak malzemenin yap\u0131s\u0131na, emicili\u011fine ve kal\u0131nl\u0131\u011f\u0131na \u00e7ok ba\u011fl\u0131d\u0131r, yakla\u015f\u0131k 10-50 m\u00b2 \/ litre (emicili\u011fe ba\u011fl\u0131 olarak her mm kal\u0131nl\u0131k i\u00e7in yakla\u015f\u0131k 10ml \/ m\u00b2).<\/p>\n<\/div>\n\n\n\n<div class=\"wp-block-column is-layout-flow wp-block-column-is-layout-flow\">\n<p>Basit uygulama:<\/p>\n\n\n\n<p>1. Manuel: tekstili nemlendirerek uygulama (sprey veya dald\u0131rma)<\/p>\n\n\n\n<p>2. End\u00fcstriyel: Ticari olarak mevcut sistemlerle uygulama<\/p>\n\n\n\n<p><br\/>Bu SiO2 kaplama 24 saat sonra tamamen \u00e7apraz ba\u011flan\u0131r ve k\u00fcrlenir. Kolay temizlenebilirlik etkisi bu k\u00fcrlenme a\u015famas\u0131ndan sonra ilk kez test edilebilir.<\/p>\n<\/div>\n<\/div>\n","protected":false},"excerpt":{"rendered":"<p>\u2713 Nefes alabilir<\/p>\n<p>\u2713 Lekelere kar\u015f\u0131 koruma<\/p>\n<p>\u2713 A\u015f\u0131r\u0131 su iticili\u011fi ile<\/p>\n<p>\u2713 \u0130\u00e7 ve d\u0131\u015f mekan i\u00e7in<\/p>\n","protected":false},"featured_media":125337,"template":"","meta":{"_acf_changed":false,"neve_meta_sidebar":"","neve_meta_container":"","neve_meta_enable_content_width":"","neve_meta_content_width":0,"neve_meta_title_alignment":"","neve_meta_author_avatar":"","neve_post_elements_order":"","neve_meta_disable_header":"","neve_meta_disable_footer":"","neve_meta_disable_title":"","neve_meta_reading_time":"","_surfaces":[],"_ver_product_tabs":[],"footnotes":""},"product_brand":[],"product_cat":[2426],"product_tag":[],"class_list":{"0":"post-24017","1":"product","2":"type-product","3":"status-publish","4":"has-post-thumbnail","6":"product_cat-deri-ve-tekstil-sizdirmazlik","8":"first","9":"instock","10":"taxable","11":"shipping-taxable","12":"purchasable","13":"product-type-simple"},"acf":[],"yoast_head":"<!-- This site is optimized with the Yoast SEO Premium plugin v22.8 (Yoast SEO v27.5) - https:\/\/yoast.com\/product\/yoast-seo-premium-wordpress\/ -->\n<title>Dura Tex - A\u015f\u0131r\u0131 su iticili\u011fe sahip birinci s\u0131n\u0131f tekstil dolgu macunu - versiegelung24.com<\/title>\n<meta name=\"robots\" content=\"index, follow, max-snippet:-1, max-image-preview:large, max-video-preview:-1\" \/>\n<link rel=\"canonical\" href=\"https:\/\/www.versiegelung24.com\/tr\/asiri-su-itici-oezellikli-birinci-sinif-tekstil-ve-kagit-muehuer.html\" \/>\n<meta property=\"og:locale\" content=\"tr_TR\" \/>\n<meta property=\"og:type\" content=\"article\" \/>\n<meta property=\"og:title\" content=\"Dura Tex - A\u015f\u0131r\u0131 su iticili\u011fe sahip birinci s\u0131n\u0131f tekstil dolgu macunu\" \/>\n<meta property=\"og:description\" content=\"\u2713 Nefes alabilir \u2713 Lekelere kar\u015f\u0131 koruma \u2713 A\u015f\u0131r\u0131 su iticili\u011fi ile \u2713 \u0130\u00e7 ve d\u0131\u015f mekan i\u00e7in\" \/>\n<meta property=\"og:url\" content=\"https:\/\/www.versiegelung24.com\/tr\/asiri-su-itici-oezellikli-birinci-sinif-tekstil-ve-kagit-muehuer.html\" \/>\n<meta property=\"og:site_name\" content=\"versiegelung24.com\" \/>\n<meta property=\"article:modified_time\" content=\"2025-01-03T22:57:39+00:00\" \/>\n<meta property=\"og:image\" content=\"https:\/\/www.versiegelung24.com\/wp-content\/uploads\/2020\/04\/produkt-6002-7689-1000-dura-tex-Premium-Textil-Papierversiegelung-scaled.webp\" \/>\n\t<meta property=\"og:image:width\" content=\"2560\" \/>\n\t<meta property=\"og:image:height\" content=\"2560\" \/>\n\t<meta property=\"og:image:type\" content=\"image\/webp\" \/>\n<meta name=\"twitter:card\" content=\"summary_large_image\" \/>\n<meta name=\"twitter:label1\" content=\"Fiyat\" \/>\n\t<meta name=\"twitter:data1\" content=\"89,99&euro;\" \/>\n\t<meta name=\"twitter:label2\" content=\"Durumu\" \/>\n\t<meta name=\"twitter:data2\" content=\"Stokta var\" \/>\n<script type=\"application\/ld+json\" class=\"yoast-schema-graph\">{\"@context\":\"https:\\\/\\\/schema.org\",\"@graph\":[{\"@type\":\"WebPage\",\"@id\":\"https:\\\/\\\/www.versiegelung24.com\\\/tr\\\/asiri-su-itici-oezellikli-birinci-sinif-tekstil-ve-kagit-muehuer.html\",\"url\":\"https:\\\/\\\/www.versiegelung24.com\\\/tr\\\/asiri-su-itici-oezellikli-birinci-sinif-tekstil-ve-kagit-muehuer.html\",\"name\":\"Dura Tex - A\u015f\u0131r\u0131 su iticili\u011fe sahip birinci s\u0131n\u0131f tekstil dolgu macunu - versiegelung24.com\",\"isPartOf\":{\"@id\":\"https:\\\/\\\/www.versiegelung24.com\\\/tr\\\/#website\"},\"primaryImageOfPage\":{\"@id\":\"https:\\\/\\\/www.versiegelung24.com\\\/tr\\\/asiri-su-itici-oezellikli-birinci-sinif-tekstil-ve-kagit-muehuer.html#primaryimage\"},\"image\":{\"@id\":\"https:\\\/\\\/www.versiegelung24.com\\\/tr\\\/asiri-su-itici-oezellikli-birinci-sinif-tekstil-ve-kagit-muehuer.html#primaryimage\"},\"thumbnailUrl\":\"https:\\\/\\\/www.versiegelung24.com\\\/wp-content\\\/uploads\\\/2020\\\/04\\\/produkt-6002-7689-1000-dura-tex-Premium-Textil-Papierversiegelung-scaled.webp\",\"datePublished\":\"2021-08-02T20:19:37+00:00\",\"dateModified\":\"2025-01-03T22:57:39+00:00\",\"breadcrumb\":{\"@id\":\"https:\\\/\\\/www.versiegelung24.com\\\/tr\\\/asiri-su-itici-oezellikli-birinci-sinif-tekstil-ve-kagit-muehuer.html#breadcrumb\"},\"inLanguage\":\"tr\",\"potentialAction\":[{\"@type\":\"ReadAction\",\"target\":[\"https:\\\/\\\/www.versiegelung24.com\\\/tr\\\/asiri-su-itici-oezellikli-birinci-sinif-tekstil-ve-kagit-muehuer.html\"]}]},{\"@type\":\"ImageObject\",\"inLanguage\":\"tr\",\"@id\":\"https:\\\/\\\/www.versiegelung24.com\\\/tr\\\/asiri-su-itici-oezellikli-birinci-sinif-tekstil-ve-kagit-muehuer.html#primaryimage\",\"url\":\"https:\\\/\\\/www.versiegelung24.com\\\/wp-content\\\/uploads\\\/2020\\\/04\\\/produkt-6002-7689-1000-dura-tex-Premium-Textil-Papierversiegelung-scaled.webp\",\"contentUrl\":\"https:\\\/\\\/www.versiegelung24.com\\\/wp-content\\\/uploads\\\/2020\\\/04\\\/produkt-6002-7689-1000-dura-tex-Premium-Textil-Papierversiegelung-scaled.webp\",\"width\":2560,\"height\":2560},{\"@type\":\"BreadcrumbList\",\"@id\":\"https:\\\/\\\/www.versiegelung24.com\\\/tr\\\/asiri-su-itici-oezellikli-birinci-sinif-tekstil-ve-kagit-muehuer.html#breadcrumb\",\"itemListElement\":[{\"@type\":\"ListItem\",\"position\":1,\"name\":\"Anasayfa\",\"item\":\"https:\\\/\\\/www.versiegelung24.com\\\/tr\\\/on\\\/\"},{\"@type\":\"ListItem\",\"position\":2,\"name\":\"Ma\u011faza\",\"item\":\"https:\\\/\\\/www.versiegelung24.com\\\/tr\\\/magaza\\\/\"},{\"@type\":\"ListItem\",\"position\":3,\"name\":\"Dura Tex &#8211; A\u015f\u0131r\u0131 su iticili\u011fe sahip birinci s\u0131n\u0131f tekstil dolgu macunu\"}]},{\"@type\":\"WebSite\",\"@id\":\"https:\\\/\\\/www.versiegelung24.com\\\/tr\\\/#website\",\"url\":\"https:\\\/\\\/www.versiegelung24.com\\\/tr\\\/\",\"name\":\"versiegelung24.com\",\"description\":\"Fl\u00fcssigglas-Versiegelung - Made in Germany\",\"publisher\":{\"@id\":\"https:\\\/\\\/www.versiegelung24.com\\\/tr\\\/#organization\"},\"potentialAction\":[{\"@type\":\"SearchAction\",\"target\":{\"@type\":\"EntryPoint\",\"urlTemplate\":\"https:\\\/\\\/www.versiegelung24.com\\\/tr\\\/?s={search_term_string}\"},\"query-input\":{\"@type\":\"PropertyValueSpecification\",\"valueRequired\":true,\"valueName\":\"search_term_string\"}}],\"inLanguage\":\"tr\"},{\"@type\":\"Organization\",\"@id\":\"https:\\\/\\\/www.versiegelung24.com\\\/tr\\\/#organization\",\"name\":\"versiegelung24\",\"url\":\"https:\\\/\\\/www.versiegelung24.com\\\/tr\\\/\",\"logo\":{\"@type\":\"ImageObject\",\"inLanguage\":\"tr\",\"@id\":\"https:\\\/\\\/www.versiegelung24.com\\\/tr\\\/#\\\/schema\\\/logo\\\/image\\\/\",\"url\":\"https:\\\/\\\/www.versiegelung24.com\\\/wp-content\\\/uploads\\\/2020\\\/04\\\/versiegelung24.png\",\"contentUrl\":\"https:\\\/\\\/www.versiegelung24.com\\\/wp-content\\\/uploads\\\/2020\\\/04\\\/versiegelung24.png\",\"width\":470,\"height\":102,\"caption\":\"versiegelung24\"},\"image\":{\"@id\":\"https:\\\/\\\/www.versiegelung24.com\\\/tr\\\/#\\\/schema\\\/logo\\\/image\\\/\"}}]}<\/script>\n<meta property=\"product:price:amount\" content=\"89.99\" \/>\n<meta property=\"product:price:currency\" content=\"EUR\" \/>\n<meta property=\"og:availability\" content=\"instock\" \/>\n<meta property=\"product:availability\" content=\"instock\" \/>\n<meta property=\"product:retailer_item_id\" content=\"6002-7689-1000\" \/>\n<meta property=\"product:condition\" content=\"new\" \/>\n<!-- \/ Yoast SEO Premium plugin. -->","yoast_head_json":{"title":"Dura Tex - A\u015f\u0131r\u0131 su iticili\u011fe sahip birinci s\u0131n\u0131f tekstil dolgu macunu - versiegelung24.com","robots":{"index":"index","follow":"follow","max-snippet":"max-snippet:-1","max-image-preview":"max-image-preview:large","max-video-preview":"max-video-preview:-1"},"canonical":"https:\/\/www.versiegelung24.com\/tr\/asiri-su-itici-oezellikli-birinci-sinif-tekstil-ve-kagit-muehuer.html","og_locale":"tr_TR","og_type":"article","og_title":"Dura Tex - A\u015f\u0131r\u0131 su iticili\u011fe sahip birinci s\u0131n\u0131f tekstil dolgu macunu","og_description":"\u2713 Nefes alabilir \u2713 Lekelere kar\u015f\u0131 koruma \u2713 A\u015f\u0131r\u0131 su iticili\u011fi ile \u2713 \u0130\u00e7 ve d\u0131\u015f mekan i\u00e7in","og_url":"https:\/\/www.versiegelung24.com\/tr\/asiri-su-itici-oezellikli-birinci-sinif-tekstil-ve-kagit-muehuer.html","og_site_name":"versiegelung24.com","article_modified_time":"2025-01-03T22:57:39+00:00","og_image":[{"width":2560,"height":2560,"url":"https:\/\/www.versiegelung24.com\/wp-content\/uploads\/2020\/04\/produkt-6002-7689-1000-dura-tex-Premium-Textil-Papierversiegelung-scaled.webp","type":"image\/webp"}],"twitter_card":"summary_large_image","twitter_misc":{"Fiyat":"89,99&euro;","Durumu":"Stokta var"},"schema":{"@context":"https:\/\/schema.org","@graph":[{"@type":"WebPage","@id":"https:\/\/www.versiegelung24.com\/tr\/asiri-su-itici-oezellikli-birinci-sinif-tekstil-ve-kagit-muehuer.html","url":"https:\/\/www.versiegelung24.com\/tr\/asiri-su-itici-oezellikli-birinci-sinif-tekstil-ve-kagit-muehuer.html","name":"Dura Tex - A\u015f\u0131r\u0131 su iticili\u011fe sahip birinci s\u0131n\u0131f tekstil dolgu macunu - versiegelung24.com","isPartOf":{"@id":"https:\/\/www.versiegelung24.com\/tr\/#website"},"primaryImageOfPage":{"@id":"https:\/\/www.versiegelung24.com\/tr\/asiri-su-itici-oezellikli-birinci-sinif-tekstil-ve-kagit-muehuer.html#primaryimage"},"image":{"@id":"https:\/\/www.versiegelung24.com\/tr\/asiri-su-itici-oezellikli-birinci-sinif-tekstil-ve-kagit-muehuer.html#primaryimage"},"thumbnailUrl":"https:\/\/www.versiegelung24.com\/wp-content\/uploads\/2020\/04\/produkt-6002-7689-1000-dura-tex-Premium-Textil-Papierversiegelung-scaled.webp","datePublished":"2021-08-02T20:19:37+00:00","dateModified":"2025-01-03T22:57:39+00:00","breadcrumb":{"@id":"https:\/\/www.versiegelung24.com\/tr\/asiri-su-itici-oezellikli-birinci-sinif-tekstil-ve-kagit-muehuer.html#breadcrumb"},"inLanguage":"tr","potentialAction":[{"@type":"ReadAction","target":["https:\/\/www.versiegelung24.com\/tr\/asiri-su-itici-oezellikli-birinci-sinif-tekstil-ve-kagit-muehuer.html"]}]},{"@type":"ImageObject","inLanguage":"tr","@id":"https:\/\/www.versiegelung24.com\/tr\/asiri-su-itici-oezellikli-birinci-sinif-tekstil-ve-kagit-muehuer.html#primaryimage","url":"https:\/\/www.versiegelung24.com\/wp-content\/uploads\/2020\/04\/produkt-6002-7689-1000-dura-tex-Premium-Textil-Papierversiegelung-scaled.webp","contentUrl":"https:\/\/www.versiegelung24.com\/wp-content\/uploads\/2020\/04\/produkt-6002-7689-1000-dura-tex-Premium-Textil-Papierversiegelung-scaled.webp","width":2560,"height":2560},{"@type":"BreadcrumbList","@id":"https:\/\/www.versiegelung24.com\/tr\/asiri-su-itici-oezellikli-birinci-sinif-tekstil-ve-kagit-muehuer.html#breadcrumb","itemListElement":[{"@type":"ListItem","position":1,"name":"Anasayfa","item":"https:\/\/www.versiegelung24.com\/tr\/on\/"},{"@type":"ListItem","position":2,"name":"Ma\u011faza","item":"https:\/\/www.versiegelung24.com\/tr\/magaza\/"},{"@type":"ListItem","position":3,"name":"Dura Tex &#8211; A\u015f\u0131r\u0131 su iticili\u011fe sahip birinci s\u0131n\u0131f tekstil dolgu macunu"}]},{"@type":"WebSite","@id":"https:\/\/www.versiegelung24.com\/tr\/#website","url":"https:\/\/www.versiegelung24.com\/tr\/","name":"versiegelung24.com","description":"Fl\u00fcssigglas-Versiegelung - Made in Germany","publisher":{"@id":"https:\/\/www.versiegelung24.com\/tr\/#organization"},"potentialAction":[{"@type":"SearchAction","target":{"@type":"EntryPoint","urlTemplate":"https:\/\/www.versiegelung24.com\/tr\/?s={search_term_string}"},"query-input":{"@type":"PropertyValueSpecification","valueRequired":true,"valueName":"search_term_string"}}],"inLanguage":"tr"},{"@type":"Organization","@id":"https:\/\/www.versiegelung24.com\/tr\/#organization","name":"versiegelung24","url":"https:\/\/www.versiegelung24.com\/tr\/","logo":{"@type":"ImageObject","inLanguage":"tr","@id":"https:\/\/www.versiegelung24.com\/tr\/#\/schema\/logo\/image\/","url":"https:\/\/www.versiegelung24.com\/wp-content\/uploads\/2020\/04\/versiegelung24.png","contentUrl":"https:\/\/www.versiegelung24.com\/wp-content\/uploads\/2020\/04\/versiegelung24.png","width":470,"height":102,"caption":"versiegelung24"},"image":{"@id":"https:\/\/www.versiegelung24.com\/tr\/#\/schema\/logo\/image\/"}}]},"product_price_amount":"89.99","product_price_currency":"EUR","og_availability":"instock","product_availability":"instock","product_retailer_item_id":"6002-7689-1000","product_condition":"new"},"_links":{"self":[{"href":"https:\/\/www.versiegelung24.com\/tr\/wp-json\/wp\/v2\/product\/24017","targetHints":{"allow":["GET"]}}],"collection":[{"href":"https:\/\/www.versiegelung24.com\/tr\/wp-json\/wp\/v2\/product"}],"about":[{"href":"https:\/\/www.versiegelung24.com\/tr\/wp-json\/wp\/v2\/types\/product"}],"version-history":[{"count":15,"href":"https:\/\/www.versiegelung24.com\/tr\/wp-json\/wp\/v2\/product\/24017\/revisions"}],"predecessor-version":[{"id":177757,"href":"https:\/\/www.versiegelung24.com\/tr\/wp-json\/wp\/v2\/product\/24017\/revisions\/177757"}],"wp:featuredmedia":[{"embeddable":true,"href":"https:\/\/www.versiegelung24.com\/tr\/wp-json\/wp\/v2\/media\/125337"}],"wp:attachment":[{"href":"https:\/\/www.versiegelung24.com\/tr\/wp-json\/wp\/v2\/media?parent=24017"}],"wp:term":[{"taxonomy":"product_brand","embeddable":true,"href":"https:\/\/www.versiegelung24.com\/tr\/wp-json\/wp\/v2\/product_brand?post=24017"},{"taxonomy":"product_cat","embeddable":true,"href":"https:\/\/www.versiegelung24.com\/tr\/wp-json\/wp\/v2\/product_cat?post=24017"},{"taxonomy":"product_tag","embeddable":true,"href":"https:\/\/www.versiegelung24.com\/tr\/wp-json\/wp\/v2\/product_tag?post=24017"}],"curies":[{"name":"wp","href":"https:\/\/api.w.org\/{rel}","templated":true}]}}