{"id":24103,"date":"2020-04-27T21:49:59","date_gmt":"2021-08-02T20:24:46","guid":{"rendered":"https:\/\/www.versiegelung24.com\/produkt\/monument-stone-tas-ve-beton-yuksek-performansli-sizdirmazlik"},"modified":"2025-03-20T09:54:10","modified_gmt":"2025-03-20T08:54:10","slug":"anit-tas-tas-ve-beton-yuksek-performansli-sizdirmazlik","status":"publish","type":"product","link":"https:\/\/www.versiegelung24.com\/tr\/anit-tas-tas-ve-beton-yueksek-performansli-sizdirmazlik.html","title":{"rendered":"Monument Stone &#8211; Ta\u015f ve Beton S\u0131v\u0131 Cam M\u00fch\u00fcrleyen"},"content":{"rendered":"\n<p>Monument Stone y\u00fcksek performansl\u0131 contam\u0131z, y\u00fcksek kaliteli beton ta\u015f \u00fcr\u00fcnlerini su, g\u0131da ve ya\u011flardan kaynaklanan genel kontaminasyondan etkili ve kal\u0131c\u0131 olarak korur.<\/p>\n\n<hr \/>\n\n<h4 class=\"wp-block-heading\" id=\"properties\">\u00dcr\u00fcn \u00f6zellikleri<\/h4>\n\n<div class=\"wp-block-columns is-layout-flex wp-container-core-columns-is-layout-9d6595d7 wp-block-columns-is-layout-flex\">\n<div class=\"wp-block-column is-layout-flow wp-block-column-is-layout-flow\">\n<p><strong>Su, g\u0131da ve ya\u011flarla genel kirlenme e\u011filimini azaltmak i\u00e7in ta\u015f ve beton blok \u00fcr\u00fcnler i\u00e7in y\u00fcksek performansl\u0131 s\u0131zd\u0131rmazl\u0131k<\/strong><\/p>\n\n\n\n<p>\u00dcr\u00fcn numaras\u0131: 3009-8637<\/p>\n\n\n\n<p>Almanya&#8217;da yap\u0131lan y\u00fcksek kalite<\/p>\n\n\n\n<p><strong>\u00fcr\u00fcn G\u00fcvenli\u011fi<\/strong><\/p>\n\n\n\n<p>\u00dcr\u00fcn\u00fcn Tehlikeli Maddeler Y\u00f6netmeli\u011fi \u00e7er\u00e7evesinde s\u0131n\u0131fland\u0131r\u0131lmas\u0131na ili\u015fkin bilgiler, g\u00fcvenlik verileri ile toksikoloji ve depolamaya ili\u015fkin veriler g\u00fcvenlik bilgi f\u00f6y\u00fcm\u00fczde yer almaktad\u0131r.<\/p>\n\n\n\n<p><strong>depolamak<\/strong><\/p>\n\n\n\n<p>\u0130lgili g\u00fcvenlik bilgi formundaki (MSDS) bilgilere uyulmal\u0131d\u0131r.<\/p>\n\n\n\n<p>V24 Monument Stone kuru, iyi havaland\u0131r\u0131lm\u0131\u015f ve serin (20\u00b0C) bir yerde saklanmal\u0131d\u0131r. Yaln\u0131zca s\u0131k\u0131ca kapat\u0131lm\u0131\u015f orijinal kab\u0131nda saklay\u0131n\/saklay\u0131n. Direkt g\u00fcne\u015f \u0131\u015f\u0131\u011f\u0131ndan koruyun. Uygun \u015fekilde saklan\u0131rsa, minimum raf \u00f6mr\u00fc \u00fcretim tarihinden itibaren 12 ayd\u0131r.<\/p>\n\n\n\n<p>Daha uzun bir saklama s\u00fcresi, \u00fcr\u00fcn\u00fcn mutlaka kullan\u0131lamaz oldu\u011fu anlam\u0131na gelmez, ancak ama\u00e7lanan kullan\u0131m i\u00e7in istenen \u00f6zellikler kalite g\u00fcvencesi a\u00e7\u0131s\u0131ndan kontrol edilmelidir.<\/p>\n<\/div>\n\n\n\n<div class=\"wp-block-column is-layout-flow wp-block-column-is-layout-flow\">\n<p>\u2713 Su bazl\u0131 y\u00fcksek performansl\u0131 emprenye<\/p>\n\n\n\n<p>\u2713 10 y\u0131la kadar etkilidir (do\u011fru uyguland\u0131\u011f\u0131 varsay\u0131l\u0131rsa)<\/p>\n\n\n\n<p>\u2713 An\u0131tlar \u00fczerinde uzun s\u00fcreli koruma i\u00e7in \u00f6zellikle uygundur<\/p>\n\n\n\n<p>\u2713 son derece konsantre<\/p>\n\n\n\n<p>\u2713 Kimyasal substrat ba\u011flanmas\u0131 sayesinde uzun s\u00fcreli koruma<\/p>\n\n\n\n<p>\u2713 pH 10-11&#8217;e kadar alkaliye dayan\u0131kl\u0131*<\/p>\n\n\n\n<p>\u2713 Yap\u0131\u015fmaz etki<\/p>\n\n\n\n<p>\u2713 Y\u00fcksek ya\u011f, su ve kir itici<\/p>\n\n\n\n<p>\u2713 Alkaliye dayan\u0131kl\u0131<\/p>\n\n\n\n<p>\u2713 Azalt\u0131lm\u0131\u015f \u00e7i\u00e7eklenme<\/p>\n\n\n\n<p>\u2713 Kir yap\u0131\u015fmas\u0131n\u0131n en aza indirilmesi<\/p>\n\n\n\n<p>\u2713 Yosun ve yosun olu\u015fumunun azalt\u0131lmas\u0131<\/p>\n\n\n\n<p>\u2713 yeniden kirlenmeyi azalt\u0131r<\/p>\n\n\n\n<p>\u2713 Buhar dif\u00fczyonuna a\u00e7\u0131k<\/p>\n\n\n\n<p>\u2713 \u00e7abuk kurur ve yap\u0131\u015fmaz<\/p>\n\n\n\n<p>\u2713 Y\u00fcksek UV stabilitesi<\/p>\n\n\n\n<p>\u2713 Kullan\u0131ma haz\u0131r \u00e7\u00f6z\u00fcm<\/p>\n\n\n\n<p>\u2713 g\u00f6r\u00fcnmez<\/p>\n<\/div>\n<\/div>\n\n<hr \/>\n\n<h4 class=\"wp-block-heading\" id=\"application\">Uygulama<\/h4>\n\n<div class=\"wp-block-columns is-layout-flex wp-container-core-columns-is-layout-9d6595d7 wp-block-columns-is-layout-flex\">\n<div class=\"wp-block-column is-layout-flow wp-block-column-is-layout-flow\">\n<ul class=\"wp-block-list\">\n<li><strong>V24 An\u0131t Ta\u015f &#8211; s\u0131v\u0131<\/strong> cam s\u0131zd\u0131rmazl\u0131k, \u00f6nceden temizlenmi\u015f ve kurutulmu\u015f y\u00fczeye seyreltilmeden uygulan\u0131r, \u00e7\u00fcnk\u00fc s\u0131zd\u0131rmazl\u0131\u011f\u0131n derinlemesine n\u00fcfuz etmesini sa\u011flaman\u0131n tek yolu bu, optimum uzun vadeli ve derin bir etkiye neden olur.<\/li>\n<\/ul>\n\n\n\n<ul class=\"wp-block-list\">\n<li>S\u0131zd\u0131rmazl\u0131k, y\u00fczey mat nemli g\u00f6r\u00fcnene kadar alt tabakaya e\u015fit ve ince bir \u015fekilde uygulan\u0131r.<\/li>\n<\/ul>\n\n\n\n<ul class=\"wp-block-list\">\n<li>F\u0131r\u00e7a, k\u00f6p\u00fck rulo, mikrofiber bez ile veya p\u00fcsk\u00fcrt\u00fclerek uygulan\u0131r.<\/li>\n<\/ul>\n\n\n\n<ul class=\"wp-block-list\">\n<li>Su birikintisi olu\u015fumundan ka\u00e7\u0131n\u0131lmal\u0131d\u0131r. Fazla su yal\u0131t\u0131m maddesi alt tabakadan \u00e7\u0131kar\u0131lmal\u0131d\u0131r.<\/li>\n<\/ul>\n<\/div>\n\n\n\n<div class=\"wp-block-column is-layout-flow wp-block-column-is-layout-flow\">\n<ul class=\"wp-block-list\">\n<li>Uygulamadan sonra <strong>V24 An\u0131t Ta\u015f\u0131<\/strong> birka\u00e7 saniye boyunca s\u0131v\u0131 bir film olarak y\u00fczeyle temas halinde kalmal\u0131d\u0131r.<\/li>\n<\/ul>\n\n\n\n<ul class=\"wp-block-list\">\n<li>Tam i\u015flevsellik, oda s\u0131cakl\u0131\u011f\u0131nda kuruduktan 48 saat sonra ger\u00e7ekle\u015fir. Derin kuruma, alt tabakaya ba\u011fl\u0131 olarak da de\u011fi\u015febilir.<\/li>\n<\/ul>\n\n\n\n<p>Ayr\u0131nt\u0131l\u0131 bir uygulama a\u00e7\u0131klamas\u0131 veri sayfam\u0131zda bulunabilir<\/p>\n\n\n\n<p>An\u0131t &#8211; ta\u015f ve beton blok \u00fcr\u00fcnler i\u00e7in son derece etkili s\u0131v\u0131 cam s\u0131zd\u0131rmazl\u0131k.<\/p>\n\n\n\n<p>\u2713 Beton (makaleler)<\/p>\n\n\n\n<p>\u2713 Ta\u015f (Makaleler)<\/p>\n\n\n\n<p>\u2713 D\u00f6\u015feme ve parke ta\u015f\u0131 sistemleri<\/p>\n\n\n\n<p>\u2713 An\u0131t ta\u015flar\u0131<\/p>\n<\/div>\n<\/div>\n","protected":false},"excerpt":{"rendered":"<p><strong>Ta\u015f ve beton y\u00fczeyler i\u00e7in ya\u011f, su ve kir itici s\u0131v\u0131 cam mastik<\/strong><\/p>\n<p>\u2713 Kimyasal substrat ba\u011flanmas\u0131 sayesinde uzun s\u00fcreli koruma<\/p>\n<p>\u2713 Y\u00fcksek ya\u011f, su ve kir tutmaz<\/p>\n<p>\u2713 An\u0131t ta\u015f \u00fczerinde uzun s\u00fcreli koruma<\/p>\n<p>\u2713 Yosun ve yosun olu\u015fumunun azalt\u0131lmas\u0131<\/p>\n<p>\u2713 Yap\u0131\u015fmaz etki<\/p>\n","protected":false},"featured_media":18156,"template":"","meta":{"_acf_changed":false,"neve_meta_sidebar":"","neve_meta_container":"","neve_meta_enable_content_width":"","neve_meta_content_width":0,"neve_meta_title_alignment":"","neve_meta_author_avatar":"","neve_post_elements_order":"","neve_meta_disable_header":"","neve_meta_disable_footer":"","neve_meta_disable_title":"","neve_meta_reading_time":"","_surfaces":[],"_ver_product_tabs":[],"footnotes":""},"product_brand":[],"product_cat":[2437],"product_tag":[],"class_list":{"0":"post-24103","1":"product","2":"type-product","3":"status-publish","4":"has-post-thumbnail","6":"product_cat-tas-ve-beton-sizdirmazlik","8":"first","9":"onbackorder","10":"taxable","11":"shipping-taxable","12":"purchasable","13":"product-type-simple"},"acf":[],"yoast_head":"<!-- This site is optimized with the Yoast SEO Premium plugin v22.8 (Yoast SEO v27.5) - https:\/\/yoast.com\/product\/yoast-seo-premium-wordpress\/ -->\n<title>Monument Stone - Ta\u015f ve Beton S\u0131v\u0131 Cam M\u00fch\u00fcrleyen - versiegelung24.com<\/title>\n<meta name=\"robots\" content=\"index, follow, max-snippet:-1, max-image-preview:large, max-video-preview:-1\" \/>\n<link rel=\"canonical\" href=\"https:\/\/www.versiegelung24.com\/tr\/anit-tas-tas-ve-beton-yueksek-performansli-sizdirmazlik.html\" \/>\n<meta property=\"og:locale\" content=\"tr_TR\" \/>\n<meta property=\"og:type\" content=\"article\" \/>\n<meta property=\"og:title\" content=\"Monument Stone - Ta\u015f ve Beton S\u0131v\u0131 Cam M\u00fch\u00fcrleyen\" \/>\n<meta property=\"og:description\" content=\"Ta\u015f ve beton y\u00fczeyler i\u00e7in ya\u011f, su ve kir itici s\u0131v\u0131 cam mastik \u2713 Kimyasal substrat ba\u011flanmas\u0131 sayesinde uzun s\u00fcreli koruma \u2713 Y\u00fcksek ya\u011f, su ve kir tutmaz \u2713 An\u0131t ta\u015f \u00fczerinde uzun s\u00fcreli koruma \u2713 Yosun ve yosun olu\u015fumunun azalt\u0131lmas\u0131 \u2713 Yap\u0131\u015fmaz etki\" \/>\n<meta property=\"og:url\" content=\"https:\/\/www.versiegelung24.com\/tr\/anit-tas-tas-ve-beton-yueksek-performansli-sizdirmazlik.html\" \/>\n<meta property=\"og:site_name\" content=\"versiegelung24.com\" \/>\n<meta property=\"article:modified_time\" content=\"2025-03-20T08:54:10+00:00\" \/>\n<meta property=\"og:image\" content=\"https:\/\/www.versiegelung24.com\/wp-content\/uploads\/2020\/06\/produkt-3009-7637-1000-Monument-Stone-scaled.jpg\" \/>\n\t<meta property=\"og:image:width\" content=\"2560\" \/>\n\t<meta property=\"og:image:height\" content=\"2560\" \/>\n\t<meta property=\"og:image:type\" content=\"image\/jpeg\" \/>\n<meta name=\"twitter:card\" content=\"summary_large_image\" \/>\n<meta name=\"twitter:label1\" content=\"Fiyat\" \/>\n\t<meta name=\"twitter:data1\" content=\"89,99&euro;\" \/>\n\t<meta name=\"twitter:label2\" content=\"Durumu\" \/>\n\t<meta name=\"twitter:data2\" content=\"\u00d6n sipari\u015fte\" \/>\n<script type=\"application\/ld+json\" class=\"yoast-schema-graph\">{\"@context\":\"https:\\\/\\\/schema.org\",\"@graph\":[{\"@type\":\"WebPage\",\"@id\":\"https:\\\/\\\/www.versiegelung24.com\\\/tr\\\/anit-tas-tas-ve-beton-yueksek-performansli-sizdirmazlik.html\",\"url\":\"https:\\\/\\\/www.versiegelung24.com\\\/tr\\\/anit-tas-tas-ve-beton-yueksek-performansli-sizdirmazlik.html\",\"name\":\"Monument Stone - Ta\u015f ve Beton S\u0131v\u0131 Cam M\u00fch\u00fcrleyen - versiegelung24.com\",\"isPartOf\":{\"@id\":\"https:\\\/\\\/www.versiegelung24.com\\\/tr\\\/#website\"},\"primaryImageOfPage\":{\"@id\":\"https:\\\/\\\/www.versiegelung24.com\\\/tr\\\/anit-tas-tas-ve-beton-yueksek-performansli-sizdirmazlik.html#primaryimage\"},\"image\":{\"@id\":\"https:\\\/\\\/www.versiegelung24.com\\\/tr\\\/anit-tas-tas-ve-beton-yueksek-performansli-sizdirmazlik.html#primaryimage\"},\"thumbnailUrl\":\"https:\\\/\\\/www.versiegelung24.com\\\/wp-content\\\/uploads\\\/2020\\\/06\\\/produkt-3009-7637-1000-Monument-Stone-scaled.jpg\",\"datePublished\":\"2021-08-02T20:24:46+00:00\",\"dateModified\":\"2025-03-20T08:54:10+00:00\",\"breadcrumb\":{\"@id\":\"https:\\\/\\\/www.versiegelung24.com\\\/tr\\\/anit-tas-tas-ve-beton-yueksek-performansli-sizdirmazlik.html#breadcrumb\"},\"inLanguage\":\"tr\",\"potentialAction\":[{\"@type\":\"ReadAction\",\"target\":[\"https:\\\/\\\/www.versiegelung24.com\\\/tr\\\/anit-tas-tas-ve-beton-yueksek-performansli-sizdirmazlik.html\"]}]},{\"@type\":\"ImageObject\",\"inLanguage\":\"tr\",\"@id\":\"https:\\\/\\\/www.versiegelung24.com\\\/tr\\\/anit-tas-tas-ve-beton-yueksek-performansli-sizdirmazlik.html#primaryimage\",\"url\":\"https:\\\/\\\/www.versiegelung24.com\\\/wp-content\\\/uploads\\\/2020\\\/06\\\/produkt-3009-7637-1000-Monument-Stone-scaled.jpg\",\"contentUrl\":\"https:\\\/\\\/www.versiegelung24.com\\\/wp-content\\\/uploads\\\/2020\\\/06\\\/produkt-3009-7637-1000-Monument-Stone-scaled.jpg\",\"width\":2560,\"height\":2560},{\"@type\":\"BreadcrumbList\",\"@id\":\"https:\\\/\\\/www.versiegelung24.com\\\/tr\\\/anit-tas-tas-ve-beton-yueksek-performansli-sizdirmazlik.html#breadcrumb\",\"itemListElement\":[{\"@type\":\"ListItem\",\"position\":1,\"name\":\"Anasayfa\",\"item\":\"https:\\\/\\\/www.versiegelung24.com\\\/tr\\\/on\\\/\"},{\"@type\":\"ListItem\",\"position\":2,\"name\":\"Ma\u011faza\",\"item\":\"https:\\\/\\\/www.versiegelung24.com\\\/tr\\\/magaza\\\/\"},{\"@type\":\"ListItem\",\"position\":3,\"name\":\"Monument Stone &#8211; Ta\u015f ve Beton S\u0131v\u0131 Cam M\u00fch\u00fcrleyen\"}]},{\"@type\":\"WebSite\",\"@id\":\"https:\\\/\\\/www.versiegelung24.com\\\/tr\\\/#website\",\"url\":\"https:\\\/\\\/www.versiegelung24.com\\\/tr\\\/\",\"name\":\"versiegelung24.com\",\"description\":\"Fl\u00fcssigglas-Versiegelung - Made in Germany\",\"publisher\":{\"@id\":\"https:\\\/\\\/www.versiegelung24.com\\\/tr\\\/#organization\"},\"potentialAction\":[{\"@type\":\"SearchAction\",\"target\":{\"@type\":\"EntryPoint\",\"urlTemplate\":\"https:\\\/\\\/www.versiegelung24.com\\\/tr\\\/?s={search_term_string}\"},\"query-input\":{\"@type\":\"PropertyValueSpecification\",\"valueRequired\":true,\"valueName\":\"search_term_string\"}}],\"inLanguage\":\"tr\"},{\"@type\":\"Organization\",\"@id\":\"https:\\\/\\\/www.versiegelung24.com\\\/tr\\\/#organization\",\"name\":\"versiegelung24\",\"url\":\"https:\\\/\\\/www.versiegelung24.com\\\/tr\\\/\",\"logo\":{\"@type\":\"ImageObject\",\"inLanguage\":\"tr\",\"@id\":\"https:\\\/\\\/www.versiegelung24.com\\\/tr\\\/#\\\/schema\\\/logo\\\/image\\\/\",\"url\":\"https:\\\/\\\/www.versiegelung24.com\\\/wp-content\\\/uploads\\\/2020\\\/04\\\/versiegelung24.png\",\"contentUrl\":\"https:\\\/\\\/www.versiegelung24.com\\\/wp-content\\\/uploads\\\/2020\\\/04\\\/versiegelung24.png\",\"width\":470,\"height\":102,\"caption\":\"versiegelung24\"},\"image\":{\"@id\":\"https:\\\/\\\/www.versiegelung24.com\\\/tr\\\/#\\\/schema\\\/logo\\\/image\\\/\"}}]}<\/script>\n<meta property=\"product:price:amount\" content=\"89.99\" \/>\n<meta property=\"product:price:currency\" content=\"EUR\" \/>\n<meta property=\"og:availability\" content=\"backorder\" \/>\n<meta property=\"product:availability\" content=\"available for order\" \/>\n<meta property=\"product:retailer_item_id\" content=\"3009-8637-1\" \/>\n<meta property=\"product:condition\" content=\"new\" \/>\n<!-- \/ Yoast SEO Premium plugin. -->","yoast_head_json":{"title":"Monument Stone - Ta\u015f ve Beton S\u0131v\u0131 Cam M\u00fch\u00fcrleyen - versiegelung24.com","robots":{"index":"index","follow":"follow","max-snippet":"max-snippet:-1","max-image-preview":"max-image-preview:large","max-video-preview":"max-video-preview:-1"},"canonical":"https:\/\/www.versiegelung24.com\/tr\/anit-tas-tas-ve-beton-yueksek-performansli-sizdirmazlik.html","og_locale":"tr_TR","og_type":"article","og_title":"Monument Stone - Ta\u015f ve Beton S\u0131v\u0131 Cam M\u00fch\u00fcrleyen","og_description":"Ta\u015f ve beton y\u00fczeyler i\u00e7in ya\u011f, su ve kir itici s\u0131v\u0131 cam mastik \u2713 Kimyasal substrat ba\u011flanmas\u0131 sayesinde uzun s\u00fcreli koruma \u2713 Y\u00fcksek ya\u011f, su ve kir tutmaz \u2713 An\u0131t ta\u015f \u00fczerinde uzun s\u00fcreli koruma \u2713 Yosun ve yosun olu\u015fumunun azalt\u0131lmas\u0131 \u2713 Yap\u0131\u015fmaz etki","og_url":"https:\/\/www.versiegelung24.com\/tr\/anit-tas-tas-ve-beton-yueksek-performansli-sizdirmazlik.html","og_site_name":"versiegelung24.com","article_modified_time":"2025-03-20T08:54:10+00:00","og_image":[{"width":2560,"height":2560,"url":"https:\/\/www.versiegelung24.com\/wp-content\/uploads\/2020\/06\/produkt-3009-7637-1000-Monument-Stone-scaled.jpg","type":"image\/jpeg"}],"twitter_card":"summary_large_image","twitter_misc":{"Fiyat":"89,99&euro;","Durumu":"\u00d6n sipari\u015fte"},"schema":{"@context":"https:\/\/schema.org","@graph":[{"@type":"WebPage","@id":"https:\/\/www.versiegelung24.com\/tr\/anit-tas-tas-ve-beton-yueksek-performansli-sizdirmazlik.html","url":"https:\/\/www.versiegelung24.com\/tr\/anit-tas-tas-ve-beton-yueksek-performansli-sizdirmazlik.html","name":"Monument Stone - Ta\u015f ve Beton S\u0131v\u0131 Cam M\u00fch\u00fcrleyen - versiegelung24.com","isPartOf":{"@id":"https:\/\/www.versiegelung24.com\/tr\/#website"},"primaryImageOfPage":{"@id":"https:\/\/www.versiegelung24.com\/tr\/anit-tas-tas-ve-beton-yueksek-performansli-sizdirmazlik.html#primaryimage"},"image":{"@id":"https:\/\/www.versiegelung24.com\/tr\/anit-tas-tas-ve-beton-yueksek-performansli-sizdirmazlik.html#primaryimage"},"thumbnailUrl":"https:\/\/www.versiegelung24.com\/wp-content\/uploads\/2020\/06\/produkt-3009-7637-1000-Monument-Stone-scaled.jpg","datePublished":"2021-08-02T20:24:46+00:00","dateModified":"2025-03-20T08:54:10+00:00","breadcrumb":{"@id":"https:\/\/www.versiegelung24.com\/tr\/anit-tas-tas-ve-beton-yueksek-performansli-sizdirmazlik.html#breadcrumb"},"inLanguage":"tr","potentialAction":[{"@type":"ReadAction","target":["https:\/\/www.versiegelung24.com\/tr\/anit-tas-tas-ve-beton-yueksek-performansli-sizdirmazlik.html"]}]},{"@type":"ImageObject","inLanguage":"tr","@id":"https:\/\/www.versiegelung24.com\/tr\/anit-tas-tas-ve-beton-yueksek-performansli-sizdirmazlik.html#primaryimage","url":"https:\/\/www.versiegelung24.com\/wp-content\/uploads\/2020\/06\/produkt-3009-7637-1000-Monument-Stone-scaled.jpg","contentUrl":"https:\/\/www.versiegelung24.com\/wp-content\/uploads\/2020\/06\/produkt-3009-7637-1000-Monument-Stone-scaled.jpg","width":2560,"height":2560},{"@type":"BreadcrumbList","@id":"https:\/\/www.versiegelung24.com\/tr\/anit-tas-tas-ve-beton-yueksek-performansli-sizdirmazlik.html#breadcrumb","itemListElement":[{"@type":"ListItem","position":1,"name":"Anasayfa","item":"https:\/\/www.versiegelung24.com\/tr\/on\/"},{"@type":"ListItem","position":2,"name":"Ma\u011faza","item":"https:\/\/www.versiegelung24.com\/tr\/magaza\/"},{"@type":"ListItem","position":3,"name":"Monument Stone &#8211; Ta\u015f ve Beton S\u0131v\u0131 Cam M\u00fch\u00fcrleyen"}]},{"@type":"WebSite","@id":"https:\/\/www.versiegelung24.com\/tr\/#website","url":"https:\/\/www.versiegelung24.com\/tr\/","name":"versiegelung24.com","description":"Fl\u00fcssigglas-Versiegelung - Made in Germany","publisher":{"@id":"https:\/\/www.versiegelung24.com\/tr\/#organization"},"potentialAction":[{"@type":"SearchAction","target":{"@type":"EntryPoint","urlTemplate":"https:\/\/www.versiegelung24.com\/tr\/?s={search_term_string}"},"query-input":{"@type":"PropertyValueSpecification","valueRequired":true,"valueName":"search_term_string"}}],"inLanguage":"tr"},{"@type":"Organization","@id":"https:\/\/www.versiegelung24.com\/tr\/#organization","name":"versiegelung24","url":"https:\/\/www.versiegelung24.com\/tr\/","logo":{"@type":"ImageObject","inLanguage":"tr","@id":"https:\/\/www.versiegelung24.com\/tr\/#\/schema\/logo\/image\/","url":"https:\/\/www.versiegelung24.com\/wp-content\/uploads\/2020\/04\/versiegelung24.png","contentUrl":"https:\/\/www.versiegelung24.com\/wp-content\/uploads\/2020\/04\/versiegelung24.png","width":470,"height":102,"caption":"versiegelung24"},"image":{"@id":"https:\/\/www.versiegelung24.com\/tr\/#\/schema\/logo\/image\/"}}]},"product_price_amount":"89.99","product_price_currency":"EUR","og_availability":"backorder","product_availability":"available for order","product_retailer_item_id":"3009-8637-1","product_condition":"new"},"_links":{"self":[{"href":"https:\/\/www.versiegelung24.com\/tr\/wp-json\/wp\/v2\/product\/24103","targetHints":{"allow":["GET"]}}],"collection":[{"href":"https:\/\/www.versiegelung24.com\/tr\/wp-json\/wp\/v2\/product"}],"about":[{"href":"https:\/\/www.versiegelung24.com\/tr\/wp-json\/wp\/v2\/types\/product"}],"version-history":[{"count":22,"href":"https:\/\/www.versiegelung24.com\/tr\/wp-json\/wp\/v2\/product\/24103\/revisions"}],"predecessor-version":[{"id":181056,"href":"https:\/\/www.versiegelung24.com\/tr\/wp-json\/wp\/v2\/product\/24103\/revisions\/181056"}],"wp:featuredmedia":[{"embeddable":true,"href":"https:\/\/www.versiegelung24.com\/tr\/wp-json\/wp\/v2\/media\/18156"}],"wp:attachment":[{"href":"https:\/\/www.versiegelung24.com\/tr\/wp-json\/wp\/v2\/media?parent=24103"}],"wp:term":[{"taxonomy":"product_brand","embeddable":true,"href":"https:\/\/www.versiegelung24.com\/tr\/wp-json\/wp\/v2\/product_brand?post=24103"},{"taxonomy":"product_cat","embeddable":true,"href":"https:\/\/www.versiegelung24.com\/tr\/wp-json\/wp\/v2\/product_cat?post=24103"},{"taxonomy":"product_tag","embeddable":true,"href":"https:\/\/www.versiegelung24.com\/tr\/wp-json\/wp\/v2\/product_tag?post=24103"}],"curies":[{"name":"wp","href":"https:\/\/api.w.org\/{rel}","templated":true}]}}