{"id":24185,"date":"2020-04-04T18:53:46","date_gmt":"2021-08-02T20:32:05","guid":{"rendered":"https:\/\/www.versiegelung24.com\/produkt\/sivi-cam-cep-telefonu-sizdirmazligi-sivi-ekran-koruyucu"},"modified":"2025-01-06T15:09:41","modified_gmt":"2025-01-06T14:09:41","slug":"sivi-cam-cep-telefonu-sizdirmazlik-sivi-ekran-korumasi","status":"publish","type":"product","link":"https:\/\/www.versiegelung24.com\/tr\/sivi-cam-cep-telefonu-sizdirmazlik-sivi-ekran-korumasi.html","title":{"rendered":"S\u0131v\u0131 Cam Cep Telefonu S\u0131zd\u0131rmazl\u0131\u011f\u0131 &#8211; s\u0131v\u0131 ekran koruyucu"},"content":{"rendered":"\n<p><strong>Cep telefonu ekranlar\u0131 i\u00e7in son derece etkili s\u0131v\u0131 cam kaplama &#8211; \u00e7izilmelere, bakterilere, radyasyona, kire ve neme kar\u015f\u0131 nano koruma<\/strong><\/p>\n\n<p>Y\u00fcksek kalite &#8211; Almanya&#8217;da \u00fcretilmi\u015ftir<\/p>\n\n<hr\/>\n\n<h4 class=\"wp-block-heading\" id=\"properties\">\u00dcr\u00fcn \u00f6zellikleri<\/h4>\n\n<div class=\"wp-block-columns is-layout-flex wp-container-core-columns-is-layout-9d6595d7 wp-block-columns-is-layout-flex\">\n<div class=\"wp-block-column is-layout-flow wp-block-column-is-layout-flow\">\n<ul class=\"wp-block-list\"><li>Uygulamas\u0131 \u00e7ok kolay<\/li><li>T\u00fcm cep telefonu modelleri, tabletler, ak\u0131ll\u0131 telefonlar i\u00e7in uygundur. &#8220;Kenar&#8221; dahil<\/li><li>Tamamen kabarc\u0131ks\u0131z ve g\u00f6r\u00fcnmez<\/li><li>Mikro \u00e7iziklere kar\u015f\u0131 \u00e7izilmeye kar\u015f\u0131 koruma<\/li><li>Tamamen kabarc\u0131ks\u0131z ve g\u00f6r\u00fcnmez<\/li><li>Bakteri \u00fcremesini engeller<\/li><\/ul>\n<\/div>\n\n\n\n<div class=\"wp-block-column is-layout-flow wp-block-column-is-layout-flow\">\n<ul class=\"wp-block-list\" id=\"block-f0da57e8-d3f5-402c-8f3a-1888e700b7ff\"><li>Parmak izlerini azalt\u0131r<\/li><li>Gama radyasyonunu azalt\u0131r<\/li><li>Y\u00fczeyin temizlenmesi \u00e7ok kolay hale gelir<\/li><li>Dokunma ve D\u00fc\u011fme i\u015flevlerinde bozulma olmaz, kayd\u0131rma daha keyifli hale gelir<\/li><li>Aylarca saklanabilir<\/li><\/ul>\n<\/div>\n<\/div>\n\n<p>Teslimat kapsam\u0131:<\/p>\n\n<p>Dokunmatik ekranlar i\u00e7in 2 alkoll\u00fc \u00f6n temizleme bezi ve 2 s\u0131v\u0131 cam s\u0131zd\u0131rmazl\u0131k bezi (cam ve plastik, her biri yakla\u015f\u0131k 0,5m\u00b2) 1 mikrofiber bez, 2 koruyucu eldiven<\/p>\n","protected":false},"excerpt":{"rendered":"<p><strong>2 cihaz i\u00e7in yeterli:<\/strong><\/p>\n<p>\u2713 S\u0131v\u0131 Cam Cep Telefonu S\u0131zd\u0131rmazl\u0131k Ekran Koruyucu<\/p>\n<p>\u2713 Nano kaplama<\/p>\n<p>\u2713 %100 kabarc\u0131ks\u0131z.<\/p>\n","protected":false},"featured_media":13248,"template":"","meta":{"_acf_changed":false,"neve_meta_sidebar":"","neve_meta_container":"","neve_meta_enable_content_width":"","neve_meta_content_width":0,"neve_meta_title_alignment":"","neve_meta_author_avatar":"","neve_post_elements_order":"","neve_meta_disable_header":"","neve_meta_disable_footer":"","neve_meta_disable_title":"","neve_meta_reading_time":"","_surfaces":[],"_ver_product_tabs":[],"footnotes":""},"product_brand":[],"product_cat":[2156,2435],"product_tag":[],"class_list":{"0":"post-24185","1":"product","2":"type-product","3":"status-publish","4":"has-post-thumbnail","6":"product_cat-cam-ve-seramik-icin-sizdirmazlik","7":"product_cat-metal-ve-plastik-sizdirmazlik","9":"first","10":"instock","11":"taxable","12":"shipping-taxable","13":"purchasable","14":"product-type-simple"},"acf":[],"yoast_head":"<!-- This site is optimized with the Yoast SEO Premium plugin v22.8 (Yoast SEO v27.5) - https:\/\/yoast.com\/product\/yoast-seo-premium-wordpress\/ -->\n<title>S\u0131v\u0131 Cam Cep Telefonu S\u0131zd\u0131rmazl\u0131\u011f\u0131 - s\u0131v\u0131 ekran koruyucu - versiegelung24.com<\/title>\n<meta name=\"robots\" content=\"index, follow, max-snippet:-1, max-image-preview:large, max-video-preview:-1\" \/>\n<link rel=\"canonical\" href=\"https:\/\/www.versiegelung24.com\/tr\/sivi-cam-cep-telefonu-sizdirmazlik-sivi-ekran-korumasi.html\" \/>\n<meta property=\"og:locale\" content=\"tr_TR\" \/>\n<meta property=\"og:type\" content=\"article\" \/>\n<meta property=\"og:title\" content=\"S\u0131v\u0131 Cam Cep Telefonu S\u0131zd\u0131rmazl\u0131\u011f\u0131 - s\u0131v\u0131 ekran koruyucu\" \/>\n<meta property=\"og:description\" content=\"2 cihaz i\u00e7in yeterli: \u2713 S\u0131v\u0131 Cam Cep Telefonu S\u0131zd\u0131rmazl\u0131k Ekran Koruyucu \u2713 Nano kaplama \u2713 %100 kabarc\u0131ks\u0131z.\" \/>\n<meta property=\"og:url\" content=\"https:\/\/www.versiegelung24.com\/tr\/sivi-cam-cep-telefonu-sizdirmazlik-sivi-ekran-korumasi.html\" \/>\n<meta property=\"og:site_name\" content=\"versiegelung24.com\" \/>\n<meta property=\"article:modified_time\" content=\"2025-01-06T14:09:41+00:00\" \/>\n<meta property=\"og:image\" content=\"https:\/\/www.versiegelung24.com\/wp-content\/uploads\/2020\/04\/handy-versiegelung-web.jpg\" \/>\n\t<meta property=\"og:image:width\" content=\"1500\" \/>\n\t<meta property=\"og:image:height\" content=\"1500\" \/>\n\t<meta property=\"og:image:type\" content=\"image\/jpeg\" \/>\n<meta name=\"twitter:card\" content=\"summary_large_image\" \/>\n<meta name=\"twitter:label1\" content=\"Fiyat\" \/>\n\t<meta name=\"twitter:data1\" content=\"9,99&euro;\" \/>\n\t<meta name=\"twitter:label2\" content=\"Durumu\" \/>\n\t<meta name=\"twitter:data2\" content=\"Stokta var\" \/>\n<script type=\"application\/ld+json\" class=\"yoast-schema-graph\">{\"@context\":\"https:\\\/\\\/schema.org\",\"@graph\":[{\"@type\":\"WebPage\",\"@id\":\"https:\\\/\\\/www.versiegelung24.com\\\/tr\\\/sivi-cam-cep-telefonu-sizdirmazlik-sivi-ekran-korumasi.html\",\"url\":\"https:\\\/\\\/www.versiegelung24.com\\\/tr\\\/sivi-cam-cep-telefonu-sizdirmazlik-sivi-ekran-korumasi.html\",\"name\":\"S\u0131v\u0131 Cam Cep Telefonu S\u0131zd\u0131rmazl\u0131\u011f\u0131 - s\u0131v\u0131 ekran koruyucu - versiegelung24.com\",\"isPartOf\":{\"@id\":\"https:\\\/\\\/www.versiegelung24.com\\\/tr\\\/#website\"},\"primaryImageOfPage\":{\"@id\":\"https:\\\/\\\/www.versiegelung24.com\\\/tr\\\/sivi-cam-cep-telefonu-sizdirmazlik-sivi-ekran-korumasi.html#primaryimage\"},\"image\":{\"@id\":\"https:\\\/\\\/www.versiegelung24.com\\\/tr\\\/sivi-cam-cep-telefonu-sizdirmazlik-sivi-ekran-korumasi.html#primaryimage\"},\"thumbnailUrl\":\"https:\\\/\\\/www.versiegelung24.com\\\/wp-content\\\/uploads\\\/2020\\\/04\\\/handy-versiegelung-web.jpg\",\"datePublished\":\"2021-08-02T20:32:05+00:00\",\"dateModified\":\"2025-01-06T14:09:41+00:00\",\"breadcrumb\":{\"@id\":\"https:\\\/\\\/www.versiegelung24.com\\\/tr\\\/sivi-cam-cep-telefonu-sizdirmazlik-sivi-ekran-korumasi.html#breadcrumb\"},\"inLanguage\":\"tr\",\"potentialAction\":[{\"@type\":\"ReadAction\",\"target\":[\"https:\\\/\\\/www.versiegelung24.com\\\/tr\\\/sivi-cam-cep-telefonu-sizdirmazlik-sivi-ekran-korumasi.html\"]}]},{\"@type\":\"ImageObject\",\"inLanguage\":\"tr\",\"@id\":\"https:\\\/\\\/www.versiegelung24.com\\\/tr\\\/sivi-cam-cep-telefonu-sizdirmazlik-sivi-ekran-korumasi.html#primaryimage\",\"url\":\"https:\\\/\\\/www.versiegelung24.com\\\/wp-content\\\/uploads\\\/2020\\\/04\\\/handy-versiegelung-web.jpg\",\"contentUrl\":\"https:\\\/\\\/www.versiegelung24.com\\\/wp-content\\\/uploads\\\/2020\\\/04\\\/handy-versiegelung-web.jpg\",\"width\":1500,\"height\":1500},{\"@type\":\"BreadcrumbList\",\"@id\":\"https:\\\/\\\/www.versiegelung24.com\\\/tr\\\/sivi-cam-cep-telefonu-sizdirmazlik-sivi-ekran-korumasi.html#breadcrumb\",\"itemListElement\":[{\"@type\":\"ListItem\",\"position\":1,\"name\":\"Anasayfa\",\"item\":\"https:\\\/\\\/www.versiegelung24.com\\\/tr\\\/on\\\/\"},{\"@type\":\"ListItem\",\"position\":2,\"name\":\"Ma\u011faza\",\"item\":\"https:\\\/\\\/www.versiegelung24.com\\\/tr\\\/magaza\\\/\"},{\"@type\":\"ListItem\",\"position\":3,\"name\":\"S\u0131v\u0131 Cam Cep Telefonu S\u0131zd\u0131rmazl\u0131\u011f\u0131 &#8211; s\u0131v\u0131 ekran koruyucu\"}]},{\"@type\":\"WebSite\",\"@id\":\"https:\\\/\\\/www.versiegelung24.com\\\/tr\\\/#website\",\"url\":\"https:\\\/\\\/www.versiegelung24.com\\\/tr\\\/\",\"name\":\"versiegelung24.com\",\"description\":\"Fl\u00fcssigglas-Versiegelung - Made in Germany\",\"publisher\":{\"@id\":\"https:\\\/\\\/www.versiegelung24.com\\\/tr\\\/#organization\"},\"potentialAction\":[{\"@type\":\"SearchAction\",\"target\":{\"@type\":\"EntryPoint\",\"urlTemplate\":\"https:\\\/\\\/www.versiegelung24.com\\\/tr\\\/?s={search_term_string}\"},\"query-input\":{\"@type\":\"PropertyValueSpecification\",\"valueRequired\":true,\"valueName\":\"search_term_string\"}}],\"inLanguage\":\"tr\"},{\"@type\":\"Organization\",\"@id\":\"https:\\\/\\\/www.versiegelung24.com\\\/tr\\\/#organization\",\"name\":\"versiegelung24\",\"url\":\"https:\\\/\\\/www.versiegelung24.com\\\/tr\\\/\",\"logo\":{\"@type\":\"ImageObject\",\"inLanguage\":\"tr\",\"@id\":\"https:\\\/\\\/www.versiegelung24.com\\\/tr\\\/#\\\/schema\\\/logo\\\/image\\\/\",\"url\":\"https:\\\/\\\/www.versiegelung24.com\\\/wp-content\\\/uploads\\\/2020\\\/04\\\/versiegelung24.png\",\"contentUrl\":\"https:\\\/\\\/www.versiegelung24.com\\\/wp-content\\\/uploads\\\/2020\\\/04\\\/versiegelung24.png\",\"width\":470,\"height\":102,\"caption\":\"versiegelung24\"},\"image\":{\"@id\":\"https:\\\/\\\/www.versiegelung24.com\\\/tr\\\/#\\\/schema\\\/logo\\\/image\\\/\"}}]}<\/script>\n<meta property=\"product:price:amount\" content=\"9.99\" \/>\n<meta property=\"product:price:currency\" content=\"EUR\" \/>\n<meta property=\"og:availability\" content=\"instock\" \/>\n<meta property=\"product:availability\" content=\"instock\" \/>\n<meta property=\"product:retailer_item_id\" content=\"4008-901\" \/>\n<meta property=\"product:condition\" content=\"new\" \/>\n<!-- \/ Yoast SEO Premium plugin. -->","yoast_head_json":{"title":"S\u0131v\u0131 Cam Cep Telefonu S\u0131zd\u0131rmazl\u0131\u011f\u0131 - s\u0131v\u0131 ekran koruyucu - versiegelung24.com","robots":{"index":"index","follow":"follow","max-snippet":"max-snippet:-1","max-image-preview":"max-image-preview:large","max-video-preview":"max-video-preview:-1"},"canonical":"https:\/\/www.versiegelung24.com\/tr\/sivi-cam-cep-telefonu-sizdirmazlik-sivi-ekran-korumasi.html","og_locale":"tr_TR","og_type":"article","og_title":"S\u0131v\u0131 Cam Cep Telefonu S\u0131zd\u0131rmazl\u0131\u011f\u0131 - s\u0131v\u0131 ekran koruyucu","og_description":"2 cihaz i\u00e7in yeterli: \u2713 S\u0131v\u0131 Cam Cep Telefonu S\u0131zd\u0131rmazl\u0131k Ekran Koruyucu \u2713 Nano kaplama \u2713 %100 kabarc\u0131ks\u0131z.","og_url":"https:\/\/www.versiegelung24.com\/tr\/sivi-cam-cep-telefonu-sizdirmazlik-sivi-ekran-korumasi.html","og_site_name":"versiegelung24.com","article_modified_time":"2025-01-06T14:09:41+00:00","og_image":[{"width":1500,"height":1500,"url":"https:\/\/www.versiegelung24.com\/wp-content\/uploads\/2020\/04\/handy-versiegelung-web.jpg","type":"image\/jpeg"}],"twitter_card":"summary_large_image","twitter_misc":{"Fiyat":"9,99&euro;","Durumu":"Stokta var"},"schema":{"@context":"https:\/\/schema.org","@graph":[{"@type":"WebPage","@id":"https:\/\/www.versiegelung24.com\/tr\/sivi-cam-cep-telefonu-sizdirmazlik-sivi-ekran-korumasi.html","url":"https:\/\/www.versiegelung24.com\/tr\/sivi-cam-cep-telefonu-sizdirmazlik-sivi-ekran-korumasi.html","name":"S\u0131v\u0131 Cam Cep Telefonu S\u0131zd\u0131rmazl\u0131\u011f\u0131 - s\u0131v\u0131 ekran koruyucu - versiegelung24.com","isPartOf":{"@id":"https:\/\/www.versiegelung24.com\/tr\/#website"},"primaryImageOfPage":{"@id":"https:\/\/www.versiegelung24.com\/tr\/sivi-cam-cep-telefonu-sizdirmazlik-sivi-ekran-korumasi.html#primaryimage"},"image":{"@id":"https:\/\/www.versiegelung24.com\/tr\/sivi-cam-cep-telefonu-sizdirmazlik-sivi-ekran-korumasi.html#primaryimage"},"thumbnailUrl":"https:\/\/www.versiegelung24.com\/wp-content\/uploads\/2020\/04\/handy-versiegelung-web.jpg","datePublished":"2021-08-02T20:32:05+00:00","dateModified":"2025-01-06T14:09:41+00:00","breadcrumb":{"@id":"https:\/\/www.versiegelung24.com\/tr\/sivi-cam-cep-telefonu-sizdirmazlik-sivi-ekran-korumasi.html#breadcrumb"},"inLanguage":"tr","potentialAction":[{"@type":"ReadAction","target":["https:\/\/www.versiegelung24.com\/tr\/sivi-cam-cep-telefonu-sizdirmazlik-sivi-ekran-korumasi.html"]}]},{"@type":"ImageObject","inLanguage":"tr","@id":"https:\/\/www.versiegelung24.com\/tr\/sivi-cam-cep-telefonu-sizdirmazlik-sivi-ekran-korumasi.html#primaryimage","url":"https:\/\/www.versiegelung24.com\/wp-content\/uploads\/2020\/04\/handy-versiegelung-web.jpg","contentUrl":"https:\/\/www.versiegelung24.com\/wp-content\/uploads\/2020\/04\/handy-versiegelung-web.jpg","width":1500,"height":1500},{"@type":"BreadcrumbList","@id":"https:\/\/www.versiegelung24.com\/tr\/sivi-cam-cep-telefonu-sizdirmazlik-sivi-ekran-korumasi.html#breadcrumb","itemListElement":[{"@type":"ListItem","position":1,"name":"Anasayfa","item":"https:\/\/www.versiegelung24.com\/tr\/on\/"},{"@type":"ListItem","position":2,"name":"Ma\u011faza","item":"https:\/\/www.versiegelung24.com\/tr\/magaza\/"},{"@type":"ListItem","position":3,"name":"S\u0131v\u0131 Cam Cep Telefonu S\u0131zd\u0131rmazl\u0131\u011f\u0131 &#8211; s\u0131v\u0131 ekran koruyucu"}]},{"@type":"WebSite","@id":"https:\/\/www.versiegelung24.com\/tr\/#website","url":"https:\/\/www.versiegelung24.com\/tr\/","name":"versiegelung24.com","description":"Fl\u00fcssigglas-Versiegelung - Made in Germany","publisher":{"@id":"https:\/\/www.versiegelung24.com\/tr\/#organization"},"potentialAction":[{"@type":"SearchAction","target":{"@type":"EntryPoint","urlTemplate":"https:\/\/www.versiegelung24.com\/tr\/?s={search_term_string}"},"query-input":{"@type":"PropertyValueSpecification","valueRequired":true,"valueName":"search_term_string"}}],"inLanguage":"tr"},{"@type":"Organization","@id":"https:\/\/www.versiegelung24.com\/tr\/#organization","name":"versiegelung24","url":"https:\/\/www.versiegelung24.com\/tr\/","logo":{"@type":"ImageObject","inLanguage":"tr","@id":"https:\/\/www.versiegelung24.com\/tr\/#\/schema\/logo\/image\/","url":"https:\/\/www.versiegelung24.com\/wp-content\/uploads\/2020\/04\/versiegelung24.png","contentUrl":"https:\/\/www.versiegelung24.com\/wp-content\/uploads\/2020\/04\/versiegelung24.png","width":470,"height":102,"caption":"versiegelung24"},"image":{"@id":"https:\/\/www.versiegelung24.com\/tr\/#\/schema\/logo\/image\/"}}]},"product_price_amount":"9.99","product_price_currency":"EUR","og_availability":"instock","product_availability":"instock","product_retailer_item_id":"4008-901","product_condition":"new"},"_links":{"self":[{"href":"https:\/\/www.versiegelung24.com\/tr\/wp-json\/wp\/v2\/product\/24185","targetHints":{"allow":["GET"]}}],"collection":[{"href":"https:\/\/www.versiegelung24.com\/tr\/wp-json\/wp\/v2\/product"}],"about":[{"href":"https:\/\/www.versiegelung24.com\/tr\/wp-json\/wp\/v2\/types\/product"}],"version-history":[{"count":9,"href":"https:\/\/www.versiegelung24.com\/tr\/wp-json\/wp\/v2\/product\/24185\/revisions"}],"predecessor-version":[{"id":180146,"href":"https:\/\/www.versiegelung24.com\/tr\/wp-json\/wp\/v2\/product\/24185\/revisions\/180146"}],"wp:featuredmedia":[{"embeddable":true,"href":"https:\/\/www.versiegelung24.com\/tr\/wp-json\/wp\/v2\/media\/13248"}],"wp:attachment":[{"href":"https:\/\/www.versiegelung24.com\/tr\/wp-json\/wp\/v2\/media?parent=24185"}],"wp:term":[{"taxonomy":"product_brand","embeddable":true,"href":"https:\/\/www.versiegelung24.com\/tr\/wp-json\/wp\/v2\/product_brand?post=24185"},{"taxonomy":"product_cat","embeddable":true,"href":"https:\/\/www.versiegelung24.com\/tr\/wp-json\/wp\/v2\/product_cat?post=24185"},{"taxonomy":"product_tag","embeddable":true,"href":"https:\/\/www.versiegelung24.com\/tr\/wp-json\/wp\/v2\/product_tag?post=24185"}],"curies":[{"name":"wp","href":"https:\/\/api.w.org\/{rel}","templated":true}]}}