{"id":24473,"date":"2020-05-23T17:02:37","date_gmt":"2021-08-02T20:45:07","guid":{"rendered":"https:\/\/www.versiegelung24.com\/produkt\/el-dezenfektani-dexan-5-litrelik-bidon"},"modified":"2025-01-13T16:41:14","modified_gmt":"2025-01-13T15:41:14","slug":"el-dezenfektani-deksan-5-litrelik-bidon","status":"publish","type":"product","link":"https:\/\/www.versiegelung24.com\/tr\/el-dezenfektani-dexan-5-litrelik-bidon.html","title":{"rendered":"El dezenfektan\u0131 Dexan 5 litrelik bidon"},"content":{"rendered":"\n<h2 class=\"wp-block-heading\" id=\"gebrauchsfertige-alkoholbasierte-handedesinfektion-mit-pflegekomponente-aloe-vera\">Bak\u0131m bile\u015fenleriyle (aloe vera) kullan\u0131ma haz\u0131r alkol bazl\u0131 el dezenfeksiyonu<\/h2>\n\n<p>S\u0131n\u0131rl\u0131 vir\u00fcsidal (zarfl\u0131 vir\u00fcsler <strong>dahil Koronavir\u00fcs<\/strong>, HIV, HBV, HCV, influenza, herpes, Ebola vir\u00fcs\u00fc vb.)<\/p>\n\n<hr \/>\n\n<h4 class=\"wp-block-heading\" id=\"properties\">\u00dcr\u00fcn \u00f6zellikleri<\/h4>\n\n<div class=\"wp-block-columns is-layout-flex wp-container-core-columns-is-layout-9d6595d7 wp-block-columns-is-layout-flex\">\n<div class=\"wp-block-column is-layout-flow wp-block-column-is-layout-flow\">\n<p><br \/>E<strong>tkililik:<\/strong> Avrupa hastane standartlar\u0131na g\u00f6re test edilmi\u015ftir: EN 1040, EN 1275, EN 1276, EN 1500: 1 dakika; prEN 12054: 30s. DVV \/ RKI k\u0131lavuzuna g\u00f6re s\u0131n\u0131rl\u0131 vir\u00fcsidal (koronavir\u00fcs, HIV, HBV, HCV, influenza, herpes, Ebola vir\u00fcs\u00fc vb. dahil zarfl\u0131 vir\u00fcsler): 15s.<\/p>\n<\/div>\n\n\n\n<div class=\"wp-block-column is-layout-flow wp-block-column-is-layout-flow\">\n<p><br \/>K<strong>ullan\u0131m amac\u0131:<\/strong> Hijyenik el dezenfeksiyonu i\u00e7in.<\/p>\n\n\n\n<p><br \/>100g i\u00e7eri\u011fi: 50.0g etanol, 10.0g izopropanol, 0.10g benzalkonyum klor\u00fcr, ar\u0131t\u0131lm\u0131\u015f su, aloe vera \u00f6z\u00fc.<\/p>\n<\/div>\n<\/div>\n\n<hr \/>\n\n<h4 class=\"wp-block-heading\" id=\"application\">Uygulama<\/h4>\n\n<p>Ellerin t\u00fcm alanlar\u0131 m\u00fcstahzarla tamamen kaplanacak \u015fekilde kuru elinize yeterince Dexan koyun. Ellerinizi iyice ovun, ovma s\u00fcresi boyunca ellerinizi nemli tutun.<\/p>\n\n<hr \/>\n\n<h4 class=\"wp-block-heading\" id=\"advisor\">Dan\u0131\u015fman<\/h4>\n\n<p><br \/>G<strong>\u00fcvenlik tavsiyesi:<\/strong> Y\u00fcksek derecede yan\u0131c\u0131 s\u0131v\u0131 ve buhar. Ciddi g\u00f6z tahri\u015fine neden olur. Is\u0131dan, s\u0131cak y\u00fczeylerden, k\u0131v\u0131lc\u0131mlardan, a\u00e7\u0131k alevlerden ve di\u011fer tutu\u015fturucu kaynaklardan uzak tutun. Sigara i\u00e7meyin. Kab\u0131 s\u0131k\u0131ca kapal\u0131 tutun. G\u00d6ZLE TEMASI HAL\u0130NDE: Birka\u00e7 dakika boyunca dikkatlice su ile y\u0131kay\u0131n. M\u00fcmk\u00fcnse kontakt lensleri \u00e7\u0131kar\u0131n. Durulamaya devam edin. \u00c7ocuklar\u0131n ula\u015famayaca\u011f\u0131 yerde saklay\u0131n. Biyosit Reg. No.: 75940 Dezenfektan\u0131 dikkatli kullan\u0131n. Kullanmadan \u00f6nce daima etiketi ve \u00fcr\u00fcn bilgilerini okuyun.<\/p>\n","protected":false},"excerpt":{"rendered":"<p><strong>Kullan\u0131ma haz\u0131r alkol bazl\u0131 el dezenfeksiyonu:<\/strong><\/p>\n<p>\u2713 Bak\u0131m bile\u015feni ile (aloe vera)<\/p>\n<p>\u2713 S\u0131n\u0131rl\u0131 vir\u00fcsidal (koronavir\u00fcs, HIV, HBV, HCV, influenza, herpes, Ebola vir\u00fcs\u00fc vb. dahil zarfl\u0131 vir\u00fcsler)<\/p>\n","protected":false},"featured_media":15798,"template":"","meta":{"_acf_changed":false,"neve_meta_sidebar":"","neve_meta_container":"","neve_meta_enable_content_width":"","neve_meta_content_width":0,"neve_meta_title_alignment":"","neve_meta_author_avatar":"","neve_post_elements_order":"","neve_meta_disable_header":"","neve_meta_disable_footer":"","neve_meta_disable_title":"","neve_meta_reading_time":"","_surfaces":[],"_ver_product_tabs":[],"footnotes":""},"product_brand":[],"product_cat":[2359,2702],"product_tag":[],"class_list":{"0":"post-24473","1":"product","2":"type-product","3":"status-publish","4":"has-post-thumbnail","6":"product_cat-dezenfektanlar","7":"product_cat-el-dezenfektani","9":"first","10":"onbackorder","11":"taxable","12":"shipping-taxable","13":"purchasable","14":"product-type-simple"},"acf":[],"yoast_head":"<!-- This site is optimized with the Yoast SEO Premium plugin v22.8 (Yoast SEO v27.5) - https:\/\/yoast.com\/product\/yoast-seo-premium-wordpress\/ -->\n<title>El dezenfektan\u0131 Dexan 5 litrelik bidon - versiegelung24.com<\/title>\n<meta name=\"robots\" content=\"index, follow, max-snippet:-1, max-image-preview:large, max-video-preview:-1\" \/>\n<link rel=\"canonical\" href=\"https:\/\/www.versiegelung24.com\/tr\/el-dezenfektani-dexan-5-litrelik-bidon.html\" \/>\n<meta property=\"og:locale\" content=\"tr_TR\" \/>\n<meta property=\"og:type\" content=\"article\" \/>\n<meta property=\"og:title\" content=\"El dezenfektan\u0131 Dexan 5 litrelik bidon\" \/>\n<meta property=\"og:description\" content=\"Kullan\u0131ma haz\u0131r alkol bazl\u0131 el dezenfeksiyonu: \u2713 Bak\u0131m bile\u015feni ile (aloe vera) \u2713 S\u0131n\u0131rl\u0131 vir\u00fcsidal (koronavir\u00fcs, HIV, HBV, HCV, influenza, herpes, Ebola vir\u00fcs\u00fc vb. dahil zarfl\u0131 vir\u00fcsler)\" \/>\n<meta property=\"og:url\" content=\"https:\/\/www.versiegelung24.com\/tr\/el-dezenfektani-dexan-5-litrelik-bidon.html\" \/>\n<meta property=\"og:site_name\" content=\"versiegelung24.com\" \/>\n<meta property=\"article:modified_time\" content=\"2025-01-13T15:41:14+00:00\" \/>\n<meta property=\"og:image\" content=\"https:\/\/www.versiegelung24.com\/wp-content\/uploads\/2020\/05\/dexan-5000ml-1.png\" \/>\n\t<meta property=\"og:image:width\" content=\"2000\" \/>\n\t<meta property=\"og:image:height\" content=\"2000\" \/>\n\t<meta property=\"og:image:type\" content=\"image\/png\" \/>\n<meta name=\"twitter:card\" content=\"summary_large_image\" \/>\n<meta name=\"twitter:label1\" content=\"Fiyat\" \/>\n\t<meta name=\"twitter:data1\" content=\"99,00&euro;\" \/>\n\t<meta name=\"twitter:label2\" content=\"Durumu\" \/>\n\t<meta name=\"twitter:data2\" content=\"\u00d6n sipari\u015fte\" \/>\n<script type=\"application\/ld+json\" class=\"yoast-schema-graph\">{\"@context\":\"https:\\\/\\\/schema.org\",\"@graph\":[{\"@type\":\"WebPage\",\"@id\":\"https:\\\/\\\/www.versiegelung24.com\\\/tr\\\/el-dezenfektani-dexan-5-litrelik-bidon.html\",\"url\":\"https:\\\/\\\/www.versiegelung24.com\\\/tr\\\/el-dezenfektani-dexan-5-litrelik-bidon.html\",\"name\":\"El dezenfektan\u0131 Dexan 5 litrelik bidon - versiegelung24.com\",\"isPartOf\":{\"@id\":\"https:\\\/\\\/www.versiegelung24.com\\\/tr\\\/#website\"},\"primaryImageOfPage\":{\"@id\":\"https:\\\/\\\/www.versiegelung24.com\\\/tr\\\/el-dezenfektani-dexan-5-litrelik-bidon.html#primaryimage\"},\"image\":{\"@id\":\"https:\\\/\\\/www.versiegelung24.com\\\/tr\\\/el-dezenfektani-dexan-5-litrelik-bidon.html#primaryimage\"},\"thumbnailUrl\":\"https:\\\/\\\/www.versiegelung24.com\\\/wp-content\\\/uploads\\\/2020\\\/05\\\/dexan-5000ml-1.png\",\"datePublished\":\"2021-08-02T20:45:07+00:00\",\"dateModified\":\"2025-01-13T15:41:14+00:00\",\"breadcrumb\":{\"@id\":\"https:\\\/\\\/www.versiegelung24.com\\\/tr\\\/el-dezenfektani-dexan-5-litrelik-bidon.html#breadcrumb\"},\"inLanguage\":\"tr\",\"potentialAction\":[{\"@type\":\"ReadAction\",\"target\":[\"https:\\\/\\\/www.versiegelung24.com\\\/tr\\\/el-dezenfektani-dexan-5-litrelik-bidon.html\"]}]},{\"@type\":\"ImageObject\",\"inLanguage\":\"tr\",\"@id\":\"https:\\\/\\\/www.versiegelung24.com\\\/tr\\\/el-dezenfektani-dexan-5-litrelik-bidon.html#primaryimage\",\"url\":\"https:\\\/\\\/www.versiegelung24.com\\\/wp-content\\\/uploads\\\/2020\\\/05\\\/dexan-5000ml-1.png\",\"contentUrl\":\"https:\\\/\\\/www.versiegelung24.com\\\/wp-content\\\/uploads\\\/2020\\\/05\\\/dexan-5000ml-1.png\",\"width\":2000,\"height\":2000},{\"@type\":\"BreadcrumbList\",\"@id\":\"https:\\\/\\\/www.versiegelung24.com\\\/tr\\\/el-dezenfektani-dexan-5-litrelik-bidon.html#breadcrumb\",\"itemListElement\":[{\"@type\":\"ListItem\",\"position\":1,\"name\":\"Anasayfa\",\"item\":\"https:\\\/\\\/www.versiegelung24.com\\\/tr\\\/on\\\/\"},{\"@type\":\"ListItem\",\"position\":2,\"name\":\"Ma\u011faza\",\"item\":\"https:\\\/\\\/www.versiegelung24.com\\\/tr\\\/magaza\\\/\"},{\"@type\":\"ListItem\",\"position\":3,\"name\":\"El dezenfektan\u0131 Dexan 5 litrelik bidon\"}]},{\"@type\":\"WebSite\",\"@id\":\"https:\\\/\\\/www.versiegelung24.com\\\/tr\\\/#website\",\"url\":\"https:\\\/\\\/www.versiegelung24.com\\\/tr\\\/\",\"name\":\"versiegelung24.com\",\"description\":\"Fl\u00fcssigglas-Versiegelung - Made in Germany\",\"publisher\":{\"@id\":\"https:\\\/\\\/www.versiegelung24.com\\\/tr\\\/#organization\"},\"potentialAction\":[{\"@type\":\"SearchAction\",\"target\":{\"@type\":\"EntryPoint\",\"urlTemplate\":\"https:\\\/\\\/www.versiegelung24.com\\\/tr\\\/?s={search_term_string}\"},\"query-input\":{\"@type\":\"PropertyValueSpecification\",\"valueRequired\":true,\"valueName\":\"search_term_string\"}}],\"inLanguage\":\"tr\"},{\"@type\":\"Organization\",\"@id\":\"https:\\\/\\\/www.versiegelung24.com\\\/tr\\\/#organization\",\"name\":\"versiegelung24\",\"url\":\"https:\\\/\\\/www.versiegelung24.com\\\/tr\\\/\",\"logo\":{\"@type\":\"ImageObject\",\"inLanguage\":\"tr\",\"@id\":\"https:\\\/\\\/www.versiegelung24.com\\\/tr\\\/#\\\/schema\\\/logo\\\/image\\\/\",\"url\":\"https:\\\/\\\/www.versiegelung24.com\\\/wp-content\\\/uploads\\\/2020\\\/04\\\/versiegelung24.png\",\"contentUrl\":\"https:\\\/\\\/www.versiegelung24.com\\\/wp-content\\\/uploads\\\/2020\\\/04\\\/versiegelung24.png\",\"width\":470,\"height\":102,\"caption\":\"versiegelung24\"},\"image\":{\"@id\":\"https:\\\/\\\/www.versiegelung24.com\\\/tr\\\/#\\\/schema\\\/logo\\\/image\\\/\"}}]}<\/script>\n<meta property=\"product:price:amount\" content=\"99.00\" \/>\n<meta property=\"product:price:currency\" content=\"EUR\" \/>\n<meta property=\"og:availability\" content=\"backorder\" \/>\n<meta property=\"product:availability\" content=\"available for order\" \/>\n<meta property=\"product:retailer_item_id\" content=\"dexan-5000\" \/>\n<meta property=\"product:condition\" content=\"new\" \/>\n<!-- \/ Yoast SEO Premium plugin. -->","yoast_head_json":{"title":"El dezenfektan\u0131 Dexan 5 litrelik bidon - versiegelung24.com","robots":{"index":"index","follow":"follow","max-snippet":"max-snippet:-1","max-image-preview":"max-image-preview:large","max-video-preview":"max-video-preview:-1"},"canonical":"https:\/\/www.versiegelung24.com\/tr\/el-dezenfektani-dexan-5-litrelik-bidon.html","og_locale":"tr_TR","og_type":"article","og_title":"El dezenfektan\u0131 Dexan 5 litrelik bidon","og_description":"Kullan\u0131ma haz\u0131r alkol bazl\u0131 el dezenfeksiyonu: \u2713 Bak\u0131m bile\u015feni ile (aloe vera) \u2713 S\u0131n\u0131rl\u0131 vir\u00fcsidal (koronavir\u00fcs, HIV, HBV, HCV, influenza, herpes, Ebola vir\u00fcs\u00fc vb. dahil zarfl\u0131 vir\u00fcsler)","og_url":"https:\/\/www.versiegelung24.com\/tr\/el-dezenfektani-dexan-5-litrelik-bidon.html","og_site_name":"versiegelung24.com","article_modified_time":"2025-01-13T15:41:14+00:00","og_image":[{"width":2000,"height":2000,"url":"https:\/\/www.versiegelung24.com\/wp-content\/uploads\/2020\/05\/dexan-5000ml-1.png","type":"image\/png"}],"twitter_card":"summary_large_image","twitter_misc":{"Fiyat":"99,00&euro;","Durumu":"\u00d6n sipari\u015fte"},"schema":{"@context":"https:\/\/schema.org","@graph":[{"@type":"WebPage","@id":"https:\/\/www.versiegelung24.com\/tr\/el-dezenfektani-dexan-5-litrelik-bidon.html","url":"https:\/\/www.versiegelung24.com\/tr\/el-dezenfektani-dexan-5-litrelik-bidon.html","name":"El dezenfektan\u0131 Dexan 5 litrelik bidon - versiegelung24.com","isPartOf":{"@id":"https:\/\/www.versiegelung24.com\/tr\/#website"},"primaryImageOfPage":{"@id":"https:\/\/www.versiegelung24.com\/tr\/el-dezenfektani-dexan-5-litrelik-bidon.html#primaryimage"},"image":{"@id":"https:\/\/www.versiegelung24.com\/tr\/el-dezenfektani-dexan-5-litrelik-bidon.html#primaryimage"},"thumbnailUrl":"https:\/\/www.versiegelung24.com\/wp-content\/uploads\/2020\/05\/dexan-5000ml-1.png","datePublished":"2021-08-02T20:45:07+00:00","dateModified":"2025-01-13T15:41:14+00:00","breadcrumb":{"@id":"https:\/\/www.versiegelung24.com\/tr\/el-dezenfektani-dexan-5-litrelik-bidon.html#breadcrumb"},"inLanguage":"tr","potentialAction":[{"@type":"ReadAction","target":["https:\/\/www.versiegelung24.com\/tr\/el-dezenfektani-dexan-5-litrelik-bidon.html"]}]},{"@type":"ImageObject","inLanguage":"tr","@id":"https:\/\/www.versiegelung24.com\/tr\/el-dezenfektani-dexan-5-litrelik-bidon.html#primaryimage","url":"https:\/\/www.versiegelung24.com\/wp-content\/uploads\/2020\/05\/dexan-5000ml-1.png","contentUrl":"https:\/\/www.versiegelung24.com\/wp-content\/uploads\/2020\/05\/dexan-5000ml-1.png","width":2000,"height":2000},{"@type":"BreadcrumbList","@id":"https:\/\/www.versiegelung24.com\/tr\/el-dezenfektani-dexan-5-litrelik-bidon.html#breadcrumb","itemListElement":[{"@type":"ListItem","position":1,"name":"Anasayfa","item":"https:\/\/www.versiegelung24.com\/tr\/on\/"},{"@type":"ListItem","position":2,"name":"Ma\u011faza","item":"https:\/\/www.versiegelung24.com\/tr\/magaza\/"},{"@type":"ListItem","position":3,"name":"El dezenfektan\u0131 Dexan 5 litrelik bidon"}]},{"@type":"WebSite","@id":"https:\/\/www.versiegelung24.com\/tr\/#website","url":"https:\/\/www.versiegelung24.com\/tr\/","name":"versiegelung24.com","description":"Fl\u00fcssigglas-Versiegelung - Made in Germany","publisher":{"@id":"https:\/\/www.versiegelung24.com\/tr\/#organization"},"potentialAction":[{"@type":"SearchAction","target":{"@type":"EntryPoint","urlTemplate":"https:\/\/www.versiegelung24.com\/tr\/?s={search_term_string}"},"query-input":{"@type":"PropertyValueSpecification","valueRequired":true,"valueName":"search_term_string"}}],"inLanguage":"tr"},{"@type":"Organization","@id":"https:\/\/www.versiegelung24.com\/tr\/#organization","name":"versiegelung24","url":"https:\/\/www.versiegelung24.com\/tr\/","logo":{"@type":"ImageObject","inLanguage":"tr","@id":"https:\/\/www.versiegelung24.com\/tr\/#\/schema\/logo\/image\/","url":"https:\/\/www.versiegelung24.com\/wp-content\/uploads\/2020\/04\/versiegelung24.png","contentUrl":"https:\/\/www.versiegelung24.com\/wp-content\/uploads\/2020\/04\/versiegelung24.png","width":470,"height":102,"caption":"versiegelung24"},"image":{"@id":"https:\/\/www.versiegelung24.com\/tr\/#\/schema\/logo\/image\/"}}]},"product_price_amount":"99.00","product_price_currency":"EUR","og_availability":"backorder","product_availability":"available for order","product_retailer_item_id":"dexan-5000","product_condition":"new"},"_links":{"self":[{"href":"https:\/\/www.versiegelung24.com\/tr\/wp-json\/wp\/v2\/product\/24473","targetHints":{"allow":["GET"]}}],"collection":[{"href":"https:\/\/www.versiegelung24.com\/tr\/wp-json\/wp\/v2\/product"}],"about":[{"href":"https:\/\/www.versiegelung24.com\/tr\/wp-json\/wp\/v2\/types\/product"}],"version-history":[{"count":10,"href":"https:\/\/www.versiegelung24.com\/tr\/wp-json\/wp\/v2\/product\/24473\/revisions"}],"predecessor-version":[{"id":180630,"href":"https:\/\/www.versiegelung24.com\/tr\/wp-json\/wp\/v2\/product\/24473\/revisions\/180630"}],"wp:featuredmedia":[{"embeddable":true,"href":"https:\/\/www.versiegelung24.com\/tr\/wp-json\/wp\/v2\/media\/15798"}],"wp:attachment":[{"href":"https:\/\/www.versiegelung24.com\/tr\/wp-json\/wp\/v2\/media?parent=24473"}],"wp:term":[{"taxonomy":"product_brand","embeddable":true,"href":"https:\/\/www.versiegelung24.com\/tr\/wp-json\/wp\/v2\/product_brand?post=24473"},{"taxonomy":"product_cat","embeddable":true,"href":"https:\/\/www.versiegelung24.com\/tr\/wp-json\/wp\/v2\/product_cat?post=24473"},{"taxonomy":"product_tag","embeddable":true,"href":"https:\/\/www.versiegelung24.com\/tr\/wp-json\/wp\/v2\/product_tag?post=24473"}],"curies":[{"name":"wp","href":"https:\/\/api.w.org\/{rel}","templated":true}]}}