{"id":24589,"date":"2020-06-24T11:25:31","date_gmt":"2020-06-24T09:25:31","guid":{"rendered":"https:\/\/www.versiegelung24.com\/produkt\/desen-cati-sizdirmazligi"},"modified":"2025-01-04T00:30:40","modified_gmt":"2025-01-03T23:30:40","slug":"ornek-cati-sizdirmazligi","status":"publish","type":"product","link":"https:\/\/www.versiegelung24.com\/tr\/oernek-cati-sizdirmazligi.html","title":{"rendered":"\u00d6rnek: \u00c7at\u0131 yal\u0131t\u0131m\u0131 &#8211; 3002-7620"},"content":{"rendered":"<p>100ml \u00f6rne\u011fimiz<a href=\"https:\/\/www.versiegelung24.com\/tr\/cati-sizdirmazligi-profesyonel-kalitede.html\"> \u00c7at\u0131 s\u0131zd\u0131rmazl\u0131\u011f\u0131<\/a> test uygulamas\u0131 veya daha k\u00fc\u00e7\u00fck alanlar\u0131n s\u0131zd\u0131rmazl\u0131\u011f\u0131 i\u00e7in.<\/p>\n","protected":false},"excerpt":{"rendered":"<p><strong>Kiremit, tu\u011fla ve arduvaz i\u00e7in son derece etkili profesyonel s\u0131zd\u0131rmazl\u0131k maddesi<\/strong>  <\/p>\n<p>\u2713 Kolay temizlenebilir etki: kir yap\u0131\u015fmaz ve kolayca \u00e7\u0131kar\u0131labilir<\/p>\n<p>\u2713 Kesinlikle g\u00f6r\u00fcnmez: y\u00fczeyin de\u011fi\u015fmeyen g\u00f6r\u00fcn\u00fcm\u00fc ve hissi<\/p>\n<p>\u2713 Uzun y\u0131llar boyunca kal\u0131c\u0131 derinlik etkisi<\/p>\n<p>\u2713 Y\u00fczey nefes alabilir kal\u0131r<\/p>\n<p>\u2713 Su itici nil\u00fcfer inci etkisi<\/p>\n<p>\u2713 \u00c7at\u0131 su yal\u0131t\u0131m\u0131 olarak son derece etkili<\/p>\n","protected":false},"featured_media":14623,"template":"","meta":{"_acf_changed":false,"neve_meta_sidebar":"","neve_meta_container":"","neve_meta_enable_content_width":"","neve_meta_content_width":0,"neve_meta_title_alignment":"","neve_meta_author_avatar":"","neve_post_elements_order":"","neve_meta_disable_header":"","neve_meta_disable_footer":"","neve_meta_disable_title":"","neve_meta_reading_time":"","_surfaces":[],"_ver_product_tabs":[],"footnotes":""},"product_brand":[],"product_cat":[2669],"product_tag":[],"class_list":{"0":"post-24589","1":"product","2":"type-product","3":"status-publish","4":"has-post-thumbnail","6":"product_cat-sablon-tr","7":"pa_gebinde-50ml-sise","8":"pa_gebinde-100ml-sise","10":"first","11":"instock","12":"sold-individually","13":"taxable","14":"shipping-taxable","15":"purchasable","16":"product-type-simple"},"acf":[],"yoast_head":"<!-- This site is optimized with the Yoast SEO Premium plugin v22.8 (Yoast SEO v27.3) - https:\/\/yoast.com\/product\/yoast-seo-premium-wordpress\/ -->\n<title>\u00d6rnek: \u00c7at\u0131 yal\u0131t\u0131m\u0131 - 3002-7620 - versiegelung24.com<\/title>\n<meta name=\"robots\" content=\"index, follow, max-snippet:-1, max-image-preview:large, max-video-preview:-1\" \/>\n<link rel=\"canonical\" href=\"https:\/\/www.versiegelung24.com\/tr\/oernek-cati-sizdirmazligi.html\" \/>\n<meta property=\"og:locale\" content=\"tr_TR\" \/>\n<meta property=\"og:type\" content=\"article\" \/>\n<meta property=\"og:title\" content=\"\u00d6rnek: \u00c7at\u0131 yal\u0131t\u0131m\u0131 - 3002-7620\" \/>\n<meta property=\"og:description\" content=\"Kiremit, tu\u011fla ve arduvaz i\u00e7in son derece etkili profesyonel s\u0131zd\u0131rmazl\u0131k maddesi  \u2713 Kolay temizlenebilir etki: kir yap\u0131\u015fmaz ve kolayca \u00e7\u0131kar\u0131labilir \u2713 Kesinlikle g\u00f6r\u00fcnmez: y\u00fczeyin de\u011fi\u015fmeyen g\u00f6r\u00fcn\u00fcm\u00fc ve hissi \u2713 Uzun y\u0131llar boyunca kal\u0131c\u0131 derinlik etkisi \u2713 Y\u00fczey nefes alabilir kal\u0131r \u2713 Su itici nil\u00fcfer inci etkisi \u2713 \u00c7at\u0131 su yal\u0131t\u0131m\u0131 olarak son derece etkili\" \/>\n<meta property=\"og:url\" content=\"https:\/\/www.versiegelung24.com\/tr\/oernek-cati-sizdirmazligi.html\" \/>\n<meta property=\"og:site_name\" content=\"versiegelung24.com\" \/>\n<meta property=\"article:modified_time\" content=\"2025-01-03T23:30:40+00:00\" \/>\n<meta property=\"og:image\" content=\"https:\/\/www.versiegelung24.com\/wp-content\/uploads\/2020\/04\/versiegelung-muster.png\" \/>\n\t<meta property=\"og:image:width\" content=\"1000\" \/>\n\t<meta property=\"og:image:height\" content=\"1000\" \/>\n\t<meta property=\"og:image:type\" content=\"image\/png\" \/>\n<meta name=\"twitter:card\" content=\"summary_large_image\" \/>\n<meta name=\"twitter:label1\" content=\"Fiyat\" \/>\n\t<meta name=\"twitter:data1\" content=\"14,99&euro;\" \/>\n\t<meta name=\"twitter:label2\" content=\"Durumu\" \/>\n\t<meta name=\"twitter:data2\" content=\"Stokta var\" \/>\n<script type=\"application\/ld+json\" class=\"yoast-schema-graph\">{\"@context\":\"https:\\\/\\\/schema.org\",\"@graph\":[{\"@type\":\"WebPage\",\"@id\":\"https:\\\/\\\/www.versiegelung24.com\\\/tr\\\/oernek-cati-sizdirmazligi.html\",\"url\":\"https:\\\/\\\/www.versiegelung24.com\\\/tr\\\/oernek-cati-sizdirmazligi.html\",\"name\":\"\u00d6rnek: \u00c7at\u0131 yal\u0131t\u0131m\u0131 - 3002-7620 - versiegelung24.com\",\"isPartOf\":{\"@id\":\"https:\\\/\\\/www.versiegelung24.com\\\/tr\\\/#website\"},\"primaryImageOfPage\":{\"@id\":\"https:\\\/\\\/www.versiegelung24.com\\\/tr\\\/oernek-cati-sizdirmazligi.html#primaryimage\"},\"image\":{\"@id\":\"https:\\\/\\\/www.versiegelung24.com\\\/tr\\\/oernek-cati-sizdirmazligi.html#primaryimage\"},\"thumbnailUrl\":\"https:\\\/\\\/www.versiegelung24.com\\\/wp-content\\\/uploads\\\/2020\\\/04\\\/versiegelung-muster.png\",\"datePublished\":\"2020-06-24T09:25:31+00:00\",\"dateModified\":\"2025-01-03T23:30:40+00:00\",\"breadcrumb\":{\"@id\":\"https:\\\/\\\/www.versiegelung24.com\\\/tr\\\/oernek-cati-sizdirmazligi.html#breadcrumb\"},\"inLanguage\":\"tr\",\"potentialAction\":[{\"@type\":\"ReadAction\",\"target\":[\"https:\\\/\\\/www.versiegelung24.com\\\/tr\\\/oernek-cati-sizdirmazligi.html\"]}]},{\"@type\":\"ImageObject\",\"inLanguage\":\"tr\",\"@id\":\"https:\\\/\\\/www.versiegelung24.com\\\/tr\\\/oernek-cati-sizdirmazligi.html#primaryimage\",\"url\":\"https:\\\/\\\/www.versiegelung24.com\\\/wp-content\\\/uploads\\\/2020\\\/04\\\/versiegelung-muster.png\",\"contentUrl\":\"https:\\\/\\\/www.versiegelung24.com\\\/wp-content\\\/uploads\\\/2020\\\/04\\\/versiegelung-muster.png\",\"width\":1000,\"height\":1000},{\"@type\":\"BreadcrumbList\",\"@id\":\"https:\\\/\\\/www.versiegelung24.com\\\/tr\\\/oernek-cati-sizdirmazligi.html#breadcrumb\",\"itemListElement\":[{\"@type\":\"ListItem\",\"position\":1,\"name\":\"Anasayfa\",\"item\":\"https:\\\/\\\/www.versiegelung24.com\\\/tr\\\/on\\\/\"},{\"@type\":\"ListItem\",\"position\":2,\"name\":\"Ma\u011faza\",\"item\":\"https:\\\/\\\/www.versiegelung24.com\\\/tr\\\/magaza\\\/\"},{\"@type\":\"ListItem\",\"position\":3,\"name\":\"\u00d6rnek: \u00c7at\u0131 yal\u0131t\u0131m\u0131 &#8211; 3002-7620\"}]},{\"@type\":\"WebSite\",\"@id\":\"https:\\\/\\\/www.versiegelung24.com\\\/tr\\\/#website\",\"url\":\"https:\\\/\\\/www.versiegelung24.com\\\/tr\\\/\",\"name\":\"versiegelung24.com\",\"description\":\"Fl\u00fcssigglas-Versiegelung - Made in Germany\",\"publisher\":{\"@id\":\"https:\\\/\\\/www.versiegelung24.com\\\/tr\\\/#organization\"},\"potentialAction\":[{\"@type\":\"SearchAction\",\"target\":{\"@type\":\"EntryPoint\",\"urlTemplate\":\"https:\\\/\\\/www.versiegelung24.com\\\/tr\\\/?s={search_term_string}\"},\"query-input\":{\"@type\":\"PropertyValueSpecification\",\"valueRequired\":true,\"valueName\":\"search_term_string\"}}],\"inLanguage\":\"tr\"},{\"@type\":\"Organization\",\"@id\":\"https:\\\/\\\/www.versiegelung24.com\\\/tr\\\/#organization\",\"name\":\"versiegelung24\",\"url\":\"https:\\\/\\\/www.versiegelung24.com\\\/tr\\\/\",\"logo\":{\"@type\":\"ImageObject\",\"inLanguage\":\"tr\",\"@id\":\"https:\\\/\\\/www.versiegelung24.com\\\/tr\\\/#\\\/schema\\\/logo\\\/image\\\/\",\"url\":\"https:\\\/\\\/www.versiegelung24.com\\\/wp-content\\\/uploads\\\/2020\\\/04\\\/versiegelung24.png\",\"contentUrl\":\"https:\\\/\\\/www.versiegelung24.com\\\/wp-content\\\/uploads\\\/2020\\\/04\\\/versiegelung24.png\",\"width\":470,\"height\":102,\"caption\":\"versiegelung24\"},\"image\":{\"@id\":\"https:\\\/\\\/www.versiegelung24.com\\\/tr\\\/#\\\/schema\\\/logo\\\/image\\\/\"}}]}<\/script>\n<meta property=\"product:price:amount\" content=\"14.99\" \/>\n<meta property=\"product:price:currency\" content=\"EUR\" \/>\n<meta property=\"og:availability\" content=\"instock\" \/>\n<meta property=\"product:availability\" content=\"instock\" \/>\n<meta property=\"product:retailer_item_id\" content=\"3002-7620-muster\" \/>\n<meta property=\"product:condition\" content=\"new\" \/>\n<!-- \/ Yoast SEO Premium plugin. -->","yoast_head_json":{"title":"\u00d6rnek: \u00c7at\u0131 yal\u0131t\u0131m\u0131 - 3002-7620 - versiegelung24.com","robots":{"index":"index","follow":"follow","max-snippet":"max-snippet:-1","max-image-preview":"max-image-preview:large","max-video-preview":"max-video-preview:-1"},"canonical":"https:\/\/www.versiegelung24.com\/tr\/oernek-cati-sizdirmazligi.html","og_locale":"tr_TR","og_type":"article","og_title":"\u00d6rnek: \u00c7at\u0131 yal\u0131t\u0131m\u0131 - 3002-7620","og_description":"Kiremit, tu\u011fla ve arduvaz i\u00e7in son derece etkili profesyonel s\u0131zd\u0131rmazl\u0131k maddesi  \u2713 Kolay temizlenebilir etki: kir yap\u0131\u015fmaz ve kolayca \u00e7\u0131kar\u0131labilir \u2713 Kesinlikle g\u00f6r\u00fcnmez: y\u00fczeyin de\u011fi\u015fmeyen g\u00f6r\u00fcn\u00fcm\u00fc ve hissi \u2713 Uzun y\u0131llar boyunca kal\u0131c\u0131 derinlik etkisi \u2713 Y\u00fczey nefes alabilir kal\u0131r \u2713 Su itici nil\u00fcfer inci etkisi \u2713 \u00c7at\u0131 su yal\u0131t\u0131m\u0131 olarak son derece etkili","og_url":"https:\/\/www.versiegelung24.com\/tr\/oernek-cati-sizdirmazligi.html","og_site_name":"versiegelung24.com","article_modified_time":"2025-01-03T23:30:40+00:00","og_image":[{"width":1000,"height":1000,"url":"https:\/\/www.versiegelung24.com\/wp-content\/uploads\/2020\/04\/versiegelung-muster.png","type":"image\/png"}],"twitter_card":"summary_large_image","twitter_misc":{"Fiyat":"14,99&euro;","Durumu":"Stokta var"},"schema":{"@context":"https:\/\/schema.org","@graph":[{"@type":"WebPage","@id":"https:\/\/www.versiegelung24.com\/tr\/oernek-cati-sizdirmazligi.html","url":"https:\/\/www.versiegelung24.com\/tr\/oernek-cati-sizdirmazligi.html","name":"\u00d6rnek: \u00c7at\u0131 yal\u0131t\u0131m\u0131 - 3002-7620 - versiegelung24.com","isPartOf":{"@id":"https:\/\/www.versiegelung24.com\/tr\/#website"},"primaryImageOfPage":{"@id":"https:\/\/www.versiegelung24.com\/tr\/oernek-cati-sizdirmazligi.html#primaryimage"},"image":{"@id":"https:\/\/www.versiegelung24.com\/tr\/oernek-cati-sizdirmazligi.html#primaryimage"},"thumbnailUrl":"https:\/\/www.versiegelung24.com\/wp-content\/uploads\/2020\/04\/versiegelung-muster.png","datePublished":"2020-06-24T09:25:31+00:00","dateModified":"2025-01-03T23:30:40+00:00","breadcrumb":{"@id":"https:\/\/www.versiegelung24.com\/tr\/oernek-cati-sizdirmazligi.html#breadcrumb"},"inLanguage":"tr","potentialAction":[{"@type":"ReadAction","target":["https:\/\/www.versiegelung24.com\/tr\/oernek-cati-sizdirmazligi.html"]}]},{"@type":"ImageObject","inLanguage":"tr","@id":"https:\/\/www.versiegelung24.com\/tr\/oernek-cati-sizdirmazligi.html#primaryimage","url":"https:\/\/www.versiegelung24.com\/wp-content\/uploads\/2020\/04\/versiegelung-muster.png","contentUrl":"https:\/\/www.versiegelung24.com\/wp-content\/uploads\/2020\/04\/versiegelung-muster.png","width":1000,"height":1000},{"@type":"BreadcrumbList","@id":"https:\/\/www.versiegelung24.com\/tr\/oernek-cati-sizdirmazligi.html#breadcrumb","itemListElement":[{"@type":"ListItem","position":1,"name":"Anasayfa","item":"https:\/\/www.versiegelung24.com\/tr\/on\/"},{"@type":"ListItem","position":2,"name":"Ma\u011faza","item":"https:\/\/www.versiegelung24.com\/tr\/magaza\/"},{"@type":"ListItem","position":3,"name":"\u00d6rnek: \u00c7at\u0131 yal\u0131t\u0131m\u0131 &#8211; 3002-7620"}]},{"@type":"WebSite","@id":"https:\/\/www.versiegelung24.com\/tr\/#website","url":"https:\/\/www.versiegelung24.com\/tr\/","name":"versiegelung24.com","description":"Fl\u00fcssigglas-Versiegelung - Made in Germany","publisher":{"@id":"https:\/\/www.versiegelung24.com\/tr\/#organization"},"potentialAction":[{"@type":"SearchAction","target":{"@type":"EntryPoint","urlTemplate":"https:\/\/www.versiegelung24.com\/tr\/?s={search_term_string}"},"query-input":{"@type":"PropertyValueSpecification","valueRequired":true,"valueName":"search_term_string"}}],"inLanguage":"tr"},{"@type":"Organization","@id":"https:\/\/www.versiegelung24.com\/tr\/#organization","name":"versiegelung24","url":"https:\/\/www.versiegelung24.com\/tr\/","logo":{"@type":"ImageObject","inLanguage":"tr","@id":"https:\/\/www.versiegelung24.com\/tr\/#\/schema\/logo\/image\/","url":"https:\/\/www.versiegelung24.com\/wp-content\/uploads\/2020\/04\/versiegelung24.png","contentUrl":"https:\/\/www.versiegelung24.com\/wp-content\/uploads\/2020\/04\/versiegelung24.png","width":470,"height":102,"caption":"versiegelung24"},"image":{"@id":"https:\/\/www.versiegelung24.com\/tr\/#\/schema\/logo\/image\/"}}]},"product_price_amount":"14.99","product_price_currency":"EUR","og_availability":"instock","product_availability":"instock","product_retailer_item_id":"3002-7620-muster","product_condition":"new"},"_links":{"self":[{"href":"https:\/\/www.versiegelung24.com\/tr\/wp-json\/wp\/v2\/product\/24589","targetHints":{"allow":["GET"]}}],"collection":[{"href":"https:\/\/www.versiegelung24.com\/tr\/wp-json\/wp\/v2\/product"}],"about":[{"href":"https:\/\/www.versiegelung24.com\/tr\/wp-json\/wp\/v2\/types\/product"}],"version-history":[{"count":2,"href":"https:\/\/www.versiegelung24.com\/tr\/wp-json\/wp\/v2\/product\/24589\/revisions"}],"predecessor-version":[{"id":140942,"href":"https:\/\/www.versiegelung24.com\/tr\/wp-json\/wp\/v2\/product\/24589\/revisions\/140942"}],"wp:featuredmedia":[{"embeddable":true,"href":"https:\/\/www.versiegelung24.com\/tr\/wp-json\/wp\/v2\/media\/14623"}],"wp:attachment":[{"href":"https:\/\/www.versiegelung24.com\/tr\/wp-json\/wp\/v2\/media?parent=24589"}],"wp:term":[{"taxonomy":"product_brand","embeddable":true,"href":"https:\/\/www.versiegelung24.com\/tr\/wp-json\/wp\/v2\/product_brand?post=24589"},{"taxonomy":"product_cat","embeddable":true,"href":"https:\/\/www.versiegelung24.com\/tr\/wp-json\/wp\/v2\/product_cat?post=24589"},{"taxonomy":"product_tag","embeddable":true,"href":"https:\/\/www.versiegelung24.com\/tr\/wp-json\/wp\/v2\/product_tag?post=24589"}],"curies":[{"name":"wp","href":"https:\/\/api.w.org\/{rel}","templated":true}]}}