{"id":24636,"date":"2020-04-27T22:20:08","date_gmt":"2021-08-02T20:52:45","guid":{"rendered":"https:\/\/www.versiegelung24.com\/produkt\/wb-rapid-on-derin-parlak-araba-boyasi-mastigi-ve-sonlandirici"},"modified":"2025-01-04T00:04:28","modified_gmt":"2025-01-03T23:04:28","slug":"wb-hizli-on-derin-parlak-otomatik-sizdirmaz-sonlandirici","status":"publish","type":"product","link":"https:\/\/www.versiegelung24.com\/tr\/wb-rapid-on-derin-parlak-araba-boyasi-mastigi-ve-sonlandirici.html","title":{"rendered":"WB Rapid On &#8211; derin parlak araba boyas\u0131 masti\u011fi ve sonland\u0131r\u0131c\u0131"},"content":{"rendered":"\n<p><strong>WB Rapid On: Otomobil boyas\u0131 i\u00e7in ideal, birinci s\u0131n\u0131f derin parlakl\u0131k veren dolgu macunu ve son kat boya &#8211; <\/strong><strong><em>su bazl\u0131 &#8211; h\u0131zl\u0131 a\u00e7\u0131l\u0131r<\/em><\/strong><\/p>\n\n<p>i\u00e7in bir &#8220;biti\u015f&#8221; olarak uygulanabilir<a href=\"https:\/\/www.versiegelung24.com\/muster-permanent-protector\/\"> Kal\u0131c\u0131 Koruyucu \u00fcst d\u00fczey seramik kaplama<\/a> veya<a href=\"https:\/\/www.versiegelung24.com\/autolack-spezial-politur-versiegelung-2in1\/\"> Araba boyas\u0131 \u00f6zel cila ve s\u0131zd\u0131rmazl\u0131k 2in1<\/a> .<\/p>\n\n<p>\u00dcr\u00fcn numaras\u0131: 5002-7654<\/p>\n\n<p>Almanya&#8217;da yap\u0131lan y\u00fcksek kalite<\/p>\n\n<p><strong>V24 WB Rapid On &#8211; derin parlak araba boyas\u0131 dolgu macunu ve sonland\u0131r\u0131c\u0131<\/strong> Milyarlarca minik silikon molek\u00fcl\u00fcn\u00fcn elektrostatik olarak ba\u011flanmas\u0131yla y\u00fczeyde ultra ince bir tabaka olu\u015fturur; bu, birbirine ve y\u00fczeye ba\u011flanan minik m\u0131knat\u0131slar\u0131n etkisiyle kar\u015f\u0131la\u015ft\u0131r\u0131labilir. Sonu\u00e7 olarak, mikroskobik g\u00f6zenekler ve k\u0131lcal damarlar kapat\u0131l\u0131r ve kir par\u00e7ac\u0131klar\u0131 ve di\u011fer kirlilikler art\u0131k \u00e7ok daha p\u00fcr\u00fczs\u00fcz olan katmana yap\u0131\u015famaz. Bu, y\u00fczeylerin temizlenmesini (\u201ckolay temizlenebilir\u201d), su tutmaz (hidrofobik) ve y\u00fcksek parlakl\u0131k efektini \u00e7ok daha kolay hale getirir.<\/p>\n\n<hr\/>\n\n<h4 class=\"wp-block-heading\" id=\"properties\">\u00dcr\u00fcn \u00f6zellikleri<\/h4>\n\n<div class=\"wp-block-columns is-layout-flex wp-container-core-columns-is-layout-9d6595d7 wp-block-columns-is-layout-flex\">\n<div class=\"wp-block-column is-layout-flow wp-block-column-is-layout-flow\">\n<ul class=\"wp-block-list\">\n<li>Y\u00fcksek parlakl\u0131k etkisi<\/li>\n\n\n\n<li>Uzun s\u00fcreli kapat\u0131c\u0131lar\u0131m\u0131z i\u00e7in derin parlak sonland\u0131r\u0131c\u0131 olarak birle\u015ftirilebilir<\/li>\n\n\n\n<li>\u00d6rne\u011fin ku\u015f pisli\u011fi, b\u00f6cek ve di\u011fer agresif lekelerden kaynaklanan kir yap\u0131\u015fmas\u0131 i\u00e7in m\u00fckemmel temizleme etkisi, y\u00fczeyler \u00e7ok daha yava\u015f kirlenir<\/li>\n\n\n\n<li>G\u00fc\u00e7l\u00fc hidrofobik etki (su iticilik)<\/li>\n\n\n\n<li>SiO\u00b2 nano teknolojisi<\/li>\n\n\n\n<li>Su bazl\u0131, solventsiz ve kokusuz<\/li>\n\n\n\n<li>Temizlik maddelerine kar\u015f\u0131 kimyasallara dayan\u0131kl\u0131 (pH 10&#8217;a kadar)<\/li>\n\n\n\n<li>Basit uygulama<\/li>\n\n\n\n<li>Balmumu veya silikon ya\u011f\u0131 bazl\u0131 m\u00fcstahzarlardan daha kararl\u0131 ba\u011flant\u0131<\/li>\n\n\n\n<li>UV kararl\u0131 \/ dona dayan\u0131kl\u0131 \/ tuzlu suya dayan\u0131kl\u0131 \/ g\u00f6r\u00fcnmez (katman kal\u0131nl\u0131\u011f\u0131: 40-50nm)<\/li>\n\n\n\n<li>Uzat\u0131lm\u0131\u015f temizleme d\u00f6ng\u00fcleri sayesinde maliyet, zaman ve enerji tasarrufu<\/li>\n<\/ul>\n<\/div>\n\n\n\n<div class=\"wp-block-column is-layout-flow wp-block-column-is-layout-flow\">\n<ul id=\"block-cb512caf-6c3b-4dfc-8f82-809b2295b24e\" class=\"wp-block-list\">\n<li>Toksik olmayan ve yan\u0131c\u0131 olmayan<\/li>\n\n\n\n<li>Raf \u00f6mr\u00fc: 3 &#8211; 6 ay (kullan\u0131ma ba\u011fl\u0131 olarak)<\/li>\n\n\n\n<li>\u0130peksi p\u00fcr\u00fczs\u00fcz y\u00fczey, \u00e7ok iyi his<\/li>\n\n\n\n<li>Neredeyse t\u00fcm asitlere, solventlere ve alkali ev temizleyicilerine kar\u015f\u0131 dayan\u0131kl\u0131d\u0131r<\/li>\n\n\n\n<li>Balmumlar\u0131ndan veya silikon ya\u011f\u0131 bazl\u0131 \u00fcr\u00fcnlerden \u00e7ok daha kararl\u0131<\/li>\n\n\n\n<li>Kolayca biyolojik olarak par\u00e7alanabilir (OECD kriterlerine g\u00f6re)<\/li>\n\n\n\n<li>R\u00fczgarla ta\u015f\u0131nan partik\u00fcllere kar\u015f\u0131 y\u00fcksek a\u015f\u0131nma direnci<\/li>\n\n\n\n<li>-40 ila + 200 \u00b0 C s\u0131cakl\u0131\u011fa dayan\u0131kl\u0131<\/li>\n\n\n\n<li>1-10 aras\u0131 ph diren\u00e7li<\/li>\n\n\n\n<li>ISO 10993-5 + 12&#8217;ye g\u00f6re sitotoksik de\u011fil<\/li>\n\n\n\n<li>Yo\u011funluk yakla\u015f\u0131k 1.00 g \/ cm\u00b3<\/li>\n\n\n\n<li>Katman\u0131n kal\u0131nl\u0131\u011f\u0131: yakla\u015f\u0131k 40-50nm<\/li>\n\n\n\n<li>VOC i\u00e7ermez (tehlikeli madde i\u00e7ermez)<\/li>\n\n\n\n<li>G\u00fc\u00e7l\u00fc yap\u0131\u015fmazl\u0131k \u00f6zelli\u011fi (y\u00fczeyler \u00e7ok daha yava\u015f kirlenir)<\/li>\n<\/ul>\n<\/div>\n<\/div>\n\n<div class=\"wp-block-columns is-layout-flex wp-container-core-columns-is-layout-9d6595d7 wp-block-columns-is-layout-flex\">\n<div class=\"wp-block-column is-layout-flow wp-block-column-is-layout-flow\">\n<p><br\/><br\/><br\/><br\/><br\/><br\/>K<strong>\u0131sa \u00f6zellikler<\/strong> Uygulama s\u0131cakl\u0131\u011f\u0131: 0 &#8211; 45\u00b0C Litre ba\u015f\u0131na m\u00b2: 100m\u00b2 Dolgu macununun raf \u00f6mr\u00fc: 3-6 ay S\u0131v\u0131n\u0131n raf \u00f6mr\u00fc: 1 y\u0131la kadar Depolama s\u0131cakl\u0131\u011f\u0131: 0 &#8211; 30\u00b0C (g\u00fcne\u015f \u0131\u015f\u0131\u011f\u0131ndan korunmu\u015f) K\u00fcrlenme s\u00fcresi: 5 dakika, y\u00fczey hemen kullan\u0131labilir<\/p>\n\n\n\n<p><br\/><br\/>T<strong>eslimat kapsam\u0131<\/strong>: 1 x litrelik \u015fi\u015fe 1 x \u00fcr\u00fcn a\u00e7\u0131klamas\u0131<\/p>\n<\/div>\n\n\n\n<div class=\"wp-block-column is-layout-flow wp-block-column-is-layout-flow\">\n<p><br\/><br\/><br\/><br\/>T<strong>estler<\/strong> SMI Testi Sandvi\u00e7 Korozyon Testi, ASTM F 1110&#8217;a g\u00f6re Akrilik \u00c7atlama Testi, ASTM F 484&#8217;e g\u00f6re C Tipi Boya Yumu\u015fama Testi, ASTM F 502&#8217;ye g\u00f6re Hidrojen K\u0131r\u0131lganl\u0131k Testi, ASTM F 519-93&#8217;e g\u00f6re<\/p>\n\n\n\n<p><br\/>Boeing sertifikal\u0131 DuPont\u2122 Marine Finishes:<strong>WB Rapid On &#8211; Deep Gloss Sealer &amp; Finisher<\/strong>, DuPont\u2122 Marine Finishes Topgloss SF ve DP6940 Imron\u00ae Super Flow HS Clear Coat \u00fczerinde yat testine tabi tutulmu\u015ftur. Kaplamalar \u00fczerinde herhangi bir olumsuz etki g\u00f6zlemlenmemi\u015ftir.<\/p>\n\n\n\n<p>G\u00fcmr\u00fck tarife numaras\u0131: 3402 9090, tehlikeli mal yok (NDG)<\/p>\n<\/div>\n<\/div>\n\n<hr\/>\n\n<h4 class=\"wp-block-heading\" id=\"application\">Uygulama<\/h4>\n\n<p><strong>V24 WB Rapid On &#8211; derin parlak araba boyas\u0131 dolgu macunu ve sonland\u0131r\u0131c\u0131<\/strong> optimal olarak uygulanabilir<strong> :<\/strong><\/p>\n\n<p><br\/><br\/>&#8211; Araba boyas\u0131 (tek ba\u015f\u0131na dolgu macunu olarak veya 640 ve 660 dolgu macunlar\u0131m\u0131z\u0131n \u00fczerine &#8220;son kat&#8221; olarak, bir litre ile yakla\u015f\u0131k 8-10 arabay\u0131 kapatabilirsiniz) &#8211; Tekneler &#8211; Evlerde, \u00f6rn.<br\/><br\/><br\/><br\/><br\/><br\/><br\/>du\u015f kabinleri, pencereler ve kap\u0131 \u00e7er\u00e7eveleri i\u00e7in &#8211; paslanmaz \u00e7elik y\u00fczeyler &#8211; boyal\u0131 ve metalik y\u00fczeyler &#8211; cam &#8211; sentetik malzemeler &#8211; kau\u00e7uk &#8211; krom &#8211; siperlikler (kayak ve motosiklet siperlikleri, \u00f6zellikle solvent bazl\u0131 dolgu macunlar\u0131ndan ka\u00e7\u0131n\u0131lmas\u0131 gerekiyorsa)<\/p>\n","protected":false},"excerpt":{"rendered":"<p><strong>Premium derin parlak kapat\u0131c\u0131 ve sonland\u0131r\u0131c\u0131<\/strong><\/p>\n<p>\u2713 araba boyalar\u0131 i\u00e7in ideal<\/p>\n<p><em>\u2713<\/em> <em>su bazl\u0131 &#8211; h\u0131zl\u0131<\/em><\/p>\n","protected":false},"featured_media":18417,"template":"","meta":{"_acf_changed":false,"neve_meta_sidebar":"","neve_meta_container":"","neve_meta_enable_content_width":"","neve_meta_content_width":0,"neve_meta_title_alignment":"","neve_meta_author_avatar":"","neve_post_elements_order":"","neve_meta_disable_header":"","neve_meta_disable_footer":"","neve_meta_disable_title":"","neve_meta_reading_time":"","_surfaces":[],"_ver_product_tabs":[],"footnotes":""},"product_brand":[],"product_cat":[2228],"product_tag":[],"class_list":{"0":"post-24636","1":"product","2":"type-product","3":"status-publish","4":"has-post-thumbnail","6":"product_cat-araba-sizdirmazlik","8":"first","9":"instock","10":"taxable","11":"shipping-taxable","12":"purchasable","13":"product-type-simple"},"acf":[],"yoast_head":"<!-- This site is optimized with the Yoast SEO Premium plugin v22.8 (Yoast SEO v27.5) - https:\/\/yoast.com\/product\/yoast-seo-premium-wordpress\/ -->\n<title>WB Rapid On - derin parlak araba boyas\u0131 masti\u011fi ve sonland\u0131r\u0131c\u0131 - versiegelung24.com<\/title>\n<meta name=\"robots\" content=\"index, follow, max-snippet:-1, max-image-preview:large, max-video-preview:-1\" \/>\n<link rel=\"canonical\" href=\"https:\/\/www.versiegelung24.com\/tr\/wb-rapid-on-derin-parlak-araba-boyasi-mastigi-ve-sonlandirici.html\" \/>\n<meta property=\"og:locale\" content=\"tr_TR\" \/>\n<meta property=\"og:type\" content=\"article\" \/>\n<meta property=\"og:title\" content=\"WB Rapid On - derin parlak araba boyas\u0131 masti\u011fi ve sonland\u0131r\u0131c\u0131\" \/>\n<meta property=\"og:description\" content=\"Premium derin parlak kapat\u0131c\u0131 ve sonland\u0131r\u0131c\u0131 \u2713 araba boyalar\u0131 i\u00e7in ideal \u2713 su bazl\u0131 - h\u0131zl\u0131\" \/>\n<meta property=\"og:url\" content=\"https:\/\/www.versiegelung24.com\/tr\/wb-rapid-on-derin-parlak-araba-boyasi-mastigi-ve-sonlandirici.html\" \/>\n<meta property=\"og:site_name\" content=\"versiegelung24.com\" \/>\n<meta property=\"article:modified_time\" content=\"2025-01-03T23:04:28+00:00\" \/>\n<meta property=\"og:image\" content=\"https:\/\/www.versiegelung24.com\/wp-content\/uploads\/2020\/06\/produkt-5002-7654-1000-WB-Rapid-On-scaled.jpg\" \/>\n\t<meta property=\"og:image:width\" content=\"2560\" \/>\n\t<meta property=\"og:image:height\" content=\"2560\" \/>\n\t<meta property=\"og:image:type\" content=\"image\/jpeg\" \/>\n<meta name=\"twitter:card\" content=\"summary_large_image\" \/>\n<meta name=\"twitter:label1\" content=\"Fiyat\" \/>\n\t<meta name=\"twitter:data1\" content=\"69,00&euro;\" \/>\n\t<meta name=\"twitter:label2\" content=\"Durumu\" \/>\n\t<meta name=\"twitter:data2\" content=\"Stokta var\" \/>\n<script type=\"application\/ld+json\" class=\"yoast-schema-graph\">{\"@context\":\"https:\\\/\\\/schema.org\",\"@graph\":[{\"@type\":\"WebPage\",\"@id\":\"https:\\\/\\\/www.versiegelung24.com\\\/tr\\\/wb-rapid-on-derin-parlak-araba-boyasi-mastigi-ve-sonlandirici.html\",\"url\":\"https:\\\/\\\/www.versiegelung24.com\\\/tr\\\/wb-rapid-on-derin-parlak-araba-boyasi-mastigi-ve-sonlandirici.html\",\"name\":\"WB Rapid On - derin parlak araba boyas\u0131 masti\u011fi ve sonland\u0131r\u0131c\u0131 - versiegelung24.com\",\"isPartOf\":{\"@id\":\"https:\\\/\\\/www.versiegelung24.com\\\/tr\\\/#website\"},\"primaryImageOfPage\":{\"@id\":\"https:\\\/\\\/www.versiegelung24.com\\\/tr\\\/wb-rapid-on-derin-parlak-araba-boyasi-mastigi-ve-sonlandirici.html#primaryimage\"},\"image\":{\"@id\":\"https:\\\/\\\/www.versiegelung24.com\\\/tr\\\/wb-rapid-on-derin-parlak-araba-boyasi-mastigi-ve-sonlandirici.html#primaryimage\"},\"thumbnailUrl\":\"https:\\\/\\\/www.versiegelung24.com\\\/wp-content\\\/uploads\\\/2020\\\/06\\\/produkt-5002-7654-1000-WB-Rapid-On-scaled.jpg\",\"datePublished\":\"2021-08-02T20:52:45+00:00\",\"dateModified\":\"2025-01-03T23:04:28+00:00\",\"breadcrumb\":{\"@id\":\"https:\\\/\\\/www.versiegelung24.com\\\/tr\\\/wb-rapid-on-derin-parlak-araba-boyasi-mastigi-ve-sonlandirici.html#breadcrumb\"},\"inLanguage\":\"tr\",\"potentialAction\":[{\"@type\":\"ReadAction\",\"target\":[\"https:\\\/\\\/www.versiegelung24.com\\\/tr\\\/wb-rapid-on-derin-parlak-araba-boyasi-mastigi-ve-sonlandirici.html\"]}]},{\"@type\":\"ImageObject\",\"inLanguage\":\"tr\",\"@id\":\"https:\\\/\\\/www.versiegelung24.com\\\/tr\\\/wb-rapid-on-derin-parlak-araba-boyasi-mastigi-ve-sonlandirici.html#primaryimage\",\"url\":\"https:\\\/\\\/www.versiegelung24.com\\\/wp-content\\\/uploads\\\/2020\\\/06\\\/produkt-5002-7654-1000-WB-Rapid-On-scaled.jpg\",\"contentUrl\":\"https:\\\/\\\/www.versiegelung24.com\\\/wp-content\\\/uploads\\\/2020\\\/06\\\/produkt-5002-7654-1000-WB-Rapid-On-scaled.jpg\",\"width\":2560,\"height\":2560},{\"@type\":\"BreadcrumbList\",\"@id\":\"https:\\\/\\\/www.versiegelung24.com\\\/tr\\\/wb-rapid-on-derin-parlak-araba-boyasi-mastigi-ve-sonlandirici.html#breadcrumb\",\"itemListElement\":[{\"@type\":\"ListItem\",\"position\":1,\"name\":\"Anasayfa\",\"item\":\"https:\\\/\\\/www.versiegelung24.com\\\/tr\\\/on\\\/\"},{\"@type\":\"ListItem\",\"position\":2,\"name\":\"Ma\u011faza\",\"item\":\"https:\\\/\\\/www.versiegelung24.com\\\/tr\\\/magaza\\\/\"},{\"@type\":\"ListItem\",\"position\":3,\"name\":\"WB Rapid On &#8211; derin parlak araba boyas\u0131 masti\u011fi ve sonland\u0131r\u0131c\u0131\"}]},{\"@type\":\"WebSite\",\"@id\":\"https:\\\/\\\/www.versiegelung24.com\\\/tr\\\/#website\",\"url\":\"https:\\\/\\\/www.versiegelung24.com\\\/tr\\\/\",\"name\":\"versiegelung24.com\",\"description\":\"Fl\u00fcssigglas-Versiegelung - Made in Germany\",\"publisher\":{\"@id\":\"https:\\\/\\\/www.versiegelung24.com\\\/tr\\\/#organization\"},\"potentialAction\":[{\"@type\":\"SearchAction\",\"target\":{\"@type\":\"EntryPoint\",\"urlTemplate\":\"https:\\\/\\\/www.versiegelung24.com\\\/tr\\\/?s={search_term_string}\"},\"query-input\":{\"@type\":\"PropertyValueSpecification\",\"valueRequired\":true,\"valueName\":\"search_term_string\"}}],\"inLanguage\":\"tr\"},{\"@type\":\"Organization\",\"@id\":\"https:\\\/\\\/www.versiegelung24.com\\\/tr\\\/#organization\",\"name\":\"versiegelung24\",\"url\":\"https:\\\/\\\/www.versiegelung24.com\\\/tr\\\/\",\"logo\":{\"@type\":\"ImageObject\",\"inLanguage\":\"tr\",\"@id\":\"https:\\\/\\\/www.versiegelung24.com\\\/tr\\\/#\\\/schema\\\/logo\\\/image\\\/\",\"url\":\"https:\\\/\\\/www.versiegelung24.com\\\/wp-content\\\/uploads\\\/2020\\\/04\\\/versiegelung24.png\",\"contentUrl\":\"https:\\\/\\\/www.versiegelung24.com\\\/wp-content\\\/uploads\\\/2020\\\/04\\\/versiegelung24.png\",\"width\":470,\"height\":102,\"caption\":\"versiegelung24\"},\"image\":{\"@id\":\"https:\\\/\\\/www.versiegelung24.com\\\/tr\\\/#\\\/schema\\\/logo\\\/image\\\/\"}}]}<\/script>\n<meta property=\"product:price:amount\" content=\"69.00\" \/>\n<meta property=\"product:price:currency\" content=\"EUR\" \/>\n<meta property=\"og:availability\" content=\"instock\" \/>\n<meta property=\"product:availability\" content=\"instock\" \/>\n<meta property=\"product:retailer_item_id\" content=\"5002-7654-1000\" \/>\n<meta property=\"product:condition\" content=\"new\" \/>\n<!-- \/ Yoast SEO Premium plugin. -->","yoast_head_json":{"title":"WB Rapid On - derin parlak araba boyas\u0131 masti\u011fi ve sonland\u0131r\u0131c\u0131 - versiegelung24.com","robots":{"index":"index","follow":"follow","max-snippet":"max-snippet:-1","max-image-preview":"max-image-preview:large","max-video-preview":"max-video-preview:-1"},"canonical":"https:\/\/www.versiegelung24.com\/tr\/wb-rapid-on-derin-parlak-araba-boyasi-mastigi-ve-sonlandirici.html","og_locale":"tr_TR","og_type":"article","og_title":"WB Rapid On - derin parlak araba boyas\u0131 masti\u011fi ve sonland\u0131r\u0131c\u0131","og_description":"Premium derin parlak kapat\u0131c\u0131 ve sonland\u0131r\u0131c\u0131 \u2713 araba boyalar\u0131 i\u00e7in ideal \u2713 su bazl\u0131 - h\u0131zl\u0131","og_url":"https:\/\/www.versiegelung24.com\/tr\/wb-rapid-on-derin-parlak-araba-boyasi-mastigi-ve-sonlandirici.html","og_site_name":"versiegelung24.com","article_modified_time":"2025-01-03T23:04:28+00:00","og_image":[{"width":2560,"height":2560,"url":"https:\/\/www.versiegelung24.com\/wp-content\/uploads\/2020\/06\/produkt-5002-7654-1000-WB-Rapid-On-scaled.jpg","type":"image\/jpeg"}],"twitter_card":"summary_large_image","twitter_misc":{"Fiyat":"69,00&euro;","Durumu":"Stokta var"},"schema":{"@context":"https:\/\/schema.org","@graph":[{"@type":"WebPage","@id":"https:\/\/www.versiegelung24.com\/tr\/wb-rapid-on-derin-parlak-araba-boyasi-mastigi-ve-sonlandirici.html","url":"https:\/\/www.versiegelung24.com\/tr\/wb-rapid-on-derin-parlak-araba-boyasi-mastigi-ve-sonlandirici.html","name":"WB Rapid On - derin parlak araba boyas\u0131 masti\u011fi ve sonland\u0131r\u0131c\u0131 - versiegelung24.com","isPartOf":{"@id":"https:\/\/www.versiegelung24.com\/tr\/#website"},"primaryImageOfPage":{"@id":"https:\/\/www.versiegelung24.com\/tr\/wb-rapid-on-derin-parlak-araba-boyasi-mastigi-ve-sonlandirici.html#primaryimage"},"image":{"@id":"https:\/\/www.versiegelung24.com\/tr\/wb-rapid-on-derin-parlak-araba-boyasi-mastigi-ve-sonlandirici.html#primaryimage"},"thumbnailUrl":"https:\/\/www.versiegelung24.com\/wp-content\/uploads\/2020\/06\/produkt-5002-7654-1000-WB-Rapid-On-scaled.jpg","datePublished":"2021-08-02T20:52:45+00:00","dateModified":"2025-01-03T23:04:28+00:00","breadcrumb":{"@id":"https:\/\/www.versiegelung24.com\/tr\/wb-rapid-on-derin-parlak-araba-boyasi-mastigi-ve-sonlandirici.html#breadcrumb"},"inLanguage":"tr","potentialAction":[{"@type":"ReadAction","target":["https:\/\/www.versiegelung24.com\/tr\/wb-rapid-on-derin-parlak-araba-boyasi-mastigi-ve-sonlandirici.html"]}]},{"@type":"ImageObject","inLanguage":"tr","@id":"https:\/\/www.versiegelung24.com\/tr\/wb-rapid-on-derin-parlak-araba-boyasi-mastigi-ve-sonlandirici.html#primaryimage","url":"https:\/\/www.versiegelung24.com\/wp-content\/uploads\/2020\/06\/produkt-5002-7654-1000-WB-Rapid-On-scaled.jpg","contentUrl":"https:\/\/www.versiegelung24.com\/wp-content\/uploads\/2020\/06\/produkt-5002-7654-1000-WB-Rapid-On-scaled.jpg","width":2560,"height":2560},{"@type":"BreadcrumbList","@id":"https:\/\/www.versiegelung24.com\/tr\/wb-rapid-on-derin-parlak-araba-boyasi-mastigi-ve-sonlandirici.html#breadcrumb","itemListElement":[{"@type":"ListItem","position":1,"name":"Anasayfa","item":"https:\/\/www.versiegelung24.com\/tr\/on\/"},{"@type":"ListItem","position":2,"name":"Ma\u011faza","item":"https:\/\/www.versiegelung24.com\/tr\/magaza\/"},{"@type":"ListItem","position":3,"name":"WB Rapid On &#8211; derin parlak araba boyas\u0131 masti\u011fi ve sonland\u0131r\u0131c\u0131"}]},{"@type":"WebSite","@id":"https:\/\/www.versiegelung24.com\/tr\/#website","url":"https:\/\/www.versiegelung24.com\/tr\/","name":"versiegelung24.com","description":"Fl\u00fcssigglas-Versiegelung - Made in Germany","publisher":{"@id":"https:\/\/www.versiegelung24.com\/tr\/#organization"},"potentialAction":[{"@type":"SearchAction","target":{"@type":"EntryPoint","urlTemplate":"https:\/\/www.versiegelung24.com\/tr\/?s={search_term_string}"},"query-input":{"@type":"PropertyValueSpecification","valueRequired":true,"valueName":"search_term_string"}}],"inLanguage":"tr"},{"@type":"Organization","@id":"https:\/\/www.versiegelung24.com\/tr\/#organization","name":"versiegelung24","url":"https:\/\/www.versiegelung24.com\/tr\/","logo":{"@type":"ImageObject","inLanguage":"tr","@id":"https:\/\/www.versiegelung24.com\/tr\/#\/schema\/logo\/image\/","url":"https:\/\/www.versiegelung24.com\/wp-content\/uploads\/2020\/04\/versiegelung24.png","contentUrl":"https:\/\/www.versiegelung24.com\/wp-content\/uploads\/2020\/04\/versiegelung24.png","width":470,"height":102,"caption":"versiegelung24"},"image":{"@id":"https:\/\/www.versiegelung24.com\/tr\/#\/schema\/logo\/image\/"}}]},"product_price_amount":"69.00","product_price_currency":"EUR","og_availability":"instock","product_availability":"instock","product_retailer_item_id":"5002-7654-1000","product_condition":"new"},"_links":{"self":[{"href":"https:\/\/www.versiegelung24.com\/tr\/wp-json\/wp\/v2\/product\/24636","targetHints":{"allow":["GET"]}}],"collection":[{"href":"https:\/\/www.versiegelung24.com\/tr\/wp-json\/wp\/v2\/product"}],"about":[{"href":"https:\/\/www.versiegelung24.com\/tr\/wp-json\/wp\/v2\/types\/product"}],"version-history":[{"count":10,"href":"https:\/\/www.versiegelung24.com\/tr\/wp-json\/wp\/v2\/product\/24636\/revisions"}],"predecessor-version":[{"id":174242,"href":"https:\/\/www.versiegelung24.com\/tr\/wp-json\/wp\/v2\/product\/24636\/revisions\/174242"}],"wp:featuredmedia":[{"embeddable":true,"href":"https:\/\/www.versiegelung24.com\/tr\/wp-json\/wp\/v2\/media\/18417"}],"wp:attachment":[{"href":"https:\/\/www.versiegelung24.com\/tr\/wp-json\/wp\/v2\/media?parent=24636"}],"wp:term":[{"taxonomy":"product_brand","embeddable":true,"href":"https:\/\/www.versiegelung24.com\/tr\/wp-json\/wp\/v2\/product_brand?post=24636"},{"taxonomy":"product_cat","embeddable":true,"href":"https:\/\/www.versiegelung24.com\/tr\/wp-json\/wp\/v2\/product_cat?post=24636"},{"taxonomy":"product_tag","embeddable":true,"href":"https:\/\/www.versiegelung24.com\/tr\/wp-json\/wp\/v2\/product_tag?post=24636"}],"curies":[{"name":"wp","href":"https:\/\/api.w.org\/{rel}","templated":true}]}}