{"id":24686,"date":"2020-04-04T18:53:45","date_gmt":"2021-08-02T20:57:54","guid":{"rendered":"https:\/\/www.versiegelung24.com\/produkt\/birinci-sinif-beton-ve-tas-sizdirmazligi-asiri-su-gecirmezlik-nefes-almaz"},"modified":"2025-01-03T23:55:35","modified_gmt":"2025-01-03T22:55:35","slug":"birinci-sinif-beton-tas-sizdirmazlik-asiri-su-itici-nefes-almaz","status":"publish","type":"product","link":"https:\/\/www.versiegelung24.com\/tr\/birinci-sinif-beton-tas-sizdirmazlik-asiri-su-itici-nefes-almaz.html","title":{"rendered":"Renk derinle\u015ftirme ile birinci s\u0131n\u0131f beton ve ta\u015f s\u0131zd\u0131rmazl\u0131k &#8211; nefes almaz"},"content":{"rendered":"\n<p>Birinci s\u0131n\u0131f beton ve ta\u015f s\u0131zd\u0131rmazl\u0131\u011f\u0131m\u0131z, y\u00fczeyleri etkili ve kal\u0131c\u0131 olarak d\u0131\u015f etkilerden korur ve s\u0131v\u0131, kat\u0131 ya\u011flar, kahve ve k\u0131rm\u0131z\u0131 \u015farab\u0131n n\u00fcfuz etmesine a\u00e7\u0131k bir \u015fekilde kar\u015f\u0131 koyar. Ek olarak, koruyucu \u015feffaf lake kaplama, i\u015flenmi\u015f y\u00fczeyi g\u00f6zle g\u00f6r\u00fcl\u00fcr \u015fekilde iyile\u015ftiren renk yo\u011funla\u015ft\u0131r\u0131c\u0131, parlak bir film b\u0131rak\u0131r.<\/p>\n\n<hr\/>\n\n<h4 class=\"wp-block-heading\" id=\"video\"><strong>Uygulama videosu &#8211; bah\u00e7edeki ta\u015f fig\u00fcrleri ve ta\u015f heykelleri \u00e7evresel etkilerden etkili bir \u015fekilde koruyun<\/strong><\/h4>\n\n<figure class=\"wp-block-embed aligncenter is-type-video is-provider-youtube wp-block-embed-youtube wp-embed-aspect-16-9 wp-has-aspect-ratio\"><div class=\"wp-block-embed__wrapper\"> \n<div class=\"nv-iframe-embed\"><iframe title=\"Steinfiguren &amp; Steinskulpturen wetterfest machen - Versiegelung \/ Impr\u00e4gnierung mit Farbvertiefung\" width=\"1200\" height=\"675\" src=\"https:\/\/www.youtube.com\/embed\/sSjv-OlqOgI?feature=oembed\" frameborder=\"0\" allow=\"accelerometer; autoplay; clipboard-write; encrypted-media; gyroscope; picture-in-picture\" allowfullscreen><\/iframe><\/div>\n <\/div><\/figure>\n\n<hr\/>\n\n<h4 class=\"wp-block-heading\" id=\"properties\">\u00dcr\u00fcn \u00f6zellikleri<\/h4>\n\n<div class=\"wp-block-columns is-layout-flex wp-container-core-columns-is-layout-9d6595d7 wp-block-columns-is-layout-flex\">\n<div class=\"wp-block-column is-layout-flow wp-block-column-is-layout-flow\">\n<p>\u2713 Suya, kire ve hava ko\u015fullar\u0131na kar\u015f\u0131 etkili kal\u0131c\u0131 y\u00fczey korumas\u0131<\/p>\n\n\n\n<p>\u2713 yosun, liken, mantar ve di\u011fer do\u011fal etkilerin b\u00fcy\u00fcmesini engeller<\/p>\n\n\n\n<p>\u2713 %100 kat\u0131 i\u00e7erikli \u015feffaf lake kaplama<\/p>\n\n\n\n<p>\u2713 SiO\u00b2 nano teknolojisi sayesinde y\u00fcksek a\u015f\u0131nma direnci<\/p>\n\n\n\n<p>\u2713 i\u015flenmi\u015f y\u00fczeyler nefes almaz<\/p>\n\n\n\n<p>\u2713 Parlak bir film \/ y\u00fczey iyile\u015ftirme ile renk derinle\u015ftirme etkisi<\/p>\n\n\n\n<p>\u2713 \u00e7ok g\u00fc\u00e7l\u00fc hidrofobiklik<\/p>\n\n\n\n<p>\u2713 S\u0131v\u0131 ve kat\u0131 ya\u011flar\u0131n, kahvenin, k\u0131rm\u0131z\u0131 \u015farab\u0131n penetrasyonunda \u00f6nemli azalma<\/p>\n\n\n\n<p>\u2713 Donmaya kar\u015f\u0131 dayan\u0131kl\u0131 (buz ve kar ona zarar vermez)<\/p>\n\n\n\n<p>\u2713 UV kararl\u0131<\/p>\n\n\n\n<p>\u2713 Kolay temizlenebilir etki: kir<\/p>\n\n\n\n<p>\u2713 1.000\u00b0C&#8217;ye kadar s\u0131cakl\u0131\u011fa dayan\u0131kl\u0131 (k\u0131sa s\u00fcreli maruz kalma ile)<\/p>\n\n\n\n<p><\/p>\n\n\n\n<p><br\/>Teslimat kapsam\u0131: 1 x litrelik \u015fi\u015fe<\/p>\n<\/div>\n\n\n\n<div class=\"wp-block-column is-layout-flow wp-block-column-is-layout-flow\">\n<p><strong>T\u00fcm emici, mineral y\u00fczeyler i\u00e7in son derece etkili, y\u00fcksek oranda su itici, a\u015f\u0131nmaya dayan\u0131kl\u0131 nano kaplama.<\/strong><\/p>\n\n\n\n<p>nefes alabilir de\u011fil<\/p>\n\n\n\n<p>\u00dcr\u00fcn numaras\u0131: 3008-704<\/p>\n\n\n\n<p>Almanya&#8217;da yap\u0131lan y\u00fcksek kalite<\/p>\n\n\n\n<p><strong>\u00fcr\u00fcn G\u00fcvenli\u011fi<\/strong><\/p>\n\n\n\n<p>\u00dcr\u00fcn\u00fcn Tehlikeli Maddeler Y\u00f6netmeli\u011fi \u00e7er\u00e7evesinde s\u0131n\u0131fland\u0131r\u0131lmas\u0131na ili\u015fkin bilgiler, g\u00fcvenlik verileri ile toksikoloji ve depolamaya ili\u015fkin veriler g\u00fcvenlik bilgi f\u00f6y\u00fcm\u00fczde yer almaktad\u0131r.<\/p>\n\n\n\n<p>Kullan\u0131rken uygun koruyucu ekipmana dikkat edin. Sipari\u015f verirken uygun solunum maskeleri ve lastik eldivenler takman\u0131z\u0131 \u00f6neririz.<\/p>\n\n\n\n<p>Ciltle temas\u0131 halinde, b\u00f6lgeleri sabun ve su ile iyice y\u0131kay\u0131n.<\/p>\n\n\n\n<p><strong>depolamak<\/strong><\/p>\n\n\n\n<p>V24 Beton ve Ta\u015f S\u0131zd\u0131rmazl\u0131k Extreme, orijinal kapal\u0131 konteynerinde +5 ile +25 \u00b0C aras\u0131ndaki depolama s\u0131cakl\u0131klar\u0131nda en az 12 ay saklanabilir.<\/p>\n\n\n\n<p>A\u00e7\u0131lm\u0131\u015f kaplar k\u0131sa s\u00fcrede kullan\u0131lmal\u0131d\u0131r.<\/p>\n\n\n\n<p>Daha uzun bir saklama s\u00fcresi, \u00fcr\u00fcn\u00fcn mutlaka kullan\u0131lamaz oldu\u011fu anlam\u0131na gelmez, ancak ama\u00e7lanan kullan\u0131m i\u00e7in istenen \u00f6zellikler kalite g\u00fcvencesi a\u00e7\u0131s\u0131ndan kontrol edilmelidir.<\/p>\n<\/div>\n<\/div>\n\n<hr\/>\n\n<h4 class=\"wp-block-heading\" id=\"application\">Uygulama<\/h4>\n\n<div class=\"wp-block-columns is-layout-flex wp-container-core-columns-is-layout-9d6595d7 wp-block-columns-is-layout-flex\">\n<div class=\"wp-block-column is-layout-flow wp-block-column-is-layout-flow\">\n<ul class=\"wp-block-list\">\n<li><strong>V24 beton ve ta\u015f s\u0131zd\u0131rmazl\u0131\u011f\u0131 a\u015f\u0131r\u0131<\/strong> kullan\u0131ma haz\u0131r olarak teslim edilir ve \u00f6nceden temizlenmi\u015f ve kurutulmu\u015f y\u00fczeye seyreltilmeden uygulan\u0131r. Uygulamaya ba\u011fl\u0131 olarak alkol ile seyreltme m\u00fcmk\u00fcnd\u00fcr.<\/li>\n<\/ul>\n\n\n\n<ul class=\"wp-block-list\">\n<li>Uygulanacak t\u00fcm y\u00fczeyler kuru ve iyi temizlenmelidir, \u00e7\u00fcnk\u00fc bu, optimum uzun vadeli ve derin etkiye sahip olan dolgu macununun derinlemesine n\u00fcfuz etmesini sa\u011flaman\u0131n tek yoludur.<\/li>\n<\/ul>\n\n\n\n<ul class=\"wp-block-list\">\n<li>Uygulamadan sonra <strong><strong>V24 beton ve ta\u015f dolgu macunu extreme<\/strong><\/strong> s\u0131v\u0131 bir film olarak birka\u00e7 saniye boyunca y\u00fczeyle temas halinde kalmal\u0131d\u0131r.<\/li>\n<\/ul>\n\n\n\n<ul class=\"wp-block-list\">\n<li>Kaplama tamamen \u00e7apraz ba\u011flan\u0131r ve 24 saat sonra k\u00fcrlenir.<\/li>\n<\/ul>\n\n\n\n<p>Ayr\u0131nt\u0131l\u0131 bir uygulama a\u00e7\u0131klamas\u0131 veri sayfam\u0131zda bulunabilir<\/p>\n<\/div>\n\n\n\n<div class=\"wp-block-column is-layout-flow wp-block-column-is-layout-flow\">\n<p>\u0130\u00e7 ve d\u0131\u015f mekanlarda t\u00fcm mineral, emici beton ve ta\u015f y\u00fczeyler i\u00e7in koruyucu \u015feffaf lake kaplama.<\/p>\n\n\n\n<p>\u2713 Beton (beton blok, beton d\u00f6\u015feme, merdivenler, garaj ve at\u00f6lye zeminleri, br\u00fct beton alanlar&#8230;)<\/p>\n\n\n\n<p>\u2713 Ta\u015f (do\u011fal ta\u015f, parke ta\u015f\u0131, granit, kum-kire\u00e7 tu\u011fla, arduvaz, duvar, araba yollar\u0131 &#8230;)<\/p>\n\n\n\n<p><strong>\u00d6nemli:<\/strong> Optimum yap\u0131\u015ft\u0131rma burada ger\u00e7ekle\u015femeyece\u011finden, d\u00fc\u015f\u00fck emicili\u011fe sahip \u00e7ok cilal\u0131 y\u00fczeylerde kullan\u0131m s\u0131n\u0131rl\u0131d\u0131r. Gerekirse y\u00fczey \u00f6nceden p\u00fcr\u00fczlendirilmeli (y\u00fczeye ba\u011fl\u0131 olarak 60-100 z\u0131mpara ka\u011f\u0131d\u0131) ve bir astar tabakas\u0131 (1\/3 alkol 2\/3 mastik) uygulanmal\u0131d\u0131r. Daha sonra yakla\u015f\u0131k 30 dakika sonra seyreltilmemi\u015f s\u0131zd\u0131rmazl\u0131k.<\/p>\n\n\n\n<p>T\u00fcketim y\u00fczeyin emicili\u011fine ba\u011fl\u0131d\u0131r yakla\u015f\u0131k 10-40m\u00b2 \/ litre.<\/p>\n<\/div>\n<\/div>\n","protected":false},"excerpt":{"rendered":"<p><strong>\u0130\u00e7 ve d\u0131\u015f mekan kullan\u0131m\u0131 i\u00e7in son derece su itici \u015feffaf kaplama<\/strong>  <\/p>\n<p>\u2713 t\u00fcm emici mineral ta\u015f ve beton y\u00fczeyler i\u00e7in<\/p>\n<p>\u2713 Kolay temizlenebilir etki: kir yap\u0131\u015fmaz ve kolayca \u00e7\u0131kar\u0131labilir<\/p>\n<p>\u2713 i\u015flenmi\u015f y\u00fczeyler nefes almaz<\/p>\n<p>\u2713 Yosun, liken, mantar ve di\u011fer do\u011fal etkilerin b\u00fcy\u00fcmesini engeller.<\/p>\n<p>\u2713 Parlak bir film \/ y\u00fczey iyile\u015ftirme ile renk derinle\u015ftirme etkisi<\/p>\n<p>\u2713 Raf \u00f6mr\u00fc: 5 y\u0131la kadar+<\/p>\n","protected":false},"featured_media":18131,"template":"","meta":{"_acf_changed":false,"neve_meta_sidebar":"","neve_meta_container":"","neve_meta_enable_content_width":"","neve_meta_content_width":0,"neve_meta_title_alignment":"","neve_meta_author_avatar":"","neve_post_elements_order":"","neve_meta_disable_header":"","neve_meta_disable_footer":"","neve_meta_disable_title":"","neve_meta_reading_time":"","_surfaces":[],"_ver_product_tabs":[],"footnotes":""},"product_brand":[],"product_cat":[2437],"product_tag":[],"class_list":{"0":"post-24686","1":"product","2":"type-product","3":"status-publish","4":"has-post-thumbnail","6":"product_cat-tas-ve-beton-sizdirmazlik","7":"pa_gebinde-1000ml-sise","8":"pa_gebinde-20l-teneke-kutu","10":"first","11":"instock","12":"taxable","13":"shipping-taxable","14":"purchasable","15":"product-type-variable","16":"has-default-attributes"},"acf":[],"yoast_head":"<!-- This site is optimized with the Yoast SEO Premium plugin v22.8 (Yoast SEO v27.5) - https:\/\/yoast.com\/product\/yoast-seo-premium-wordpress\/ -->\n<title>Renk derinle\u015ftirme ile birinci s\u0131n\u0131f beton ve ta\u015f s\u0131zd\u0131rmazl\u0131\u011f\u0131 - versiegelung24<\/title>\n<meta name=\"description\" content=\"Birinci s\u0131n\u0131f beton ve ta\u015f yal\u0131t\u0131m\u0131 - nanoteknoloji ve renk derinle\u015ftirme ile birinci s\u0131n\u0131f beton ve ta\u015f yal\u0131t\u0131m\u0131m\u0131z hakk\u0131nda daha fazla bilgi edinin\" \/>\n<meta name=\"robots\" content=\"index, follow, max-snippet:-1, max-image-preview:large, max-video-preview:-1\" \/>\n<link rel=\"canonical\" href=\"https:\/\/www.versiegelung24.com\/tr\/birinci-sinif-beton-tas-sizdirmazlik-asiri-su-itici-nefes-almaz.html\" \/>\n<meta property=\"og:locale\" content=\"tr_TR\" \/>\n<meta property=\"og:type\" content=\"article\" \/>\n<meta property=\"og:title\" content=\"Renk derinle\u015ftirme ile birinci s\u0131n\u0131f beton ve ta\u015f s\u0131zd\u0131rmazl\u0131k - nefes almaz\" \/>\n<meta property=\"og:description\" content=\"Birinci s\u0131n\u0131f beton ve ta\u015f yal\u0131t\u0131m\u0131 - nanoteknoloji ve renk derinle\u015ftirme ile birinci s\u0131n\u0131f beton ve ta\u015f yal\u0131t\u0131m\u0131m\u0131z hakk\u0131nda daha fazla bilgi edinin\" \/>\n<meta property=\"og:url\" content=\"https:\/\/www.versiegelung24.com\/tr\/birinci-sinif-beton-tas-sizdirmazlik-asiri-su-itici-nefes-almaz.html\" \/>\n<meta property=\"og:site_name\" content=\"versiegelung24.com\" \/>\n<meta property=\"article:modified_time\" content=\"2025-01-03T22:55:35+00:00\" \/>\n<meta property=\"og:image\" content=\"https:\/\/www.versiegelung24.com\/wp-content\/uploads\/2020\/06\/produkt-3008-704-1000-Beton-Stein-Versiegelung-extreme-Wasserabweisung-nicht-atmungsaktiv-scaled.jpg\" \/>\n\t<meta property=\"og:image:width\" content=\"2560\" \/>\n\t<meta property=\"og:image:height\" content=\"2560\" \/>\n\t<meta property=\"og:image:type\" content=\"image\/jpeg\" \/>\n<meta name=\"twitter:card\" content=\"summary_large_image\" \/>\n<meta name=\"twitter:label1\" content=\"Durumu\" \/>\n\t<meta name=\"twitter:data1\" content=\"Stokta var\" \/>\n<script type=\"application\/ld+json\" class=\"yoast-schema-graph\">{\"@context\":\"https:\\\/\\\/schema.org\",\"@graph\":[{\"@type\":\"WebPage\",\"@id\":\"https:\\\/\\\/www.versiegelung24.com\\\/tr\\\/birinci-sinif-beton-tas-sizdirmazlik-asiri-su-itici-nefes-almaz.html\",\"url\":\"https:\\\/\\\/www.versiegelung24.com\\\/tr\\\/birinci-sinif-beton-tas-sizdirmazlik-asiri-su-itici-nefes-almaz.html\",\"name\":\"Renk derinle\u015ftirme ile birinci s\u0131n\u0131f beton ve ta\u015f s\u0131zd\u0131rmazl\u0131\u011f\u0131 - versiegelung24\",\"isPartOf\":{\"@id\":\"https:\\\/\\\/www.versiegelung24.com\\\/tr\\\/#website\"},\"primaryImageOfPage\":{\"@id\":\"https:\\\/\\\/www.versiegelung24.com\\\/tr\\\/birinci-sinif-beton-tas-sizdirmazlik-asiri-su-itici-nefes-almaz.html#primaryimage\"},\"image\":{\"@id\":\"https:\\\/\\\/www.versiegelung24.com\\\/tr\\\/birinci-sinif-beton-tas-sizdirmazlik-asiri-su-itici-nefes-almaz.html#primaryimage\"},\"thumbnailUrl\":\"https:\\\/\\\/www.versiegelung24.com\\\/wp-content\\\/uploads\\\/2020\\\/06\\\/produkt-3008-704-1000-Beton-Stein-Versiegelung-extreme-Wasserabweisung-nicht-atmungsaktiv-scaled.jpg\",\"datePublished\":\"2021-08-02T20:57:54+00:00\",\"dateModified\":\"2025-01-03T22:55:35+00:00\",\"description\":\"Birinci s\u0131n\u0131f beton ve ta\u015f yal\u0131t\u0131m\u0131 - nanoteknoloji ve renk derinle\u015ftirme ile birinci s\u0131n\u0131f beton ve ta\u015f yal\u0131t\u0131m\u0131m\u0131z hakk\u0131nda daha fazla bilgi edinin\",\"breadcrumb\":{\"@id\":\"https:\\\/\\\/www.versiegelung24.com\\\/tr\\\/birinci-sinif-beton-tas-sizdirmazlik-asiri-su-itici-nefes-almaz.html#breadcrumb\"},\"inLanguage\":\"tr\",\"potentialAction\":[{\"@type\":\"ReadAction\",\"target\":[\"https:\\\/\\\/www.versiegelung24.com\\\/tr\\\/birinci-sinif-beton-tas-sizdirmazlik-asiri-su-itici-nefes-almaz.html\"]}]},{\"@type\":\"ImageObject\",\"inLanguage\":\"tr\",\"@id\":\"https:\\\/\\\/www.versiegelung24.com\\\/tr\\\/birinci-sinif-beton-tas-sizdirmazlik-asiri-su-itici-nefes-almaz.html#primaryimage\",\"url\":\"https:\\\/\\\/www.versiegelung24.com\\\/wp-content\\\/uploads\\\/2020\\\/06\\\/produkt-3008-704-1000-Beton-Stein-Versiegelung-extreme-Wasserabweisung-nicht-atmungsaktiv-scaled.jpg\",\"contentUrl\":\"https:\\\/\\\/www.versiegelung24.com\\\/wp-content\\\/uploads\\\/2020\\\/06\\\/produkt-3008-704-1000-Beton-Stein-Versiegelung-extreme-Wasserabweisung-nicht-atmungsaktiv-scaled.jpg\",\"width\":2560,\"height\":2560},{\"@type\":\"BreadcrumbList\",\"@id\":\"https:\\\/\\\/www.versiegelung24.com\\\/tr\\\/birinci-sinif-beton-tas-sizdirmazlik-asiri-su-itici-nefes-almaz.html#breadcrumb\",\"itemListElement\":[{\"@type\":\"ListItem\",\"position\":1,\"name\":\"Anasayfa\",\"item\":\"https:\\\/\\\/www.versiegelung24.com\\\/tr\\\/on\\\/\"},{\"@type\":\"ListItem\",\"position\":2,\"name\":\"Ma\u011faza\",\"item\":\"https:\\\/\\\/www.versiegelung24.com\\\/tr\\\/magaza\\\/\"},{\"@type\":\"ListItem\",\"position\":3,\"name\":\"Renk derinle\u015ftirme ile birinci s\u0131n\u0131f beton ve ta\u015f s\u0131zd\u0131rmazl\u0131k &#8211; nefes almaz\"}]},{\"@type\":\"WebSite\",\"@id\":\"https:\\\/\\\/www.versiegelung24.com\\\/tr\\\/#website\",\"url\":\"https:\\\/\\\/www.versiegelung24.com\\\/tr\\\/\",\"name\":\"versiegelung24.com\",\"description\":\"Fl\u00fcssigglas-Versiegelung - Made in Germany\",\"publisher\":{\"@id\":\"https:\\\/\\\/www.versiegelung24.com\\\/tr\\\/#organization\"},\"potentialAction\":[{\"@type\":\"SearchAction\",\"target\":{\"@type\":\"EntryPoint\",\"urlTemplate\":\"https:\\\/\\\/www.versiegelung24.com\\\/tr\\\/?s={search_term_string}\"},\"query-input\":{\"@type\":\"PropertyValueSpecification\",\"valueRequired\":true,\"valueName\":\"search_term_string\"}}],\"inLanguage\":\"tr\"},{\"@type\":\"Organization\",\"@id\":\"https:\\\/\\\/www.versiegelung24.com\\\/tr\\\/#organization\",\"name\":\"versiegelung24\",\"url\":\"https:\\\/\\\/www.versiegelung24.com\\\/tr\\\/\",\"logo\":{\"@type\":\"ImageObject\",\"inLanguage\":\"tr\",\"@id\":\"https:\\\/\\\/www.versiegelung24.com\\\/tr\\\/#\\\/schema\\\/logo\\\/image\\\/\",\"url\":\"https:\\\/\\\/www.versiegelung24.com\\\/wp-content\\\/uploads\\\/2020\\\/04\\\/versiegelung24.png\",\"contentUrl\":\"https:\\\/\\\/www.versiegelung24.com\\\/wp-content\\\/uploads\\\/2020\\\/04\\\/versiegelung24.png\",\"width\":470,\"height\":102,\"caption\":\"versiegelung24\"},\"image\":{\"@id\":\"https:\\\/\\\/www.versiegelung24.com\\\/tr\\\/#\\\/schema\\\/logo\\\/image\\\/\"}}]}<\/script>\n<meta property=\"og:availability\" content=\"instock\" \/>\n<meta property=\"product:availability\" content=\"instock\" \/>\n<meta property=\"product:retailer_item_id\" content=\"3008-704\" \/>\n<meta property=\"product:condition\" content=\"new\" \/>\n<!-- \/ Yoast SEO Premium plugin. -->","yoast_head_json":{"title":"Renk derinle\u015ftirme ile birinci s\u0131n\u0131f beton ve ta\u015f s\u0131zd\u0131rmazl\u0131\u011f\u0131 - versiegelung24","description":"Birinci s\u0131n\u0131f beton ve ta\u015f yal\u0131t\u0131m\u0131 - nanoteknoloji ve renk derinle\u015ftirme ile birinci s\u0131n\u0131f beton ve ta\u015f yal\u0131t\u0131m\u0131m\u0131z hakk\u0131nda daha fazla bilgi edinin","robots":{"index":"index","follow":"follow","max-snippet":"max-snippet:-1","max-image-preview":"max-image-preview:large","max-video-preview":"max-video-preview:-1"},"canonical":"https:\/\/www.versiegelung24.com\/tr\/birinci-sinif-beton-tas-sizdirmazlik-asiri-su-itici-nefes-almaz.html","og_locale":"tr_TR","og_type":"article","og_title":"Renk derinle\u015ftirme ile birinci s\u0131n\u0131f beton ve ta\u015f s\u0131zd\u0131rmazl\u0131k - nefes almaz","og_description":"Birinci s\u0131n\u0131f beton ve ta\u015f yal\u0131t\u0131m\u0131 - nanoteknoloji ve renk derinle\u015ftirme ile birinci s\u0131n\u0131f beton ve ta\u015f yal\u0131t\u0131m\u0131m\u0131z hakk\u0131nda daha fazla bilgi edinin","og_url":"https:\/\/www.versiegelung24.com\/tr\/birinci-sinif-beton-tas-sizdirmazlik-asiri-su-itici-nefes-almaz.html","og_site_name":"versiegelung24.com","article_modified_time":"2025-01-03T22:55:35+00:00","og_image":[{"width":2560,"height":2560,"url":"https:\/\/www.versiegelung24.com\/wp-content\/uploads\/2020\/06\/produkt-3008-704-1000-Beton-Stein-Versiegelung-extreme-Wasserabweisung-nicht-atmungsaktiv-scaled.jpg","type":"image\/jpeg"}],"twitter_card":"summary_large_image","twitter_misc":{"Durumu":"Stokta var"},"schema":{"@context":"https:\/\/schema.org","@graph":[{"@type":"WebPage","@id":"https:\/\/www.versiegelung24.com\/tr\/birinci-sinif-beton-tas-sizdirmazlik-asiri-su-itici-nefes-almaz.html","url":"https:\/\/www.versiegelung24.com\/tr\/birinci-sinif-beton-tas-sizdirmazlik-asiri-su-itici-nefes-almaz.html","name":"Renk derinle\u015ftirme ile birinci s\u0131n\u0131f beton ve ta\u015f s\u0131zd\u0131rmazl\u0131\u011f\u0131 - versiegelung24","isPartOf":{"@id":"https:\/\/www.versiegelung24.com\/tr\/#website"},"primaryImageOfPage":{"@id":"https:\/\/www.versiegelung24.com\/tr\/birinci-sinif-beton-tas-sizdirmazlik-asiri-su-itici-nefes-almaz.html#primaryimage"},"image":{"@id":"https:\/\/www.versiegelung24.com\/tr\/birinci-sinif-beton-tas-sizdirmazlik-asiri-su-itici-nefes-almaz.html#primaryimage"},"thumbnailUrl":"https:\/\/www.versiegelung24.com\/wp-content\/uploads\/2020\/06\/produkt-3008-704-1000-Beton-Stein-Versiegelung-extreme-Wasserabweisung-nicht-atmungsaktiv-scaled.jpg","datePublished":"2021-08-02T20:57:54+00:00","dateModified":"2025-01-03T22:55:35+00:00","description":"Birinci s\u0131n\u0131f beton ve ta\u015f yal\u0131t\u0131m\u0131 - nanoteknoloji ve renk derinle\u015ftirme ile birinci s\u0131n\u0131f beton ve ta\u015f yal\u0131t\u0131m\u0131m\u0131z hakk\u0131nda daha fazla bilgi edinin","breadcrumb":{"@id":"https:\/\/www.versiegelung24.com\/tr\/birinci-sinif-beton-tas-sizdirmazlik-asiri-su-itici-nefes-almaz.html#breadcrumb"},"inLanguage":"tr","potentialAction":[{"@type":"ReadAction","target":["https:\/\/www.versiegelung24.com\/tr\/birinci-sinif-beton-tas-sizdirmazlik-asiri-su-itici-nefes-almaz.html"]}]},{"@type":"ImageObject","inLanguage":"tr","@id":"https:\/\/www.versiegelung24.com\/tr\/birinci-sinif-beton-tas-sizdirmazlik-asiri-su-itici-nefes-almaz.html#primaryimage","url":"https:\/\/www.versiegelung24.com\/wp-content\/uploads\/2020\/06\/produkt-3008-704-1000-Beton-Stein-Versiegelung-extreme-Wasserabweisung-nicht-atmungsaktiv-scaled.jpg","contentUrl":"https:\/\/www.versiegelung24.com\/wp-content\/uploads\/2020\/06\/produkt-3008-704-1000-Beton-Stein-Versiegelung-extreme-Wasserabweisung-nicht-atmungsaktiv-scaled.jpg","width":2560,"height":2560},{"@type":"BreadcrumbList","@id":"https:\/\/www.versiegelung24.com\/tr\/birinci-sinif-beton-tas-sizdirmazlik-asiri-su-itici-nefes-almaz.html#breadcrumb","itemListElement":[{"@type":"ListItem","position":1,"name":"Anasayfa","item":"https:\/\/www.versiegelung24.com\/tr\/on\/"},{"@type":"ListItem","position":2,"name":"Ma\u011faza","item":"https:\/\/www.versiegelung24.com\/tr\/magaza\/"},{"@type":"ListItem","position":3,"name":"Renk derinle\u015ftirme ile birinci s\u0131n\u0131f beton ve ta\u015f s\u0131zd\u0131rmazl\u0131k &#8211; nefes almaz"}]},{"@type":"WebSite","@id":"https:\/\/www.versiegelung24.com\/tr\/#website","url":"https:\/\/www.versiegelung24.com\/tr\/","name":"versiegelung24.com","description":"Fl\u00fcssigglas-Versiegelung - Made in Germany","publisher":{"@id":"https:\/\/www.versiegelung24.com\/tr\/#organization"},"potentialAction":[{"@type":"SearchAction","target":{"@type":"EntryPoint","urlTemplate":"https:\/\/www.versiegelung24.com\/tr\/?s={search_term_string}"},"query-input":{"@type":"PropertyValueSpecification","valueRequired":true,"valueName":"search_term_string"}}],"inLanguage":"tr"},{"@type":"Organization","@id":"https:\/\/www.versiegelung24.com\/tr\/#organization","name":"versiegelung24","url":"https:\/\/www.versiegelung24.com\/tr\/","logo":{"@type":"ImageObject","inLanguage":"tr","@id":"https:\/\/www.versiegelung24.com\/tr\/#\/schema\/logo\/image\/","url":"https:\/\/www.versiegelung24.com\/wp-content\/uploads\/2020\/04\/versiegelung24.png","contentUrl":"https:\/\/www.versiegelung24.com\/wp-content\/uploads\/2020\/04\/versiegelung24.png","width":470,"height":102,"caption":"versiegelung24"},"image":{"@id":"https:\/\/www.versiegelung24.com\/tr\/#\/schema\/logo\/image\/"}}]},"og_availability":"instock","product_availability":"instock","product_retailer_item_id":"3008-704","product_condition":"new"},"_links":{"self":[{"href":"https:\/\/www.versiegelung24.com\/tr\/wp-json\/wp\/v2\/product\/24686","targetHints":{"allow":["GET"]}}],"collection":[{"href":"https:\/\/www.versiegelung24.com\/tr\/wp-json\/wp\/v2\/product"}],"about":[{"href":"https:\/\/www.versiegelung24.com\/tr\/wp-json\/wp\/v2\/types\/product"}],"version-history":[{"count":24,"href":"https:\/\/www.versiegelung24.com\/tr\/wp-json\/wp\/v2\/product\/24686\/revisions"}],"predecessor-version":[{"id":177035,"href":"https:\/\/www.versiegelung24.com\/tr\/wp-json\/wp\/v2\/product\/24686\/revisions\/177035"}],"wp:featuredmedia":[{"embeddable":true,"href":"https:\/\/www.versiegelung24.com\/tr\/wp-json\/wp\/v2\/media\/18131"}],"wp:attachment":[{"href":"https:\/\/www.versiegelung24.com\/tr\/wp-json\/wp\/v2\/media?parent=24686"}],"wp:term":[{"taxonomy":"product_brand","embeddable":true,"href":"https:\/\/www.versiegelung24.com\/tr\/wp-json\/wp\/v2\/product_brand?post=24686"},{"taxonomy":"product_cat","embeddable":true,"href":"https:\/\/www.versiegelung24.com\/tr\/wp-json\/wp\/v2\/product_cat?post=24686"},{"taxonomy":"product_tag","embeddable":true,"href":"https:\/\/www.versiegelung24.com\/tr\/wp-json\/wp\/v2\/product_tag?post=24686"}],"curies":[{"name":"wp","href":"https:\/\/api.w.org\/{rel}","templated":true}]}}