{"id":24962,"date":"2021-03-16T00:06:08","date_gmt":"2021-08-02T21:16:00","guid":{"rendered":"https:\/\/www.versiegelung24.com\/produkt\/pedexan-ayakkabi-dezenfeksiyonu"},"modified":"2025-01-13T16:33:04","modified_gmt":"2025-01-13T15:33:04","slug":"pedexan-ayakkabi-dezenfeksiyonu","status":"publish","type":"product","link":"https:\/\/www.versiegelung24.com\/tr\/pedexan-ayakkabi-dezenfeksiyonu.html","title":{"rendered":"Uzun s\u00fcreli etki ile Pedexan ayakkab\u0131 dezenfeksiyonu 125ml pompal\u0131 sprey \u015fi\u015fesi"},"content":{"rendered":"\n<h2 class=\"wp-block-heading\" id=\"pedexan-schuhdesinfektion-alaska-frische-fur-die-schuhe\">Pedexan ayakkab\u0131 dezenfeksiyonu &#8211; Ayakkab\u0131lar i\u00e7in Alaska tazeli\u011fi<\/h2>\n\n<p><strong>Evde veya yolda kolay kullan\u0131m i\u00e7in 125 ml pompal\u0131 sprey \u015fi\u015fesi<\/strong><\/p>\n\n<p>\u0130\u015f ayakkab\u0131s\u0131 veya g\u00fcnl\u00fck ayakkab\u0131 uzun s\u00fcre yo\u011fun olarak kullan\u0131l\u0131rsa, bakteri ve mantarlar\u0131n \u00e7o\u011falmas\u0131 i\u00e7in ideal bir ortam yarat\u0131l\u0131r ve ho\u015f olmayan kokular olu\u015fur.<\/p>\n\n<p>Taze \u00e7oraplar ve ayakkab\u0131lar\u0131 havaland\u0131r\u0131rken bile, ho\u015f olmayan koku kal\u0131r ve hatta ayaklarda k\u00f6t\u00fc enfeksiyonlara neden olabilir.<\/p>\n\n<p><strong>Pedexan<\/strong> ayakkab\u0131 dezenfeksiyonu burada yard\u0131mc\u0131 olabilir. Bakteri ve mantarlar etkin bir \u015fekilde uzakla\u015ft\u0131r\u0131l\u0131r ve uzun s\u00fcreli etki ile yenilerinin olu\u015fumu engellenir.<\/p>\n\n<p>Pedexan, Alaska kokusuyla ho\u015f bir tazelik sa\u011flar ve hatta biyouyumludur.<\/p>\n\n<hr \/>\n\n<h4 class=\"wp-block-heading\" id=\"application\">Uygulama<\/h4>\n\n<p>Uygulama \u00e7ok basit:<\/p>\n\n<p><br \/><br \/><br \/>&#8211; Ayakkab\u0131lar\u0131n i\u00e7 k\u0131sm\u0131na a\u00e7\u0131k havada p\u00fcsk\u00fcrt\u00fcn &#8211; \u0130lk uygulama i\u00e7in 5 ila 10 sprey \u00f6neririz &#8211; Pedexan ayakkab\u0131 dezenfektan\u0131 haftada 1-2 kez veya gerekti\u011finde kullan\u0131lmal\u0131d\u0131r &#8211; \u0130ste\u011fe ba\u011fl\u0131 olarak<a href=\"https:\/\/www.versiegelung24.com\/tr\/pedexan-ayakkabi-dezenfeksiyon-dolum-sisesi.html\">1 litrelik Pedexan ayakkab\u0131 dezenfektan\u0131 dolum \u015fi\u015fesi<\/a> ile yeniden doldurun<\/p>\n\n<hr \/>\n\n<h4 class=\"wp-block-heading\" id=\"advisor\">Dan\u0131\u015fman<\/h4>\n\n<p><strong>G\u00fcvenlik tavsiyesi:<\/strong><\/p>\n\n<p>Not etti\u011finizden emin olun! Tedavi s\u0131ras\u0131nda yeterli havaland\u0131rma sa\u011flay\u0131n. Son derece yan\u0131c\u0131 s\u0131v\u0131 ve buhar. Ciddi g\u00f6z tahri\u015fine neden olur. Is\u0131dan, s\u0131cak y\u00fczeylerden, k\u0131v\u0131lc\u0131mlardan, a\u00e7\u0131k alevlerden ve di\u011fer tutu\u015fturucu kaynaklardan uzak tutun. Sigara i\u00e7me. Serin, iyi havaland\u0131r\u0131lm\u0131\u015f bir yerde saklay\u0131n. T\u0131bbi tavsiye gerekiyorsa, ambalaj\u0131 veya etiketi haz\u0131r bulundurun. \u00c7ocuklar\u0131n ula\u015famayaca\u011f\u0131 yerlerde saklay\u0131n.<\/p>\n\n<p>Ayakkab\u0131lar\u0131n t\u00fcm i\u00e7 y\u00fczeylerinde kullan\u0131labilir. \u015e\u00fcpheniz varsa, Pedexan&#8217;\u0131 g\u00f6r\u00fcnmez bir yerde test edin.<\/p>\n\n<p>Sadece kapal\u0131 bir kapta saklay\u0131n. Kap ancak tamamen bo\u015fald\u0131\u011f\u0131nda geri d\u00f6n\u00fc\u015ft\u00fcr\u00fclebilir. Son kullanma tarihinden sonra kullanmay\u0131n\u0131z.<\/p>\n\n<p>Biyosit Kay\u0131t No.: N-25889<\/p>\n\n<p>\u00d6nemli: Biyosidal \u00fcr\u00fcnleri dikkatli kullan\u0131n. Kullanmadan \u00f6nce her zaman etiketi ve \u00fcr\u00fcn bilgisini okuyun.<\/p>\n","protected":false},"excerpt":{"rendered":"<p>Pedexan ayakkab\u0131 dezenfeksiyonu &#8211; Ayakkab\u0131lar i\u00e7in Alaska tazeli\u011fi Evde veya yolda kolay kullan\u0131m i\u00e7in 125 ml pompal\u0131 sprey \u015fi\u015fesi \u0130\u015f ayakkab\u0131s\u0131 veya g\u00fcnl\u00fck ayakkab\u0131 uzun s\u00fcre yo\u011fun olarak kullan\u0131l\u0131rsa, bakteri ve mantarlar\u0131n \u00e7o\u011falmas\u0131 i\u00e7in ideal bir ortam yarat\u0131l\u0131r ve ho\u015f olmayan kokular olu\u015fur. Taze \u00e7oraplar ve ayakkab\u0131lar\u0131 havaland\u0131r\u0131rken bile, ho\u015f olmayan koku kal\u0131r ve hatta&hellip;&nbsp;<a href=\"https:\/\/www.versiegelung24.com\/tr\/pedexan-ayakkabi-dezenfeksiyonu.html\" rel=\"bookmark\">Read More &raquo;<span class=\"screen-reader-text\">Uzun s\u00fcreli etki ile Pedexan ayakkab\u0131 dezenfeksiyonu 125ml pompal\u0131 sprey \u015fi\u015fesi<\/span><\/a><\/p>\n","protected":false},"featured_media":21917,"template":"","meta":{"_acf_changed":false,"neve_meta_sidebar":"","neve_meta_container":"","neve_meta_enable_content_width":"","neve_meta_content_width":0,"neve_meta_title_alignment":"","neve_meta_author_avatar":"","neve_post_elements_order":"","neve_meta_disable_header":"","neve_meta_disable_footer":"","neve_meta_disable_title":"","neve_meta_reading_time":"","_surfaces":[],"_ver_product_tabs":[],"footnotes":""},"product_brand":[],"product_cat":[2359,2891],"product_tag":[],"class_list":{"0":"post-24962","1":"product","2":"type-product","3":"status-publish","4":"has-post-thumbnail","6":"product_cat-dezenfektanlar","7":"product_cat-ayakkabi-dezenfektanlari","9":"first","10":"instock","11":"taxable","12":"shipping-taxable","13":"purchasable","14":"product-type-simple"},"acf":[],"yoast_head":"<!-- This site is optimized with the Yoast SEO Premium plugin v22.8 (Yoast SEO v27.5) - https:\/\/yoast.com\/product\/yoast-seo-premium-wordpress\/ -->\n<title>Uzun s\u00fcreli etki ile Pedexan ayakkab\u0131 dezenfeksiyonu 125ml pompal\u0131 sprey \u015fi\u015fesi - versiegelung24.com<\/title>\n<meta name=\"description\" content=\"Pedexan ayakkab\u0131 dezenfeksiyonu - ho\u015f olmayan kokulara, bakteri ve mantarlara kar\u015f\u0131 \u00e7\u00f6z\u00fcm.\" \/>\n<meta name=\"robots\" content=\"index, follow, max-snippet:-1, max-image-preview:large, max-video-preview:-1\" \/>\n<link rel=\"canonical\" href=\"https:\/\/www.versiegelung24.com\/tr\/pedexan-ayakkabi-dezenfeksiyonu.html\" \/>\n<meta property=\"og:locale\" content=\"tr_TR\" \/>\n<meta property=\"og:type\" content=\"article\" \/>\n<meta property=\"og:title\" content=\"Uzun s\u00fcreli etki ile Pedexan ayakkab\u0131 dezenfeksiyonu 125ml pompal\u0131 sprey \u015fi\u015fesi\" \/>\n<meta property=\"og:description\" content=\"Pedexan ayakkab\u0131 dezenfeksiyonu - ho\u015f olmayan kokulara, bakteri ve mantarlara kar\u015f\u0131 \u00e7\u00f6z\u00fcm.\" \/>\n<meta property=\"og:url\" content=\"https:\/\/www.versiegelung24.com\/tr\/pedexan-ayakkabi-dezenfeksiyonu.html\" \/>\n<meta property=\"og:site_name\" content=\"versiegelung24.com\" \/>\n<meta property=\"article:modified_time\" content=\"2025-01-13T15:33:04+00:00\" \/>\n<meta property=\"og:image\" content=\"https:\/\/www.versiegelung24.com\/wp-content\/uploads\/2021\/03\/pedexan-schuhdesinfektion-125ml.png\" \/>\n\t<meta property=\"og:image:width\" content=\"700\" \/>\n\t<meta property=\"og:image:height\" content=\"700\" \/>\n\t<meta property=\"og:image:type\" content=\"image\/png\" \/>\n<meta name=\"twitter:card\" content=\"summary_large_image\" \/>\n<meta name=\"twitter:label1\" content=\"Fiyat\" \/>\n\t<meta name=\"twitter:data1\" content=\"10,99&euro;\" \/>\n\t<meta name=\"twitter:label2\" content=\"Durumu\" \/>\n\t<meta name=\"twitter:data2\" content=\"Stokta var\" \/>\n<script type=\"application\/ld+json\" class=\"yoast-schema-graph\">{\"@context\":\"https:\\\/\\\/schema.org\",\"@graph\":[{\"@type\":\"WebPage\",\"@id\":\"https:\\\/\\\/www.versiegelung24.com\\\/tr\\\/pedexan-ayakkabi-dezenfeksiyonu.html\",\"url\":\"https:\\\/\\\/www.versiegelung24.com\\\/tr\\\/pedexan-ayakkabi-dezenfeksiyonu.html\",\"name\":\"Uzun s\u00fcreli etki ile Pedexan ayakkab\u0131 dezenfeksiyonu 125ml pompal\u0131 sprey \u015fi\u015fesi - versiegelung24.com\",\"isPartOf\":{\"@id\":\"https:\\\/\\\/www.versiegelung24.com\\\/tr\\\/#website\"},\"primaryImageOfPage\":{\"@id\":\"https:\\\/\\\/www.versiegelung24.com\\\/tr\\\/pedexan-ayakkabi-dezenfeksiyonu.html#primaryimage\"},\"image\":{\"@id\":\"https:\\\/\\\/www.versiegelung24.com\\\/tr\\\/pedexan-ayakkabi-dezenfeksiyonu.html#primaryimage\"},\"thumbnailUrl\":\"https:\\\/\\\/www.versiegelung24.com\\\/wp-content\\\/uploads\\\/2021\\\/03\\\/pedexan-schuhdesinfektion-125ml.png\",\"datePublished\":\"2021-08-02T21:16:00+00:00\",\"dateModified\":\"2025-01-13T15:33:04+00:00\",\"description\":\"Pedexan ayakkab\u0131 dezenfeksiyonu - ho\u015f olmayan kokulara, bakteri ve mantarlara kar\u015f\u0131 \u00e7\u00f6z\u00fcm.\",\"breadcrumb\":{\"@id\":\"https:\\\/\\\/www.versiegelung24.com\\\/tr\\\/pedexan-ayakkabi-dezenfeksiyonu.html#breadcrumb\"},\"inLanguage\":\"tr\",\"potentialAction\":[{\"@type\":\"ReadAction\",\"target\":[\"https:\\\/\\\/www.versiegelung24.com\\\/tr\\\/pedexan-ayakkabi-dezenfeksiyonu.html\"]}]},{\"@type\":\"ImageObject\",\"inLanguage\":\"tr\",\"@id\":\"https:\\\/\\\/www.versiegelung24.com\\\/tr\\\/pedexan-ayakkabi-dezenfeksiyonu.html#primaryimage\",\"url\":\"https:\\\/\\\/www.versiegelung24.com\\\/wp-content\\\/uploads\\\/2021\\\/03\\\/pedexan-schuhdesinfektion-125ml.png\",\"contentUrl\":\"https:\\\/\\\/www.versiegelung24.com\\\/wp-content\\\/uploads\\\/2021\\\/03\\\/pedexan-schuhdesinfektion-125ml.png\",\"width\":700,\"height\":700},{\"@type\":\"BreadcrumbList\",\"@id\":\"https:\\\/\\\/www.versiegelung24.com\\\/tr\\\/pedexan-ayakkabi-dezenfeksiyonu.html#breadcrumb\",\"itemListElement\":[{\"@type\":\"ListItem\",\"position\":1,\"name\":\"Anasayfa\",\"item\":\"https:\\\/\\\/www.versiegelung24.com\\\/tr\\\/on\\\/\"},{\"@type\":\"ListItem\",\"position\":2,\"name\":\"Ma\u011faza\",\"item\":\"https:\\\/\\\/www.versiegelung24.com\\\/tr\\\/magaza\\\/\"},{\"@type\":\"ListItem\",\"position\":3,\"name\":\"Uzun s\u00fcreli etki ile Pedexan ayakkab\u0131 dezenfeksiyonu 125ml pompal\u0131 sprey \u015fi\u015fesi\"}]},{\"@type\":\"WebSite\",\"@id\":\"https:\\\/\\\/www.versiegelung24.com\\\/tr\\\/#website\",\"url\":\"https:\\\/\\\/www.versiegelung24.com\\\/tr\\\/\",\"name\":\"versiegelung24.com\",\"description\":\"Fl\u00fcssigglas-Versiegelung - Made in Germany\",\"publisher\":{\"@id\":\"https:\\\/\\\/www.versiegelung24.com\\\/tr\\\/#organization\"},\"potentialAction\":[{\"@type\":\"SearchAction\",\"target\":{\"@type\":\"EntryPoint\",\"urlTemplate\":\"https:\\\/\\\/www.versiegelung24.com\\\/tr\\\/?s={search_term_string}\"},\"query-input\":{\"@type\":\"PropertyValueSpecification\",\"valueRequired\":true,\"valueName\":\"search_term_string\"}}],\"inLanguage\":\"tr\"},{\"@type\":\"Organization\",\"@id\":\"https:\\\/\\\/www.versiegelung24.com\\\/tr\\\/#organization\",\"name\":\"versiegelung24\",\"url\":\"https:\\\/\\\/www.versiegelung24.com\\\/tr\\\/\",\"logo\":{\"@type\":\"ImageObject\",\"inLanguage\":\"tr\",\"@id\":\"https:\\\/\\\/www.versiegelung24.com\\\/tr\\\/#\\\/schema\\\/logo\\\/image\\\/\",\"url\":\"https:\\\/\\\/www.versiegelung24.com\\\/wp-content\\\/uploads\\\/2020\\\/04\\\/versiegelung24.png\",\"contentUrl\":\"https:\\\/\\\/www.versiegelung24.com\\\/wp-content\\\/uploads\\\/2020\\\/04\\\/versiegelung24.png\",\"width\":470,\"height\":102,\"caption\":\"versiegelung24\"},\"image\":{\"@id\":\"https:\\\/\\\/www.versiegelung24.com\\\/tr\\\/#\\\/schema\\\/logo\\\/image\\\/\"}}]}<\/script>\n<meta property=\"product:price:amount\" content=\"10.99\" \/>\n<meta property=\"product:price:currency\" content=\"EUR\" \/>\n<meta property=\"og:availability\" content=\"instock\" \/>\n<meta property=\"product:availability\" content=\"instock\" \/>\n<meta property=\"product:retailer_item_id\" content=\"PED-125A\" \/>\n<meta property=\"product:condition\" content=\"new\" \/>\n<!-- \/ Yoast SEO Premium plugin. -->","yoast_head_json":{"title":"Uzun s\u00fcreli etki ile Pedexan ayakkab\u0131 dezenfeksiyonu 125ml pompal\u0131 sprey \u015fi\u015fesi - versiegelung24.com","description":"Pedexan ayakkab\u0131 dezenfeksiyonu - ho\u015f olmayan kokulara, bakteri ve mantarlara kar\u015f\u0131 \u00e7\u00f6z\u00fcm.","robots":{"index":"index","follow":"follow","max-snippet":"max-snippet:-1","max-image-preview":"max-image-preview:large","max-video-preview":"max-video-preview:-1"},"canonical":"https:\/\/www.versiegelung24.com\/tr\/pedexan-ayakkabi-dezenfeksiyonu.html","og_locale":"tr_TR","og_type":"article","og_title":"Uzun s\u00fcreli etki ile Pedexan ayakkab\u0131 dezenfeksiyonu 125ml pompal\u0131 sprey \u015fi\u015fesi","og_description":"Pedexan ayakkab\u0131 dezenfeksiyonu - ho\u015f olmayan kokulara, bakteri ve mantarlara kar\u015f\u0131 \u00e7\u00f6z\u00fcm.","og_url":"https:\/\/www.versiegelung24.com\/tr\/pedexan-ayakkabi-dezenfeksiyonu.html","og_site_name":"versiegelung24.com","article_modified_time":"2025-01-13T15:33:04+00:00","og_image":[{"width":700,"height":700,"url":"https:\/\/www.versiegelung24.com\/wp-content\/uploads\/2021\/03\/pedexan-schuhdesinfektion-125ml.png","type":"image\/png"}],"twitter_card":"summary_large_image","twitter_misc":{"Fiyat":"10,99&euro;","Durumu":"Stokta var"},"schema":{"@context":"https:\/\/schema.org","@graph":[{"@type":"WebPage","@id":"https:\/\/www.versiegelung24.com\/tr\/pedexan-ayakkabi-dezenfeksiyonu.html","url":"https:\/\/www.versiegelung24.com\/tr\/pedexan-ayakkabi-dezenfeksiyonu.html","name":"Uzun s\u00fcreli etki ile Pedexan ayakkab\u0131 dezenfeksiyonu 125ml pompal\u0131 sprey \u015fi\u015fesi - versiegelung24.com","isPartOf":{"@id":"https:\/\/www.versiegelung24.com\/tr\/#website"},"primaryImageOfPage":{"@id":"https:\/\/www.versiegelung24.com\/tr\/pedexan-ayakkabi-dezenfeksiyonu.html#primaryimage"},"image":{"@id":"https:\/\/www.versiegelung24.com\/tr\/pedexan-ayakkabi-dezenfeksiyonu.html#primaryimage"},"thumbnailUrl":"https:\/\/www.versiegelung24.com\/wp-content\/uploads\/2021\/03\/pedexan-schuhdesinfektion-125ml.png","datePublished":"2021-08-02T21:16:00+00:00","dateModified":"2025-01-13T15:33:04+00:00","description":"Pedexan ayakkab\u0131 dezenfeksiyonu - ho\u015f olmayan kokulara, bakteri ve mantarlara kar\u015f\u0131 \u00e7\u00f6z\u00fcm.","breadcrumb":{"@id":"https:\/\/www.versiegelung24.com\/tr\/pedexan-ayakkabi-dezenfeksiyonu.html#breadcrumb"},"inLanguage":"tr","potentialAction":[{"@type":"ReadAction","target":["https:\/\/www.versiegelung24.com\/tr\/pedexan-ayakkabi-dezenfeksiyonu.html"]}]},{"@type":"ImageObject","inLanguage":"tr","@id":"https:\/\/www.versiegelung24.com\/tr\/pedexan-ayakkabi-dezenfeksiyonu.html#primaryimage","url":"https:\/\/www.versiegelung24.com\/wp-content\/uploads\/2021\/03\/pedexan-schuhdesinfektion-125ml.png","contentUrl":"https:\/\/www.versiegelung24.com\/wp-content\/uploads\/2021\/03\/pedexan-schuhdesinfektion-125ml.png","width":700,"height":700},{"@type":"BreadcrumbList","@id":"https:\/\/www.versiegelung24.com\/tr\/pedexan-ayakkabi-dezenfeksiyonu.html#breadcrumb","itemListElement":[{"@type":"ListItem","position":1,"name":"Anasayfa","item":"https:\/\/www.versiegelung24.com\/tr\/on\/"},{"@type":"ListItem","position":2,"name":"Ma\u011faza","item":"https:\/\/www.versiegelung24.com\/tr\/magaza\/"},{"@type":"ListItem","position":3,"name":"Uzun s\u00fcreli etki ile Pedexan ayakkab\u0131 dezenfeksiyonu 125ml pompal\u0131 sprey \u015fi\u015fesi"}]},{"@type":"WebSite","@id":"https:\/\/www.versiegelung24.com\/tr\/#website","url":"https:\/\/www.versiegelung24.com\/tr\/","name":"versiegelung24.com","description":"Fl\u00fcssigglas-Versiegelung - Made in Germany","publisher":{"@id":"https:\/\/www.versiegelung24.com\/tr\/#organization"},"potentialAction":[{"@type":"SearchAction","target":{"@type":"EntryPoint","urlTemplate":"https:\/\/www.versiegelung24.com\/tr\/?s={search_term_string}"},"query-input":{"@type":"PropertyValueSpecification","valueRequired":true,"valueName":"search_term_string"}}],"inLanguage":"tr"},{"@type":"Organization","@id":"https:\/\/www.versiegelung24.com\/tr\/#organization","name":"versiegelung24","url":"https:\/\/www.versiegelung24.com\/tr\/","logo":{"@type":"ImageObject","inLanguage":"tr","@id":"https:\/\/www.versiegelung24.com\/tr\/#\/schema\/logo\/image\/","url":"https:\/\/www.versiegelung24.com\/wp-content\/uploads\/2020\/04\/versiegelung24.png","contentUrl":"https:\/\/www.versiegelung24.com\/wp-content\/uploads\/2020\/04\/versiegelung24.png","width":470,"height":102,"caption":"versiegelung24"},"image":{"@id":"https:\/\/www.versiegelung24.com\/tr\/#\/schema\/logo\/image\/"}}]},"product_price_amount":"10.99","product_price_currency":"EUR","og_availability":"instock","product_availability":"instock","product_retailer_item_id":"PED-125A","product_condition":"new"},"_links":{"self":[{"href":"https:\/\/www.versiegelung24.com\/tr\/wp-json\/wp\/v2\/product\/24962","targetHints":{"allow":["GET"]}}],"collection":[{"href":"https:\/\/www.versiegelung24.com\/tr\/wp-json\/wp\/v2\/product"}],"about":[{"href":"https:\/\/www.versiegelung24.com\/tr\/wp-json\/wp\/v2\/types\/product"}],"version-history":[{"count":18,"href":"https:\/\/www.versiegelung24.com\/tr\/wp-json\/wp\/v2\/product\/24962\/revisions"}],"predecessor-version":[{"id":180413,"href":"https:\/\/www.versiegelung24.com\/tr\/wp-json\/wp\/v2\/product\/24962\/revisions\/180413"}],"wp:featuredmedia":[{"embeddable":true,"href":"https:\/\/www.versiegelung24.com\/tr\/wp-json\/wp\/v2\/media\/21917"}],"wp:attachment":[{"href":"https:\/\/www.versiegelung24.com\/tr\/wp-json\/wp\/v2\/media?parent=24962"}],"wp:term":[{"taxonomy":"product_brand","embeddable":true,"href":"https:\/\/www.versiegelung24.com\/tr\/wp-json\/wp\/v2\/product_brand?post=24962"},{"taxonomy":"product_cat","embeddable":true,"href":"https:\/\/www.versiegelung24.com\/tr\/wp-json\/wp\/v2\/product_cat?post=24962"},{"taxonomy":"product_tag","embeddable":true,"href":"https:\/\/www.versiegelung24.com\/tr\/wp-json\/wp\/v2\/product_tag?post=24962"}],"curies":[{"name":"wp","href":"https:\/\/api.w.org\/{rel}","templated":true}]}}