{"id":25478,"date":"2020-04-04T18:53:13","date_gmt":"2021-08-03T08:08:01","guid":{"rendered":"https:\/\/www.versiegelung24.com\/produkt\/profesyonel-kalitede-karavan-ozel-cila-ve-muhurleme"},"modified":"2025-01-03T23:24:19","modified_gmt":"2025-01-03T22:24:19","slug":"karavan-ozel-cila-ve-muhur-in-profesyonel-kalite","status":"publish","type":"product","link":"https:\/\/www.versiegelung24.com\/tr\/profesyonel-kalitede-karavan-ozel-cila-ve-muhurleme.html","title":{"rendered":"Karavan \/ Karavan \/ Camper profesyonel kalitede \u00f6zel cila ve m\u00fch\u00fcrleme"},"content":{"rendered":"\n<p><strong>Karavanlar i\u00e7in son derece etkili profesyonel m\u00fch\u00fcrleyici, lotus efektli (su itici), 3 aya kadar raf \u00f6mr\u00fc<\/strong><\/p>\n\n<p>Almanya&#8217;da yap\u0131lan y\u00fcksek kalite.<\/p>\n\n<hr\/>\n\n<h4 class=\"wp-block-heading\" id=\"properties\">\u00dcr\u00fcn \u00f6zellikleri<\/h4>\n\n<div class=\"wp-block-columns is-layout-flex wp-container-core-columns-is-layout-9d6595d7 wp-block-columns-is-layout-flex\">\n<div class=\"wp-block-column is-layout-flow wp-block-column-is-layout-flow\">\n<ul class=\"wp-block-list\"><li>A\u015f\u0131nd\u0131r\u0131c\u0131 bile\u015fenler i\u00e7ermeyen y\u00fcksek kaliteli cila, boya katmanlar\u0131na zarar vermez<\/li><li>Em\u00fclsiyon, kullan\u0131m\u0131 \u00e7ok kolay<\/li><li>Parlakl\u0131k ve renk canland\u0131r\u0131c\u0131 etki<\/li><li>Tek ad\u0131mda temizler, parlat\u0131r ve m\u00fch\u00fcrler (katran, re\u00e7ine ve b\u00f6cek kal\u0131nt\u0131lar\u0131n\u0131 giderir)<\/li><li>Su ve kir tutmayan yap\u0131\u015fmaz kaplama, parlak<\/li><li>Katran ve b\u00f6cek kal\u0131nt\u0131lar\u0131n\u0131n y\u00fczeye yap\u0131\u015fmas\u0131n\u0131 \u00f6nler<\/li><li>\u00e7izikleri azalt\u0131r<\/li><li>\u0130\u00e7 ve d\u0131\u015f mekan i\u00e7in<\/li><\/ul>\n<\/div>\n\n\n\n<div class=\"wp-block-column is-layout-flow wp-block-column-is-layout-flow\">\n<ul class=\"wp-block-list\" id=\"block-feede020-7d07-4fe3-abd9-bbbd73e79539\"><li>\u015eeffaf \/ g\u00f6r\u00fcnmez, y\u00fczeyin g\u00f6r\u00fcn\u00fcm\u00fc de\u011fi\u015fmeden kal\u0131r<\/li><li>Donmaya, temizlemeye (araba y\u0131kama dahil), UV&#8217;ye (boyan\u0131n matla\u015fmas\u0131n\u0131 \u00f6nler), k\u00fcl suyuna \/ alkaliye, deniz suyuna, tuzlu havaya, b\u00f6cek pisliklerine ve di\u011fer a\u011f\u0131r kirlenmelere kar\u015f\u0131 dayan\u0131kl\u0131d\u0131r<\/li><li>Hava direncini \u00f6nemli \u00f6l\u00e7\u00fcde azalt\u0131r ve b\u00f6ylece ara\u00e7lar i\u00e7in daha fazla verimlilik sunar<\/li><li>&#8220;Kolay temizleme&#8221; etkisi, kaplanm\u0131\u015f y\u00fczeyler daha uzun s\u00fcre temiz kal\u0131r ve temizlenmesi daha kolayd\u0131r.<\/li><\/ul>\n\n\n\n<p><br\/><br\/>Teslimat kapsam\u0131: 1 x litrelik \u015fi\u015fe 1 x \u00fcr\u00fcn a\u00e7\u0131klamas\u0131<\/p>\n<\/div>\n<\/div>\n\n<hr\/>\n\n<h4 class=\"wp-block-heading\" id=\"application\">Uygulama<\/h4>\n\n<div class=\"wp-block-columns is-layout-flex wp-container-core-columns-is-layout-9d6595d7 wp-block-columns-is-layout-flex\">\n<div class=\"wp-block-column is-layout-flow wp-block-column-is-layout-flow\">\n<ul class=\"wp-block-list\"><li>Karavanlar, r\u00f6morklar, karavanlar, karavanlar \/ mobil evler i\u00e7in idealdir (\u00f6zellikle 10 y\u0131ldan eski olmayan boyalarda etkilidir)<\/li><li>Ala\u015f\u0131m jantlarda kir ve su itici i\u015flemler (temizlemesi daha kolay)<\/li><li>Metal \u00fczerinde i\u015flemler (pas ve oksidasyona kar\u015f\u0131 koruma)<\/li><li>Rayl\u0131 ara\u00e7lar, in\u015faat makineleri, tar\u0131m ara\u00e7lar\u0131<\/li><\/ul>\n\n\n\n<p><\/p>\n<\/div>\n\n\n\n<div class=\"wp-block-column is-layout-flow wp-block-column-is-layout-flow\">\n<p>Gerekli miktar, kaplanacak y\u00fczeye (a\u015f\u0131nma ve kirlenme derecesi) ve kullan\u0131lan kuma\u015fa ba\u011fl\u0131d\u0131r. Yay\u0131lma oran\u0131 yakla\u015f\u0131k 20-40 ml\/m\u00b2&#8217;dir.<\/p>\n\n\n\n<p><br\/><br\/>Uygulamas\u0131 kolay: 1. S\u0131zd\u0131rmazl\u0131k maddesini silin ve parlat\u0131n 2. S\u0131zd\u0131rmazl\u0131k maddesini uygulay\u0131n. 12 saat boyunca sertle\u015fmeye b\u0131rak\u0131n &#8211; bitti<\/p>\n\n\n\n<p>Raf \u00f6mr\u00fc: 3 aya kadar<\/p>\n<\/div>\n<\/div>\n","protected":false},"excerpt":{"rendered":"<p><strong>A\u015fa\u011f\u0131dakiler i\u00e7in son derece etkili profesyonel m\u00fch\u00fcr:<\/strong><\/p>\n<p>\u2713 Karavanlar<\/p>\n<p>\u2713 Lotus etkisi ile (su iticilik)<\/p>\n<p>\u2713 3 aya kadar raf \u00f6mr\u00fc<\/p>\n","protected":false},"featured_media":17800,"template":"","meta":{"_acf_changed":false,"neve_meta_sidebar":"","neve_meta_container":"","neve_meta_enable_content_width":"","neve_meta_content_width":0,"neve_meta_title_alignment":"","neve_meta_author_avatar":"","neve_post_elements_order":"","neve_meta_disable_header":"","neve_meta_disable_footer":"","neve_meta_disable_title":"","neve_meta_reading_time":"","_surfaces":[],"_ver_product_tabs":[],"footnotes":""},"product_brand":[],"product_cat":[2228],"product_tag":[],"class_list":{"0":"post-25478","1":"product","2":"type-product","3":"status-publish","4":"has-post-thumbnail","6":"product_cat-araba-sizdirmazlik","8":"first","9":"instock","10":"taxable","11":"shipping-taxable","12":"purchasable","13":"product-type-simple"},"acf":[],"yoast_head":"<!-- This site is optimized with the Yoast SEO Premium plugin v22.8 (Yoast SEO v27.5) - https:\/\/yoast.com\/product\/yoast-seo-premium-wordpress\/ -->\n<title>Karavan \/ Karavan \/ Camper profesyonel kalitede \u00f6zel cila ve m\u00fch\u00fcrleme - versiegelung24.com<\/title>\n<meta name=\"robots\" content=\"index, follow, max-snippet:-1, max-image-preview:large, max-video-preview:-1\" \/>\n<link rel=\"canonical\" href=\"https:\/\/www.versiegelung24.com\/tr\/profesyonel-kalitede-karavan-ozel-cila-ve-muhurleme.html\" \/>\n<meta property=\"og:locale\" content=\"tr_TR\" \/>\n<meta property=\"og:type\" content=\"article\" \/>\n<meta property=\"og:title\" content=\"Karavan \/ Karavan \/ Camper profesyonel kalitede \u00f6zel cila ve m\u00fch\u00fcrleme\" \/>\n<meta property=\"og:description\" content=\"A\u015fa\u011f\u0131dakiler i\u00e7in son derece etkili profesyonel m\u00fch\u00fcr: \u2713 Karavanlar \u2713 Lotus etkisi ile (su iticilik) \u2713 3 aya kadar raf \u00f6mr\u00fc\" \/>\n<meta property=\"og:url\" content=\"https:\/\/www.versiegelung24.com\/tr\/profesyonel-kalitede-karavan-ozel-cila-ve-muhurleme.html\" \/>\n<meta property=\"og:site_name\" content=\"versiegelung24.com\" \/>\n<meta property=\"article:modified_time\" content=\"2025-01-03T22:24:19+00:00\" \/>\n<meta property=\"og:image\" content=\"https:\/\/www.versiegelung24.com\/wp-content\/uploads\/2020\/06\/produkt-2001-7660-1000-Caravan-Spezialpolitur-versiegelung-scaled.jpg\" \/>\n\t<meta property=\"og:image:width\" content=\"2560\" \/>\n\t<meta property=\"og:image:height\" content=\"2560\" \/>\n\t<meta property=\"og:image:type\" content=\"image\/jpeg\" \/>\n<meta name=\"twitter:card\" content=\"summary_large_image\" \/>\n<meta name=\"twitter:label1\" content=\"Fiyat\" \/>\n\t<meta name=\"twitter:data1\" content=\"99,00&euro;\" \/>\n\t<meta name=\"twitter:label2\" content=\"Durumu\" \/>\n\t<meta name=\"twitter:data2\" content=\"Stokta var\" \/>\n<script type=\"application\/ld+json\" class=\"yoast-schema-graph\">{\"@context\":\"https:\\\/\\\/schema.org\",\"@graph\":[{\"@type\":\"WebPage\",\"@id\":\"https:\\\/\\\/www.versiegelung24.com\\\/tr\\\/profesyonel-kalitede-karavan-ozel-cila-ve-muhurleme.html\",\"url\":\"https:\\\/\\\/www.versiegelung24.com\\\/tr\\\/profesyonel-kalitede-karavan-ozel-cila-ve-muhurleme.html\",\"name\":\"Karavan \\\/ Karavan \\\/ Camper profesyonel kalitede \u00f6zel cila ve m\u00fch\u00fcrleme - versiegelung24.com\",\"isPartOf\":{\"@id\":\"https:\\\/\\\/www.versiegelung24.com\\\/tr\\\/#website\"},\"primaryImageOfPage\":{\"@id\":\"https:\\\/\\\/www.versiegelung24.com\\\/tr\\\/profesyonel-kalitede-karavan-ozel-cila-ve-muhurleme.html#primaryimage\"},\"image\":{\"@id\":\"https:\\\/\\\/www.versiegelung24.com\\\/tr\\\/profesyonel-kalitede-karavan-ozel-cila-ve-muhurleme.html#primaryimage\"},\"thumbnailUrl\":\"https:\\\/\\\/www.versiegelung24.com\\\/wp-content\\\/uploads\\\/2020\\\/06\\\/produkt-2001-7660-1000-Caravan-Spezialpolitur-versiegelung-scaled.jpg\",\"datePublished\":\"2021-08-03T08:08:01+00:00\",\"dateModified\":\"2025-01-03T22:24:19+00:00\",\"breadcrumb\":{\"@id\":\"https:\\\/\\\/www.versiegelung24.com\\\/tr\\\/profesyonel-kalitede-karavan-ozel-cila-ve-muhurleme.html#breadcrumb\"},\"inLanguage\":\"tr\",\"potentialAction\":[{\"@type\":\"ReadAction\",\"target\":[\"https:\\\/\\\/www.versiegelung24.com\\\/tr\\\/profesyonel-kalitede-karavan-ozel-cila-ve-muhurleme.html\"]}]},{\"@type\":\"ImageObject\",\"inLanguage\":\"tr\",\"@id\":\"https:\\\/\\\/www.versiegelung24.com\\\/tr\\\/profesyonel-kalitede-karavan-ozel-cila-ve-muhurleme.html#primaryimage\",\"url\":\"https:\\\/\\\/www.versiegelung24.com\\\/wp-content\\\/uploads\\\/2020\\\/06\\\/produkt-2001-7660-1000-Caravan-Spezialpolitur-versiegelung-scaled.jpg\",\"contentUrl\":\"https:\\\/\\\/www.versiegelung24.com\\\/wp-content\\\/uploads\\\/2020\\\/06\\\/produkt-2001-7660-1000-Caravan-Spezialpolitur-versiegelung-scaled.jpg\",\"width\":2560,\"height\":2560},{\"@type\":\"BreadcrumbList\",\"@id\":\"https:\\\/\\\/www.versiegelung24.com\\\/tr\\\/profesyonel-kalitede-karavan-ozel-cila-ve-muhurleme.html#breadcrumb\",\"itemListElement\":[{\"@type\":\"ListItem\",\"position\":1,\"name\":\"Anasayfa\",\"item\":\"https:\\\/\\\/www.versiegelung24.com\\\/tr\\\/on\\\/\"},{\"@type\":\"ListItem\",\"position\":2,\"name\":\"Ma\u011faza\",\"item\":\"https:\\\/\\\/www.versiegelung24.com\\\/tr\\\/magaza\\\/\"},{\"@type\":\"ListItem\",\"position\":3,\"name\":\"Karavan \\\/ Karavan \\\/ Camper profesyonel kalitede \u00f6zel cila ve m\u00fch\u00fcrleme\"}]},{\"@type\":\"WebSite\",\"@id\":\"https:\\\/\\\/www.versiegelung24.com\\\/tr\\\/#website\",\"url\":\"https:\\\/\\\/www.versiegelung24.com\\\/tr\\\/\",\"name\":\"versiegelung24.com\",\"description\":\"Fl\u00fcssigglas-Versiegelung - Made in Germany\",\"publisher\":{\"@id\":\"https:\\\/\\\/www.versiegelung24.com\\\/tr\\\/#organization\"},\"potentialAction\":[{\"@type\":\"SearchAction\",\"target\":{\"@type\":\"EntryPoint\",\"urlTemplate\":\"https:\\\/\\\/www.versiegelung24.com\\\/tr\\\/?s={search_term_string}\"},\"query-input\":{\"@type\":\"PropertyValueSpecification\",\"valueRequired\":true,\"valueName\":\"search_term_string\"}}],\"inLanguage\":\"tr\"},{\"@type\":\"Organization\",\"@id\":\"https:\\\/\\\/www.versiegelung24.com\\\/tr\\\/#organization\",\"name\":\"versiegelung24\",\"url\":\"https:\\\/\\\/www.versiegelung24.com\\\/tr\\\/\",\"logo\":{\"@type\":\"ImageObject\",\"inLanguage\":\"tr\",\"@id\":\"https:\\\/\\\/www.versiegelung24.com\\\/tr\\\/#\\\/schema\\\/logo\\\/image\\\/\",\"url\":\"https:\\\/\\\/www.versiegelung24.com\\\/wp-content\\\/uploads\\\/2020\\\/04\\\/versiegelung24.png\",\"contentUrl\":\"https:\\\/\\\/www.versiegelung24.com\\\/wp-content\\\/uploads\\\/2020\\\/04\\\/versiegelung24.png\",\"width\":470,\"height\":102,\"caption\":\"versiegelung24\"},\"image\":{\"@id\":\"https:\\\/\\\/www.versiegelung24.com\\\/tr\\\/#\\\/schema\\\/logo\\\/image\\\/\"}}]}<\/script>\n<meta property=\"product:price:amount\" content=\"99.00\" \/>\n<meta property=\"product:price:currency\" content=\"EUR\" \/>\n<meta property=\"og:availability\" content=\"instock\" \/>\n<meta property=\"product:availability\" content=\"instock\" \/>\n<meta property=\"product:retailer_item_id\" content=\"2001-7660-1000\" \/>\n<meta property=\"product:condition\" content=\"new\" \/>\n<!-- \/ Yoast SEO Premium plugin. -->","yoast_head_json":{"title":"Karavan \/ Karavan \/ Camper profesyonel kalitede \u00f6zel cila ve m\u00fch\u00fcrleme - versiegelung24.com","robots":{"index":"index","follow":"follow","max-snippet":"max-snippet:-1","max-image-preview":"max-image-preview:large","max-video-preview":"max-video-preview:-1"},"canonical":"https:\/\/www.versiegelung24.com\/tr\/profesyonel-kalitede-karavan-ozel-cila-ve-muhurleme.html","og_locale":"tr_TR","og_type":"article","og_title":"Karavan \/ Karavan \/ Camper profesyonel kalitede \u00f6zel cila ve m\u00fch\u00fcrleme","og_description":"A\u015fa\u011f\u0131dakiler i\u00e7in son derece etkili profesyonel m\u00fch\u00fcr: \u2713 Karavanlar \u2713 Lotus etkisi ile (su iticilik) \u2713 3 aya kadar raf \u00f6mr\u00fc","og_url":"https:\/\/www.versiegelung24.com\/tr\/profesyonel-kalitede-karavan-ozel-cila-ve-muhurleme.html","og_site_name":"versiegelung24.com","article_modified_time":"2025-01-03T22:24:19+00:00","og_image":[{"width":2560,"height":2560,"url":"https:\/\/www.versiegelung24.com\/wp-content\/uploads\/2020\/06\/produkt-2001-7660-1000-Caravan-Spezialpolitur-versiegelung-scaled.jpg","type":"image\/jpeg"}],"twitter_card":"summary_large_image","twitter_misc":{"Fiyat":"99,00&euro;","Durumu":"Stokta var"},"schema":{"@context":"https:\/\/schema.org","@graph":[{"@type":"WebPage","@id":"https:\/\/www.versiegelung24.com\/tr\/profesyonel-kalitede-karavan-ozel-cila-ve-muhurleme.html","url":"https:\/\/www.versiegelung24.com\/tr\/profesyonel-kalitede-karavan-ozel-cila-ve-muhurleme.html","name":"Karavan \/ Karavan \/ Camper profesyonel kalitede \u00f6zel cila ve m\u00fch\u00fcrleme - versiegelung24.com","isPartOf":{"@id":"https:\/\/www.versiegelung24.com\/tr\/#website"},"primaryImageOfPage":{"@id":"https:\/\/www.versiegelung24.com\/tr\/profesyonel-kalitede-karavan-ozel-cila-ve-muhurleme.html#primaryimage"},"image":{"@id":"https:\/\/www.versiegelung24.com\/tr\/profesyonel-kalitede-karavan-ozel-cila-ve-muhurleme.html#primaryimage"},"thumbnailUrl":"https:\/\/www.versiegelung24.com\/wp-content\/uploads\/2020\/06\/produkt-2001-7660-1000-Caravan-Spezialpolitur-versiegelung-scaled.jpg","datePublished":"2021-08-03T08:08:01+00:00","dateModified":"2025-01-03T22:24:19+00:00","breadcrumb":{"@id":"https:\/\/www.versiegelung24.com\/tr\/profesyonel-kalitede-karavan-ozel-cila-ve-muhurleme.html#breadcrumb"},"inLanguage":"tr","potentialAction":[{"@type":"ReadAction","target":["https:\/\/www.versiegelung24.com\/tr\/profesyonel-kalitede-karavan-ozel-cila-ve-muhurleme.html"]}]},{"@type":"ImageObject","inLanguage":"tr","@id":"https:\/\/www.versiegelung24.com\/tr\/profesyonel-kalitede-karavan-ozel-cila-ve-muhurleme.html#primaryimage","url":"https:\/\/www.versiegelung24.com\/wp-content\/uploads\/2020\/06\/produkt-2001-7660-1000-Caravan-Spezialpolitur-versiegelung-scaled.jpg","contentUrl":"https:\/\/www.versiegelung24.com\/wp-content\/uploads\/2020\/06\/produkt-2001-7660-1000-Caravan-Spezialpolitur-versiegelung-scaled.jpg","width":2560,"height":2560},{"@type":"BreadcrumbList","@id":"https:\/\/www.versiegelung24.com\/tr\/profesyonel-kalitede-karavan-ozel-cila-ve-muhurleme.html#breadcrumb","itemListElement":[{"@type":"ListItem","position":1,"name":"Anasayfa","item":"https:\/\/www.versiegelung24.com\/tr\/on\/"},{"@type":"ListItem","position":2,"name":"Ma\u011faza","item":"https:\/\/www.versiegelung24.com\/tr\/magaza\/"},{"@type":"ListItem","position":3,"name":"Karavan \/ Karavan \/ Camper profesyonel kalitede \u00f6zel cila ve m\u00fch\u00fcrleme"}]},{"@type":"WebSite","@id":"https:\/\/www.versiegelung24.com\/tr\/#website","url":"https:\/\/www.versiegelung24.com\/tr\/","name":"versiegelung24.com","description":"Fl\u00fcssigglas-Versiegelung - Made in Germany","publisher":{"@id":"https:\/\/www.versiegelung24.com\/tr\/#organization"},"potentialAction":[{"@type":"SearchAction","target":{"@type":"EntryPoint","urlTemplate":"https:\/\/www.versiegelung24.com\/tr\/?s={search_term_string}"},"query-input":{"@type":"PropertyValueSpecification","valueRequired":true,"valueName":"search_term_string"}}],"inLanguage":"tr"},{"@type":"Organization","@id":"https:\/\/www.versiegelung24.com\/tr\/#organization","name":"versiegelung24","url":"https:\/\/www.versiegelung24.com\/tr\/","logo":{"@type":"ImageObject","inLanguage":"tr","@id":"https:\/\/www.versiegelung24.com\/tr\/#\/schema\/logo\/image\/","url":"https:\/\/www.versiegelung24.com\/wp-content\/uploads\/2020\/04\/versiegelung24.png","contentUrl":"https:\/\/www.versiegelung24.com\/wp-content\/uploads\/2020\/04\/versiegelung24.png","width":470,"height":102,"caption":"versiegelung24"},"image":{"@id":"https:\/\/www.versiegelung24.com\/tr\/#\/schema\/logo\/image\/"}}]},"product_price_amount":"99.00","product_price_currency":"EUR","og_availability":"instock","product_availability":"instock","product_retailer_item_id":"2001-7660-1000","product_condition":"new"},"_links":{"self":[{"href":"https:\/\/www.versiegelung24.com\/tr\/wp-json\/wp\/v2\/product\/25478","targetHints":{"allow":["GET"]}}],"collection":[{"href":"https:\/\/www.versiegelung24.com\/tr\/wp-json\/wp\/v2\/product"}],"about":[{"href":"https:\/\/www.versiegelung24.com\/tr\/wp-json\/wp\/v2\/types\/product"}],"version-history":[{"count":11,"href":"https:\/\/www.versiegelung24.com\/tr\/wp-json\/wp\/v2\/product\/25478\/revisions"}],"predecessor-version":[{"id":177328,"href":"https:\/\/www.versiegelung24.com\/tr\/wp-json\/wp\/v2\/product\/25478\/revisions\/177328"}],"wp:featuredmedia":[{"embeddable":true,"href":"https:\/\/www.versiegelung24.com\/tr\/wp-json\/wp\/v2\/media\/17800"}],"wp:attachment":[{"href":"https:\/\/www.versiegelung24.com\/tr\/wp-json\/wp\/v2\/media?parent=25478"}],"wp:term":[{"taxonomy":"product_brand","embeddable":true,"href":"https:\/\/www.versiegelung24.com\/tr\/wp-json\/wp\/v2\/product_brand?post=25478"},{"taxonomy":"product_cat","embeddable":true,"href":"https:\/\/www.versiegelung24.com\/tr\/wp-json\/wp\/v2\/product_cat?post=25478"},{"taxonomy":"product_tag","embeddable":true,"href":"https:\/\/www.versiegelung24.com\/tr\/wp-json\/wp\/v2\/product_tag?post=25478"}],"curies":[{"name":"wp","href":"https:\/\/api.w.org\/{rel}","templated":true}]}}