{"id":26130,"date":"2020-04-04T18:53:14","date_gmt":"2021-08-03T10:57:55","guid":{"rendered":"https:\/\/www.versiegelung24.com\/produkt\/profesyonel-kalitede-ahsap-sizdirmazlik"},"modified":"2025-01-03T23:36:54","modified_gmt":"2025-01-03T22:36:54","slug":"profesyonel-kalitede-ahsap-sizdirmazlik","status":"publish","type":"product","link":"https:\/\/www.versiegelung24.com\/tr\/profesyonel-kalitede-ahsap-sizdirmazlik.html","title":{"rendered":"Profesyonel kalitede ah\u015fap s\u0131zd\u0131rmazl\u0131k"},"content":{"rendered":"\n<p><strong>Derinlik ve lotus efektli (su itici) son derece etkili profesyonel ah\u015fap kaplama, i\u00e7 ve d\u0131\u015f mekanlar i\u00e7in, YEN\u0130<\/strong><\/p>\n\n<p>Almanya&#8217;da yap\u0131lan y\u00fcksek kalite.<\/p>\n\n<hr\/>\n\n<h4 class=\"wp-block-heading\" id=\"properties\">\u00dcr\u00fcn \u00f6zellikleri<\/h4>\n\n<div class=\"wp-block-columns is-layout-flex wp-container-core-columns-is-layout-9d6595d7 wp-block-columns-is-layout-flex\">\n<div class=\"wp-block-column is-layout-flow wp-block-column-is-layout-flow\">\n<ul class=\"wp-block-list\">\n<li>g\u00fc\u00e7l\u00fc hidrofobik ve oleofobik etki (su ve ya\u011f iticilik)<\/li>\n\n\n\n<li>Derinlik etkisi &#8211; ah\u015faba 10 mm&#8217;ye kadar n\u00fcfuz eder (yap\u0131ya ba\u011fl\u0131 olarak)<\/li>\n\n\n\n<li>K\u00fcf, yosun ve hava ko\u015fullar\u0131na kar\u015f\u0131 korur<\/li>\n\n\n\n<li>Uzat\u0131lm\u0131\u015f temizleme d\u00f6ng\u00fcleri sayesinde maliyet, zaman ve enerji tasarrufu<\/li>\n\n\n\n<li>Suya maruz kald\u0131\u011f\u0131nda nem penetrasyon oran\u0131nda azalma<\/li>\n\n\n\n<li>Kolay temizlenebilir etki<\/li>\n<\/ul>\n<\/div>\n\n\n\n<div class=\"wp-block-column is-layout-flow wp-block-column-is-layout-flow\">\n<ul class=\"wp-block-list\">\n<li>s\u0131zd\u0131rmaz y\u00fczeyler nefes alabilir<\/li>\n\n\n\n<li>Ayr\u0131\u015fman\u0131n renk bozulmas\u0131n\u0131 azaltmak<\/li>\n\n\n\n<li>UV kararl\u0131, dona dayan\u0131kl\u0131 ve neredeyse g\u00f6r\u00fcnmez<\/li>\n\n\n\n<li>Basit uygulama (geni\u015f bir alana p\u00fcsk\u00fcrt\u00fclebilir)<\/li>\n\n\n\n<li>Raf \u00f6mr\u00fc: 3-10 y\u0131la kadar<\/li>\n<\/ul>\n\n\n\n<p><br\/><br\/>Teslimat kapsam\u0131: 1 x litrelik \u015fi\u015fe 1 x pompal\u0131 p\u00fcsk\u00fcrtme ba\u015fl\u0131\u011f\u0131<br\/><\/p>\n<\/div>\n<\/div>\n\n<hr\/>\n\n<h4 class=\"wp-block-heading\" id=\"application\">Uygulama<\/h4>\n\n<div class=\"wp-block-columns is-layout-flex wp-container-core-columns-is-layout-9d6595d7 wp-block-columns-is-layout-flex\">\n<div class=\"wp-block-column is-layout-flow wp-block-column-is-layout-flow\">\n<ul class=\"wp-block-list\">\n<li>T\u00fcm sert ve yumu\u015fak a\u011fa\u00e7lar<\/li>\n\n\n\n<li>\u0130\u00e7 ve d\u0131\u015f mekanlarda ah\u015fap kaplama<\/li>\n\n\n\n<li>ah\u0131rlar<\/li>\n\n\n\n<li>Ah\u015fap tavanlar \/ ah\u015fap zeminler<\/li>\n\n\n\n<li>\u0130n\u015faat kerestesi<\/li>\n\n\n\n<li>Ah\u015faptan yap\u0131lm\u0131\u015f pencere ve kap\u0131 \u00e7er\u00e7eveleri<\/li>\n<\/ul>\n<\/div>\n\n\n\n<div class=\"wp-block-column is-layout-flow wp-block-column-is-layout-flow\">\n<ul class=\"wp-block-list\" id=\"block-bd0826c4-8c3a-4f56-9878-ce5fe93599ff\">\n<li>Kiri\u015fler, a\u015f\u0131klar ve d\u00f6\u015feme tahtalar\u0131<\/li>\n\n\n\n<li>Antika a\u011fa\u00e7lar<\/li>\n\n\n\n<li>S\u0131hhi alanda ah\u015fap paneller<\/li>\n<\/ul>\n\n\n\n<p><strong>T\u00fcketim y\u00fczeyin emicili\u011fine ba\u011fl\u0131d\u0131r yakla\u015f\u0131k 10-40m\u00b2 \/ litre.<\/strong><\/p>\n<\/div>\n<\/div>\n","protected":false},"excerpt":{"rendered":"<p><strong>**YEN\u0130** Emici ah\u015fap y\u00fczeyler i\u00e7in son derece etkili s\u0131zd\u0131rmazl\u0131k:<\/strong><\/p>\n<p>\u2713 Derinlik etkisi ile<\/p>\n<p>\u2713 Lotus etkisi ile (su iticilik)<\/p>\n<p>\u2713 \u0130\u00e7 ve d\u0131\u015f mekan i\u00e7in<\/p>\n","protected":false},"featured_media":18205,"template":"","meta":{"_acf_changed":false,"neve_meta_sidebar":"","neve_meta_container":"","neve_meta_enable_content_width":"","neve_meta_content_width":0,"neve_meta_title_alignment":"","neve_meta_author_avatar":"","neve_post_elements_order":"","neve_meta_disable_header":"","neve_meta_disable_footer":"","neve_meta_disable_title":"","neve_meta_reading_time":"","_surfaces":[],"_ver_product_tabs":[],"footnotes":""},"product_brand":[],"product_cat":[2436],"product_tag":[],"class_list":{"0":"post-26130","1":"product","2":"type-product","3":"status-publish","4":"has-post-thumbnail","6":"product_cat-ahsap-sizdirmazlik","7":"pa_gebinde-100ml-siseli-aksiyon-seti","8":"pa_gebinde-50ml-sise","9":"pa_gebinde-50ml-siseli-aksiyon-seti","10":"pa_gebinde-100ml-sise","11":"pa_gebinde-150ml-sise","12":"pa_gebinde-500ml-sise","13":"pa_gebinde-200ml-sise","14":"pa_gebinde-1000ml-sise","15":"pa_gebinde-10ml-sise","16":"pa_gebinde-5ml-sise","17":"pa_gebinde-125ml-pompa-sprey-sisesi","18":"pa_gebinde-1000ml-dolum-sisesi","19":"pa_gebinde-20l-teneke-kutu","20":"pa_gebinde-10l-teneke-kutu","22":"first","23":"instock","24":"taxable","25":"shipping-taxable","26":"purchasable","27":"product-type-variable","28":"has-default-attributes"},"acf":[],"yoast_head":"<!-- This site is optimized with the Yoast SEO Premium plugin v22.8 (Yoast SEO v27.5) - https:\/\/yoast.com\/product\/yoast-seo-premium-wordpress\/ -->\n<title>Profesyonel kalitede ah\u015fap s\u0131zd\u0131rmazl\u0131k - versiegelung24.com<\/title>\n<meta name=\"robots\" content=\"index, follow, max-snippet:-1, max-image-preview:large, max-video-preview:-1\" \/>\n<link rel=\"canonical\" href=\"https:\/\/www.versiegelung24.com\/tr\/profesyonel-kalitede-ahsap-sizdirmazlik.html\" \/>\n<meta property=\"og:locale\" content=\"tr_TR\" \/>\n<meta property=\"og:type\" content=\"article\" \/>\n<meta property=\"og:title\" content=\"Profesyonel kalitede ah\u015fap s\u0131zd\u0131rmazl\u0131k\" \/>\n<meta property=\"og:description\" content=\"**YEN\u0130** Emici ah\u015fap y\u00fczeyler i\u00e7in son derece etkili s\u0131zd\u0131rmazl\u0131k: \u2713 Derinlik etkisi ile \u2713 Lotus etkisi ile (su iticilik) \u2713 \u0130\u00e7 ve d\u0131\u015f mekan i\u00e7in\" \/>\n<meta property=\"og:url\" content=\"https:\/\/www.versiegelung24.com\/tr\/profesyonel-kalitede-ahsap-sizdirmazlik.html\" \/>\n<meta property=\"og:site_name\" content=\"versiegelung24.com\" \/>\n<meta property=\"article:modified_time\" content=\"2025-01-03T22:36:54+00:00\" \/>\n<meta property=\"og:image\" content=\"https:\/\/www.versiegelung24.com\/wp-content\/uploads\/2020\/06\/produkt-4000-695-1000-Holzversiegelung-scaled.jpg\" \/>\n\t<meta property=\"og:image:width\" content=\"2560\" \/>\n\t<meta property=\"og:image:height\" content=\"2560\" \/>\n\t<meta property=\"og:image:type\" content=\"image\/jpeg\" \/>\n<meta name=\"twitter:card\" content=\"summary_large_image\" \/>\n<meta name=\"twitter:label1\" content=\"Durumu\" \/>\n\t<meta name=\"twitter:data1\" content=\"Stokta var\" \/>\n<script type=\"application\/ld+json\" class=\"yoast-schema-graph\">{\"@context\":\"https:\\\/\\\/schema.org\",\"@graph\":[{\"@type\":\"WebPage\",\"@id\":\"https:\\\/\\\/www.versiegelung24.com\\\/tr\\\/profesyonel-kalitede-ahsap-sizdirmazlik.html\",\"url\":\"https:\\\/\\\/www.versiegelung24.com\\\/tr\\\/profesyonel-kalitede-ahsap-sizdirmazlik.html\",\"name\":\"Profesyonel kalitede ah\u015fap s\u0131zd\u0131rmazl\u0131k - versiegelung24.com\",\"isPartOf\":{\"@id\":\"https:\\\/\\\/www.versiegelung24.com\\\/tr\\\/#website\"},\"primaryImageOfPage\":{\"@id\":\"https:\\\/\\\/www.versiegelung24.com\\\/tr\\\/profesyonel-kalitede-ahsap-sizdirmazlik.html#primaryimage\"},\"image\":{\"@id\":\"https:\\\/\\\/www.versiegelung24.com\\\/tr\\\/profesyonel-kalitede-ahsap-sizdirmazlik.html#primaryimage\"},\"thumbnailUrl\":\"https:\\\/\\\/www.versiegelung24.com\\\/wp-content\\\/uploads\\\/2020\\\/06\\\/produkt-4000-695-1000-Holzversiegelung-scaled.jpg\",\"datePublished\":\"2021-08-03T10:57:55+00:00\",\"dateModified\":\"2025-01-03T22:36:54+00:00\",\"breadcrumb\":{\"@id\":\"https:\\\/\\\/www.versiegelung24.com\\\/tr\\\/profesyonel-kalitede-ahsap-sizdirmazlik.html#breadcrumb\"},\"inLanguage\":\"tr\",\"potentialAction\":[{\"@type\":\"ReadAction\",\"target\":[\"https:\\\/\\\/www.versiegelung24.com\\\/tr\\\/profesyonel-kalitede-ahsap-sizdirmazlik.html\"]}]},{\"@type\":\"ImageObject\",\"inLanguage\":\"tr\",\"@id\":\"https:\\\/\\\/www.versiegelung24.com\\\/tr\\\/profesyonel-kalitede-ahsap-sizdirmazlik.html#primaryimage\",\"url\":\"https:\\\/\\\/www.versiegelung24.com\\\/wp-content\\\/uploads\\\/2020\\\/06\\\/produkt-4000-695-1000-Holzversiegelung-scaled.jpg\",\"contentUrl\":\"https:\\\/\\\/www.versiegelung24.com\\\/wp-content\\\/uploads\\\/2020\\\/06\\\/produkt-4000-695-1000-Holzversiegelung-scaled.jpg\",\"width\":2560,\"height\":2560},{\"@type\":\"BreadcrumbList\",\"@id\":\"https:\\\/\\\/www.versiegelung24.com\\\/tr\\\/profesyonel-kalitede-ahsap-sizdirmazlik.html#breadcrumb\",\"itemListElement\":[{\"@type\":\"ListItem\",\"position\":1,\"name\":\"Anasayfa\",\"item\":\"https:\\\/\\\/www.versiegelung24.com\\\/tr\\\/on\\\/\"},{\"@type\":\"ListItem\",\"position\":2,\"name\":\"Ma\u011faza\",\"item\":\"https:\\\/\\\/www.versiegelung24.com\\\/tr\\\/magaza\\\/\"},{\"@type\":\"ListItem\",\"position\":3,\"name\":\"Profesyonel kalitede ah\u015fap s\u0131zd\u0131rmazl\u0131k\"}]},{\"@type\":\"WebSite\",\"@id\":\"https:\\\/\\\/www.versiegelung24.com\\\/tr\\\/#website\",\"url\":\"https:\\\/\\\/www.versiegelung24.com\\\/tr\\\/\",\"name\":\"versiegelung24.com\",\"description\":\"Fl\u00fcssigglas-Versiegelung - Made in Germany\",\"publisher\":{\"@id\":\"https:\\\/\\\/www.versiegelung24.com\\\/tr\\\/#organization\"},\"potentialAction\":[{\"@type\":\"SearchAction\",\"target\":{\"@type\":\"EntryPoint\",\"urlTemplate\":\"https:\\\/\\\/www.versiegelung24.com\\\/tr\\\/?s={search_term_string}\"},\"query-input\":{\"@type\":\"PropertyValueSpecification\",\"valueRequired\":true,\"valueName\":\"search_term_string\"}}],\"inLanguage\":\"tr\"},{\"@type\":\"Organization\",\"@id\":\"https:\\\/\\\/www.versiegelung24.com\\\/tr\\\/#organization\",\"name\":\"versiegelung24\",\"url\":\"https:\\\/\\\/www.versiegelung24.com\\\/tr\\\/\",\"logo\":{\"@type\":\"ImageObject\",\"inLanguage\":\"tr\",\"@id\":\"https:\\\/\\\/www.versiegelung24.com\\\/tr\\\/#\\\/schema\\\/logo\\\/image\\\/\",\"url\":\"https:\\\/\\\/www.versiegelung24.com\\\/wp-content\\\/uploads\\\/2020\\\/04\\\/versiegelung24.png\",\"contentUrl\":\"https:\\\/\\\/www.versiegelung24.com\\\/wp-content\\\/uploads\\\/2020\\\/04\\\/versiegelung24.png\",\"width\":470,\"height\":102,\"caption\":\"versiegelung24\"},\"image\":{\"@id\":\"https:\\\/\\\/www.versiegelung24.com\\\/tr\\\/#\\\/schema\\\/logo\\\/image\\\/\"}}]}<\/script>\n<meta property=\"og:availability\" content=\"instock\" \/>\n<meta property=\"product:availability\" content=\"instock\" \/>\n<meta property=\"product:retailer_item_id\" content=\"4000-695\" \/>\n<meta property=\"product:condition\" content=\"new\" \/>\n<!-- \/ Yoast SEO Premium plugin. -->","yoast_head_json":{"title":"Profesyonel kalitede ah\u015fap s\u0131zd\u0131rmazl\u0131k - versiegelung24.com","robots":{"index":"index","follow":"follow","max-snippet":"max-snippet:-1","max-image-preview":"max-image-preview:large","max-video-preview":"max-video-preview:-1"},"canonical":"https:\/\/www.versiegelung24.com\/tr\/profesyonel-kalitede-ahsap-sizdirmazlik.html","og_locale":"tr_TR","og_type":"article","og_title":"Profesyonel kalitede ah\u015fap s\u0131zd\u0131rmazl\u0131k","og_description":"**YEN\u0130** Emici ah\u015fap y\u00fczeyler i\u00e7in son derece etkili s\u0131zd\u0131rmazl\u0131k: \u2713 Derinlik etkisi ile \u2713 Lotus etkisi ile (su iticilik) \u2713 \u0130\u00e7 ve d\u0131\u015f mekan i\u00e7in","og_url":"https:\/\/www.versiegelung24.com\/tr\/profesyonel-kalitede-ahsap-sizdirmazlik.html","og_site_name":"versiegelung24.com","article_modified_time":"2025-01-03T22:36:54+00:00","og_image":[{"width":2560,"height":2560,"url":"https:\/\/www.versiegelung24.com\/wp-content\/uploads\/2020\/06\/produkt-4000-695-1000-Holzversiegelung-scaled.jpg","type":"image\/jpeg"}],"twitter_card":"summary_large_image","twitter_misc":{"Durumu":"Stokta var"},"schema":{"@context":"https:\/\/schema.org","@graph":[{"@type":"WebPage","@id":"https:\/\/www.versiegelung24.com\/tr\/profesyonel-kalitede-ahsap-sizdirmazlik.html","url":"https:\/\/www.versiegelung24.com\/tr\/profesyonel-kalitede-ahsap-sizdirmazlik.html","name":"Profesyonel kalitede ah\u015fap s\u0131zd\u0131rmazl\u0131k - versiegelung24.com","isPartOf":{"@id":"https:\/\/www.versiegelung24.com\/tr\/#website"},"primaryImageOfPage":{"@id":"https:\/\/www.versiegelung24.com\/tr\/profesyonel-kalitede-ahsap-sizdirmazlik.html#primaryimage"},"image":{"@id":"https:\/\/www.versiegelung24.com\/tr\/profesyonel-kalitede-ahsap-sizdirmazlik.html#primaryimage"},"thumbnailUrl":"https:\/\/www.versiegelung24.com\/wp-content\/uploads\/2020\/06\/produkt-4000-695-1000-Holzversiegelung-scaled.jpg","datePublished":"2021-08-03T10:57:55+00:00","dateModified":"2025-01-03T22:36:54+00:00","breadcrumb":{"@id":"https:\/\/www.versiegelung24.com\/tr\/profesyonel-kalitede-ahsap-sizdirmazlik.html#breadcrumb"},"inLanguage":"tr","potentialAction":[{"@type":"ReadAction","target":["https:\/\/www.versiegelung24.com\/tr\/profesyonel-kalitede-ahsap-sizdirmazlik.html"]}]},{"@type":"ImageObject","inLanguage":"tr","@id":"https:\/\/www.versiegelung24.com\/tr\/profesyonel-kalitede-ahsap-sizdirmazlik.html#primaryimage","url":"https:\/\/www.versiegelung24.com\/wp-content\/uploads\/2020\/06\/produkt-4000-695-1000-Holzversiegelung-scaled.jpg","contentUrl":"https:\/\/www.versiegelung24.com\/wp-content\/uploads\/2020\/06\/produkt-4000-695-1000-Holzversiegelung-scaled.jpg","width":2560,"height":2560},{"@type":"BreadcrumbList","@id":"https:\/\/www.versiegelung24.com\/tr\/profesyonel-kalitede-ahsap-sizdirmazlik.html#breadcrumb","itemListElement":[{"@type":"ListItem","position":1,"name":"Anasayfa","item":"https:\/\/www.versiegelung24.com\/tr\/on\/"},{"@type":"ListItem","position":2,"name":"Ma\u011faza","item":"https:\/\/www.versiegelung24.com\/tr\/magaza\/"},{"@type":"ListItem","position":3,"name":"Profesyonel kalitede ah\u015fap s\u0131zd\u0131rmazl\u0131k"}]},{"@type":"WebSite","@id":"https:\/\/www.versiegelung24.com\/tr\/#website","url":"https:\/\/www.versiegelung24.com\/tr\/","name":"versiegelung24.com","description":"Fl\u00fcssigglas-Versiegelung - Made in Germany","publisher":{"@id":"https:\/\/www.versiegelung24.com\/tr\/#organization"},"potentialAction":[{"@type":"SearchAction","target":{"@type":"EntryPoint","urlTemplate":"https:\/\/www.versiegelung24.com\/tr\/?s={search_term_string}"},"query-input":{"@type":"PropertyValueSpecification","valueRequired":true,"valueName":"search_term_string"}}],"inLanguage":"tr"},{"@type":"Organization","@id":"https:\/\/www.versiegelung24.com\/tr\/#organization","name":"versiegelung24","url":"https:\/\/www.versiegelung24.com\/tr\/","logo":{"@type":"ImageObject","inLanguage":"tr","@id":"https:\/\/www.versiegelung24.com\/tr\/#\/schema\/logo\/image\/","url":"https:\/\/www.versiegelung24.com\/wp-content\/uploads\/2020\/04\/versiegelung24.png","contentUrl":"https:\/\/www.versiegelung24.com\/wp-content\/uploads\/2020\/04\/versiegelung24.png","width":470,"height":102,"caption":"versiegelung24"},"image":{"@id":"https:\/\/www.versiegelung24.com\/tr\/#\/schema\/logo\/image\/"}}]},"og_availability":"instock","product_availability":"instock","product_retailer_item_id":"4000-695","product_condition":"new"},"_links":{"self":[{"href":"https:\/\/www.versiegelung24.com\/tr\/wp-json\/wp\/v2\/product\/26130","targetHints":{"allow":["GET"]}}],"collection":[{"href":"https:\/\/www.versiegelung24.com\/tr\/wp-json\/wp\/v2\/product"}],"about":[{"href":"https:\/\/www.versiegelung24.com\/tr\/wp-json\/wp\/v2\/types\/product"}],"version-history":[{"count":17,"href":"https:\/\/www.versiegelung24.com\/tr\/wp-json\/wp\/v2\/product\/26130\/revisions"}],"predecessor-version":[{"id":177490,"href":"https:\/\/www.versiegelung24.com\/tr\/wp-json\/wp\/v2\/product\/26130\/revisions\/177490"}],"wp:featuredmedia":[{"embeddable":true,"href":"https:\/\/www.versiegelung24.com\/tr\/wp-json\/wp\/v2\/media\/18205"}],"wp:attachment":[{"href":"https:\/\/www.versiegelung24.com\/tr\/wp-json\/wp\/v2\/media?parent=26130"}],"wp:term":[{"taxonomy":"product_brand","embeddable":true,"href":"https:\/\/www.versiegelung24.com\/tr\/wp-json\/wp\/v2\/product_brand?post=26130"},{"taxonomy":"product_cat","embeddable":true,"href":"https:\/\/www.versiegelung24.com\/tr\/wp-json\/wp\/v2\/product_cat?post=26130"},{"taxonomy":"product_tag","embeddable":true,"href":"https:\/\/www.versiegelung24.com\/tr\/wp-json\/wp\/v2\/product_tag?post=26130"}],"curies":[{"name":"wp","href":"https:\/\/api.w.org\/{rel}","templated":true}]}}