{"id":37428,"date":"2021-09-27T11:17:44","date_gmt":"2021-09-27T09:31:19","guid":{"rendered":"https:\/\/www.versiegelung24.com\/produkt\/bakteri-ve-viruslere-karsi-sivi-camdan-yapilmis-cep-telefonu-koruyucu-tabaka"},"modified":"2025-01-05T15:38:03","modified_gmt":"2025-01-05T14:38:03","slug":"bakterilere-viruslere-karsi-kullanisli-sivi-cam-koruyucu-tabaka","status":"publish","type":"product","link":"https:\/\/www.versiegelung24.com\/tr\/bakterilere-virueslere-karsi-kullanisli-sivi-cam-koruyucu-tabaka.html","title":{"rendered":"Bakteri ve vir\u00fcslere kar\u015f\u0131 ak\u0131ll\u0131 telefon ve cep telefonu uzun s\u00fcreli dezenfektan"},"content":{"rendered":"\n<h2 class=\"wp-block-heading\" id=\"h-neuheit-am-markt-smartphones-amp-handys-fur-3-monate-mit-einer-unsichtbaren-flussigglas-schicht-gegen-bakterien-viren-und-pilze-schutzen\">Piyasada yeni: Ak\u0131ll\u0131 telefonlar\u0131 ve cep telefonlar\u0131n\u0131 3 ay boyunca bakteri, vir\u00fcs ve mantarlara kar\u015f\u0131 koruyun<\/h2>\n<div class=\"wp-block-image\">\n<figure class=\"aligncenter size-large\"><img fetchpriority=\"high\" decoding=\"async\" width=\"2560\" height=\"1440\" src=\"https:\/\/www.versiegelung24.com\/wp-content\/uploads\/2021\/09\/handy_bakterien-viren-edited-scaled.jpeg\" alt=\"\" class=\"wp-image-38698\" srcset=\"https:\/\/www.versiegelung24.com\/wp-content\/uploads\/2021\/09\/handy_bakterien-viren-edited-scaled.jpeg 2560w, https:\/\/www.versiegelung24.com\/wp-content\/uploads\/2021\/09\/handy_bakterien-viren-edited-scaled-600x338.jpeg 600w, https:\/\/www.versiegelung24.com\/wp-content\/uploads\/2021\/09\/handy_bakterien-viren-edited-300x169.jpeg 300w, https:\/\/www.versiegelung24.com\/wp-content\/uploads\/2021\/09\/handy_bakterien-viren-edited-1300x731.jpeg 1300w, https:\/\/www.versiegelung24.com\/wp-content\/uploads\/2021\/09\/handy_bakterien-viren-edited-768x432.jpeg 768w, https:\/\/www.versiegelung24.com\/wp-content\/uploads\/2021\/09\/handy_bakterien-viren-edited-1536x864.jpeg 1536w, https:\/\/www.versiegelung24.com\/wp-content\/uploads\/2021\/09\/handy_bakterien-viren-edited-2048x1152.jpeg 2048w\" sizes=\"(max-width: 2560px) 100vw, 2560px\" \/><figcaption class=\"wp-element-caption\">Bakteri, vir\u00fcs ve mantar ta\u015f\u0131y\u0131c\u0131s\u0131 olarak ak\u0131ll\u0131 telefon<\/figcaption><\/figure>\n<\/div>\n<p>Bug\u00fcn ak\u0131ll\u0131 telefon s\u00fcrekli bir arkada\u015ft\u0131r. Bir\u00e7ok insan g\u00fcn boyunca y\u00fczlerce kez al\u0131r. Cep telefonu her yerde bulunur<strong> &#8211;<\/strong> uyurken ve dinlenirken, tuvaletteyken veya spor ve bo\u015f zamanlar\u0131nda. Vir\u00fcslerin ve bakterilerin bula\u015fmas\u0131 i\u00e7in ger\u00e7ek bir \u015f\u00f6len. <\/p>\n\n<p>Kullan\u0131c\u0131 ak\u0131ll\u0131 telefonlarda bakteri, mantar ve vir\u00fcs riskini \u00e7ok ciddiye almal\u0131d\u0131r. Sadece sa\u011fl\u0131ks\u0131z de\u011filler, ayn\u0131 zamanda hem refah\u0131 hem de sa\u011fl\u0131\u011f\u0131 etkileyebilirler. Bu arada, genel olarak temiz ve hijyenik bak\u0131ml\u0131 bir cep telefonu veya ak\u0131ll\u0131 telefon kullanmak \u00e7ok daha keyifli.<\/p>\n\n<hr\/>\n\n<h4 class=\"wp-block-heading\" id=\"video\">Video<\/h4>\n\n<figure class=\"wp-block-embed aligncenter is-type-rich is-provider-handler-einbetten wp-block-embed-handler-einbetten wp-embed-aspect-16-9 wp-has-aspect-ratio\"><div class=\"wp-block-embed__wrapper\"> \n<div class=\"nv-iframe-embed\"><iframe title=\"Award-winning Mobile Phone Sanitizer by LiquiGlas (904)\" width=\"1200\" height=\"675\" src=\"https:\/\/www.youtube.com\/embed\/OPwnhKcFTvA?feature=oembed\" frameborder=\"0\" allow=\"accelerometer; autoplay; clipboard-write; encrypted-media; gyroscope; picture-in-picture\" allowfullscreen><\/iframe><\/div>\n <\/div><\/figure>\n\n<hr\/>\n\n<h4 class=\"wp-block-heading\" id=\"properties\">\u00dcr\u00fcn \u00f6zellikleri<\/h4>\n\n<div class=\"wp-block-columns is-layout-flex wp-container-core-columns-is-layout-9d6595d7 wp-block-columns-is-layout-flex\">\n<div class=\"wp-block-column is-layout-flow wp-block-column-is-layout-flow\">\n<h2 class=\"wp-block-heading\" id=\"die-highlights-auf-einen-blick\">Bir bak\u0131\u015fta \u00f6ne \u00e7\u0131kanlar<\/h2>\n\n\n\n<p><br\/><br\/><br\/><br\/><br\/>&#8211; benzersiz uzun s\u00fcreli bakteriyel koruma &#8211; bakteri, mantar ve vir\u00fcslerin garantili n\u00f6tralizasyonu &#8211; basit ve kullan\u0131m\u0131 kolay &#8211; t\u0131bbi s\u0131n\u0131f dezenfeksiyon &#8211; koronavir\u00fcse kar\u015f\u0131 ek koruma &#8211; 2020 MedTech \u00d6d\u00fcl\u00fc sahibi &#8211; y\u00fczeylerde patojenlere kar\u015f\u0131 en iyi uzun vadeli etki<\/p>\n<\/div>\n\n\n\n<div class=\"wp-block-column is-layout-flow wp-block-column-is-layout-flow\">\n<h2 class=\"wp-block-heading\" id=\"lieferumfang\">Teslimat kapsam\u0131<\/h2>\n\n\n\n<p>Haftada 1 kez kullan\u0131m i\u00e7in 12 bakteri koruma mendili = 3 ay<\/p>\n<\/div>\n<\/div>\n\n<hr\/>\n\n<h4 class=\"wp-block-heading\" id=\"application\">Uygulama<\/h4>\n\n<h2 class=\"wp-block-heading\" id=\"die-anwendung-hygienisch-sauberes-handy\">Uygulama &#8211; hijyenik olarak temiz cep telefonu<\/h2>\n\n<div class=\"wp-block-getwid-toggle has-icon-left\">\n<div class=\"wp-block-getwid-toggle__row\"><div class=\"wp-block-getwid-toggle__header-wrapper\"><span class=\"wp-block-getwid-toggle__header\"><a href=\"#\"><span class=\"wp-block-getwid-toggle__header-title\">1. Smartphone s\u00e4ubern<\/span><span class=\"wp-block-getwid-toggle__icon is-active\"><i class=\"fas fa-plus\"><\/i><\/span><span class=\"wp-block-getwid-toggle__icon is-passive\"><i class=\"fas fa-minus\"><\/i><\/span><\/a><\/span><\/div><div class=\"wp-block-getwid-toggle__content-wrapper\"><div class=\"wp-block-getwid-toggle__content\">\n<p>Parmak izi, kir ve her t\u00fcrl\u00fc a\u015f\u0131nmay\u0131 gidermek amac\u0131yla u\u00e7 cihaz\u0131n \u00f6n ve arka taraf\u0131 mikrofiber bez veya kuru, havs\u0131z bir bezle silinir.<\/p>\n<\/div><\/div><\/div>\n\n\n\n<div class=\"wp-block-getwid-toggle__row\"><div class=\"wp-block-getwid-toggle__header-wrapper\"><span class=\"wp-block-getwid-toggle__header\"><a href=\"#\"><span class=\"wp-block-getwid-toggle__header-title\">2. Smartphone desinfizieren<\/span><span class=\"wp-block-getwid-toggle__icon is-active\"><i class=\"fas fa-plus\"><\/i><\/span><span class=\"wp-block-getwid-toggle__icon is-passive\"><i class=\"fas fa-minus\"><\/i><\/span><\/a><\/span><\/div><div class=\"wp-block-getwid-toggle__content-wrapper\"><div class=\"wp-block-getwid-toggle__content\">\n<p>12&#8217;li paket a\u00e7\u0131l\u0131r ve ilk stre\u00e7 filmli dezenfektan mendil \u00e7\u0131kar\u0131l\u0131r. Dezenfektan mendilin bir taraf\u0131 ile cep telefonunun \u00f6n\u00fc ve arkas\u0131 iyice temizlenir yani silinir. Bunu, u\u00e7 cihaz\u0131, bezin di\u011fer, hala temiz olan taraf\u0131 ile yakla\u015f\u0131k 30 saniye dezenfekte etmek takip eder. Bu, y\u00fczeyinde hafif bir \u00f6rt\u00fc olu\u015fturur.<\/p>\n<\/div><\/div><\/div>\n\n\n\n<div class=\"wp-block-getwid-toggle__row\"><div class=\"wp-block-getwid-toggle__header-wrapper\"><span class=\"wp-block-getwid-toggle__header\"><a href=\"#\"><span class=\"wp-block-getwid-toggle__header-title\">3. Trocknungsvorgang<\/span><span class=\"wp-block-getwid-toggle__icon is-active\"><i class=\"fas fa-plus\"><\/i><\/span><span class=\"wp-block-getwid-toggle__icon is-passive\"><i class=\"fas fa-minus\"><\/i><\/span><\/a><\/span><\/div><div class=\"wp-block-getwid-toggle__content-wrapper\"><div class=\"wp-block-getwid-toggle__content\">\n<p>Bunu iki ila \u00fc\u00e7 dakikal\u0131k bir kurutma i\u015flemi takip eder. Uygulanan s\u0131v\u0131 etki eder ve dezenfekte edici bir koruyucu tabaka olu\u015fturur.<\/p>\n<\/div><\/div><\/div>\n\n\n\n<div class=\"wp-block-getwid-toggle__row\"><div class=\"wp-block-getwid-toggle__header-wrapper\"><span class=\"wp-block-getwid-toggle__header\"><a href=\"#\"><span class=\"wp-block-getwid-toggle__header-title\">4. Nachpolieren<\/span><span class=\"wp-block-getwid-toggle__icon is-active\"><i class=\"fas fa-plus\"><\/i><\/span><span class=\"wp-block-getwid-toggle__icon is-passive\"><i class=\"fas fa-minus\"><\/i><\/span><\/a><\/span><\/div><div class=\"wp-block-getwid-toggle__content-wrapper\"><div class=\"wp-block-getwid-toggle__content\">\n<p>Kurutma i\u015fleminin sonunda cep telefonu tekrar temiz bir kurutma bezi ile kaplan\u0131r.<strong> &#8211;<\/strong> \u00f6rne\u011fin mikrofiberden yap\u0131lm\u0131\u015f<strong> &#8211;<\/strong> Y\u00fczeyde iz kalmay\u0131ncaya kadar tekrar cilalanm\u0131\u015ft\u0131r. \u015eimdi geli\u015ftirilen uzun vadeli dezenfeksiyon korumas\u0131, \u00f6n\u00fcm\u00fczdeki yedi ila on g\u00fcn boyunca yo\u011fun bir \u015fekilde \u00e7al\u0131\u015fmaya devam ediyor.<\/p>\n<\/div><\/div><\/div>\n<\/div>\n\n<br\/>\n\n<hr\/>\n\n<h4 class=\"wp-block-heading\" id=\"advisor\">Dan\u0131\u015fman<\/h4>\n\n<h2 class=\"wp-block-heading\" id=\"award-gewinner-handy-desinfektion-raumt-ab\">\u00d6d\u00fcl kazanan &#8211; cep telefonu dezenfeksiyonu kazand\u0131<\/h2>\n\n<p>Cep telefonlar\u0131, ak\u0131ll\u0131 telefonlar veya tabletler gibi mobil u\u00e7 cihazlar\u0131n dezenfeksiyon korumas\u0131 i\u00e7in piyasadaki yenilik, CCM\u00ae&#8217;nin 12&#8217;li koruyucu bakteriyel mendil paketidir. CCM, merkezi Overath, Kuzey Ren-Vestfalya&#8217;da bulunan Creative Chemical Manufacturer GmbH&#8217;nin k\u0131saltmas\u0131d\u0131r.<\/p>\n\n<figure class=\"wp-block-image size-full\"><img decoding=\"async\" width=\"700\" height=\"207\" src=\"https:\/\/www.versiegelung24.com\/wp-content\/uploads\/2021\/09\/2020-MedTech-Awards-2.png\" alt=\"\" class=\"wp-image-37295\" srcset=\"https:\/\/www.versiegelung24.com\/wp-content\/uploads\/2021\/09\/2020-MedTech-Awards-2.png 700w, https:\/\/www.versiegelung24.com\/wp-content\/uploads\/2021\/09\/2020-MedTech-Awards-2-600x177.png 600w, https:\/\/www.versiegelung24.com\/wp-content\/uploads\/2021\/09\/2020-MedTech-Awards-2-300x89.png 300w\" sizes=\"(max-width: 700px) 100vw, 700px\" \/><figcaption class=\"wp-element-caption\"><strong>MedTech \u00d6d\u00fcl\u00fc&#8217;ne lay\u0131k g\u00f6r\u00fcld\u00fc &#8211; En \u0130yi Uzun Vadeli Anti-Patojen Koruma \u00c7\u00f6z\u00fcm\u00fc<\/strong><\/figcaption><\/figure>\n\n<h2 class=\"wp-block-heading\" id=\"ohne-handy-und-smartphone-desinfizieren-geht-es-einfach-nicht\">Cep telefonu ve ak\u0131ll\u0131 telefon olmadan dezenfekte etmek m\u00fcmk\u00fcn de\u011fil!<\/h2>\n\n<p>\u0130nsanlar art\u0131k ellerini d\u00fczenli olarak y\u0131kamaya ve dezenfekte etmeye al\u0131\u015ft\u0131. Kendi ak\u0131ll\u0131 telefonunuzu dezenfekte etmeyi unutmamak daha da \u00f6nemlidir. Do\u011fru kullan\u0131ld\u0131\u011f\u0131nda koruyucu bakteri bezi on g\u00fcne kadar s\u00fcrekli bir dezenfektan etkisi geli\u015ftirir. 12&#8217;li paket ile u\u00e7 cihaz, y\u0131l\u0131n \u00e7eyre\u011fi boyunca her zaman hijyenik olarak m\u00fckemmel durumda.<\/p>\n\n<p><\/p>\n\n<p><strong>On iki koruyucu \u00f6rt\u00fcn\u00fcn d\u00fczenli kullan\u0131m\u0131, ak\u0131ll\u0131 telefonun y\u00fczeyinde ultra ince bir s\u0131v\u0131 cam kaplama olu\u015fturur.<\/strong> Patojenlerin olu\u015fumunu ve bunun sonucunda olu\u015fmas\u0131n\u0131 engeller. Olumlu bir yan etki olarak y\u00fczey giderek p\u00fcr\u00fczs\u00fczle\u015fir ve \u00e7ok kolay temizlenebilir. Bu etki, dezenfektan mendiller ne kadar uzun s\u00fcre kullan\u0131l\u0131rsa o kadar artar.<\/p>\n","protected":false},"excerpt":{"rendered":"<p>Cep telefonlar\u0131, ak\u0131ll\u0131 telefonlar veya tabletler gibi mobil u\u00e7 cihazlar\u0131n dezenfeksiyon korumas\u0131 i\u00e7in piyasadaki yenilik, CCM\u00ae&#8217;nin 12&#8217;li koruyucu bakteriyel mendil paketidir.<\/p>\n<p><strong>&#8220;En \u0130yi Uzun Vadeli Anti-Patojen Koruma \u00c7\u00f6z\u00fcm\u00fc&#8221;<\/strong> MedTech \u00d6d\u00fcl\u00fc ile sertifikaland\u0131r\u0131lm\u0131\u015ft\u0131r<strong><\/p>\n<p><\/strong><\/p>\n<p><img decoding=\"async\" class=\"alignnone size-medium wp-image-37295\" src=\"https:\/\/www.versiegelung24.com\/wp-content\/uploads\/2021\/09\/2020-MedTech-Awards-2-300x89.png\" alt=\"\" width=\"300\" height=\"89\" srcset=\"https:\/\/www.versiegelung24.com\/wp-content\/uploads\/2021\/09\/2020-MedTech-Awards-2-300x89.png 300w, https:\/\/www.versiegelung24.com\/wp-content\/uploads\/2021\/09\/2020-MedTech-Awards-2-600x177.png 600w, https:\/\/www.versiegelung24.com\/wp-content\/uploads\/2021\/09\/2020-MedTech-Awards-2.png 700w\" sizes=\"(max-width: 300px) 100vw, 300px\" \/><\/p>\n","protected":false},"featured_media":63256,"template":"","meta":{"_acf_changed":false,"neve_meta_sidebar":"","neve_meta_container":"","neve_meta_enable_content_width":"","neve_meta_content_width":0,"neve_meta_title_alignment":"","neve_meta_author_avatar":"","neve_post_elements_order":"","neve_meta_disable_header":"","neve_meta_disable_footer":"","neve_meta_disable_title":"","neve_meta_reading_time":"","_surfaces":[],"_ver_product_tabs":[],"footnotes":""},"product_brand":[],"product_cat":[2359,3020],"product_tag":[],"class_list":{"0":"post-37428","1":"product","2":"type-product","3":"status-publish","4":"has-post-thumbnail","6":"product_cat-dezenfektanlar","7":"product_cat-cep-telefonu-dezenfektani","9":"first","10":"instock","11":"taxable","12":"shipping-taxable","13":"purchasable","14":"product-type-simple"},"acf":[],"yoast_head":"<!-- This site is optimized with the Yoast SEO Premium plugin v22.8 (Yoast SEO v27.5) - https:\/\/yoast.com\/product\/yoast-seo-premium-wordpress\/ -->\n<title>Bakteri ve vir\u00fcslere kar\u015f\u0131 ak\u0131ll\u0131 telefon ve cep telefonu uzun s\u00fcreli dezenfektan - versiegelung24.com<\/title>\n<meta name=\"robots\" content=\"index, follow, max-snippet:-1, max-image-preview:large, max-video-preview:-1\" \/>\n<link rel=\"canonical\" href=\"https:\/\/www.versiegelung24.com\/tr\/bakterilere-virueslere-karsi-kullanisli-sivi-cam-koruyucu-tabaka.html\" \/>\n<meta property=\"og:locale\" content=\"tr_TR\" \/>\n<meta property=\"og:type\" content=\"article\" \/>\n<meta property=\"og:title\" content=\"Bakteri ve vir\u00fcslere kar\u015f\u0131 ak\u0131ll\u0131 telefon ve cep telefonu uzun s\u00fcreli dezenfektan\" \/>\n<meta property=\"og:description\" content=\"Cep telefonlar\u0131, ak\u0131ll\u0131 telefonlar veya tabletler gibi mobil u\u00e7 cihazlar\u0131n dezenfeksiyon korumas\u0131 i\u00e7in piyasadaki yenilik, CCM\u00ae&#039;nin 12&#039;li koruyucu bakteriyel mendil paketidir. &quot;En \u0130yi Uzun Vadeli Anti-Patojen Koruma \u00c7\u00f6z\u00fcm\u00fc&quot; MedTech \u00d6d\u00fcl\u00fc ile sertifikaland\u0131r\u0131lm\u0131\u015ft\u0131r\" \/>\n<meta property=\"og:url\" content=\"https:\/\/www.versiegelung24.com\/tr\/bakterilere-virueslere-karsi-kullanisli-sivi-cam-koruyucu-tabaka.html\" \/>\n<meta property=\"og:site_name\" content=\"versiegelung24.com\" \/>\n<meta property=\"article:modified_time\" content=\"2025-01-05T14:38:03+00:00\" \/>\n<meta property=\"og:image\" content=\"https:\/\/www.versiegelung24.com\/wp-content\/uploads\/2021\/09\/produkt-4009-904-Handy-Bakterienschutz-Verpackung1.jpg\" \/>\n\t<meta property=\"og:image:width\" content=\"2000\" \/>\n\t<meta property=\"og:image:height\" content=\"2000\" \/>\n\t<meta property=\"og:image:type\" content=\"image\/jpeg\" \/>\n<meta name=\"twitter:card\" content=\"summary_large_image\" \/>\n<meta name=\"twitter:label1\" content=\"Fiyat\" \/>\n\t<meta name=\"twitter:data1\" content=\"10,99&euro;\" \/>\n\t<meta name=\"twitter:label2\" content=\"Durumu\" \/>\n\t<meta name=\"twitter:data2\" content=\"Stokta var\" \/>\n<script type=\"application\/ld+json\" class=\"yoast-schema-graph\">{\"@context\":\"https:\\\/\\\/schema.org\",\"@graph\":[{\"@type\":\"WebPage\",\"@id\":\"https:\\\/\\\/www.versiegelung24.com\\\/tr\\\/bakterilere-virueslere-karsi-kullanisli-sivi-cam-koruyucu-tabaka.html\",\"url\":\"https:\\\/\\\/www.versiegelung24.com\\\/tr\\\/bakterilere-virueslere-karsi-kullanisli-sivi-cam-koruyucu-tabaka.html\",\"name\":\"Bakteri ve vir\u00fcslere kar\u015f\u0131 ak\u0131ll\u0131 telefon ve cep telefonu uzun s\u00fcreli dezenfektan - versiegelung24.com\",\"isPartOf\":{\"@id\":\"https:\\\/\\\/www.versiegelung24.com\\\/tr\\\/#website\"},\"primaryImageOfPage\":{\"@id\":\"https:\\\/\\\/www.versiegelung24.com\\\/tr\\\/bakterilere-virueslere-karsi-kullanisli-sivi-cam-koruyucu-tabaka.html#primaryimage\"},\"image\":{\"@id\":\"https:\\\/\\\/www.versiegelung24.com\\\/tr\\\/bakterilere-virueslere-karsi-kullanisli-sivi-cam-koruyucu-tabaka.html#primaryimage\"},\"thumbnailUrl\":\"https:\\\/\\\/www.versiegelung24.com\\\/wp-content\\\/uploads\\\/2021\\\/09\\\/produkt-4009-904-Handy-Bakterienschutz-Verpackung1.jpg\",\"datePublished\":\"2021-09-27T09:31:19+00:00\",\"dateModified\":\"2025-01-05T14:38:03+00:00\",\"breadcrumb\":{\"@id\":\"https:\\\/\\\/www.versiegelung24.com\\\/tr\\\/bakterilere-virueslere-karsi-kullanisli-sivi-cam-koruyucu-tabaka.html#breadcrumb\"},\"inLanguage\":\"tr\",\"potentialAction\":[{\"@type\":\"ReadAction\",\"target\":[\"https:\\\/\\\/www.versiegelung24.com\\\/tr\\\/bakterilere-virueslere-karsi-kullanisli-sivi-cam-koruyucu-tabaka.html\"]}]},{\"@type\":\"ImageObject\",\"inLanguage\":\"tr\",\"@id\":\"https:\\\/\\\/www.versiegelung24.com\\\/tr\\\/bakterilere-virueslere-karsi-kullanisli-sivi-cam-koruyucu-tabaka.html#primaryimage\",\"url\":\"https:\\\/\\\/www.versiegelung24.com\\\/wp-content\\\/uploads\\\/2021\\\/09\\\/produkt-4009-904-Handy-Bakterienschutz-Verpackung1.jpg\",\"contentUrl\":\"https:\\\/\\\/www.versiegelung24.com\\\/wp-content\\\/uploads\\\/2021\\\/09\\\/produkt-4009-904-Handy-Bakterienschutz-Verpackung1.jpg\",\"width\":2000,\"height\":2000},{\"@type\":\"BreadcrumbList\",\"@id\":\"https:\\\/\\\/www.versiegelung24.com\\\/tr\\\/bakterilere-virueslere-karsi-kullanisli-sivi-cam-koruyucu-tabaka.html#breadcrumb\",\"itemListElement\":[{\"@type\":\"ListItem\",\"position\":1,\"name\":\"Anasayfa\",\"item\":\"https:\\\/\\\/www.versiegelung24.com\\\/tr\\\/on\\\/\"},{\"@type\":\"ListItem\",\"position\":2,\"name\":\"Ma\u011faza\",\"item\":\"https:\\\/\\\/www.versiegelung24.com\\\/tr\\\/magaza\\\/\"},{\"@type\":\"ListItem\",\"position\":3,\"name\":\"Bakteri ve vir\u00fcslere kar\u015f\u0131 ak\u0131ll\u0131 telefon ve cep telefonu uzun s\u00fcreli dezenfektan\"}]},{\"@type\":\"WebSite\",\"@id\":\"https:\\\/\\\/www.versiegelung24.com\\\/tr\\\/#website\",\"url\":\"https:\\\/\\\/www.versiegelung24.com\\\/tr\\\/\",\"name\":\"versiegelung24.com\",\"description\":\"Fl\u00fcssigglas-Versiegelung - Made in Germany\",\"publisher\":{\"@id\":\"https:\\\/\\\/www.versiegelung24.com\\\/tr\\\/#organization\"},\"potentialAction\":[{\"@type\":\"SearchAction\",\"target\":{\"@type\":\"EntryPoint\",\"urlTemplate\":\"https:\\\/\\\/www.versiegelung24.com\\\/tr\\\/?s={search_term_string}\"},\"query-input\":{\"@type\":\"PropertyValueSpecification\",\"valueRequired\":true,\"valueName\":\"search_term_string\"}}],\"inLanguage\":\"tr\"},{\"@type\":\"Organization\",\"@id\":\"https:\\\/\\\/www.versiegelung24.com\\\/tr\\\/#organization\",\"name\":\"versiegelung24\",\"url\":\"https:\\\/\\\/www.versiegelung24.com\\\/tr\\\/\",\"logo\":{\"@type\":\"ImageObject\",\"inLanguage\":\"tr\",\"@id\":\"https:\\\/\\\/www.versiegelung24.com\\\/tr\\\/#\\\/schema\\\/logo\\\/image\\\/\",\"url\":\"https:\\\/\\\/www.versiegelung24.com\\\/wp-content\\\/uploads\\\/2020\\\/04\\\/versiegelung24.png\",\"contentUrl\":\"https:\\\/\\\/www.versiegelung24.com\\\/wp-content\\\/uploads\\\/2020\\\/04\\\/versiegelung24.png\",\"width\":470,\"height\":102,\"caption\":\"versiegelung24\"},\"image\":{\"@id\":\"https:\\\/\\\/www.versiegelung24.com\\\/tr\\\/#\\\/schema\\\/logo\\\/image\\\/\"}}]}<\/script>\n<meta property=\"product:price:amount\" content=\"10.99\" \/>\n<meta property=\"product:price:currency\" content=\"EUR\" \/>\n<meta property=\"og:availability\" content=\"instock\" \/>\n<meta property=\"product:availability\" content=\"instock\" \/>\n<meta property=\"product:retailer_item_id\" content=\"4009-904\" \/>\n<meta property=\"product:condition\" content=\"new\" \/>\n<!-- \/ Yoast SEO Premium plugin. -->","yoast_head_json":{"title":"Bakteri ve vir\u00fcslere kar\u015f\u0131 ak\u0131ll\u0131 telefon ve cep telefonu uzun s\u00fcreli dezenfektan - versiegelung24.com","robots":{"index":"index","follow":"follow","max-snippet":"max-snippet:-1","max-image-preview":"max-image-preview:large","max-video-preview":"max-video-preview:-1"},"canonical":"https:\/\/www.versiegelung24.com\/tr\/bakterilere-virueslere-karsi-kullanisli-sivi-cam-koruyucu-tabaka.html","og_locale":"tr_TR","og_type":"article","og_title":"Bakteri ve vir\u00fcslere kar\u015f\u0131 ak\u0131ll\u0131 telefon ve cep telefonu uzun s\u00fcreli dezenfektan","og_description":"Cep telefonlar\u0131, ak\u0131ll\u0131 telefonlar veya tabletler gibi mobil u\u00e7 cihazlar\u0131n dezenfeksiyon korumas\u0131 i\u00e7in piyasadaki yenilik, CCM\u00ae'nin 12'li koruyucu bakteriyel mendil paketidir. \"En \u0130yi Uzun Vadeli Anti-Patojen Koruma \u00c7\u00f6z\u00fcm\u00fc\" MedTech \u00d6d\u00fcl\u00fc ile sertifikaland\u0131r\u0131lm\u0131\u015ft\u0131r","og_url":"https:\/\/www.versiegelung24.com\/tr\/bakterilere-virueslere-karsi-kullanisli-sivi-cam-koruyucu-tabaka.html","og_site_name":"versiegelung24.com","article_modified_time":"2025-01-05T14:38:03+00:00","og_image":[{"width":2000,"height":2000,"url":"https:\/\/www.versiegelung24.com\/wp-content\/uploads\/2021\/09\/produkt-4009-904-Handy-Bakterienschutz-Verpackung1.jpg","type":"image\/jpeg"}],"twitter_card":"summary_large_image","twitter_misc":{"Fiyat":"10,99&euro;","Durumu":"Stokta var"},"schema":{"@context":"https:\/\/schema.org","@graph":[{"@type":"WebPage","@id":"https:\/\/www.versiegelung24.com\/tr\/bakterilere-virueslere-karsi-kullanisli-sivi-cam-koruyucu-tabaka.html","url":"https:\/\/www.versiegelung24.com\/tr\/bakterilere-virueslere-karsi-kullanisli-sivi-cam-koruyucu-tabaka.html","name":"Bakteri ve vir\u00fcslere kar\u015f\u0131 ak\u0131ll\u0131 telefon ve cep telefonu uzun s\u00fcreli dezenfektan - versiegelung24.com","isPartOf":{"@id":"https:\/\/www.versiegelung24.com\/tr\/#website"},"primaryImageOfPage":{"@id":"https:\/\/www.versiegelung24.com\/tr\/bakterilere-virueslere-karsi-kullanisli-sivi-cam-koruyucu-tabaka.html#primaryimage"},"image":{"@id":"https:\/\/www.versiegelung24.com\/tr\/bakterilere-virueslere-karsi-kullanisli-sivi-cam-koruyucu-tabaka.html#primaryimage"},"thumbnailUrl":"https:\/\/www.versiegelung24.com\/wp-content\/uploads\/2021\/09\/produkt-4009-904-Handy-Bakterienschutz-Verpackung1.jpg","datePublished":"2021-09-27T09:31:19+00:00","dateModified":"2025-01-05T14:38:03+00:00","breadcrumb":{"@id":"https:\/\/www.versiegelung24.com\/tr\/bakterilere-virueslere-karsi-kullanisli-sivi-cam-koruyucu-tabaka.html#breadcrumb"},"inLanguage":"tr","potentialAction":[{"@type":"ReadAction","target":["https:\/\/www.versiegelung24.com\/tr\/bakterilere-virueslere-karsi-kullanisli-sivi-cam-koruyucu-tabaka.html"]}]},{"@type":"ImageObject","inLanguage":"tr","@id":"https:\/\/www.versiegelung24.com\/tr\/bakterilere-virueslere-karsi-kullanisli-sivi-cam-koruyucu-tabaka.html#primaryimage","url":"https:\/\/www.versiegelung24.com\/wp-content\/uploads\/2021\/09\/produkt-4009-904-Handy-Bakterienschutz-Verpackung1.jpg","contentUrl":"https:\/\/www.versiegelung24.com\/wp-content\/uploads\/2021\/09\/produkt-4009-904-Handy-Bakterienschutz-Verpackung1.jpg","width":2000,"height":2000},{"@type":"BreadcrumbList","@id":"https:\/\/www.versiegelung24.com\/tr\/bakterilere-virueslere-karsi-kullanisli-sivi-cam-koruyucu-tabaka.html#breadcrumb","itemListElement":[{"@type":"ListItem","position":1,"name":"Anasayfa","item":"https:\/\/www.versiegelung24.com\/tr\/on\/"},{"@type":"ListItem","position":2,"name":"Ma\u011faza","item":"https:\/\/www.versiegelung24.com\/tr\/magaza\/"},{"@type":"ListItem","position":3,"name":"Bakteri ve vir\u00fcslere kar\u015f\u0131 ak\u0131ll\u0131 telefon ve cep telefonu uzun s\u00fcreli dezenfektan"}]},{"@type":"WebSite","@id":"https:\/\/www.versiegelung24.com\/tr\/#website","url":"https:\/\/www.versiegelung24.com\/tr\/","name":"versiegelung24.com","description":"Fl\u00fcssigglas-Versiegelung - Made in Germany","publisher":{"@id":"https:\/\/www.versiegelung24.com\/tr\/#organization"},"potentialAction":[{"@type":"SearchAction","target":{"@type":"EntryPoint","urlTemplate":"https:\/\/www.versiegelung24.com\/tr\/?s={search_term_string}"},"query-input":{"@type":"PropertyValueSpecification","valueRequired":true,"valueName":"search_term_string"}}],"inLanguage":"tr"},{"@type":"Organization","@id":"https:\/\/www.versiegelung24.com\/tr\/#organization","name":"versiegelung24","url":"https:\/\/www.versiegelung24.com\/tr\/","logo":{"@type":"ImageObject","inLanguage":"tr","@id":"https:\/\/www.versiegelung24.com\/tr\/#\/schema\/logo\/image\/","url":"https:\/\/www.versiegelung24.com\/wp-content\/uploads\/2020\/04\/versiegelung24.png","contentUrl":"https:\/\/www.versiegelung24.com\/wp-content\/uploads\/2020\/04\/versiegelung24.png","width":470,"height":102,"caption":"versiegelung24"},"image":{"@id":"https:\/\/www.versiegelung24.com\/tr\/#\/schema\/logo\/image\/"}}]},"product_price_amount":"10.99","product_price_currency":"EUR","og_availability":"instock","product_availability":"instock","product_retailer_item_id":"4009-904","product_condition":"new"},"_links":{"self":[{"href":"https:\/\/www.versiegelung24.com\/tr\/wp-json\/wp\/v2\/product\/37428","targetHints":{"allow":["GET"]}}],"collection":[{"href":"https:\/\/www.versiegelung24.com\/tr\/wp-json\/wp\/v2\/product"}],"about":[{"href":"https:\/\/www.versiegelung24.com\/tr\/wp-json\/wp\/v2\/types\/product"}],"version-history":[{"count":85,"href":"https:\/\/www.versiegelung24.com\/tr\/wp-json\/wp\/v2\/product\/37428\/revisions"}],"predecessor-version":[{"id":178247,"href":"https:\/\/www.versiegelung24.com\/tr\/wp-json\/wp\/v2\/product\/37428\/revisions\/178247"}],"wp:featuredmedia":[{"embeddable":true,"href":"https:\/\/www.versiegelung24.com\/tr\/wp-json\/wp\/v2\/media\/63256"}],"wp:attachment":[{"href":"https:\/\/www.versiegelung24.com\/tr\/wp-json\/wp\/v2\/media?parent=37428"}],"wp:term":[{"taxonomy":"product_brand","embeddable":true,"href":"https:\/\/www.versiegelung24.com\/tr\/wp-json\/wp\/v2\/product_brand?post=37428"},{"taxonomy":"product_cat","embeddable":true,"href":"https:\/\/www.versiegelung24.com\/tr\/wp-json\/wp\/v2\/product_cat?post=37428"},{"taxonomy":"product_tag","embeddable":true,"href":"https:\/\/www.versiegelung24.com\/tr\/wp-json\/wp\/v2\/product_tag?post=37428"}],"curies":[{"name":"wp","href":"https:\/\/api.w.org\/{rel}","templated":true}]}}