{"id":46826,"date":"2022-01-04T20:13:16","date_gmt":"2022-01-04T19:13:46","guid":{"rendered":"https:\/\/www.versiegelung24.com\/?post_type=product&#038;p=46826"},"modified":"2025-01-13T16:35:05","modified_gmt":"2025-01-13T15:35:05","slug":"pedexan-ayakkabi-dezenfeksiyon-dispenseri-pedspend","status":"publish","type":"product","link":"https:\/\/www.versiegelung24.com\/tr\/pedexan-ayakkabi-dezenfeksiyon-dispenseri-pedspend.html","title":{"rendered":"PedSpend &#8211; Pedexan ayakkab\u0131 dezenfeksiyonu i\u00e7in p\u00fcsk\u00fcrtme borulu dispenser"},"content":{"rendered":"\n<h1 class=\"wp-block-heading\" id=\"pedspend-spender-mit-spruhlanze-fur-pedexan-schuhdesinfektion\">PedSpend \u2013 Pedexan ayakkab\u0131 dezenfeksiyonu i\u00e7in p\u00fcsk\u00fcrtme borulu dispenser<\/h1>\n\n<p><strong>Sabit veya mobil kullan\u0131m i\u00e7in ayakkab\u0131 dezenfektan\u0131. Ayakkab\u0131lar\u0131n hijyenik olarak yeniden i\u015flenmesi i\u00e7in idealdir, \u00f6rn. end\u00fcstri ve el sanatlar\u0131, bowling salonlar\u0131 veya kayak kiralama alanlar\u0131ndaki i\u015f ayakkab\u0131lar\u0131 i\u00e7in.<\/strong><\/p>\n\n<h4 class=\"wp-block-heading\" id=\"properties\">\u00dcr\u00fcn \u00f6zellikleri<\/h4>\n\n<div class=\"wp-block-columns is-layout-flex wp-container-core-columns-is-layout-9d6595d7 wp-block-columns-is-layout-flex\">\n<div class=\"wp-block-column is-layout-flow wp-block-column-is-layout-flow\">\n<p><strong>Teslimat kapsam\u0131:<\/strong> PedSpend (kilitlenebilir) 1,4 m p\u00fcsk\u00fcrtme borusu ile ayakkab\u0131 dezenfeksiyon da\u011f\u0131t\u0131c\u0131s\u0131<\/p>\n<\/div>\n\n\n\n<div class=\"wp-block-column is-layout-flow wp-block-column-is-layout-flow\">\n<p><strong>\u015eunlar i\u00e7in uygundur: <a href=\"https:\/\/www.versiegelung24.com\/tr\/pedexan-ayakkabi-dezenfeksiyon-dolum-sisesi.html\">Pedexan ayakkab\u0131 dezenfeksiyonu<\/a><\/strong> 1 litrelik yedek \u015fi\u015fe ve t\u00fcm 1 litrelik Euro dispenser yedek \u015fi\u015feler<\/p>\n<\/div>\n<\/div>\n\n<hr \/>\n\n<h4 class=\"wp-block-heading\" id=\"application\">Uygulama<\/h4>\n\n<p><strong>Uygulama alanlar\u0131:<\/strong> sanayi ve ticaret, bowling ayakkab\u0131lar\u0131, kayak botlar\u0131, buz patenleri kiralama<\/p>\n","protected":false},"excerpt":{"rendered":"<p>PedSpend \u2013 Pedexan ayakkab\u0131 dezenfeksiyonu i\u00e7in p\u00fcsk\u00fcrtme borulu dispenser Sabit veya mobil kullan\u0131m i\u00e7in ayakkab\u0131 dezenfektan\u0131. Ayakkab\u0131lar\u0131n hijyenik olarak yeniden i\u015flenmesi i\u00e7in idealdir, \u00f6rn. end\u00fcstri ve el sanatlar\u0131, bowling salonlar\u0131 veya kayak kiralama alanlar\u0131ndaki i\u015f ayakkab\u0131lar\u0131 i\u00e7in. \u00dcr\u00fcn \u00f6zellikleri Teslimat kapsam\u0131: PedSpend (kilitlenebilir) 1,4 m p\u00fcsk\u00fcrtme borusu ile ayakkab\u0131 dezenfeksiyon da\u011f\u0131t\u0131c\u0131s\u0131 \u015eunlar i\u00e7in uygundur: Pedexan&hellip;&nbsp;<a href=\"https:\/\/www.versiegelung24.com\/tr\/pedexan-ayakkabi-dezenfeksiyon-dispenseri-pedspend.html\" rel=\"bookmark\">Read More &raquo;<span class=\"screen-reader-text\">PedSpend &#8211; Pedexan ayakkab\u0131 dezenfeksiyonu i\u00e7in p\u00fcsk\u00fcrtme borulu dispenser<\/span><\/a><\/p>\n","protected":false},"featured_media":46883,"template":"","meta":{"_acf_changed":false,"neve_meta_sidebar":"","neve_meta_container":"","neve_meta_enable_content_width":"","neve_meta_content_width":0,"neve_meta_title_alignment":"","neve_meta_author_avatar":"","neve_post_elements_order":"","neve_meta_disable_header":"","neve_meta_disable_footer":"","neve_meta_disable_title":"","neve_meta_reading_time":"","_surfaces":[],"_ver_product_tabs":[],"footnotes":""},"product_brand":[],"product_cat":[2359,2891],"product_tag":[],"class_list":{"0":"post-46826","1":"product","2":"type-product","3":"status-publish","4":"has-post-thumbnail","6":"product_cat-dezenfektanlar","7":"product_cat-ayakkabi-dezenfektanlari","9":"first","10":"instock","11":"taxable","12":"shipping-taxable","13":"purchasable","14":"product-type-simple"},"acf":[],"yoast_head":"<!-- This site is optimized with the Yoast SEO Premium plugin v22.8 (Yoast SEO v27.5) - https:\/\/yoast.com\/product\/yoast-seo-premium-wordpress\/ -->\n<title>PedSpend - Pedexan ayakkab\u0131 dezenfeksiyonu i\u00e7in p\u00fcsk\u00fcrtme borulu dispenser - versiegelung24.com<\/title>\n<meta name=\"description\" content=\"Pedexan ayakkab\u0131 dezenfeksiyonu - ho\u015f olmayan kokulara, bakteri ve mantarlara kar\u015f\u0131 \u00e7\u00f6z\u00fcm.\" \/>\n<meta name=\"robots\" content=\"index, follow, max-snippet:-1, max-image-preview:large, max-video-preview:-1\" \/>\n<link rel=\"canonical\" href=\"https:\/\/www.versiegelung24.com\/tr\/pedexan-ayakkabi-dezenfeksiyon-dispenseri-pedspend.html\" \/>\n<meta property=\"og:locale\" content=\"tr_TR\" \/>\n<meta property=\"og:type\" content=\"article\" \/>\n<meta property=\"og:title\" content=\"PedSpend - Pedexan ayakkab\u0131 dezenfeksiyonu i\u00e7in p\u00fcsk\u00fcrtme borulu dispenser\" \/>\n<meta property=\"og:description\" content=\"Pedexan ayakkab\u0131 dezenfeksiyonu - ho\u015f olmayan kokulara, bakteri ve mantarlara kar\u015f\u0131 \u00e7\u00f6z\u00fcm.\" \/>\n<meta property=\"og:url\" content=\"https:\/\/www.versiegelung24.com\/tr\/pedexan-ayakkabi-dezenfeksiyon-dispenseri-pedspend.html\" \/>\n<meta property=\"og:site_name\" content=\"versiegelung24.com\" \/>\n<meta property=\"article:modified_time\" content=\"2025-01-13T15:35:05+00:00\" \/>\n<meta property=\"og:image\" content=\"https:\/\/www.versiegelung24.com\/wp-content\/uploads\/2022\/01\/produkt-pedexan-pedspend.png\" \/>\n\t<meta property=\"og:image:width\" content=\"2000\" \/>\n\t<meta property=\"og:image:height\" content=\"2000\" \/>\n\t<meta property=\"og:image:type\" content=\"image\/png\" \/>\n<meta name=\"twitter:card\" content=\"summary_large_image\" \/>\n<meta name=\"twitter:label1\" content=\"Fiyat\" \/>\n\t<meta name=\"twitter:data1\" content=\"119,00&euro;\" \/>\n\t<meta name=\"twitter:label2\" content=\"Durumu\" \/>\n\t<meta name=\"twitter:data2\" content=\"Stokta var\" \/>\n<script type=\"application\/ld+json\" class=\"yoast-schema-graph\">{\"@context\":\"https:\\\/\\\/schema.org\",\"@graph\":[{\"@type\":\"WebPage\",\"@id\":\"https:\\\/\\\/www.versiegelung24.com\\\/tr\\\/pedexan-ayakkabi-dezenfeksiyon-dispenseri-pedspend.html\",\"url\":\"https:\\\/\\\/www.versiegelung24.com\\\/tr\\\/pedexan-ayakkabi-dezenfeksiyon-dispenseri-pedspend.html\",\"name\":\"PedSpend - Pedexan ayakkab\u0131 dezenfeksiyonu i\u00e7in p\u00fcsk\u00fcrtme borulu dispenser - versiegelung24.com\",\"isPartOf\":{\"@id\":\"https:\\\/\\\/www.versiegelung24.com\\\/tr\\\/#website\"},\"primaryImageOfPage\":{\"@id\":\"https:\\\/\\\/www.versiegelung24.com\\\/tr\\\/pedexan-ayakkabi-dezenfeksiyon-dispenseri-pedspend.html#primaryimage\"},\"image\":{\"@id\":\"https:\\\/\\\/www.versiegelung24.com\\\/tr\\\/pedexan-ayakkabi-dezenfeksiyon-dispenseri-pedspend.html#primaryimage\"},\"thumbnailUrl\":\"https:\\\/\\\/www.versiegelung24.com\\\/wp-content\\\/uploads\\\/2022\\\/01\\\/produkt-pedexan-pedspend.png\",\"datePublished\":\"2022-01-04T19:13:46+00:00\",\"dateModified\":\"2025-01-13T15:35:05+00:00\",\"description\":\"Pedexan ayakkab\u0131 dezenfeksiyonu - ho\u015f olmayan kokulara, bakteri ve mantarlara kar\u015f\u0131 \u00e7\u00f6z\u00fcm.\",\"breadcrumb\":{\"@id\":\"https:\\\/\\\/www.versiegelung24.com\\\/tr\\\/pedexan-ayakkabi-dezenfeksiyon-dispenseri-pedspend.html#breadcrumb\"},\"inLanguage\":\"tr\",\"potentialAction\":[{\"@type\":\"ReadAction\",\"target\":[\"https:\\\/\\\/www.versiegelung24.com\\\/tr\\\/pedexan-ayakkabi-dezenfeksiyon-dispenseri-pedspend.html\"]}]},{\"@type\":\"ImageObject\",\"inLanguage\":\"tr\",\"@id\":\"https:\\\/\\\/www.versiegelung24.com\\\/tr\\\/pedexan-ayakkabi-dezenfeksiyon-dispenseri-pedspend.html#primaryimage\",\"url\":\"https:\\\/\\\/www.versiegelung24.com\\\/wp-content\\\/uploads\\\/2022\\\/01\\\/produkt-pedexan-pedspend.png\",\"contentUrl\":\"https:\\\/\\\/www.versiegelung24.com\\\/wp-content\\\/uploads\\\/2022\\\/01\\\/produkt-pedexan-pedspend.png\",\"width\":2000,\"height\":2000},{\"@type\":\"BreadcrumbList\",\"@id\":\"https:\\\/\\\/www.versiegelung24.com\\\/tr\\\/pedexan-ayakkabi-dezenfeksiyon-dispenseri-pedspend.html#breadcrumb\",\"itemListElement\":[{\"@type\":\"ListItem\",\"position\":1,\"name\":\"Anasayfa\",\"item\":\"https:\\\/\\\/www.versiegelung24.com\\\/tr\\\/on\\\/\"},{\"@type\":\"ListItem\",\"position\":2,\"name\":\"Ma\u011faza\",\"item\":\"https:\\\/\\\/www.versiegelung24.com\\\/tr\\\/magaza\\\/\"},{\"@type\":\"ListItem\",\"position\":3,\"name\":\"PedSpend &#8211; Pedexan ayakkab\u0131 dezenfeksiyonu i\u00e7in p\u00fcsk\u00fcrtme borulu dispenser\"}]},{\"@type\":\"WebSite\",\"@id\":\"https:\\\/\\\/www.versiegelung24.com\\\/tr\\\/#website\",\"url\":\"https:\\\/\\\/www.versiegelung24.com\\\/tr\\\/\",\"name\":\"versiegelung24.com\",\"description\":\"Fl\u00fcssigglas-Versiegelung - Made in Germany\",\"publisher\":{\"@id\":\"https:\\\/\\\/www.versiegelung24.com\\\/tr\\\/#organization\"},\"potentialAction\":[{\"@type\":\"SearchAction\",\"target\":{\"@type\":\"EntryPoint\",\"urlTemplate\":\"https:\\\/\\\/www.versiegelung24.com\\\/tr\\\/?s={search_term_string}\"},\"query-input\":{\"@type\":\"PropertyValueSpecification\",\"valueRequired\":true,\"valueName\":\"search_term_string\"}}],\"inLanguage\":\"tr\"},{\"@type\":\"Organization\",\"@id\":\"https:\\\/\\\/www.versiegelung24.com\\\/tr\\\/#organization\",\"name\":\"versiegelung24\",\"url\":\"https:\\\/\\\/www.versiegelung24.com\\\/tr\\\/\",\"logo\":{\"@type\":\"ImageObject\",\"inLanguage\":\"tr\",\"@id\":\"https:\\\/\\\/www.versiegelung24.com\\\/tr\\\/#\\\/schema\\\/logo\\\/image\\\/\",\"url\":\"https:\\\/\\\/www.versiegelung24.com\\\/wp-content\\\/uploads\\\/2020\\\/04\\\/versiegelung24.png\",\"contentUrl\":\"https:\\\/\\\/www.versiegelung24.com\\\/wp-content\\\/uploads\\\/2020\\\/04\\\/versiegelung24.png\",\"width\":470,\"height\":102,\"caption\":\"versiegelung24\"},\"image\":{\"@id\":\"https:\\\/\\\/www.versiegelung24.com\\\/tr\\\/#\\\/schema\\\/logo\\\/image\\\/\"}}]}<\/script>\n<meta property=\"product:price:amount\" content=\"119.00\" \/>\n<meta property=\"product:price:currency\" content=\"EUR\" \/>\n<meta property=\"og:availability\" content=\"instock\" \/>\n<meta property=\"product:availability\" content=\"instock\" \/>\n<meta property=\"product:retailer_item_id\" content=\"PED-spend\" \/>\n<meta property=\"product:condition\" content=\"new\" \/>\n<!-- \/ Yoast SEO Premium plugin. -->","yoast_head_json":{"title":"PedSpend - Pedexan ayakkab\u0131 dezenfeksiyonu i\u00e7in p\u00fcsk\u00fcrtme borulu dispenser - versiegelung24.com","description":"Pedexan ayakkab\u0131 dezenfeksiyonu - ho\u015f olmayan kokulara, bakteri ve mantarlara kar\u015f\u0131 \u00e7\u00f6z\u00fcm.","robots":{"index":"index","follow":"follow","max-snippet":"max-snippet:-1","max-image-preview":"max-image-preview:large","max-video-preview":"max-video-preview:-1"},"canonical":"https:\/\/www.versiegelung24.com\/tr\/pedexan-ayakkabi-dezenfeksiyon-dispenseri-pedspend.html","og_locale":"tr_TR","og_type":"article","og_title":"PedSpend - Pedexan ayakkab\u0131 dezenfeksiyonu i\u00e7in p\u00fcsk\u00fcrtme borulu dispenser","og_description":"Pedexan ayakkab\u0131 dezenfeksiyonu - ho\u015f olmayan kokulara, bakteri ve mantarlara kar\u015f\u0131 \u00e7\u00f6z\u00fcm.","og_url":"https:\/\/www.versiegelung24.com\/tr\/pedexan-ayakkabi-dezenfeksiyon-dispenseri-pedspend.html","og_site_name":"versiegelung24.com","article_modified_time":"2025-01-13T15:35:05+00:00","og_image":[{"width":2000,"height":2000,"url":"https:\/\/www.versiegelung24.com\/wp-content\/uploads\/2022\/01\/produkt-pedexan-pedspend.png","type":"image\/png"}],"twitter_card":"summary_large_image","twitter_misc":{"Fiyat":"119,00&euro;","Durumu":"Stokta var"},"schema":{"@context":"https:\/\/schema.org","@graph":[{"@type":"WebPage","@id":"https:\/\/www.versiegelung24.com\/tr\/pedexan-ayakkabi-dezenfeksiyon-dispenseri-pedspend.html","url":"https:\/\/www.versiegelung24.com\/tr\/pedexan-ayakkabi-dezenfeksiyon-dispenseri-pedspend.html","name":"PedSpend - Pedexan ayakkab\u0131 dezenfeksiyonu i\u00e7in p\u00fcsk\u00fcrtme borulu dispenser - versiegelung24.com","isPartOf":{"@id":"https:\/\/www.versiegelung24.com\/tr\/#website"},"primaryImageOfPage":{"@id":"https:\/\/www.versiegelung24.com\/tr\/pedexan-ayakkabi-dezenfeksiyon-dispenseri-pedspend.html#primaryimage"},"image":{"@id":"https:\/\/www.versiegelung24.com\/tr\/pedexan-ayakkabi-dezenfeksiyon-dispenseri-pedspend.html#primaryimage"},"thumbnailUrl":"https:\/\/www.versiegelung24.com\/wp-content\/uploads\/2022\/01\/produkt-pedexan-pedspend.png","datePublished":"2022-01-04T19:13:46+00:00","dateModified":"2025-01-13T15:35:05+00:00","description":"Pedexan ayakkab\u0131 dezenfeksiyonu - ho\u015f olmayan kokulara, bakteri ve mantarlara kar\u015f\u0131 \u00e7\u00f6z\u00fcm.","breadcrumb":{"@id":"https:\/\/www.versiegelung24.com\/tr\/pedexan-ayakkabi-dezenfeksiyon-dispenseri-pedspend.html#breadcrumb"},"inLanguage":"tr","potentialAction":[{"@type":"ReadAction","target":["https:\/\/www.versiegelung24.com\/tr\/pedexan-ayakkabi-dezenfeksiyon-dispenseri-pedspend.html"]}]},{"@type":"ImageObject","inLanguage":"tr","@id":"https:\/\/www.versiegelung24.com\/tr\/pedexan-ayakkabi-dezenfeksiyon-dispenseri-pedspend.html#primaryimage","url":"https:\/\/www.versiegelung24.com\/wp-content\/uploads\/2022\/01\/produkt-pedexan-pedspend.png","contentUrl":"https:\/\/www.versiegelung24.com\/wp-content\/uploads\/2022\/01\/produkt-pedexan-pedspend.png","width":2000,"height":2000},{"@type":"BreadcrumbList","@id":"https:\/\/www.versiegelung24.com\/tr\/pedexan-ayakkabi-dezenfeksiyon-dispenseri-pedspend.html#breadcrumb","itemListElement":[{"@type":"ListItem","position":1,"name":"Anasayfa","item":"https:\/\/www.versiegelung24.com\/tr\/on\/"},{"@type":"ListItem","position":2,"name":"Ma\u011faza","item":"https:\/\/www.versiegelung24.com\/tr\/magaza\/"},{"@type":"ListItem","position":3,"name":"PedSpend &#8211; Pedexan ayakkab\u0131 dezenfeksiyonu i\u00e7in p\u00fcsk\u00fcrtme borulu dispenser"}]},{"@type":"WebSite","@id":"https:\/\/www.versiegelung24.com\/tr\/#website","url":"https:\/\/www.versiegelung24.com\/tr\/","name":"versiegelung24.com","description":"Fl\u00fcssigglas-Versiegelung - Made in Germany","publisher":{"@id":"https:\/\/www.versiegelung24.com\/tr\/#organization"},"potentialAction":[{"@type":"SearchAction","target":{"@type":"EntryPoint","urlTemplate":"https:\/\/www.versiegelung24.com\/tr\/?s={search_term_string}"},"query-input":{"@type":"PropertyValueSpecification","valueRequired":true,"valueName":"search_term_string"}}],"inLanguage":"tr"},{"@type":"Organization","@id":"https:\/\/www.versiegelung24.com\/tr\/#organization","name":"versiegelung24","url":"https:\/\/www.versiegelung24.com\/tr\/","logo":{"@type":"ImageObject","inLanguage":"tr","@id":"https:\/\/www.versiegelung24.com\/tr\/#\/schema\/logo\/image\/","url":"https:\/\/www.versiegelung24.com\/wp-content\/uploads\/2020\/04\/versiegelung24.png","contentUrl":"https:\/\/www.versiegelung24.com\/wp-content\/uploads\/2020\/04\/versiegelung24.png","width":470,"height":102,"caption":"versiegelung24"},"image":{"@id":"https:\/\/www.versiegelung24.com\/tr\/#\/schema\/logo\/image\/"}}]},"product_price_amount":"119.00","product_price_currency":"EUR","og_availability":"instock","product_availability":"instock","product_retailer_item_id":"PED-spend","product_condition":"new"},"_links":{"self":[{"href":"https:\/\/www.versiegelung24.com\/tr\/wp-json\/wp\/v2\/product\/46826","targetHints":{"allow":["GET"]}}],"collection":[{"href":"https:\/\/www.versiegelung24.com\/tr\/wp-json\/wp\/v2\/product"}],"about":[{"href":"https:\/\/www.versiegelung24.com\/tr\/wp-json\/wp\/v2\/types\/product"}],"version-history":[{"count":16,"href":"https:\/\/www.versiegelung24.com\/tr\/wp-json\/wp\/v2\/product\/46826\/revisions"}],"predecessor-version":[{"id":180467,"href":"https:\/\/www.versiegelung24.com\/tr\/wp-json\/wp\/v2\/product\/46826\/revisions\/180467"}],"wp:featuredmedia":[{"embeddable":true,"href":"https:\/\/www.versiegelung24.com\/tr\/wp-json\/wp\/v2\/media\/46883"}],"wp:attachment":[{"href":"https:\/\/www.versiegelung24.com\/tr\/wp-json\/wp\/v2\/media?parent=46826"}],"wp:term":[{"taxonomy":"product_brand","embeddable":true,"href":"https:\/\/www.versiegelung24.com\/tr\/wp-json\/wp\/v2\/product_brand?post=46826"},{"taxonomy":"product_cat","embeddable":true,"href":"https:\/\/www.versiegelung24.com\/tr\/wp-json\/wp\/v2\/product_cat?post=46826"},{"taxonomy":"product_tag","embeddable":true,"href":"https:\/\/www.versiegelung24.com\/tr\/wp-json\/wp\/v2\/product_tag?post=46826"}],"curies":[{"name":"wp","href":"https:\/\/api.w.org\/{rel}","templated":true}]}}