{"id":62272,"date":"2022-02-06T23:03:40","date_gmt":"2022-02-06T22:04:11","guid":{"rendered":"https:\/\/www.versiegelung24.com\/?post_type=product&#038;p=62272"},"modified":"2025-01-05T17:31:47","modified_gmt":"2025-01-05T16:31:47","slug":"tam-set-premium-solar-sistem-fotovoltaik-sizdirmazlik-asiri-dayanikli-ve-verimli-arttirici","status":"publish","type":"product","link":"https:\/\/www.versiegelung24.com\/tr\/tam-set-premium-solar-sistem-fotovoltaik-sizdirmazlik-asiri-dayanikli-ve-verimli-arttirici.html","title":{"rendered":"G\u00fcne\u015f enerjisi sistemleri \/ fotovoltaik sistemlerin s\u0131zd\u0131rmazl\u0131\u011f\u0131 i\u00e7in komple set"},"content":{"rendered":"\n<p><strong>Biyolojik \u00f6n temizleyiciden, ya\u011f\u0131 \u00e7\u0131karmak i\u00e7in biyoetanolden ve s\u0131v\u0131 cam bazl\u0131 y\u00fcksek performansl\u0131 nano-s\u0131zd\u0131rmazl\u0131ktan olu\u015fan komple set<\/strong><\/p>\n\n<p><strong>Lotus etkisi ile g\u00fcne\u015f sistemleri i\u00e7in son derece etkili nano kaplama (su itici)<\/strong><\/p>\n\n<p>Almanya&#8217;da yap\u0131lan y\u00fcksek kalite<\/p>\n\n<h4 class=\"wp-block-heading\" id=\"properties\">\u00f6zellikleri<\/h4>\n\n<div class=\"wp-block-columns is-layout-flex wp-container-core-columns-is-layout-9d6595d7 wp-block-columns-is-layout-flex\">\n<div class=\"wp-block-column is-layout-flow wp-block-column-is-layout-flow\">\n<ul class=\"wp-block-list\">\n<li>G\u00f6r\u00fcnmez bir koruyucu tabaka ile gelece\u011fin teknolojisi, yakla\u015f\u0131k 100 nm (nanometre) &#8220;kal\u0131n&#8221;<\/li>\n\n\n\n<li>Y\u00fczeyi korur<\/li>\n\n\n\n<li>Is\u0131ya ve dona dayan\u0131kl\u0131<\/li>\n\n\n\n<li>Deniz suyuna ve tuza dayan\u0131kl\u0131 (asidik\/alkali 1,5 &#8211; 12,5 ph)<\/li>\n\n\n\n<li>Su ve kir itici<\/li>\n\n\n\n<li>Basit ve h\u0131zl\u0131 uygulama<\/li>\n\n\n\n<li>+10\u00b0 ila +30\u00b0C aras\u0131nda uygulanabilir<\/li>\n\n\n\n<li>UV kararl\u0131<\/li>\n\n\n\n<li>&#8220;Kolay temizleme&#8221; etkisi (y\u00fczeylerin temizlenmesi kolayd\u0131r = zamandan ve paradan tasarruf sa\u011flar ve baz\u0131 kirler zaten ya\u011fmurla y\u0131kan\u0131r)<\/li>\n\n\n\n<li>T\u00fcketim: bir litre ile yakla\u015f\u0131k 150 m\u00b2<\/li>\n\n\n\n<li>Temizlik s\u0131ras\u0131nda ekolojik (CO2) ayak izini azalt\u0131r:\n<ul class=\"wp-block-list\">\n<li>Daha az su gereklidir<\/li>\n\n\n\n<li>Daha az kimyasal temizleyiciye ihtiya\u00e7 vard\u0131r<\/li>\n<\/ul>\n<\/li>\n<\/ul>\n<\/div>\n\n\n\n<div class=\"wp-block-column is-layout-flow wp-block-column-is-layout-flow\">\n<p><strong>Teslimat kapsam\u0131:<\/strong><\/p>\n\n\n\n<ul class=\"wp-block-list\">\n<li>500 ml Biosativa\u00ae organik temizleyici konsantresi 1:10 \u00f6n temizlik i\u00e7in<\/li>\n\n\n\n<li>Ya\u011fdan ar\u0131nd\u0131rma i\u00e7in 1.000 ml izopropanol alkol %99.9<\/li>\n\n\n\n<li>500 ml S\u0131v\u0131 Cam S\u0131zd\u0131rmazl\u0131k 7601 (yakla\u015f\u0131k 75-100 m\u00b2 i\u00e7in)<\/li>\n\n\n\n<li>\u00d6n temizleme i\u00e7in 25 x 16 cm 100 kurutma havlusu<\/li>\n\n\n\n<li>Uygulama i\u00e7in 10 x 10 cm 10 mikrofiber bez<\/li>\n\n\n\n<li>Parlatma i\u00e7in 30 x 30 cm 5 mikrofiber bez<\/li>\n\n\n\n<li>10 adet tek kullan\u0131ml\u0131k koruyucu eldiven<\/li>\n<\/ul>\n<\/div>\n<\/div>\n\n<hr\/>\n\n<h4 class=\"wp-block-heading\" id=\"application\">Uygulama<\/h4>\n\n<p>Basit uygulama<\/p>\n\n<ol class=\"wp-block-list\">\n<li>Mod\u00fcl\u00fc Biosativa ile \u00e7ok iyi bir \u015fekilde \u00f6nceden temizleyin (\u00f6n temizleme ne kadar iyi olursa, conta o kadar uzun s\u00fcre dayan\u0131r)<\/li>\n\n\n\n<li>Kapatmadan \u00f6nce alkolle tekrar temizleyin<\/li>\n\n\n\n<li>S\u0131zd\u0131rmazl\u0131\u011f\u0131 bir bezle uygulay\u0131n, cilalay\u0131n.<\/li>\n<\/ol>\n\n<p><\/p>\n","protected":false},"excerpt":{"rendered":"<div class=\"column mcb-column mcb-item-mrk8thufa one column_column column-margin-0px\">\n<div class=\"column_attr clearfix\"><b>Fotovoltaik mod\u00fcller en iyi verimini optimum ko\u015fullar alt\u0131nda sa\u011flar<\/b> <b>.<\/b> <\/div>\n<div class=\"column_attr clearfix\"><b>\u00d6zel contam\u0131zla temizleme d\u00f6ng\u00fcs\u00fcn\u00fc uzat\u0131yor ve temizli\u011fi \u00f6nemli \u00f6l\u00e7\u00fcde basitle\u015ftiriyoruz. <\/b><\/div>\n<div class=\"column_attr clearfix\"><b>Bu, yat\u0131r\u0131m\u0131n\u0131z\u0131n getirisinin artmas\u0131n\u0131 sa\u011flar.<\/b><\/div>\n<\/div>\n","protected":false},"featured_media":18517,"template":"","meta":{"_acf_changed":false,"neve_meta_sidebar":"","neve_meta_container":"","neve_meta_enable_content_width":"","neve_meta_content_width":0,"neve_meta_title_alignment":"","neve_meta_author_avatar":"","neve_post_elements_order":"","neve_meta_disable_header":"","neve_meta_disable_footer":"","neve_meta_disable_title":"","neve_meta_reading_time":"","_surfaces":[],"_ver_product_tabs":[],"footnotes":""},"product_brand":[],"product_cat":[2156],"product_tag":[],"class_list":{"0":"post-62272","1":"product","2":"type-product","3":"status-publish","4":"has-post-thumbnail","6":"product_cat-cam-ve-seramik-icin-sizdirmazlik","8":"first","9":"instock","10":"taxable","11":"shipping-taxable","12":"purchasable","13":"product-type-simple"},"acf":[],"yoast_head":"<!-- This site is optimized with the Yoast SEO Premium plugin v22.8 (Yoast SEO v27.5) - https:\/\/yoast.com\/product\/yoast-seo-premium-wordpress\/ -->\n<title>G\u00fcne\u015f enerjisi sistemleri \/ fotovoltaik sistemlerin s\u0131zd\u0131rmazl\u0131\u011f\u0131 i\u00e7in komple set - versiegelung24.com<\/title>\n<meta name=\"robots\" content=\"index, follow, max-snippet:-1, max-image-preview:large, max-video-preview:-1\" \/>\n<link rel=\"canonical\" href=\"https:\/\/www.versiegelung24.com\/tr\/tam-set-premium-solar-sistem-fotovoltaik-sizdirmazlik-asiri-dayanikli-ve-verimli-arttirici.html\" \/>\n<meta property=\"og:locale\" content=\"tr_TR\" \/>\n<meta property=\"og:type\" content=\"article\" \/>\n<meta property=\"og:title\" content=\"G\u00fcne\u015f enerjisi sistemleri \/ fotovoltaik sistemlerin s\u0131zd\u0131rmazl\u0131\u011f\u0131 i\u00e7in komple set\" \/>\n<meta property=\"og:description\" content=\"Fotovoltaik mod\u00fcller en iyi verimini optimum ko\u015fullar alt\u0131nda sa\u011flar . \u00d6zel contam\u0131zla temizleme d\u00f6ng\u00fcs\u00fcn\u00fc uzat\u0131yor ve temizli\u011fi \u00f6nemli \u00f6l\u00e7\u00fcde basitle\u015ftiriyoruz. Bu, yat\u0131r\u0131m\u0131n\u0131z\u0131n getirisinin artmas\u0131n\u0131 sa\u011flar.\" \/>\n<meta property=\"og:url\" content=\"https:\/\/www.versiegelung24.com\/tr\/tam-set-premium-solar-sistem-fotovoltaik-sizdirmazlik-asiri-dayanikli-ve-verimli-arttirici.html\" \/>\n<meta property=\"og:site_name\" content=\"versiegelung24.com\" \/>\n<meta property=\"article:modified_time\" content=\"2025-01-05T16:31:47+00:00\" \/>\n<meta property=\"og:image\" content=\"https:\/\/www.versiegelung24.com\/wp-content\/uploads\/2020\/06\/produkt-7000-7601-1000-Solarversiegelung-scaled.jpg\" \/>\n\t<meta property=\"og:image:width\" content=\"2560\" \/>\n\t<meta property=\"og:image:height\" content=\"2560\" \/>\n\t<meta property=\"og:image:type\" content=\"image\/jpeg\" \/>\n<meta name=\"twitter:card\" content=\"summary_large_image\" \/>\n<meta name=\"twitter:label1\" content=\"Fiyat\" \/>\n\t<meta name=\"twitter:data1\" content=\"199,00&euro;\" \/>\n\t<meta name=\"twitter:label2\" content=\"Durumu\" \/>\n\t<meta name=\"twitter:data2\" content=\"Stokta var\" \/>\n<script type=\"application\/ld+json\" class=\"yoast-schema-graph\">{\"@context\":\"https:\\\/\\\/schema.org\",\"@graph\":[{\"@type\":\"WebPage\",\"@id\":\"https:\\\/\\\/www.versiegelung24.com\\\/tr\\\/tam-set-premium-solar-sistem-fotovoltaik-sizdirmazlik-asiri-dayanikli-ve-verimli-arttirici.html\",\"url\":\"https:\\\/\\\/www.versiegelung24.com\\\/tr\\\/tam-set-premium-solar-sistem-fotovoltaik-sizdirmazlik-asiri-dayanikli-ve-verimli-arttirici.html\",\"name\":\"G\u00fcne\u015f enerjisi sistemleri \\\/ fotovoltaik sistemlerin s\u0131zd\u0131rmazl\u0131\u011f\u0131 i\u00e7in komple set - versiegelung24.com\",\"isPartOf\":{\"@id\":\"https:\\\/\\\/www.versiegelung24.com\\\/tr\\\/#website\"},\"primaryImageOfPage\":{\"@id\":\"https:\\\/\\\/www.versiegelung24.com\\\/tr\\\/tam-set-premium-solar-sistem-fotovoltaik-sizdirmazlik-asiri-dayanikli-ve-verimli-arttirici.html#primaryimage\"},\"image\":{\"@id\":\"https:\\\/\\\/www.versiegelung24.com\\\/tr\\\/tam-set-premium-solar-sistem-fotovoltaik-sizdirmazlik-asiri-dayanikli-ve-verimli-arttirici.html#primaryimage\"},\"thumbnailUrl\":\"https:\\\/\\\/www.versiegelung24.com\\\/wp-content\\\/uploads\\\/2020\\\/06\\\/produkt-7000-7601-1000-Solarversiegelung-scaled.jpg\",\"datePublished\":\"2022-02-06T22:04:11+00:00\",\"dateModified\":\"2025-01-05T16:31:47+00:00\",\"breadcrumb\":{\"@id\":\"https:\\\/\\\/www.versiegelung24.com\\\/tr\\\/tam-set-premium-solar-sistem-fotovoltaik-sizdirmazlik-asiri-dayanikli-ve-verimli-arttirici.html#breadcrumb\"},\"inLanguage\":\"tr\",\"potentialAction\":[{\"@type\":\"ReadAction\",\"target\":[\"https:\\\/\\\/www.versiegelung24.com\\\/tr\\\/tam-set-premium-solar-sistem-fotovoltaik-sizdirmazlik-asiri-dayanikli-ve-verimli-arttirici.html\"]}]},{\"@type\":\"ImageObject\",\"inLanguage\":\"tr\",\"@id\":\"https:\\\/\\\/www.versiegelung24.com\\\/tr\\\/tam-set-premium-solar-sistem-fotovoltaik-sizdirmazlik-asiri-dayanikli-ve-verimli-arttirici.html#primaryimage\",\"url\":\"https:\\\/\\\/www.versiegelung24.com\\\/wp-content\\\/uploads\\\/2020\\\/06\\\/produkt-7000-7601-1000-Solarversiegelung-scaled.jpg\",\"contentUrl\":\"https:\\\/\\\/www.versiegelung24.com\\\/wp-content\\\/uploads\\\/2020\\\/06\\\/produkt-7000-7601-1000-Solarversiegelung-scaled.jpg\",\"width\":2560,\"height\":2560},{\"@type\":\"BreadcrumbList\",\"@id\":\"https:\\\/\\\/www.versiegelung24.com\\\/tr\\\/tam-set-premium-solar-sistem-fotovoltaik-sizdirmazlik-asiri-dayanikli-ve-verimli-arttirici.html#breadcrumb\",\"itemListElement\":[{\"@type\":\"ListItem\",\"position\":1,\"name\":\"Anasayfa\",\"item\":\"https:\\\/\\\/www.versiegelung24.com\\\/tr\\\/on\\\/\"},{\"@type\":\"ListItem\",\"position\":2,\"name\":\"Ma\u011faza\",\"item\":\"https:\\\/\\\/www.versiegelung24.com\\\/tr\\\/magaza\\\/\"},{\"@type\":\"ListItem\",\"position\":3,\"name\":\"G\u00fcne\u015f enerjisi sistemleri \\\/ fotovoltaik sistemlerin s\u0131zd\u0131rmazl\u0131\u011f\u0131 i\u00e7in komple set\"}]},{\"@type\":\"WebSite\",\"@id\":\"https:\\\/\\\/www.versiegelung24.com\\\/tr\\\/#website\",\"url\":\"https:\\\/\\\/www.versiegelung24.com\\\/tr\\\/\",\"name\":\"versiegelung24.com\",\"description\":\"Fl\u00fcssigglas-Versiegelung - Made in Germany\",\"publisher\":{\"@id\":\"https:\\\/\\\/www.versiegelung24.com\\\/tr\\\/#organization\"},\"potentialAction\":[{\"@type\":\"SearchAction\",\"target\":{\"@type\":\"EntryPoint\",\"urlTemplate\":\"https:\\\/\\\/www.versiegelung24.com\\\/tr\\\/?s={search_term_string}\"},\"query-input\":{\"@type\":\"PropertyValueSpecification\",\"valueRequired\":true,\"valueName\":\"search_term_string\"}}],\"inLanguage\":\"tr\"},{\"@type\":\"Organization\",\"@id\":\"https:\\\/\\\/www.versiegelung24.com\\\/tr\\\/#organization\",\"name\":\"versiegelung24\",\"url\":\"https:\\\/\\\/www.versiegelung24.com\\\/tr\\\/\",\"logo\":{\"@type\":\"ImageObject\",\"inLanguage\":\"tr\",\"@id\":\"https:\\\/\\\/www.versiegelung24.com\\\/tr\\\/#\\\/schema\\\/logo\\\/image\\\/\",\"url\":\"https:\\\/\\\/www.versiegelung24.com\\\/wp-content\\\/uploads\\\/2020\\\/04\\\/versiegelung24.png\",\"contentUrl\":\"https:\\\/\\\/www.versiegelung24.com\\\/wp-content\\\/uploads\\\/2020\\\/04\\\/versiegelung24.png\",\"width\":470,\"height\":102,\"caption\":\"versiegelung24\"},\"image\":{\"@id\":\"https:\\\/\\\/www.versiegelung24.com\\\/tr\\\/#\\\/schema\\\/logo\\\/image\\\/\"}}]}<\/script>\n<meta property=\"product:price:amount\" content=\"199.00\" \/>\n<meta property=\"product:price:currency\" content=\"EUR\" \/>\n<meta property=\"og:availability\" content=\"instock\" \/>\n<meta property=\"product:availability\" content=\"instock\" \/>\n<meta property=\"product:retailer_item_id\" content=\"7005-5575-komplettset\" \/>\n<meta property=\"product:condition\" content=\"new\" \/>\n<!-- \/ Yoast SEO Premium plugin. -->","yoast_head_json":{"title":"G\u00fcne\u015f enerjisi sistemleri \/ fotovoltaik sistemlerin s\u0131zd\u0131rmazl\u0131\u011f\u0131 i\u00e7in komple set - versiegelung24.com","robots":{"index":"index","follow":"follow","max-snippet":"max-snippet:-1","max-image-preview":"max-image-preview:large","max-video-preview":"max-video-preview:-1"},"canonical":"https:\/\/www.versiegelung24.com\/tr\/tam-set-premium-solar-sistem-fotovoltaik-sizdirmazlik-asiri-dayanikli-ve-verimli-arttirici.html","og_locale":"tr_TR","og_type":"article","og_title":"G\u00fcne\u015f enerjisi sistemleri \/ fotovoltaik sistemlerin s\u0131zd\u0131rmazl\u0131\u011f\u0131 i\u00e7in komple set","og_description":"Fotovoltaik mod\u00fcller en iyi verimini optimum ko\u015fullar alt\u0131nda sa\u011flar . \u00d6zel contam\u0131zla temizleme d\u00f6ng\u00fcs\u00fcn\u00fc uzat\u0131yor ve temizli\u011fi \u00f6nemli \u00f6l\u00e7\u00fcde basitle\u015ftiriyoruz. Bu, yat\u0131r\u0131m\u0131n\u0131z\u0131n getirisinin artmas\u0131n\u0131 sa\u011flar.","og_url":"https:\/\/www.versiegelung24.com\/tr\/tam-set-premium-solar-sistem-fotovoltaik-sizdirmazlik-asiri-dayanikli-ve-verimli-arttirici.html","og_site_name":"versiegelung24.com","article_modified_time":"2025-01-05T16:31:47+00:00","og_image":[{"width":2560,"height":2560,"url":"https:\/\/www.versiegelung24.com\/wp-content\/uploads\/2020\/06\/produkt-7000-7601-1000-Solarversiegelung-scaled.jpg","type":"image\/jpeg"}],"twitter_card":"summary_large_image","twitter_misc":{"Fiyat":"199,00&euro;","Durumu":"Stokta var"},"schema":{"@context":"https:\/\/schema.org","@graph":[{"@type":"WebPage","@id":"https:\/\/www.versiegelung24.com\/tr\/tam-set-premium-solar-sistem-fotovoltaik-sizdirmazlik-asiri-dayanikli-ve-verimli-arttirici.html","url":"https:\/\/www.versiegelung24.com\/tr\/tam-set-premium-solar-sistem-fotovoltaik-sizdirmazlik-asiri-dayanikli-ve-verimli-arttirici.html","name":"G\u00fcne\u015f enerjisi sistemleri \/ fotovoltaik sistemlerin s\u0131zd\u0131rmazl\u0131\u011f\u0131 i\u00e7in komple set - versiegelung24.com","isPartOf":{"@id":"https:\/\/www.versiegelung24.com\/tr\/#website"},"primaryImageOfPage":{"@id":"https:\/\/www.versiegelung24.com\/tr\/tam-set-premium-solar-sistem-fotovoltaik-sizdirmazlik-asiri-dayanikli-ve-verimli-arttirici.html#primaryimage"},"image":{"@id":"https:\/\/www.versiegelung24.com\/tr\/tam-set-premium-solar-sistem-fotovoltaik-sizdirmazlik-asiri-dayanikli-ve-verimli-arttirici.html#primaryimage"},"thumbnailUrl":"https:\/\/www.versiegelung24.com\/wp-content\/uploads\/2020\/06\/produkt-7000-7601-1000-Solarversiegelung-scaled.jpg","datePublished":"2022-02-06T22:04:11+00:00","dateModified":"2025-01-05T16:31:47+00:00","breadcrumb":{"@id":"https:\/\/www.versiegelung24.com\/tr\/tam-set-premium-solar-sistem-fotovoltaik-sizdirmazlik-asiri-dayanikli-ve-verimli-arttirici.html#breadcrumb"},"inLanguage":"tr","potentialAction":[{"@type":"ReadAction","target":["https:\/\/www.versiegelung24.com\/tr\/tam-set-premium-solar-sistem-fotovoltaik-sizdirmazlik-asiri-dayanikli-ve-verimli-arttirici.html"]}]},{"@type":"ImageObject","inLanguage":"tr","@id":"https:\/\/www.versiegelung24.com\/tr\/tam-set-premium-solar-sistem-fotovoltaik-sizdirmazlik-asiri-dayanikli-ve-verimli-arttirici.html#primaryimage","url":"https:\/\/www.versiegelung24.com\/wp-content\/uploads\/2020\/06\/produkt-7000-7601-1000-Solarversiegelung-scaled.jpg","contentUrl":"https:\/\/www.versiegelung24.com\/wp-content\/uploads\/2020\/06\/produkt-7000-7601-1000-Solarversiegelung-scaled.jpg","width":2560,"height":2560},{"@type":"BreadcrumbList","@id":"https:\/\/www.versiegelung24.com\/tr\/tam-set-premium-solar-sistem-fotovoltaik-sizdirmazlik-asiri-dayanikli-ve-verimli-arttirici.html#breadcrumb","itemListElement":[{"@type":"ListItem","position":1,"name":"Anasayfa","item":"https:\/\/www.versiegelung24.com\/tr\/on\/"},{"@type":"ListItem","position":2,"name":"Ma\u011faza","item":"https:\/\/www.versiegelung24.com\/tr\/magaza\/"},{"@type":"ListItem","position":3,"name":"G\u00fcne\u015f enerjisi sistemleri \/ fotovoltaik sistemlerin s\u0131zd\u0131rmazl\u0131\u011f\u0131 i\u00e7in komple set"}]},{"@type":"WebSite","@id":"https:\/\/www.versiegelung24.com\/tr\/#website","url":"https:\/\/www.versiegelung24.com\/tr\/","name":"versiegelung24.com","description":"Fl\u00fcssigglas-Versiegelung - Made in Germany","publisher":{"@id":"https:\/\/www.versiegelung24.com\/tr\/#organization"},"potentialAction":[{"@type":"SearchAction","target":{"@type":"EntryPoint","urlTemplate":"https:\/\/www.versiegelung24.com\/tr\/?s={search_term_string}"},"query-input":{"@type":"PropertyValueSpecification","valueRequired":true,"valueName":"search_term_string"}}],"inLanguage":"tr"},{"@type":"Organization","@id":"https:\/\/www.versiegelung24.com\/tr\/#organization","name":"versiegelung24","url":"https:\/\/www.versiegelung24.com\/tr\/","logo":{"@type":"ImageObject","inLanguage":"tr","@id":"https:\/\/www.versiegelung24.com\/tr\/#\/schema\/logo\/image\/","url":"https:\/\/www.versiegelung24.com\/wp-content\/uploads\/2020\/04\/versiegelung24.png","contentUrl":"https:\/\/www.versiegelung24.com\/wp-content\/uploads\/2020\/04\/versiegelung24.png","width":470,"height":102,"caption":"versiegelung24"},"image":{"@id":"https:\/\/www.versiegelung24.com\/tr\/#\/schema\/logo\/image\/"}}]},"product_price_amount":"199.00","product_price_currency":"EUR","og_availability":"instock","product_availability":"instock","product_retailer_item_id":"7005-5575-komplettset","product_condition":"new"},"_links":{"self":[{"href":"https:\/\/www.versiegelung24.com\/tr\/wp-json\/wp\/v2\/product\/62272","targetHints":{"allow":["GET"]}}],"collection":[{"href":"https:\/\/www.versiegelung24.com\/tr\/wp-json\/wp\/v2\/product"}],"about":[{"href":"https:\/\/www.versiegelung24.com\/tr\/wp-json\/wp\/v2\/types\/product"}],"version-history":[{"count":13,"href":"https:\/\/www.versiegelung24.com\/tr\/wp-json\/wp\/v2\/product\/62272\/revisions"}],"predecessor-version":[{"id":141213,"href":"https:\/\/www.versiegelung24.com\/tr\/wp-json\/wp\/v2\/product\/62272\/revisions\/141213"}],"wp:featuredmedia":[{"embeddable":true,"href":"https:\/\/www.versiegelung24.com\/tr\/wp-json\/wp\/v2\/media\/18517"}],"wp:attachment":[{"href":"https:\/\/www.versiegelung24.com\/tr\/wp-json\/wp\/v2\/media?parent=62272"}],"wp:term":[{"taxonomy":"product_brand","embeddable":true,"href":"https:\/\/www.versiegelung24.com\/tr\/wp-json\/wp\/v2\/product_brand?post=62272"},{"taxonomy":"product_cat","embeddable":true,"href":"https:\/\/www.versiegelung24.com\/tr\/wp-json\/wp\/v2\/product_cat?post=62272"},{"taxonomy":"product_tag","embeddable":true,"href":"https:\/\/www.versiegelung24.com\/tr\/wp-json\/wp\/v2\/product_tag?post=62272"}],"curies":[{"name":"wp","href":"https:\/\/api.w.org\/{rel}","templated":true}]}}