{"id":63940,"date":"2022-02-10T07:59:11","date_gmt":"2022-02-10T06:59:15","guid":{"rendered":"https:\/\/www.versiegelung24.com\/?post_type=product&#038;p=63940"},"modified":"2023-06-19T15:49:08","modified_gmt":"2023-06-19T13:49:08","slug":"ince-duegmeli-calisma-eldivenleri-nitril-su-tutma-kopie","status":"publish","type":"product","link":"https:\/\/www.versiegelung24.com\/tr\/product\/ince-duegmeli-calisma-eldivenleri-nitril-su-tutma-kopie\/","title":{"rendered":"Colorus boya silindiri braketi CLASSIC 2K Comfort tutamak 10-16 cm boya silindirleri i\u00e7in 6 mm 29 cm uzunluk"},"content":{"rendered":"\n<h3 class=\"wp-block-heading\" id=\"h-profi-komfort-bugel-fur-heizkorperwalzen-und-kleinflachenwalzen-mit-6mm-walzenlager-spitzenqualitat\">Radyat\u00f6r silindirleri ve 6 mm rulmanl\u0131 k\u00fc\u00e7\u00fck y\u00fczey silindirleri i\u00e7in profesyonel konfor braketi. \u00dcst kalite.<\/h3>\n\n<h4 class=\"wp-block-heading\" id=\"properties\">\u00dcr\u00fcn \u00f6zellikleri<\/h4>\n\n<ul class=\"wp-block-list\"><li>Ergonomik ve kaymaz yumu\u015fak kavramal\u0131 2 bile\u015fenli boya silindiri sap\u0131.<\/li><li>Boya silindiri braketleri galvanizli \u00e7elikten yap\u0131lm\u0131\u015ft\u0131r ve bu nedenle \u00e7ok uzun bir hizmet \u00f6mr\u00fc sunar.<\/li><li>Piyasada bulunan t\u00fcm teleskopik direkler ve klik sistemli teleskopik direkler i\u00e7in uygundur.<\/li><li>6 mm rulman \u00e7ap\u0131na sahip boya silindirleri i\u00e7in boya silindiri braketi.<\/li><li>uzunluk 29cm<\/li><\/ul>","protected":false},"excerpt":{"rendered":"<p><strong>6 mm makaral\u0131 rulmanl\u0131 radyat\u00f6r makaralar\u0131 ve k\u00fc\u00e7\u00fck y\u00fczey makaralar\u0131 i\u00e7in profesyonel konfor braketi:<\/strong><\/p>\n<p>\u2713 En kaliteli.<\/p>\n","protected":false},"featured_media":63944,"template":"","meta":{"_acf_changed":false,"neve_meta_sidebar":"","neve_meta_container":"","neve_meta_enable_content_width":"","neve_meta_content_width":0,"neve_meta_title_alignment":"","neve_meta_author_avatar":"","neve_post_elements_order":"","neve_meta_disable_header":"","neve_meta_disable_footer":"","neve_meta_disable_title":"","neve_meta_reading_time":"","_surfaces":[],"_ver_product_tabs":[],"footnotes":""},"product_brand":[],"product_cat":[3085],"product_tag":[],"class_list":{"0":"post-63940","1":"product","2":"type-product","3":"status-publish","4":"has-post-thumbnail","6":"product_cat-techizat","8":"first","9":"instock","10":"taxable","11":"shipping-taxable","12":"purchasable","13":"product-type-simple"},"acf":[],"yoast_head":"<!-- This site is optimized with the Yoast SEO Premium plugin v22.8 (Yoast SEO v27.5) - https:\/\/yoast.com\/product\/yoast-seo-premium-wordpress\/ -->\n<title>Colorus boya silindiri braketi CLASSIC 2K Comfort tutamak 10-16 cm boya silindirleri i\u00e7in 6 mm 29 cm uzunluk - versiegelung24.com<\/title>\n<meta name=\"robots\" content=\"index, follow, max-snippet:-1, max-image-preview:large, max-video-preview:-1\" \/>\n<link rel=\"canonical\" href=\"https:\/\/www.versiegelung24.com\/tr\/product\/ince-duegmeli-calisma-eldivenleri-nitril-su-tutma-kopie\/\" \/>\n<meta property=\"og:locale\" content=\"tr_TR\" \/>\n<meta property=\"og:type\" content=\"article\" \/>\n<meta property=\"og:title\" content=\"Colorus boya silindiri braketi CLASSIC 2K Comfort tutamak 10-16 cm boya silindirleri i\u00e7in 6 mm 29 cm uzunluk\" \/>\n<meta property=\"og:description\" content=\"6 mm makaral\u0131 rulmanl\u0131 radyat\u00f6r makaralar\u0131 ve k\u00fc\u00e7\u00fck y\u00fczey makaralar\u0131 i\u00e7in profesyonel konfor braketi: \u2713 En kaliteli.\" \/>\n<meta property=\"og:url\" content=\"https:\/\/www.versiegelung24.com\/tr\/product\/ince-duegmeli-calisma-eldivenleri-nitril-su-tutma-kopie\/\" \/>\n<meta property=\"og:site_name\" content=\"versiegelung24.com\" \/>\n<meta property=\"article:modified_time\" content=\"2023-06-19T13:49:08+00:00\" \/>\n<meta property=\"og:image\" content=\"https:\/\/www.versiegelung24.com\/wp-content\/uploads\/2022\/02\/produkt-v24-1029-1039-2k-Colorus-Farbwalzen-Buegel-CLASSIC-2K-Comfort-Griff-6mm-fuer-10-16cm-Farbwalzen.jpg\" \/>\n\t<meta property=\"og:image:width\" content=\"2000\" \/>\n\t<meta property=\"og:image:height\" content=\"2000\" \/>\n\t<meta property=\"og:image:type\" content=\"image\/jpeg\" \/>\n<meta name=\"twitter:card\" content=\"summary_large_image\" \/>\n<meta name=\"twitter:label1\" content=\"Fiyat\" \/>\n\t<meta name=\"twitter:data1\" content=\"2,99&euro;\" \/>\n\t<meta name=\"twitter:label2\" content=\"Durumu\" \/>\n\t<meta name=\"twitter:data2\" content=\"Stokta var\" \/>\n<script type=\"application\/ld+json\" class=\"yoast-schema-graph\">{\"@context\":\"https:\\\/\\\/schema.org\",\"@graph\":[{\"@type\":\"WebPage\",\"@id\":\"https:\\\/\\\/www.versiegelung24.com\\\/tr\\\/product\\\/ince-duegmeli-calisma-eldivenleri-nitril-su-tutma-kopie\\\/\",\"url\":\"https:\\\/\\\/www.versiegelung24.com\\\/tr\\\/product\\\/ince-duegmeli-calisma-eldivenleri-nitril-su-tutma-kopie\\\/\",\"name\":\"Colorus boya silindiri braketi CLASSIC 2K Comfort tutamak 10-16 cm boya silindirleri i\u00e7in 6 mm 29 cm uzunluk - versiegelung24.com\",\"isPartOf\":{\"@id\":\"https:\\\/\\\/www.versiegelung24.com\\\/tr\\\/#website\"},\"primaryImageOfPage\":{\"@id\":\"https:\\\/\\\/www.versiegelung24.com\\\/tr\\\/product\\\/ince-duegmeli-calisma-eldivenleri-nitril-su-tutma-kopie\\\/#primaryimage\"},\"image\":{\"@id\":\"https:\\\/\\\/www.versiegelung24.com\\\/tr\\\/product\\\/ince-duegmeli-calisma-eldivenleri-nitril-su-tutma-kopie\\\/#primaryimage\"},\"thumbnailUrl\":\"https:\\\/\\\/www.versiegelung24.com\\\/wp-content\\\/uploads\\\/2022\\\/02\\\/produkt-v24-1029-1039-2k-Colorus-Farbwalzen-Buegel-CLASSIC-2K-Comfort-Griff-6mm-fuer-10-16cm-Farbwalzen.jpg\",\"datePublished\":\"2022-02-10T06:59:15+00:00\",\"dateModified\":\"2023-06-19T13:49:08+00:00\",\"breadcrumb\":{\"@id\":\"https:\\\/\\\/www.versiegelung24.com\\\/tr\\\/product\\\/ince-duegmeli-calisma-eldivenleri-nitril-su-tutma-kopie\\\/#breadcrumb\"},\"inLanguage\":\"tr\",\"potentialAction\":[{\"@type\":\"ReadAction\",\"target\":[\"https:\\\/\\\/www.versiegelung24.com\\\/tr\\\/product\\\/ince-duegmeli-calisma-eldivenleri-nitril-su-tutma-kopie\\\/\"]}]},{\"@type\":\"ImageObject\",\"inLanguage\":\"tr\",\"@id\":\"https:\\\/\\\/www.versiegelung24.com\\\/tr\\\/product\\\/ince-duegmeli-calisma-eldivenleri-nitril-su-tutma-kopie\\\/#primaryimage\",\"url\":\"https:\\\/\\\/www.versiegelung24.com\\\/wp-content\\\/uploads\\\/2022\\\/02\\\/produkt-v24-1029-1039-2k-Colorus-Farbwalzen-Buegel-CLASSIC-2K-Comfort-Griff-6mm-fuer-10-16cm-Farbwalzen.jpg\",\"contentUrl\":\"https:\\\/\\\/www.versiegelung24.com\\\/wp-content\\\/uploads\\\/2022\\\/02\\\/produkt-v24-1029-1039-2k-Colorus-Farbwalzen-Buegel-CLASSIC-2K-Comfort-Griff-6mm-fuer-10-16cm-Farbwalzen.jpg\",\"width\":2000,\"height\":2000},{\"@type\":\"BreadcrumbList\",\"@id\":\"https:\\\/\\\/www.versiegelung24.com\\\/tr\\\/product\\\/ince-duegmeli-calisma-eldivenleri-nitril-su-tutma-kopie\\\/#breadcrumb\",\"itemListElement\":[{\"@type\":\"ListItem\",\"position\":1,\"name\":\"Anasayfa\",\"item\":\"https:\\\/\\\/www.versiegelung24.com\\\/tr\\\/on\\\/\"},{\"@type\":\"ListItem\",\"position\":2,\"name\":\"Ma\u011faza\",\"item\":\"https:\\\/\\\/www.versiegelung24.com\\\/tr\\\/magaza\\\/\"},{\"@type\":\"ListItem\",\"position\":3,\"name\":\"Colorus boya silindiri braketi CLASSIC 2K Comfort tutamak 10-16 cm boya silindirleri i\u00e7in 6 mm 29 cm uzunluk\"}]},{\"@type\":\"WebSite\",\"@id\":\"https:\\\/\\\/www.versiegelung24.com\\\/tr\\\/#website\",\"url\":\"https:\\\/\\\/www.versiegelung24.com\\\/tr\\\/\",\"name\":\"versiegelung24.com\",\"description\":\"Fl\u00fcssigglas-Versiegelung - Made in Germany\",\"publisher\":{\"@id\":\"https:\\\/\\\/www.versiegelung24.com\\\/tr\\\/#organization\"},\"potentialAction\":[{\"@type\":\"SearchAction\",\"target\":{\"@type\":\"EntryPoint\",\"urlTemplate\":\"https:\\\/\\\/www.versiegelung24.com\\\/tr\\\/?s={search_term_string}\"},\"query-input\":{\"@type\":\"PropertyValueSpecification\",\"valueRequired\":true,\"valueName\":\"search_term_string\"}}],\"inLanguage\":\"tr\"},{\"@type\":\"Organization\",\"@id\":\"https:\\\/\\\/www.versiegelung24.com\\\/tr\\\/#organization\",\"name\":\"versiegelung24\",\"url\":\"https:\\\/\\\/www.versiegelung24.com\\\/tr\\\/\",\"logo\":{\"@type\":\"ImageObject\",\"inLanguage\":\"tr\",\"@id\":\"https:\\\/\\\/www.versiegelung24.com\\\/tr\\\/#\\\/schema\\\/logo\\\/image\\\/\",\"url\":\"https:\\\/\\\/www.versiegelung24.com\\\/wp-content\\\/uploads\\\/2020\\\/04\\\/versiegelung24.png\",\"contentUrl\":\"https:\\\/\\\/www.versiegelung24.com\\\/wp-content\\\/uploads\\\/2020\\\/04\\\/versiegelung24.png\",\"width\":470,\"height\":102,\"caption\":\"versiegelung24\"},\"image\":{\"@id\":\"https:\\\/\\\/www.versiegelung24.com\\\/tr\\\/#\\\/schema\\\/logo\\\/image\\\/\"}}]}<\/script>\n<meta property=\"product:price:amount\" content=\"2.99\" \/>\n<meta property=\"product:price:currency\" content=\"EUR\" \/>\n<meta property=\"og:availability\" content=\"instock\" \/>\n<meta property=\"product:availability\" content=\"instock\" \/>\n<meta property=\"product:retailer_item_id\" content=\"V24-1029-2K\" \/>\n<meta property=\"product:condition\" content=\"new\" \/>\n<!-- \/ Yoast SEO Premium plugin. -->","yoast_head_json":{"title":"Colorus boya silindiri braketi CLASSIC 2K Comfort tutamak 10-16 cm boya silindirleri i\u00e7in 6 mm 29 cm uzunluk - versiegelung24.com","robots":{"index":"index","follow":"follow","max-snippet":"max-snippet:-1","max-image-preview":"max-image-preview:large","max-video-preview":"max-video-preview:-1"},"canonical":"https:\/\/www.versiegelung24.com\/tr\/product\/ince-duegmeli-calisma-eldivenleri-nitril-su-tutma-kopie\/","og_locale":"tr_TR","og_type":"article","og_title":"Colorus boya silindiri braketi CLASSIC 2K Comfort tutamak 10-16 cm boya silindirleri i\u00e7in 6 mm 29 cm uzunluk","og_description":"6 mm makaral\u0131 rulmanl\u0131 radyat\u00f6r makaralar\u0131 ve k\u00fc\u00e7\u00fck y\u00fczey makaralar\u0131 i\u00e7in profesyonel konfor braketi: \u2713 En kaliteli.","og_url":"https:\/\/www.versiegelung24.com\/tr\/product\/ince-duegmeli-calisma-eldivenleri-nitril-su-tutma-kopie\/","og_site_name":"versiegelung24.com","article_modified_time":"2023-06-19T13:49:08+00:00","og_image":[{"width":2000,"height":2000,"url":"https:\/\/www.versiegelung24.com\/wp-content\/uploads\/2022\/02\/produkt-v24-1029-1039-2k-Colorus-Farbwalzen-Buegel-CLASSIC-2K-Comfort-Griff-6mm-fuer-10-16cm-Farbwalzen.jpg","type":"image\/jpeg"}],"twitter_card":"summary_large_image","twitter_misc":{"Fiyat":"2,99&euro;","Durumu":"Stokta var"},"schema":{"@context":"https:\/\/schema.org","@graph":[{"@type":"WebPage","@id":"https:\/\/www.versiegelung24.com\/tr\/product\/ince-duegmeli-calisma-eldivenleri-nitril-su-tutma-kopie\/","url":"https:\/\/www.versiegelung24.com\/tr\/product\/ince-duegmeli-calisma-eldivenleri-nitril-su-tutma-kopie\/","name":"Colorus boya silindiri braketi CLASSIC 2K Comfort tutamak 10-16 cm boya silindirleri i\u00e7in 6 mm 29 cm uzunluk - versiegelung24.com","isPartOf":{"@id":"https:\/\/www.versiegelung24.com\/tr\/#website"},"primaryImageOfPage":{"@id":"https:\/\/www.versiegelung24.com\/tr\/product\/ince-duegmeli-calisma-eldivenleri-nitril-su-tutma-kopie\/#primaryimage"},"image":{"@id":"https:\/\/www.versiegelung24.com\/tr\/product\/ince-duegmeli-calisma-eldivenleri-nitril-su-tutma-kopie\/#primaryimage"},"thumbnailUrl":"https:\/\/www.versiegelung24.com\/wp-content\/uploads\/2022\/02\/produkt-v24-1029-1039-2k-Colorus-Farbwalzen-Buegel-CLASSIC-2K-Comfort-Griff-6mm-fuer-10-16cm-Farbwalzen.jpg","datePublished":"2022-02-10T06:59:15+00:00","dateModified":"2023-06-19T13:49:08+00:00","breadcrumb":{"@id":"https:\/\/www.versiegelung24.com\/tr\/product\/ince-duegmeli-calisma-eldivenleri-nitril-su-tutma-kopie\/#breadcrumb"},"inLanguage":"tr","potentialAction":[{"@type":"ReadAction","target":["https:\/\/www.versiegelung24.com\/tr\/product\/ince-duegmeli-calisma-eldivenleri-nitril-su-tutma-kopie\/"]}]},{"@type":"ImageObject","inLanguage":"tr","@id":"https:\/\/www.versiegelung24.com\/tr\/product\/ince-duegmeli-calisma-eldivenleri-nitril-su-tutma-kopie\/#primaryimage","url":"https:\/\/www.versiegelung24.com\/wp-content\/uploads\/2022\/02\/produkt-v24-1029-1039-2k-Colorus-Farbwalzen-Buegel-CLASSIC-2K-Comfort-Griff-6mm-fuer-10-16cm-Farbwalzen.jpg","contentUrl":"https:\/\/www.versiegelung24.com\/wp-content\/uploads\/2022\/02\/produkt-v24-1029-1039-2k-Colorus-Farbwalzen-Buegel-CLASSIC-2K-Comfort-Griff-6mm-fuer-10-16cm-Farbwalzen.jpg","width":2000,"height":2000},{"@type":"BreadcrumbList","@id":"https:\/\/www.versiegelung24.com\/tr\/product\/ince-duegmeli-calisma-eldivenleri-nitril-su-tutma-kopie\/#breadcrumb","itemListElement":[{"@type":"ListItem","position":1,"name":"Anasayfa","item":"https:\/\/www.versiegelung24.com\/tr\/on\/"},{"@type":"ListItem","position":2,"name":"Ma\u011faza","item":"https:\/\/www.versiegelung24.com\/tr\/magaza\/"},{"@type":"ListItem","position":3,"name":"Colorus boya silindiri braketi CLASSIC 2K Comfort tutamak 10-16 cm boya silindirleri i\u00e7in 6 mm 29 cm uzunluk"}]},{"@type":"WebSite","@id":"https:\/\/www.versiegelung24.com\/tr\/#website","url":"https:\/\/www.versiegelung24.com\/tr\/","name":"versiegelung24.com","description":"Fl\u00fcssigglas-Versiegelung - Made in Germany","publisher":{"@id":"https:\/\/www.versiegelung24.com\/tr\/#organization"},"potentialAction":[{"@type":"SearchAction","target":{"@type":"EntryPoint","urlTemplate":"https:\/\/www.versiegelung24.com\/tr\/?s={search_term_string}"},"query-input":{"@type":"PropertyValueSpecification","valueRequired":true,"valueName":"search_term_string"}}],"inLanguage":"tr"},{"@type":"Organization","@id":"https:\/\/www.versiegelung24.com\/tr\/#organization","name":"versiegelung24","url":"https:\/\/www.versiegelung24.com\/tr\/","logo":{"@type":"ImageObject","inLanguage":"tr","@id":"https:\/\/www.versiegelung24.com\/tr\/#\/schema\/logo\/image\/","url":"https:\/\/www.versiegelung24.com\/wp-content\/uploads\/2020\/04\/versiegelung24.png","contentUrl":"https:\/\/www.versiegelung24.com\/wp-content\/uploads\/2020\/04\/versiegelung24.png","width":470,"height":102,"caption":"versiegelung24"},"image":{"@id":"https:\/\/www.versiegelung24.com\/tr\/#\/schema\/logo\/image\/"}}]},"product_price_amount":"2.99","product_price_currency":"EUR","og_availability":"instock","product_availability":"instock","product_retailer_item_id":"V24-1029-2K","product_condition":"new"},"_links":{"self":[{"href":"https:\/\/www.versiegelung24.com\/tr\/wp-json\/wp\/v2\/product\/63940","targetHints":{"allow":["GET"]}}],"collection":[{"href":"https:\/\/www.versiegelung24.com\/tr\/wp-json\/wp\/v2\/product"}],"about":[{"href":"https:\/\/www.versiegelung24.com\/tr\/wp-json\/wp\/v2\/types\/product"}],"version-history":[{"count":9,"href":"https:\/\/www.versiegelung24.com\/tr\/wp-json\/wp\/v2\/product\/63940\/revisions"}],"predecessor-version":[{"id":116586,"href":"https:\/\/www.versiegelung24.com\/tr\/wp-json\/wp\/v2\/product\/63940\/revisions\/116586"}],"wp:featuredmedia":[{"embeddable":true,"href":"https:\/\/www.versiegelung24.com\/tr\/wp-json\/wp\/v2\/media\/63944"}],"wp:attachment":[{"href":"https:\/\/www.versiegelung24.com\/tr\/wp-json\/wp\/v2\/media?parent=63940"}],"wp:term":[{"taxonomy":"product_brand","embeddable":true,"href":"https:\/\/www.versiegelung24.com\/tr\/wp-json\/wp\/v2\/product_brand?post=63940"},{"taxonomy":"product_cat","embeddable":true,"href":"https:\/\/www.versiegelung24.com\/tr\/wp-json\/wp\/v2\/product_cat?post=63940"},{"taxonomy":"product_tag","embeddable":true,"href":"https:\/\/www.versiegelung24.com\/tr\/wp-json\/wp\/v2\/product_tag?post=63940"}],"curies":[{"name":"wp","href":"https:\/\/api.w.org\/{rel}","templated":true}]}}