{"id":64220,"date":"2022-02-10T08:36:50","date_gmt":"2022-02-10T07:36:54","guid":{"rendered":"https:\/\/www.versiegelung24.com\/?post_type=product&#038;p=64220"},"modified":"2024-01-12T16:18:14","modified_gmt":"2024-01-12T15:18:14","slug":"colorus-boya-silindiri-braketi-classic-2k-comfort-tutamak-6-mm-10-16-cm-boya-silindirleri-icin-39-cm-uzunluk-kopie","status":"publish","type":"product","link":"https:\/\/www.versiegelung24.com\/tr\/product\/colorus-boya-silindiri-braketi-classic-2k-comfort-tutamak-6-mm-10-16-cm-boya-silindirleri-icin-39-cm-uzunluk-kopie\/","title":{"rendered":"Colorus boya k\u00f6p\u00fck rulo superfine PLUS K\u00d815 her iki tarafta d\u00fcz ye\u015fil 11cm"},"content":{"rendered":"\n<h3 class=\"wp-block-heading\" id=\"h-profi-schaumwalze-superfein-beidseitig-gerade-fur-hochwertige-lackierarbeiten-absolute-spitzenqualitat\">Y\u00fcksek kaliteli boyama i\u015fleri i\u00e7in her iki tarafta D\u00dcZ profesyonel k\u00f6p\u00fck rulo. Mutlak en y\u00fcksek kalite.<\/h3>\n\n<h4 class=\"wp-block-heading\" id=\"properties\">\u00dcr\u00fcn \u00f6zellikleri<\/h4>\n\n<ul class=\"wp-block-list\">\n<li>Her iki tarafta d\u00fcz u\u00e7lara sahip y\u00fcksek kaliteli k\u00f6p\u00fck radyat\u00f6r silindirleri.<\/li>\n\n\n\n<li>Su bazl\u0131 ve hafif solvent bazl\u0131 boyalarla m\u00fckemmel boyama i\u00e7in k\u00f6p\u00fck radyat\u00f6r silindirleri.<\/li>\n\n\n\n<li>Y\u00fcksek bas\u0131n\u00e7 dayan\u0131m\u0131na sahip kesinlikle CFC ve solvent i\u00e7ermeyen k\u00f6p\u00fck silindirler.<\/li>\n\n\n\n<li>\u00c7ekirdek \u00d8 15mm<\/li>\n\n\n\n<li>Braket \u00d8 6mm<\/li>\n\n\n\n<li>Toplam \u00d8 35mm<\/li>\n<\/ul>\n","protected":false},"excerpt":{"rendered":"<p><strong>Profesyonel k\u00f6p\u00fck rulo:<\/strong><\/p>\n<p>\u2713 \u00c7ok ince<\/p>\n<p>\u2713 Y\u00fcksek kaliteli boyama i\u015fleri i\u00e7in her iki tarafta d\u00fcz<\/p>\n<p>\u2713 Mutlak en y\u00fcksek kalite.<\/p>\n","protected":false},"featured_media":0,"template":"","meta":{"_acf_changed":false,"neve_meta_sidebar":"","neve_meta_container":"","neve_meta_enable_content_width":"","neve_meta_content_width":0,"neve_meta_title_alignment":"","neve_meta_author_avatar":"","neve_post_elements_order":"","neve_meta_disable_header":"","neve_meta_disable_footer":"","neve_meta_disable_title":"","neve_meta_reading_time":"","_surfaces":[],"_ver_product_tabs":[],"footnotes":""},"product_brand":[],"product_cat":[3085],"product_tag":[],"class_list":{"0":"post-64220","1":"product","2":"type-product","3":"status-publish","5":"product_cat-techizat","7":"first","8":"outofstock","9":"taxable","10":"shipping-taxable","11":"purchasable","12":"product-type-simple"},"acf":[],"yoast_head":"<!-- This site is optimized with the Yoast SEO Premium plugin v22.8 (Yoast SEO v27.4) - https:\/\/yoast.com\/product\/yoast-seo-premium-wordpress\/ -->\n<title>Colorus boya k\u00f6p\u00fck rulo superfine PLUS K\u00d815 her iki tarafta d\u00fcz ye\u015fil 11cm - versiegelung24.com<\/title>\n<meta name=\"robots\" content=\"index, follow, max-snippet:-1, max-image-preview:large, max-video-preview:-1\" \/>\n<link rel=\"canonical\" href=\"https:\/\/www.versiegelung24.com\/tr\/product\/colorus-boya-silindiri-braketi-classic-2k-comfort-tutamak-6-mm-10-16-cm-boya-silindirleri-icin-39-cm-uzunluk-kopie\/\" \/>\n<meta property=\"og:locale\" content=\"tr_TR\" \/>\n<meta property=\"og:type\" content=\"article\" \/>\n<meta property=\"og:title\" content=\"Colorus boya k\u00f6p\u00fck rulo superfine PLUS K\u00d815 her iki tarafta d\u00fcz ye\u015fil 11cm\" \/>\n<meta property=\"og:description\" content=\"Profesyonel k\u00f6p\u00fck rulo: \u2713 \u00c7ok ince \u2713 Y\u00fcksek kaliteli boyama i\u015fleri i\u00e7in her iki tarafta d\u00fcz \u2713 Mutlak en y\u00fcksek kalite.\" \/>\n<meta property=\"og:url\" content=\"https:\/\/www.versiegelung24.com\/tr\/product\/colorus-boya-silindiri-braketi-classic-2k-comfort-tutamak-6-mm-10-16-cm-boya-silindirleri-icin-39-cm-uzunluk-kopie\/\" \/>\n<meta property=\"og:site_name\" content=\"versiegelung24.com\" \/>\n<meta property=\"article:modified_time\" content=\"2024-01-12T15:18:14+00:00\" \/>\n<meta property=\"og:image\" content=\"https:\/\/www.versiegelung24.com\/wp-content\/uploads\/2022\/02\/produkt-v24-162-11-schaumwalze-gerade-superfein-gruen.jpg\" \/>\n\t<meta property=\"og:image:width\" content=\"2000\" \/>\n\t<meta property=\"og:image:height\" content=\"2000\" \/>\n\t<meta property=\"og:image:type\" content=\"image\/jpeg\" \/>\n<meta name=\"twitter:card\" content=\"summary_large_image\" \/>\n<meta name=\"twitter:label1\" content=\"Fiyat\" \/>\n\t<meta name=\"twitter:data1\" content=\"1,39&euro;\" \/>\n\t<meta name=\"twitter:label2\" content=\"Durumu\" \/>\n\t<meta name=\"twitter:data2\" content=\"Stoklar t\u00fckendi\" \/>\n<script type=\"application\/ld+json\" class=\"yoast-schema-graph\">{\"@context\":\"https:\\\/\\\/schema.org\",\"@graph\":[{\"@type\":\"WebPage\",\"@id\":\"https:\\\/\\\/www.versiegelung24.com\\\/tr\\\/product\\\/colorus-boya-silindiri-braketi-classic-2k-comfort-tutamak-6-mm-10-16-cm-boya-silindirleri-icin-39-cm-uzunluk-kopie\\\/\",\"url\":\"https:\\\/\\\/www.versiegelung24.com\\\/tr\\\/product\\\/colorus-boya-silindiri-braketi-classic-2k-comfort-tutamak-6-mm-10-16-cm-boya-silindirleri-icin-39-cm-uzunluk-kopie\\\/\",\"name\":\"Colorus boya k\u00f6p\u00fck rulo superfine PLUS K\u00d815 her iki tarafta d\u00fcz ye\u015fil 11cm - versiegelung24.com\",\"isPartOf\":{\"@id\":\"https:\\\/\\\/www.versiegelung24.com\\\/tr\\\/#website\"},\"datePublished\":\"2022-02-10T07:36:54+00:00\",\"dateModified\":\"2024-01-12T15:18:14+00:00\",\"breadcrumb\":{\"@id\":\"https:\\\/\\\/www.versiegelung24.com\\\/tr\\\/product\\\/colorus-boya-silindiri-braketi-classic-2k-comfort-tutamak-6-mm-10-16-cm-boya-silindirleri-icin-39-cm-uzunluk-kopie\\\/#breadcrumb\"},\"inLanguage\":\"tr\",\"potentialAction\":[{\"@type\":\"ReadAction\",\"target\":[\"https:\\\/\\\/www.versiegelung24.com\\\/tr\\\/product\\\/colorus-boya-silindiri-braketi-classic-2k-comfort-tutamak-6-mm-10-16-cm-boya-silindirleri-icin-39-cm-uzunluk-kopie\\\/\"]}]},{\"@type\":\"BreadcrumbList\",\"@id\":\"https:\\\/\\\/www.versiegelung24.com\\\/tr\\\/product\\\/colorus-boya-silindiri-braketi-classic-2k-comfort-tutamak-6-mm-10-16-cm-boya-silindirleri-icin-39-cm-uzunluk-kopie\\\/#breadcrumb\",\"itemListElement\":[{\"@type\":\"ListItem\",\"position\":1,\"name\":\"Anasayfa\",\"item\":\"https:\\\/\\\/www.versiegelung24.com\\\/tr\\\/on\\\/\"},{\"@type\":\"ListItem\",\"position\":2,\"name\":\"Ma\u011faza\",\"item\":\"https:\\\/\\\/www.versiegelung24.com\\\/tr\\\/magaza\\\/\"},{\"@type\":\"ListItem\",\"position\":3,\"name\":\"Colorus boya k\u00f6p\u00fck rulo superfine PLUS K\u00d815 her iki tarafta d\u00fcz ye\u015fil 11cm\"}]},{\"@type\":\"WebSite\",\"@id\":\"https:\\\/\\\/www.versiegelung24.com\\\/tr\\\/#website\",\"url\":\"https:\\\/\\\/www.versiegelung24.com\\\/tr\\\/\",\"name\":\"versiegelung24.com\",\"description\":\"Fl\u00fcssigglas-Versiegelung - Made in Germany\",\"publisher\":{\"@id\":\"https:\\\/\\\/www.versiegelung24.com\\\/tr\\\/#organization\"},\"potentialAction\":[{\"@type\":\"SearchAction\",\"target\":{\"@type\":\"EntryPoint\",\"urlTemplate\":\"https:\\\/\\\/www.versiegelung24.com\\\/tr\\\/?s={search_term_string}\"},\"query-input\":{\"@type\":\"PropertyValueSpecification\",\"valueRequired\":true,\"valueName\":\"search_term_string\"}}],\"inLanguage\":\"tr\"},{\"@type\":\"Organization\",\"@id\":\"https:\\\/\\\/www.versiegelung24.com\\\/tr\\\/#organization\",\"name\":\"versiegelung24\",\"url\":\"https:\\\/\\\/www.versiegelung24.com\\\/tr\\\/\",\"logo\":{\"@type\":\"ImageObject\",\"inLanguage\":\"tr\",\"@id\":\"https:\\\/\\\/www.versiegelung24.com\\\/tr\\\/#\\\/schema\\\/logo\\\/image\\\/\",\"url\":\"https:\\\/\\\/www.versiegelung24.com\\\/wp-content\\\/uploads\\\/2020\\\/04\\\/versiegelung24.png\",\"contentUrl\":\"https:\\\/\\\/www.versiegelung24.com\\\/wp-content\\\/uploads\\\/2020\\\/04\\\/versiegelung24.png\",\"width\":470,\"height\":102,\"caption\":\"versiegelung24\"},\"image\":{\"@id\":\"https:\\\/\\\/www.versiegelung24.com\\\/tr\\\/#\\\/schema\\\/logo\\\/image\\\/\"}}]}<\/script>\n<meta property=\"product:price:amount\" content=\"1.39\" \/>\n<meta property=\"product:price:currency\" content=\"EUR\" \/>\n<meta property=\"og:availability\" content=\"out of stock\" \/>\n<meta property=\"product:availability\" content=\"out of stock\" \/>\n<meta property=\"product:retailer_item_id\" content=\"V24-162-11\" \/>\n<meta property=\"product:condition\" content=\"new\" \/>\n<!-- \/ Yoast SEO Premium plugin. -->","yoast_head_json":{"title":"Colorus boya k\u00f6p\u00fck rulo superfine PLUS K\u00d815 her iki tarafta d\u00fcz ye\u015fil 11cm - versiegelung24.com","robots":{"index":"index","follow":"follow","max-snippet":"max-snippet:-1","max-image-preview":"max-image-preview:large","max-video-preview":"max-video-preview:-1"},"canonical":"https:\/\/www.versiegelung24.com\/tr\/product\/colorus-boya-silindiri-braketi-classic-2k-comfort-tutamak-6-mm-10-16-cm-boya-silindirleri-icin-39-cm-uzunluk-kopie\/","og_locale":"tr_TR","og_type":"article","og_title":"Colorus boya k\u00f6p\u00fck rulo superfine PLUS K\u00d815 her iki tarafta d\u00fcz ye\u015fil 11cm","og_description":"Profesyonel k\u00f6p\u00fck rulo: \u2713 \u00c7ok ince \u2713 Y\u00fcksek kaliteli boyama i\u015fleri i\u00e7in her iki tarafta d\u00fcz \u2713 Mutlak en y\u00fcksek kalite.","og_url":"https:\/\/www.versiegelung24.com\/tr\/product\/colorus-boya-silindiri-braketi-classic-2k-comfort-tutamak-6-mm-10-16-cm-boya-silindirleri-icin-39-cm-uzunluk-kopie\/","og_site_name":"versiegelung24.com","article_modified_time":"2024-01-12T15:18:14+00:00","og_image":[{"width":2000,"height":2000,"url":"https:\/\/www.versiegelung24.com\/wp-content\/uploads\/2022\/02\/produkt-v24-162-11-schaumwalze-gerade-superfein-gruen.jpg","type":"image\/jpeg"}],"twitter_card":"summary_large_image","twitter_misc":{"Fiyat":"1,39&euro;","Durumu":"Stoklar t\u00fckendi"},"schema":{"@context":"https:\/\/schema.org","@graph":[{"@type":"WebPage","@id":"https:\/\/www.versiegelung24.com\/tr\/product\/colorus-boya-silindiri-braketi-classic-2k-comfort-tutamak-6-mm-10-16-cm-boya-silindirleri-icin-39-cm-uzunluk-kopie\/","url":"https:\/\/www.versiegelung24.com\/tr\/product\/colorus-boya-silindiri-braketi-classic-2k-comfort-tutamak-6-mm-10-16-cm-boya-silindirleri-icin-39-cm-uzunluk-kopie\/","name":"Colorus boya k\u00f6p\u00fck rulo superfine PLUS K\u00d815 her iki tarafta d\u00fcz ye\u015fil 11cm - versiegelung24.com","isPartOf":{"@id":"https:\/\/www.versiegelung24.com\/tr\/#website"},"datePublished":"2022-02-10T07:36:54+00:00","dateModified":"2024-01-12T15:18:14+00:00","breadcrumb":{"@id":"https:\/\/www.versiegelung24.com\/tr\/product\/colorus-boya-silindiri-braketi-classic-2k-comfort-tutamak-6-mm-10-16-cm-boya-silindirleri-icin-39-cm-uzunluk-kopie\/#breadcrumb"},"inLanguage":"tr","potentialAction":[{"@type":"ReadAction","target":["https:\/\/www.versiegelung24.com\/tr\/product\/colorus-boya-silindiri-braketi-classic-2k-comfort-tutamak-6-mm-10-16-cm-boya-silindirleri-icin-39-cm-uzunluk-kopie\/"]}]},{"@type":"BreadcrumbList","@id":"https:\/\/www.versiegelung24.com\/tr\/product\/colorus-boya-silindiri-braketi-classic-2k-comfort-tutamak-6-mm-10-16-cm-boya-silindirleri-icin-39-cm-uzunluk-kopie\/#breadcrumb","itemListElement":[{"@type":"ListItem","position":1,"name":"Anasayfa","item":"https:\/\/www.versiegelung24.com\/tr\/on\/"},{"@type":"ListItem","position":2,"name":"Ma\u011faza","item":"https:\/\/www.versiegelung24.com\/tr\/magaza\/"},{"@type":"ListItem","position":3,"name":"Colorus boya k\u00f6p\u00fck rulo superfine PLUS K\u00d815 her iki tarafta d\u00fcz ye\u015fil 11cm"}]},{"@type":"WebSite","@id":"https:\/\/www.versiegelung24.com\/tr\/#website","url":"https:\/\/www.versiegelung24.com\/tr\/","name":"versiegelung24.com","description":"Fl\u00fcssigglas-Versiegelung - Made in Germany","publisher":{"@id":"https:\/\/www.versiegelung24.com\/tr\/#organization"},"potentialAction":[{"@type":"SearchAction","target":{"@type":"EntryPoint","urlTemplate":"https:\/\/www.versiegelung24.com\/tr\/?s={search_term_string}"},"query-input":{"@type":"PropertyValueSpecification","valueRequired":true,"valueName":"search_term_string"}}],"inLanguage":"tr"},{"@type":"Organization","@id":"https:\/\/www.versiegelung24.com\/tr\/#organization","name":"versiegelung24","url":"https:\/\/www.versiegelung24.com\/tr\/","logo":{"@type":"ImageObject","inLanguage":"tr","@id":"https:\/\/www.versiegelung24.com\/tr\/#\/schema\/logo\/image\/","url":"https:\/\/www.versiegelung24.com\/wp-content\/uploads\/2020\/04\/versiegelung24.png","contentUrl":"https:\/\/www.versiegelung24.com\/wp-content\/uploads\/2020\/04\/versiegelung24.png","width":470,"height":102,"caption":"versiegelung24"},"image":{"@id":"https:\/\/www.versiegelung24.com\/tr\/#\/schema\/logo\/image\/"}}]},"product_price_amount":"1.39","product_price_currency":"EUR","og_availability":"out of stock","product_availability":"out of stock","product_retailer_item_id":"V24-162-11","product_condition":"new"},"_links":{"self":[{"href":"https:\/\/www.versiegelung24.com\/tr\/wp-json\/wp\/v2\/product\/64220","targetHints":{"allow":["GET"]}}],"collection":[{"href":"https:\/\/www.versiegelung24.com\/tr\/wp-json\/wp\/v2\/product"}],"about":[{"href":"https:\/\/www.versiegelung24.com\/tr\/wp-json\/wp\/v2\/types\/product"}],"version-history":[{"count":12,"href":"https:\/\/www.versiegelung24.com\/tr\/wp-json\/wp\/v2\/product\/64220\/revisions"}],"predecessor-version":[{"id":141226,"href":"https:\/\/www.versiegelung24.com\/tr\/wp-json\/wp\/v2\/product\/64220\/revisions\/141226"}],"wp:attachment":[{"href":"https:\/\/www.versiegelung24.com\/tr\/wp-json\/wp\/v2\/media?parent=64220"}],"wp:term":[{"taxonomy":"product_brand","embeddable":true,"href":"https:\/\/www.versiegelung24.com\/tr\/wp-json\/wp\/v2\/product_brand?post=64220"},{"taxonomy":"product_cat","embeddable":true,"href":"https:\/\/www.versiegelung24.com\/tr\/wp-json\/wp\/v2\/product_cat?post=64220"},{"taxonomy":"product_tag","embeddable":true,"href":"https:\/\/www.versiegelung24.com\/tr\/wp-json\/wp\/v2\/product_tag?post=64220"}],"curies":[{"name":"wp","href":"https:\/\/api.w.org\/{rel}","templated":true}]}}