{"id":82494,"date":"2022-02-23T13:57:07","date_gmt":"2022-02-23T12:57:12","guid":{"rendered":"https:\/\/www.versiegelung24.com\/?post_type=product&#038;p=82494"},"modified":"2025-01-13T17:10:33","modified_gmt":"2025-01-13T16:10:33","slug":"entegre-yan-kalkan-ve-ayarlanabilir-cerceveli-koruyucu-gozlukler","status":"publish","type":"product","link":"https:\/\/www.versiegelung24.com\/tr\/product\/entegre-yan-kalkan-ve-ayarlanabilir-cerceveli-koruyucu-gozlukler\/","title":{"rendered":"Entegre yan korumal\u0131 ve ayarlanabilir sapl\u0131 g\u00fcvenlik g\u00f6zl\u00fckleri"},"content":{"rendered":"\n<h4 class=\"wp-block-heading\" id=\"h-beschreibung\">A\u00e7\u0131klama<\/h4>\n\n<p>Evrensel olarak uygulanabilen, uzunlu\u011fu ayarlanabilen \u015fakaklara sahip yumu\u015fak iki bile\u015fenli g\u00f6zl\u00fckler. G\u00f6zl\u00fckler EN166 standard\u0131n\u0131n gereksinimlerini kar\u015f\u0131lar. Sa\u011flanan perforasyon nedeniyle kay\u0131\u015flar\u0131n tak\u0131lmas\u0131 m\u00fcmk\u00fcnd\u00fcr.<\/p>\n\n<p>45 m\/s&#8217;ye (F) varan darbe enerjisiyle g\u00f6zlerinizi k\u00fc\u00e7\u00fck k\u0131ym\u0131klardan korur ve optimum \u00f6n ve yan korumaya sahiptir.<\/p>\n\n<hr \/>\n\n<h4 class=\"wp-block-heading\" id=\"properties\">\u00dcr\u00fcn \u00f6zellikleri<\/h4>\n\n<div class=\"wp-block-columns is-layout-flex wp-container-core-columns-is-layout-9d6595d7 wp-block-columns-is-layout-flex\">\n<div class=\"wp-block-column is-layout-flow wp-block-column-is-layout-flow\">\n<p>\u2713 Darbelere ve k\u0131ym\u0131klara kar\u015f\u0131 optimum koruma<\/p>\n\n\n\n<p>\u2713 Ayarlanabilir kay\u0131\u015f boyutlar\u0131<\/p>\n\n\n\n<p>\u2713 \u00d6n ve yan koruma<\/p>\n\n\n\n<p>\u2713 Optik lensli g\u00f6zl\u00fckler i\u00e7in alan<\/p>\n\n\n\n<p>\u2713 Standart: EN166<\/p>\n\n\n\n<p>\u2713 Renk: Siyah<\/p>\n<\/div>\n<\/div>\n","protected":false},"excerpt":{"rendered":"<p>\u2713 Darbelere ve k\u0131ym\u0131klara kar\u015f\u0131 optimum koruma<\/p>\n<p>\u2713 Ayarlanabilir kay\u0131\u015f boyutlar\u0131<\/p>\n<p>\u2713 \u00d6n ve yan koruma<\/p>\n<p>\u2713 Standart: EN166<\/p>\n","protected":false},"featured_media":82526,"template":"","meta":{"_acf_changed":false,"neve_meta_sidebar":"","neve_meta_container":"","neve_meta_enable_content_width":"","neve_meta_content_width":0,"neve_meta_title_alignment":"","neve_meta_author_avatar":"","neve_post_elements_order":"","neve_meta_disable_header":"","neve_meta_disable_footer":"","neve_meta_disable_title":"","neve_meta_reading_time":"","_surfaces":[],"_ver_product_tabs":[],"footnotes":""},"product_brand":[],"product_cat":[3085],"product_tag":[],"class_list":{"0":"post-82494","1":"product","2":"type-product","3":"status-publish","4":"has-post-thumbnail","6":"product_cat-techizat","8":"first","9":"instock","10":"taxable","11":"shipping-taxable","12":"purchasable","13":"product-type-simple"},"acf":[],"yoast_head":"<!-- This site is optimized with the Yoast SEO Premium plugin v22.8 (Yoast SEO v27.4) - https:\/\/yoast.com\/product\/yoast-seo-premium-wordpress\/ -->\n<title>Entegre yan korumal\u0131 ve ayarlanabilir sapl\u0131 g\u00fcvenlik g\u00f6zl\u00fckleri - versiegelung24.com<\/title>\n<meta name=\"robots\" content=\"index, follow, max-snippet:-1, max-image-preview:large, max-video-preview:-1\" \/>\n<link rel=\"canonical\" href=\"https:\/\/www.versiegelung24.com\/tr\/product\/entegre-yan-kalkan-ve-ayarlanabilir-cerceveli-koruyucu-gozlukler\/\" \/>\n<meta property=\"og:locale\" content=\"tr_TR\" \/>\n<meta property=\"og:type\" content=\"article\" \/>\n<meta property=\"og:title\" content=\"Entegre yan korumal\u0131 ve ayarlanabilir sapl\u0131 g\u00fcvenlik g\u00f6zl\u00fckleri\" \/>\n<meta property=\"og:description\" content=\"\u2713 Darbelere ve k\u0131ym\u0131klara kar\u015f\u0131 optimum koruma \u2713 Ayarlanabilir kay\u0131\u015f boyutlar\u0131 \u2713 \u00d6n ve yan koruma \u2713 Standart: EN166\" \/>\n<meta property=\"og:url\" content=\"https:\/\/www.versiegelung24.com\/tr\/product\/entegre-yan-kalkan-ve-ayarlanabilir-cerceveli-koruyucu-gozlukler\/\" \/>\n<meta property=\"og:site_name\" content=\"versiegelung24.com\" \/>\n<meta property=\"article:modified_time\" content=\"2025-01-13T16:10:33+00:00\" \/>\n<meta name=\"twitter:card\" content=\"summary_large_image\" \/>\n<meta name=\"twitter:label1\" content=\"Fiyat\" \/>\n\t<meta name=\"twitter:data1\" content=\"4,99&euro;\" \/>\n\t<meta name=\"twitter:label2\" content=\"Durumu\" \/>\n\t<meta name=\"twitter:data2\" content=\"Stokta var\" \/>\n<script type=\"application\/ld+json\" class=\"yoast-schema-graph\">{\"@context\":\"https:\\\/\\\/schema.org\",\"@graph\":[{\"@type\":\"WebPage\",\"@id\":\"https:\\\/\\\/www.versiegelung24.com\\\/tr\\\/product\\\/entegre-yan-kalkan-ve-ayarlanabilir-cerceveli-koruyucu-gozlukler\\\/\",\"url\":\"https:\\\/\\\/www.versiegelung24.com\\\/tr\\\/product\\\/entegre-yan-kalkan-ve-ayarlanabilir-cerceveli-koruyucu-gozlukler\\\/\",\"name\":\"Entegre yan korumal\u0131 ve ayarlanabilir sapl\u0131 g\u00fcvenlik g\u00f6zl\u00fckleri - versiegelung24.com\",\"isPartOf\":{\"@id\":\"https:\\\/\\\/www.versiegelung24.com\\\/tr\\\/#website\"},\"primaryImageOfPage\":{\"@id\":\"https:\\\/\\\/www.versiegelung24.com\\\/tr\\\/product\\\/entegre-yan-kalkan-ve-ayarlanabilir-cerceveli-koruyucu-gozlukler\\\/#primaryimage\"},\"image\":{\"@id\":\"https:\\\/\\\/www.versiegelung24.com\\\/tr\\\/product\\\/entegre-yan-kalkan-ve-ayarlanabilir-cerceveli-koruyucu-gozlukler\\\/#primaryimage\"},\"thumbnailUrl\":\"https:\\\/\\\/www.versiegelung24.com\\\/wp-content\\\/uploads\\\/2022\\\/02\\\/produkt-v24-sbvari1-schutzbrille.jpg\",\"datePublished\":\"2022-02-23T12:57:12+00:00\",\"dateModified\":\"2025-01-13T16:10:33+00:00\",\"breadcrumb\":{\"@id\":\"https:\\\/\\\/www.versiegelung24.com\\\/tr\\\/product\\\/entegre-yan-kalkan-ve-ayarlanabilir-cerceveli-koruyucu-gozlukler\\\/#breadcrumb\"},\"inLanguage\":\"tr\",\"potentialAction\":[{\"@type\":\"ReadAction\",\"target\":[\"https:\\\/\\\/www.versiegelung24.com\\\/tr\\\/product\\\/entegre-yan-kalkan-ve-ayarlanabilir-cerceveli-koruyucu-gozlukler\\\/\"]}]},{\"@type\":\"ImageObject\",\"inLanguage\":\"tr\",\"@id\":\"https:\\\/\\\/www.versiegelung24.com\\\/tr\\\/product\\\/entegre-yan-kalkan-ve-ayarlanabilir-cerceveli-koruyucu-gozlukler\\\/#primaryimage\",\"url\":\"https:\\\/\\\/www.versiegelung24.com\\\/wp-content\\\/uploads\\\/2022\\\/02\\\/produkt-v24-sbvari1-schutzbrille.jpg\",\"contentUrl\":\"https:\\\/\\\/www.versiegelung24.com\\\/wp-content\\\/uploads\\\/2022\\\/02\\\/produkt-v24-sbvari1-schutzbrille.jpg\",\"width\":2000,\"height\":2000},{\"@type\":\"BreadcrumbList\",\"@id\":\"https:\\\/\\\/www.versiegelung24.com\\\/tr\\\/product\\\/entegre-yan-kalkan-ve-ayarlanabilir-cerceveli-koruyucu-gozlukler\\\/#breadcrumb\",\"itemListElement\":[{\"@type\":\"ListItem\",\"position\":1,\"name\":\"Anasayfa\",\"item\":\"https:\\\/\\\/www.versiegelung24.com\\\/tr\\\/on\\\/\"},{\"@type\":\"ListItem\",\"position\":2,\"name\":\"Ma\u011faza\",\"item\":\"https:\\\/\\\/www.versiegelung24.com\\\/tr\\\/magaza\\\/\"},{\"@type\":\"ListItem\",\"position\":3,\"name\":\"Entegre yan korumal\u0131 ve ayarlanabilir sapl\u0131 g\u00fcvenlik g\u00f6zl\u00fckleri\"}]},{\"@type\":\"WebSite\",\"@id\":\"https:\\\/\\\/www.versiegelung24.com\\\/tr\\\/#website\",\"url\":\"https:\\\/\\\/www.versiegelung24.com\\\/tr\\\/\",\"name\":\"versiegelung24.com\",\"description\":\"Fl\u00fcssigglas-Versiegelung - Made in Germany\",\"publisher\":{\"@id\":\"https:\\\/\\\/www.versiegelung24.com\\\/tr\\\/#organization\"},\"potentialAction\":[{\"@type\":\"SearchAction\",\"target\":{\"@type\":\"EntryPoint\",\"urlTemplate\":\"https:\\\/\\\/www.versiegelung24.com\\\/tr\\\/?s={search_term_string}\"},\"query-input\":{\"@type\":\"PropertyValueSpecification\",\"valueRequired\":true,\"valueName\":\"search_term_string\"}}],\"inLanguage\":\"tr\"},{\"@type\":\"Organization\",\"@id\":\"https:\\\/\\\/www.versiegelung24.com\\\/tr\\\/#organization\",\"name\":\"versiegelung24\",\"url\":\"https:\\\/\\\/www.versiegelung24.com\\\/tr\\\/\",\"logo\":{\"@type\":\"ImageObject\",\"inLanguage\":\"tr\",\"@id\":\"https:\\\/\\\/www.versiegelung24.com\\\/tr\\\/#\\\/schema\\\/logo\\\/image\\\/\",\"url\":\"https:\\\/\\\/www.versiegelung24.com\\\/wp-content\\\/uploads\\\/2020\\\/04\\\/versiegelung24.png\",\"contentUrl\":\"https:\\\/\\\/www.versiegelung24.com\\\/wp-content\\\/uploads\\\/2020\\\/04\\\/versiegelung24.png\",\"width\":470,\"height\":102,\"caption\":\"versiegelung24\"},\"image\":{\"@id\":\"https:\\\/\\\/www.versiegelung24.com\\\/tr\\\/#\\\/schema\\\/logo\\\/image\\\/\"}}]}<\/script>\n<meta property=\"product:price:amount\" content=\"4.99\" \/>\n<meta property=\"product:price:currency\" content=\"EUR\" \/>\n<meta property=\"og:availability\" content=\"instock\" \/>\n<meta property=\"product:availability\" content=\"instock\" \/>\n<meta property=\"product:retailer_item_id\" content=\"V24-SBVARI1\" \/>\n<meta property=\"product:condition\" content=\"new\" \/>\n<!-- \/ Yoast SEO Premium plugin. -->","yoast_head_json":{"title":"Entegre yan korumal\u0131 ve ayarlanabilir sapl\u0131 g\u00fcvenlik g\u00f6zl\u00fckleri - versiegelung24.com","robots":{"index":"index","follow":"follow","max-snippet":"max-snippet:-1","max-image-preview":"max-image-preview:large","max-video-preview":"max-video-preview:-1"},"canonical":"https:\/\/www.versiegelung24.com\/tr\/product\/entegre-yan-kalkan-ve-ayarlanabilir-cerceveli-koruyucu-gozlukler\/","og_locale":"tr_TR","og_type":"article","og_title":"Entegre yan korumal\u0131 ve ayarlanabilir sapl\u0131 g\u00fcvenlik g\u00f6zl\u00fckleri","og_description":"\u2713 Darbelere ve k\u0131ym\u0131klara kar\u015f\u0131 optimum koruma \u2713 Ayarlanabilir kay\u0131\u015f boyutlar\u0131 \u2713 \u00d6n ve yan koruma \u2713 Standart: EN166","og_url":"https:\/\/www.versiegelung24.com\/tr\/product\/entegre-yan-kalkan-ve-ayarlanabilir-cerceveli-koruyucu-gozlukler\/","og_site_name":"versiegelung24.com","article_modified_time":"2025-01-13T16:10:33+00:00","twitter_card":"summary_large_image","twitter_misc":{"Fiyat":"4,99&euro;","Durumu":"Stokta var"},"schema":{"@context":"https:\/\/schema.org","@graph":[{"@type":"WebPage","@id":"https:\/\/www.versiegelung24.com\/tr\/product\/entegre-yan-kalkan-ve-ayarlanabilir-cerceveli-koruyucu-gozlukler\/","url":"https:\/\/www.versiegelung24.com\/tr\/product\/entegre-yan-kalkan-ve-ayarlanabilir-cerceveli-koruyucu-gozlukler\/","name":"Entegre yan korumal\u0131 ve ayarlanabilir sapl\u0131 g\u00fcvenlik g\u00f6zl\u00fckleri - versiegelung24.com","isPartOf":{"@id":"https:\/\/www.versiegelung24.com\/tr\/#website"},"primaryImageOfPage":{"@id":"https:\/\/www.versiegelung24.com\/tr\/product\/entegre-yan-kalkan-ve-ayarlanabilir-cerceveli-koruyucu-gozlukler\/#primaryimage"},"image":{"@id":"https:\/\/www.versiegelung24.com\/tr\/product\/entegre-yan-kalkan-ve-ayarlanabilir-cerceveli-koruyucu-gozlukler\/#primaryimage"},"thumbnailUrl":"https:\/\/www.versiegelung24.com\/wp-content\/uploads\/2022\/02\/produkt-v24-sbvari1-schutzbrille.jpg","datePublished":"2022-02-23T12:57:12+00:00","dateModified":"2025-01-13T16:10:33+00:00","breadcrumb":{"@id":"https:\/\/www.versiegelung24.com\/tr\/product\/entegre-yan-kalkan-ve-ayarlanabilir-cerceveli-koruyucu-gozlukler\/#breadcrumb"},"inLanguage":"tr","potentialAction":[{"@type":"ReadAction","target":["https:\/\/www.versiegelung24.com\/tr\/product\/entegre-yan-kalkan-ve-ayarlanabilir-cerceveli-koruyucu-gozlukler\/"]}]},{"@type":"ImageObject","inLanguage":"tr","@id":"https:\/\/www.versiegelung24.com\/tr\/product\/entegre-yan-kalkan-ve-ayarlanabilir-cerceveli-koruyucu-gozlukler\/#primaryimage","url":"https:\/\/www.versiegelung24.com\/wp-content\/uploads\/2022\/02\/produkt-v24-sbvari1-schutzbrille.jpg","contentUrl":"https:\/\/www.versiegelung24.com\/wp-content\/uploads\/2022\/02\/produkt-v24-sbvari1-schutzbrille.jpg","width":2000,"height":2000},{"@type":"BreadcrumbList","@id":"https:\/\/www.versiegelung24.com\/tr\/product\/entegre-yan-kalkan-ve-ayarlanabilir-cerceveli-koruyucu-gozlukler\/#breadcrumb","itemListElement":[{"@type":"ListItem","position":1,"name":"Anasayfa","item":"https:\/\/www.versiegelung24.com\/tr\/on\/"},{"@type":"ListItem","position":2,"name":"Ma\u011faza","item":"https:\/\/www.versiegelung24.com\/tr\/magaza\/"},{"@type":"ListItem","position":3,"name":"Entegre yan korumal\u0131 ve ayarlanabilir sapl\u0131 g\u00fcvenlik g\u00f6zl\u00fckleri"}]},{"@type":"WebSite","@id":"https:\/\/www.versiegelung24.com\/tr\/#website","url":"https:\/\/www.versiegelung24.com\/tr\/","name":"versiegelung24.com","description":"Fl\u00fcssigglas-Versiegelung - Made in Germany","publisher":{"@id":"https:\/\/www.versiegelung24.com\/tr\/#organization"},"potentialAction":[{"@type":"SearchAction","target":{"@type":"EntryPoint","urlTemplate":"https:\/\/www.versiegelung24.com\/tr\/?s={search_term_string}"},"query-input":{"@type":"PropertyValueSpecification","valueRequired":true,"valueName":"search_term_string"}}],"inLanguage":"tr"},{"@type":"Organization","@id":"https:\/\/www.versiegelung24.com\/tr\/#organization","name":"versiegelung24","url":"https:\/\/www.versiegelung24.com\/tr\/","logo":{"@type":"ImageObject","inLanguage":"tr","@id":"https:\/\/www.versiegelung24.com\/tr\/#\/schema\/logo\/image\/","url":"https:\/\/www.versiegelung24.com\/wp-content\/uploads\/2020\/04\/versiegelung24.png","contentUrl":"https:\/\/www.versiegelung24.com\/wp-content\/uploads\/2020\/04\/versiegelung24.png","width":470,"height":102,"caption":"versiegelung24"},"image":{"@id":"https:\/\/www.versiegelung24.com\/tr\/#\/schema\/logo\/image\/"}}]},"product_price_amount":"4.99","product_price_currency":"EUR","og_availability":"instock","product_availability":"instock","product_retailer_item_id":"V24-SBVARI1","product_condition":"new"},"_links":{"self":[{"href":"https:\/\/www.versiegelung24.com\/tr\/wp-json\/wp\/v2\/product\/82494","targetHints":{"allow":["GET"]}}],"collection":[{"href":"https:\/\/www.versiegelung24.com\/tr\/wp-json\/wp\/v2\/product"}],"about":[{"href":"https:\/\/www.versiegelung24.com\/tr\/wp-json\/wp\/v2\/types\/product"}],"version-history":[{"count":7,"href":"https:\/\/www.versiegelung24.com\/tr\/wp-json\/wp\/v2\/product\/82494\/revisions"}],"predecessor-version":[{"id":180793,"href":"https:\/\/www.versiegelung24.com\/tr\/wp-json\/wp\/v2\/product\/82494\/revisions\/180793"}],"wp:featuredmedia":[{"embeddable":true,"href":"https:\/\/www.versiegelung24.com\/tr\/wp-json\/wp\/v2\/media\/82526"}],"wp:attachment":[{"href":"https:\/\/www.versiegelung24.com\/tr\/wp-json\/wp\/v2\/media?parent=82494"}],"wp:term":[{"taxonomy":"product_brand","embeddable":true,"href":"https:\/\/www.versiegelung24.com\/tr\/wp-json\/wp\/v2\/product_brand?post=82494"},{"taxonomy":"product_cat","embeddable":true,"href":"https:\/\/www.versiegelung24.com\/tr\/wp-json\/wp\/v2\/product_cat?post=82494"},{"taxonomy":"product_tag","embeddable":true,"href":"https:\/\/www.versiegelung24.com\/tr\/wp-json\/wp\/v2\/product_tag?post=82494"}],"curies":[{"name":"wp","href":"https:\/\/api.w.org\/{rel}","templated":true}]}}