{"id":93775,"date":"2022-10-21T16:49:10","date_gmt":"2022-10-21T14:49:10","guid":{"rendered":"https:\/\/www.versiegelung24.com\/?post_type=product&#038;p=93775"},"modified":"2025-03-31T14:58:36","modified_gmt":"2025-03-31T12:58:36","slug":"uygulama-sungeri-95x40x23mm","status":"publish","type":"product","link":"https:\/\/www.versiegelung24.com\/tr\/product\/uygulama-sungeri-95x40x23mm\/","title":{"rendered":"Uygulama S\u00fcngeri 95x40x23mm"},"content":{"rendered":"\n<p>Uygulama i\u00e7in s\u00fcnger  <\/p>\n\n<p> <a href=\"https:\/\/www.versiegelung24.com\/applikationstuch-20x20cm.html\">S\u0131v\u0131 cam dolgu macunlar\u0131m\u0131z\u0131n uygulanmas\u0131 i\u00e7in mikrofiber bezimizle<\/a> birlikte kullan\u0131m i\u00e7in idealdir.<\/p>\n\n<p>Y\u00fczey dolgu macunlar\u0131m\u0131z\u0131n ve emprenyelerimizin uygulanmas\u0131n\u0131n her ad\u0131m\u0131 i\u00e7in ayr\u0131 bir mikrofiber bez kullanman\u0131z\u0131 \u00f6neririz.<\/p>\n\n<p>Uygulama s\u00fcngerini mikrofiber bezlerimizle birlikte kullanarak, s\u00fcngerin taraf\u0131na, y\u00fczeyin durumuna ve uygulanan bas\u0131nca ba\u011fl\u0131 olarak uygulamay\u0131 veya cilalamay\u0131 dozajlamak ve optimize etmek m\u00fcmk\u00fcnd\u00fcr.<\/p>\n\n<hr \/>\n\n<h4 class=\"wp-block-heading\" id=\"properties\">\u00dcr\u00fcn \u00f6zellikleri<\/h4>\n\n<div class=\"wp-block-columns is-layout-flex wp-container-core-columns-is-layout-9d6595d7 wp-block-columns-is-layout-flex\">\n<div class=\"wp-block-column is-layout-flow wp-block-column-is-layout-flow\">\n<p>Uygulama ve parlatma i\u00e7in s\u00fcnger Boyut: 95 x 40 x 23mm  <\/p>\n<\/div>\n\n\n\n<div class=\"wp-block-column is-layout-flow wp-block-column-is-layout-flow\">\n<p>\u00dcst katman sert 5mm beyaz XPE 3000-33 Orta katman yumu\u015fak 18mm S2145 mavi<\/p>\n<\/div>\n<\/div>\n\n<hr \/>\n\n<h4 class=\"wp-block-heading\" id=\"application\">Uygulama<\/h4>\n\n<p>Dolgu macunlar\u0131m\u0131z\u0131n p\u00fcr\u00fczs\u00fcz ve emici olmayan y\u00fczeylere uygulanmas\u0131 i\u00e7in, <a href=\"https:\/\/www.versiegelung24.com\/applikationstuch-20x20cm.html\">s\u0131v\u0131 cam dolgu macunlar\u0131m\u0131z\u0131n uygulanmas\u0131na y\u00f6nelik mikrofiber bezimizle<\/a> birlikte kullan\u0131lmas\u0131n\u0131 tavsiye ederiz. Mikrofiber bezi dolgu macunu uygulamak i\u00e7in beyaz sert tarafa yerle\u015ftirin ve dolgu macununu ilgili uygulama talimatlar\u0131na g\u00f6re uygulay\u0131n.<\/p>\n\n<p><a href=\"https:\/\/www.versiegelung24.com\/tr\/mikrofiber-kumas-30x30cm-oen-temizleme-veya-parlatma-icin.html\">\u00d6n temizlik veya cilalama i\u00e7in 30x30cm mikrofiber bezimizle c<\/a> ilalama yaparken, bezi s\u00fcngerin \u00fczerine yerle\u015ftirin ve geni\u015fletilmi\u015f bir y\u00fczeyde e\u015fit bas\u0131n\u00e7 olu\u015fturmak i\u00e7in y\u00fczey durumuna ve gereksinimlere ba\u011fl\u0131 olarak s\u00fcngerin sert veya yumu\u015fak taraf\u0131n\u0131 kullan\u0131n.<\/p>\n","protected":false},"excerpt":{"rendered":"<p><strong>Dolgu macunu uygulamas\u0131 i\u00e7in s\u00fcnger<\/strong><\/p>\n<p>\u2713 Yeniden kullan\u0131labilir<\/p>\n<p>\u2713 \u00c7evre dostu<\/p>\n<p>\u2713 Kullan\u0131\u015fl\u0131<\/p>\n<p>\u2713 Sert ve yumu\u015fak taraf<\/p>\n<p>\u2713 95x40x23mm<\/p>\n<p>&nbsp;<\/p>\n","protected":false},"featured_media":13273,"template":"","meta":{"_acf_changed":false,"neve_meta_sidebar":"","neve_meta_container":"","neve_meta_enable_content_width":"","neve_meta_content_width":0,"neve_meta_title_alignment":"","neve_meta_author_avatar":"","neve_post_elements_order":"","neve_meta_disable_header":"","neve_meta_disable_footer":"","neve_meta_disable_title":"","neve_meta_reading_time":"","_surfaces":[],"_ver_product_tabs":[],"footnotes":""},"product_brand":[],"product_cat":[2435,2438,2481,3085,2156,2228,2361],"product_tag":[],"class_list":{"0":"post-93775","1":"product","2":"type-product","3":"status-publish","4":"has-post-thumbnail","6":"product_cat-metal-ve-plastik-sizdirmazlik","7":"product_cat-temizlik-malzemeleri","8":"product_cat-evrensel-muehuer","9":"product_cat-techizat","10":"product_cat-cam-ve-seramik-icin-sizdirmazlik","11":"product_cat-araba-sizdirmazlik","12":"product_cat-yuezey-dezenfektanlari","14":"first","15":"instock","16":"taxable","17":"shipping-taxable","18":"purchasable","19":"product-type-simple"},"acf":[],"yoast_head":"<!-- This site is optimized with the Yoast SEO Premium plugin v22.8 (Yoast SEO v27.5) - https:\/\/yoast.com\/product\/yoast-seo-premium-wordpress\/ -->\n<title>Uygulama S\u00fcngeri 95x40x23mm - versiegelung24.com<\/title>\n<meta name=\"description\" content=\"Uygulama s\u00fcngeri - Dolgu macunlar\u0131m\u0131z\u0131 uygulamak i\u00e7in idealdir. Mikrofiber bezlerimizle birlikte \u00e7ok y\u00f6nl\u00fc bir \u00fcr\u00fcnd\u00fcr.\" \/>\n<meta name=\"robots\" content=\"index, follow, max-snippet:-1, max-image-preview:large, max-video-preview:-1\" \/>\n<link rel=\"canonical\" href=\"https:\/\/www.versiegelung24.com\/tr\/product\/uygulama-sungeri-95x40x23mm\/\" \/>\n<meta property=\"og:locale\" content=\"tr_TR\" \/>\n<meta property=\"og:type\" content=\"article\" \/>\n<meta property=\"og:title\" content=\"Uygulama S\u00fcngeri 95x40x23mm\" \/>\n<meta property=\"og:description\" content=\"Uygulama s\u00fcngeri - Dolgu macunlar\u0131m\u0131z\u0131 uygulamak i\u00e7in idealdir. Mikrofiber bezlerimizle birlikte \u00e7ok y\u00f6nl\u00fc bir \u00fcr\u00fcnd\u00fcr.\" \/>\n<meta property=\"og:url\" content=\"https:\/\/www.versiegelung24.com\/tr\/product\/uygulama-sungeri-95x40x23mm\/\" \/>\n<meta property=\"og:site_name\" content=\"versiegelung24.com\" \/>\n<meta property=\"article:modified_time\" content=\"2025-03-31T12:58:36+00:00\" \/>\n<meta property=\"og:image\" content=\"https:\/\/www.versiegelung24.com\/wp-content\/uploads\/2020\/04\/mikrofasertuch.png\" \/>\n\t<meta property=\"og:image:width\" content=\"1000\" \/>\n\t<meta property=\"og:image:height\" content=\"1000\" \/>\n\t<meta property=\"og:image:type\" content=\"image\/png\" \/>\n<meta name=\"twitter:card\" content=\"summary_large_image\" \/>\n<meta name=\"twitter:label1\" content=\"Fiyat\" \/>\n\t<meta name=\"twitter:data1\" content=\"1,99&euro;\" \/>\n\t<meta name=\"twitter:label2\" content=\"Durumu\" \/>\n\t<meta name=\"twitter:data2\" content=\"Stokta var\" \/>\n<script type=\"application\/ld+json\" class=\"yoast-schema-graph\">{\"@context\":\"https:\\\/\\\/schema.org\",\"@graph\":[{\"@type\":\"WebPage\",\"@id\":\"https:\\\/\\\/www.versiegelung24.com\\\/tr\\\/product\\\/uygulama-sungeri-95x40x23mm\\\/\",\"url\":\"https:\\\/\\\/www.versiegelung24.com\\\/tr\\\/product\\\/uygulama-sungeri-95x40x23mm\\\/\",\"name\":\"Uygulama S\u00fcngeri 95x40x23mm - versiegelung24.com\",\"isPartOf\":{\"@id\":\"https:\\\/\\\/www.versiegelung24.com\\\/tr\\\/#website\"},\"primaryImageOfPage\":{\"@id\":\"https:\\\/\\\/www.versiegelung24.com\\\/tr\\\/product\\\/uygulama-sungeri-95x40x23mm\\\/#primaryimage\"},\"image\":{\"@id\":\"https:\\\/\\\/www.versiegelung24.com\\\/tr\\\/product\\\/uygulama-sungeri-95x40x23mm\\\/#primaryimage\"},\"thumbnailUrl\":\"https:\\\/\\\/www.versiegelung24.com\\\/wp-content\\\/uploads\\\/2020\\\/04\\\/mikrofasertuch.png\",\"datePublished\":\"2022-10-21T14:49:10+00:00\",\"dateModified\":\"2025-03-31T12:58:36+00:00\",\"description\":\"Uygulama s\u00fcngeri - Dolgu macunlar\u0131m\u0131z\u0131 uygulamak i\u00e7in idealdir. Mikrofiber bezlerimizle birlikte \u00e7ok y\u00f6nl\u00fc bir \u00fcr\u00fcnd\u00fcr.\",\"breadcrumb\":{\"@id\":\"https:\\\/\\\/www.versiegelung24.com\\\/tr\\\/product\\\/uygulama-sungeri-95x40x23mm\\\/#breadcrumb\"},\"inLanguage\":\"tr\",\"potentialAction\":[{\"@type\":\"ReadAction\",\"target\":[\"https:\\\/\\\/www.versiegelung24.com\\\/tr\\\/product\\\/uygulama-sungeri-95x40x23mm\\\/\"]}]},{\"@type\":\"ImageObject\",\"inLanguage\":\"tr\",\"@id\":\"https:\\\/\\\/www.versiegelung24.com\\\/tr\\\/product\\\/uygulama-sungeri-95x40x23mm\\\/#primaryimage\",\"url\":\"https:\\\/\\\/www.versiegelung24.com\\\/wp-content\\\/uploads\\\/2020\\\/04\\\/mikrofasertuch.png\",\"contentUrl\":\"https:\\\/\\\/www.versiegelung24.com\\\/wp-content\\\/uploads\\\/2020\\\/04\\\/mikrofasertuch.png\",\"width\":1000,\"height\":1000},{\"@type\":\"BreadcrumbList\",\"@id\":\"https:\\\/\\\/www.versiegelung24.com\\\/tr\\\/product\\\/uygulama-sungeri-95x40x23mm\\\/#breadcrumb\",\"itemListElement\":[{\"@type\":\"ListItem\",\"position\":1,\"name\":\"Anasayfa\",\"item\":\"https:\\\/\\\/www.versiegelung24.com\\\/tr\\\/on\\\/\"},{\"@type\":\"ListItem\",\"position\":2,\"name\":\"Ma\u011faza\",\"item\":\"https:\\\/\\\/www.versiegelung24.com\\\/tr\\\/magaza\\\/\"},{\"@type\":\"ListItem\",\"position\":3,\"name\":\"Uygulama S\u00fcngeri 95x40x23mm\"}]},{\"@type\":\"WebSite\",\"@id\":\"https:\\\/\\\/www.versiegelung24.com\\\/tr\\\/#website\",\"url\":\"https:\\\/\\\/www.versiegelung24.com\\\/tr\\\/\",\"name\":\"versiegelung24.com\",\"description\":\"Fl\u00fcssigglas-Versiegelung - Made in Germany\",\"publisher\":{\"@id\":\"https:\\\/\\\/www.versiegelung24.com\\\/tr\\\/#organization\"},\"potentialAction\":[{\"@type\":\"SearchAction\",\"target\":{\"@type\":\"EntryPoint\",\"urlTemplate\":\"https:\\\/\\\/www.versiegelung24.com\\\/tr\\\/?s={search_term_string}\"},\"query-input\":{\"@type\":\"PropertyValueSpecification\",\"valueRequired\":true,\"valueName\":\"search_term_string\"}}],\"inLanguage\":\"tr\"},{\"@type\":\"Organization\",\"@id\":\"https:\\\/\\\/www.versiegelung24.com\\\/tr\\\/#organization\",\"name\":\"versiegelung24\",\"url\":\"https:\\\/\\\/www.versiegelung24.com\\\/tr\\\/\",\"logo\":{\"@type\":\"ImageObject\",\"inLanguage\":\"tr\",\"@id\":\"https:\\\/\\\/www.versiegelung24.com\\\/tr\\\/#\\\/schema\\\/logo\\\/image\\\/\",\"url\":\"https:\\\/\\\/www.versiegelung24.com\\\/wp-content\\\/uploads\\\/2020\\\/04\\\/versiegelung24.png\",\"contentUrl\":\"https:\\\/\\\/www.versiegelung24.com\\\/wp-content\\\/uploads\\\/2020\\\/04\\\/versiegelung24.png\",\"width\":470,\"height\":102,\"caption\":\"versiegelung24\"},\"image\":{\"@id\":\"https:\\\/\\\/www.versiegelung24.com\\\/tr\\\/#\\\/schema\\\/logo\\\/image\\\/\"}}]}<\/script>\n<meta property=\"product:price:amount\" content=\"1.99\" \/>\n<meta property=\"product:price:currency\" content=\"EUR\" \/>\n<meta property=\"og:availability\" content=\"instock\" \/>\n<meta property=\"product:availability\" content=\"instock\" \/>\n<meta property=\"product:retailer_item_id\" content=\"V24-9010-1\" \/>\n<meta property=\"product:condition\" content=\"new\" \/>\n<!-- \/ Yoast SEO Premium plugin. -->","yoast_head_json":{"title":"Uygulama S\u00fcngeri 95x40x23mm - versiegelung24.com","description":"Uygulama s\u00fcngeri - Dolgu macunlar\u0131m\u0131z\u0131 uygulamak i\u00e7in idealdir. Mikrofiber bezlerimizle birlikte \u00e7ok y\u00f6nl\u00fc bir \u00fcr\u00fcnd\u00fcr.","robots":{"index":"index","follow":"follow","max-snippet":"max-snippet:-1","max-image-preview":"max-image-preview:large","max-video-preview":"max-video-preview:-1"},"canonical":"https:\/\/www.versiegelung24.com\/tr\/product\/uygulama-sungeri-95x40x23mm\/","og_locale":"tr_TR","og_type":"article","og_title":"Uygulama S\u00fcngeri 95x40x23mm","og_description":"Uygulama s\u00fcngeri - Dolgu macunlar\u0131m\u0131z\u0131 uygulamak i\u00e7in idealdir. Mikrofiber bezlerimizle birlikte \u00e7ok y\u00f6nl\u00fc bir \u00fcr\u00fcnd\u00fcr.","og_url":"https:\/\/www.versiegelung24.com\/tr\/product\/uygulama-sungeri-95x40x23mm\/","og_site_name":"versiegelung24.com","article_modified_time":"2025-03-31T12:58:36+00:00","og_image":[{"width":1000,"height":1000,"url":"https:\/\/www.versiegelung24.com\/wp-content\/uploads\/2020\/04\/mikrofasertuch.png","type":"image\/png"}],"twitter_card":"summary_large_image","twitter_misc":{"Fiyat":"1,99&euro;","Durumu":"Stokta var"},"schema":{"@context":"https:\/\/schema.org","@graph":[{"@type":"WebPage","@id":"https:\/\/www.versiegelung24.com\/tr\/product\/uygulama-sungeri-95x40x23mm\/","url":"https:\/\/www.versiegelung24.com\/tr\/product\/uygulama-sungeri-95x40x23mm\/","name":"Uygulama S\u00fcngeri 95x40x23mm - versiegelung24.com","isPartOf":{"@id":"https:\/\/www.versiegelung24.com\/tr\/#website"},"primaryImageOfPage":{"@id":"https:\/\/www.versiegelung24.com\/tr\/product\/uygulama-sungeri-95x40x23mm\/#primaryimage"},"image":{"@id":"https:\/\/www.versiegelung24.com\/tr\/product\/uygulama-sungeri-95x40x23mm\/#primaryimage"},"thumbnailUrl":"https:\/\/www.versiegelung24.com\/wp-content\/uploads\/2020\/04\/mikrofasertuch.png","datePublished":"2022-10-21T14:49:10+00:00","dateModified":"2025-03-31T12:58:36+00:00","description":"Uygulama s\u00fcngeri - Dolgu macunlar\u0131m\u0131z\u0131 uygulamak i\u00e7in idealdir. Mikrofiber bezlerimizle birlikte \u00e7ok y\u00f6nl\u00fc bir \u00fcr\u00fcnd\u00fcr.","breadcrumb":{"@id":"https:\/\/www.versiegelung24.com\/tr\/product\/uygulama-sungeri-95x40x23mm\/#breadcrumb"},"inLanguage":"tr","potentialAction":[{"@type":"ReadAction","target":["https:\/\/www.versiegelung24.com\/tr\/product\/uygulama-sungeri-95x40x23mm\/"]}]},{"@type":"ImageObject","inLanguage":"tr","@id":"https:\/\/www.versiegelung24.com\/tr\/product\/uygulama-sungeri-95x40x23mm\/#primaryimage","url":"https:\/\/www.versiegelung24.com\/wp-content\/uploads\/2020\/04\/mikrofasertuch.png","contentUrl":"https:\/\/www.versiegelung24.com\/wp-content\/uploads\/2020\/04\/mikrofasertuch.png","width":1000,"height":1000},{"@type":"BreadcrumbList","@id":"https:\/\/www.versiegelung24.com\/tr\/product\/uygulama-sungeri-95x40x23mm\/#breadcrumb","itemListElement":[{"@type":"ListItem","position":1,"name":"Anasayfa","item":"https:\/\/www.versiegelung24.com\/tr\/on\/"},{"@type":"ListItem","position":2,"name":"Ma\u011faza","item":"https:\/\/www.versiegelung24.com\/tr\/magaza\/"},{"@type":"ListItem","position":3,"name":"Uygulama S\u00fcngeri 95x40x23mm"}]},{"@type":"WebSite","@id":"https:\/\/www.versiegelung24.com\/tr\/#website","url":"https:\/\/www.versiegelung24.com\/tr\/","name":"versiegelung24.com","description":"Fl\u00fcssigglas-Versiegelung - Made in Germany","publisher":{"@id":"https:\/\/www.versiegelung24.com\/tr\/#organization"},"potentialAction":[{"@type":"SearchAction","target":{"@type":"EntryPoint","urlTemplate":"https:\/\/www.versiegelung24.com\/tr\/?s={search_term_string}"},"query-input":{"@type":"PropertyValueSpecification","valueRequired":true,"valueName":"search_term_string"}}],"inLanguage":"tr"},{"@type":"Organization","@id":"https:\/\/www.versiegelung24.com\/tr\/#organization","name":"versiegelung24","url":"https:\/\/www.versiegelung24.com\/tr\/","logo":{"@type":"ImageObject","inLanguage":"tr","@id":"https:\/\/www.versiegelung24.com\/tr\/#\/schema\/logo\/image\/","url":"https:\/\/www.versiegelung24.com\/wp-content\/uploads\/2020\/04\/versiegelung24.png","contentUrl":"https:\/\/www.versiegelung24.com\/wp-content\/uploads\/2020\/04\/versiegelung24.png","width":470,"height":102,"caption":"versiegelung24"},"image":{"@id":"https:\/\/www.versiegelung24.com\/tr\/#\/schema\/logo\/image\/"}}]},"product_price_amount":"1.99","product_price_currency":"EUR","og_availability":"instock","product_availability":"instock","product_retailer_item_id":"V24-9010-1","product_condition":"new"},"_links":{"self":[{"href":"https:\/\/www.versiegelung24.com\/tr\/wp-json\/wp\/v2\/product\/93775","targetHints":{"allow":["GET"]}}],"collection":[{"href":"https:\/\/www.versiegelung24.com\/tr\/wp-json\/wp\/v2\/product"}],"about":[{"href":"https:\/\/www.versiegelung24.com\/tr\/wp-json\/wp\/v2\/types\/product"}],"version-history":[{"count":10,"href":"https:\/\/www.versiegelung24.com\/tr\/wp-json\/wp\/v2\/product\/93775\/revisions"}],"predecessor-version":[{"id":180684,"href":"https:\/\/www.versiegelung24.com\/tr\/wp-json\/wp\/v2\/product\/93775\/revisions\/180684"}],"wp:featuredmedia":[{"embeddable":true,"href":"https:\/\/www.versiegelung24.com\/tr\/wp-json\/wp\/v2\/media\/13273"}],"wp:attachment":[{"href":"https:\/\/www.versiegelung24.com\/tr\/wp-json\/wp\/v2\/media?parent=93775"}],"wp:term":[{"taxonomy":"product_brand","embeddable":true,"href":"https:\/\/www.versiegelung24.com\/tr\/wp-json\/wp\/v2\/product_brand?post=93775"},{"taxonomy":"product_cat","embeddable":true,"href":"https:\/\/www.versiegelung24.com\/tr\/wp-json\/wp\/v2\/product_cat?post=93775"},{"taxonomy":"product_tag","embeddable":true,"href":"https:\/\/www.versiegelung24.com\/tr\/wp-json\/wp\/v2\/product_tag?post=93775"}],"curies":[{"name":"wp","href":"https:\/\/api.w.org\/{rel}","templated":true}]}}