{"id":94905,"date":"2022-11-29T14:50:43","date_gmt":"2022-11-29T13:50:49","guid":{"rendered":"https:\/\/www.versiegelung24.com\/?post_type=product&#038;p=94905"},"modified":"2025-01-05T17:41:23","modified_gmt":"2025-01-05T16:41:23","slug":"percent-c2-percent","status":"publish","type":"product","link":"https:\/\/www.versiegelung24.com\/tr\/percent-c2-percent.html","title":{"rendered":"TiOSEPT\u00ae SG-55 Uzun s\u00fcreli y\u00fczey korumas\u0131, her biri 1m\u00b2 i\u00e7in 20 set"},"content":{"rendered":"\n<p><strong>Antimikrobiyal s\u0131v\u0131 cam dolgu<\/strong> macunu <strong>18 aya kadar etkilidir<\/strong> &#8211; Her biri 1m\u00b2 y\u00fczey i\u00e7in 20 adet kullan\u0131ma haz\u0131r po\u015fet seti.  <\/p>\n\n<p><strong>P\u00fcr\u00fczs\u00fcz y\u00fczeyler i\u00e7in uygun uzun s\u00fcreli y\u00fczey korumas\u0131<\/strong>: Cam, paslanmaz \u00e7elik, al\u00fcminyum ve i\u015flenmi\u015f ah\u015fap<\/p>\n\n<hr\/>\n\n<h4 class=\"wp-block-heading\" id=\"properties\">\u00dcr\u00fcn \u00f6zellikleri<\/h4>\n\n<div class=\"wp-block-columns is-layout-flex wp-container-core-columns-is-layout-9d6595d7 wp-block-columns-is-layout-flex\">\n<div class=\"wp-block-column is-layout-flow wp-block-column-is-layout-flow\">\n<ul class=\"wp-block-list\">\n<li>Bakterileri (E.coli, S. aureus) ve zarfl\u0131 vir\u00fcsleri (Corona, Ebola, Rota vir\u00fcs\u00fc) %99,99&#8217;a kadar ortadan kald\u0131r\u0131r.<\/li>\n\n\n\n<li>Maya ve k\u00fcf mantarlar\u0131n\u0131n kolonizasyonunu \u00f6nler<\/li>\n\n\n\n<li>Dermatolojik olarak test edilmi\u015f &#8220;\u00e7ok iyi<\/li>\n\n\n\n<li>Y\u00fczeylerin temizlenmesi daha kolay ve h\u0131zl\u0131 hale gelir (&#8220;kolay temizlenebilir&#8221;)<\/li>\n\n\n\n<li>\u0130\u00e7 ve d\u0131\u015f mekan i\u00e7in<\/li>\n\n\n\n<li>A\u015f\u0131nmaya dayan\u0131kl\u0131 (\u00e7izilme direnci art\u0131r\u0131lm\u0131\u015f)<\/li>\n\n\n\n<li>Basit ve h\u0131zl\u0131 uygulama<\/li>\n\n\n\n<li>Cam \u00fczerinde y\u00fczey sertli\u011fi 9H (MSZ EN ISO 15184:2013&#8217;e g\u00f6re T\u00dcV testi)<\/li>\n\n\n\n<li>Cam \u00fczerinde \u00e7izilme sertli\u011fi 10N (MSZ 9640\/41:1983&#8217;e g\u00f6re T\u00dcV testi)<\/li>\n\n\n\n<li>Temas a\u00e7\u0131s\u0131 cam \u00fczerinde 95\u00b0 ve paslanmaz \u00e7elik \u00fczerinde 91\u00b0, 10.000 temizleme d\u00f6ng\u00fcs\u00fcnden sonra 92\u00b0 + 85\u00b0 (T\u00dcV taraf\u0131ndan su ile test edilmi\u015ftir)<\/li>\n<\/ul>\n<\/div>\n\n\n\n<div class=\"wp-block-column is-layout-flow wp-block-column-is-layout-flow\">\n<ul class=\"wp-block-list\">\n<li>Katman kal\u0131nl\u0131\u011f\u0131 yakla\u015f\u0131k 20 nm (nanometre)<\/li>\n\n\n\n<li>P\u00fcr\u00fczl\u00fcl\u00fck: Y\u00fczeyde 6 nm<\/li>\n\n\n\n<li>Po\u015fetler (ayr\u0131 ayr\u0131 paketlenmi\u015f \u0131slak mendiller)<\/li>\n\n\n\n<li>Po\u015fet 1: IPA (izopropanol) %99 ile \u0131slat\u0131lm\u0131\u015f \u00f6n temizleme bezi.<\/li>\n\n\n\n<li>Po\u015fet 2: TiOSEPT\u00ae SG-55 ile \u0131slat\u0131lm\u0131\u015f s\u0131zd\u0131rmazl\u0131k bezi<\/li>\n\n\n\n<li>Viskon yapa\u011f\u0131, plastik i\u00e7ermez, 60 g\/m\u00b2<\/li>\n\n\n\n<li>Kuma\u015f boyutu 100 x 140 mm<\/li>\n\n\n\n<li>Bir bez yakla\u015f\u0131k 1 m\u00b2 i\u00e7in yeterlidir.<\/li>\n\n\n\n<li>BAUA-Reg.No. N-104947<\/li>\n<\/ul>\n<\/div>\n<\/div>\n\n<hr\/>\n\n<h4 class=\"wp-block-heading\" id=\"application\">Uygulama<\/h4>\n\n<p><strong>TiOSEPT\u00ae SG-55 <\/strong>p\u00fcr\u00fczs\u00fcz y\u00fczeyler i\u00e7in kullan\u0131ma haz\u0131r po\u015fet seti cam, paslanmaz \u00e7elik, \u00e7elik, al\u00fcminyum plastik ve i\u015flenmi\u015f ah\u015fap<\/p>\n\n<h5 class=\"wp-block-heading\">\u00d6n temizleme<\/h5>\n\n<p>Tek kullan\u0131ml\u0131k koruyucu eldiven giyilmesi tavsiye edilir. Uygulama s\u0131cakl\u0131\u011f\u0131 5 &#8211; 35\u00b0C.<\/p>\n\n<ol class=\"wp-block-list\">\n<li>Y\u00fczeyi \u00f6zellikle piyasada bulunan temizleyicilerle dikkatlice temizleyin. Temizlik ne kadar iyi olursa conta da o kadar uzun \u00f6m\u00fcrl\u00fc olur. Daha sonra y\u00fczeyi kurutun.<\/li>\n\n\n\n<li>Alkoll\u00fc \u00f6n temizleme bezini po\u015fetten \u00e7\u0131kar\u0131n ve y\u00fczeyi bununla iyice ya\u011fdan ar\u0131nd\u0131r\u0131n.<\/li>\n\n\n\n<li>Y\u00fczey min. 1 dakika kurumas\u0131n\u0131 bekleyin.<\/li>\n<\/ol>\n\n<h5 class=\"wp-block-heading\">S\u0131zd\u0131rmazl\u0131k<\/h5>\n\n<p>Tek kullan\u0131ml\u0131k koruyucu eldiven giyilmesi tavsiye edilir. Uygulama s\u0131cakl\u0131\u011f\u0131 5 &#8211; 35\u00b0C.<\/p>\n\n<ol class=\"wp-block-list\">\n<li>S\u0131zd\u0131rmazl\u0131k bezini po\u015fetten \u00e7\u0131kar\u0131n ve y\u00fczeyi bir kez dikey ve bir kez yatay olarak silin. Bez yakla\u015f\u0131k 1m\u00b2 i\u00e7in yeterlidir. H\u0131zl\u0131 \u00e7al\u0131\u015fman\u0131z \u00f6nemlidir \u00e7\u00fcnk\u00fc bez yakla\u015f\u0131k 90 saniye sonra kurur.<\/li>\n\n\n\n<li>Y\u00fczeyin en az 2 dakika kurumas\u0131n\u0131 bekleyin (15\u00b0C&#8217;nin alt\u0131nda = 10 dakika), 10 dakika boyunca dokunmay\u0131n. 10 saat sonra tam k\u00fcrle\u015fme. Gerekirse uygulamay\u0131 tekrarlay\u0131n. Hafif gri bir kayma varsa, bu mikrofiber bir bezle dikkatlice parlat\u0131labilir.<\/li>\n<\/ol>\n\n<p>Plastik y\u00fczeyler antimikrobiyal hale gelir ve hidrofobikli\u011fi artar, \u00e7izilme direnci de\u011fi\u015fmez. Polikarbonat ve Pleksiglas\u00ae \u00fczerine uygulanmas\u0131 tavsiye edilmez.<\/p>\n\n<h5 class=\"wp-block-heading\" id=\"gebrauch\">depolamak<\/h5>\n\n<p><strong>TiOSEPT\u00ae SG-55<\/strong> &#8216;i +5 ila +25\u00b0C&#8217;de saklay\u0131n. Dondan ve direkt g\u00fcne\u015f \u0131\u015f\u0131\u011f\u0131ndan koruyunuz.<\/p>\n","protected":false},"excerpt":{"rendered":"<p><strong>Antimikrobiyal 18 aya kadar uzun s\u00fcreli koruma<\/strong> <strong>p\u00fcr\u00fczs\u00fcz y\u00fczeyler i\u00e7in<\/strong><\/p>\n<p>\u2713 \u015eeffaf ve g\u00f6r\u00fcnmez<\/p>\n<p>\u2713 Su itici<\/p>\n<p>Ba\u011f\u0131ms\u0131z test enstit\u00fcleri taraf\u0131ndan test edilmi\u015ftir<\/p>\n<p>\u2713 \u00d6n temizleme ve m\u00fch\u00fcrleme i\u00e7in kullan\u0131ma haz\u0131r po\u015fet setleri<\/p>\n","protected":false},"featured_media":94939,"template":"","meta":{"_acf_changed":false,"neve_meta_sidebar":"","neve_meta_container":"","neve_meta_enable_content_width":"","neve_meta_content_width":0,"neve_meta_title_alignment":"","neve_meta_author_avatar":"","neve_post_elements_order":"","neve_meta_disable_header":"","neve_meta_disable_footer":"","neve_meta_disable_title":"","neve_meta_reading_time":"","_surfaces":[],"_ver_product_tabs":[],"footnotes":""},"product_brand":[],"product_cat":[2359,2361,2435,2481,3020,2156],"product_tag":[],"class_list":{"0":"post-94905","1":"product","2":"type-product","3":"status-publish","4":"has-post-thumbnail","6":"product_cat-dezenfektanlar","7":"product_cat-yuezey-dezenfektanlari","8":"product_cat-metal-ve-plastik-sizdirmazlik","9":"product_cat-evrensel-muehuer","10":"product_cat-cep-telefonu-dezenfektani","11":"product_cat-cam-ve-seramik-icin-sizdirmazlik","13":"first","14":"onbackorder","15":"taxable","16":"shipping-taxable","17":"purchasable","18":"product-type-simple"},"acf":[],"yoast_head":"<!-- This site is optimized with the Yoast SEO Premium plugin v22.8 (Yoast SEO v27.5) - https:\/\/yoast.com\/product\/yoast-seo-premium-wordpress\/ -->\n<title>TiOSEPT\u00ae SG-55 Uzun s\u00fcreli y\u00fczey korumas\u0131, her biri 1m\u00b2 i\u00e7in 20 set - versiegelung24.com<\/title>\n<meta name=\"robots\" content=\"index, follow, max-snippet:-1, max-image-preview:large, max-video-preview:-1\" \/>\n<link rel=\"canonical\" href=\"https:\/\/www.versiegelung24.com\/tr\/percent-c2-percent.html\" \/>\n<meta property=\"og:locale\" content=\"tr_TR\" \/>\n<meta property=\"og:type\" content=\"article\" \/>\n<meta property=\"og:title\" content=\"TiOSEPT\u00ae SG-55 Uzun s\u00fcreli y\u00fczey korumas\u0131, her biri 1m\u00b2 i\u00e7in 20 set\" \/>\n<meta property=\"og:description\" content=\"Antimikrobiyal 18 aya kadar uzun s\u00fcreli koruma p\u00fcr\u00fczs\u00fcz y\u00fczeyler i\u00e7in \u2713 \u015eeffaf ve g\u00f6r\u00fcnmez \u2713 Su itici Ba\u011f\u0131ms\u0131z test enstit\u00fcleri taraf\u0131ndan test edilmi\u015ftir \u2713 \u00d6n temizleme ve m\u00fch\u00fcrleme i\u00e7in kullan\u0131ma haz\u0131r po\u015fet setleri\" \/>\n<meta property=\"og:url\" content=\"https:\/\/www.versiegelung24.com\/tr\/percent-c2-percent.html\" \/>\n<meta property=\"og:site_name\" content=\"versiegelung24.com\" \/>\n<meta property=\"article:modified_time\" content=\"2025-01-05T16:41:23+00:00\" \/>\n<meta property=\"og:image\" content=\"https:\/\/www.versiegelung24.com\/wp-content\/uploads\/2022\/11\/Tiosept-Schachtel-rechts.jpg\" \/>\n\t<meta property=\"og:image:width\" content=\"1668\" \/>\n\t<meta property=\"og:image:height\" content=\"1568\" \/>\n\t<meta property=\"og:image:type\" content=\"image\/jpeg\" \/>\n<meta name=\"twitter:card\" content=\"summary_large_image\" \/>\n<meta name=\"twitter:label1\" content=\"Fiyat\" \/>\n\t<meta name=\"twitter:data1\" content=\"79,99&euro;\" \/>\n\t<meta name=\"twitter:label2\" content=\"Durumu\" \/>\n\t<meta name=\"twitter:data2\" content=\"\u00d6n sipari\u015fte\" \/>\n<script type=\"application\/ld+json\" class=\"yoast-schema-graph\">{\"@context\":\"https:\\\/\\\/schema.org\",\"@graph\":[{\"@type\":\"WebPage\",\"@id\":\"https:\\\/\\\/www.versiegelung24.com\\\/tr\\\/percent-c2-percent.html\",\"url\":\"https:\\\/\\\/www.versiegelung24.com\\\/tr\\\/percent-c2-percent.html\",\"name\":\"TiOSEPT\u00ae SG-55 Uzun s\u00fcreli y\u00fczey korumas\u0131, her biri 1m\u00b2 i\u00e7in 20 set - versiegelung24.com\",\"isPartOf\":{\"@id\":\"https:\\\/\\\/www.versiegelung24.com\\\/tr\\\/#website\"},\"primaryImageOfPage\":{\"@id\":\"https:\\\/\\\/www.versiegelung24.com\\\/tr\\\/percent-c2-percent.html#primaryimage\"},\"image\":{\"@id\":\"https:\\\/\\\/www.versiegelung24.com\\\/tr\\\/percent-c2-percent.html#primaryimage\"},\"thumbnailUrl\":\"https:\\\/\\\/www.versiegelung24.com\\\/wp-content\\\/uploads\\\/2022\\\/11\\\/Tiosept-Schachtel-rechts.jpg\",\"datePublished\":\"2022-11-29T13:50:49+00:00\",\"dateModified\":\"2025-01-05T16:41:23+00:00\",\"breadcrumb\":{\"@id\":\"https:\\\/\\\/www.versiegelung24.com\\\/tr\\\/percent-c2-percent.html#breadcrumb\"},\"inLanguage\":\"tr\",\"potentialAction\":[{\"@type\":\"ReadAction\",\"target\":[\"https:\\\/\\\/www.versiegelung24.com\\\/tr\\\/percent-c2-percent.html\"]}]},{\"@type\":\"ImageObject\",\"inLanguage\":\"tr\",\"@id\":\"https:\\\/\\\/www.versiegelung24.com\\\/tr\\\/percent-c2-percent.html#primaryimage\",\"url\":\"https:\\\/\\\/www.versiegelung24.com\\\/wp-content\\\/uploads\\\/2022\\\/11\\\/Tiosept-Schachtel-rechts.jpg\",\"contentUrl\":\"https:\\\/\\\/www.versiegelung24.com\\\/wp-content\\\/uploads\\\/2022\\\/11\\\/Tiosept-Schachtel-rechts.jpg\",\"width\":1668,\"height\":1568},{\"@type\":\"BreadcrumbList\",\"@id\":\"https:\\\/\\\/www.versiegelung24.com\\\/tr\\\/percent-c2-percent.html#breadcrumb\",\"itemListElement\":[{\"@type\":\"ListItem\",\"position\":1,\"name\":\"Anasayfa\",\"item\":\"https:\\\/\\\/www.versiegelung24.com\\\/tr\\\/on\\\/\"},{\"@type\":\"ListItem\",\"position\":2,\"name\":\"Ma\u011faza\",\"item\":\"https:\\\/\\\/www.versiegelung24.com\\\/tr\\\/magaza\\\/\"},{\"@type\":\"ListItem\",\"position\":3,\"name\":\"TiOSEPT\u00ae SG-55 Uzun s\u00fcreli y\u00fczey korumas\u0131, her biri 1m\u00b2 i\u00e7in 20 set\"}]},{\"@type\":\"WebSite\",\"@id\":\"https:\\\/\\\/www.versiegelung24.com\\\/tr\\\/#website\",\"url\":\"https:\\\/\\\/www.versiegelung24.com\\\/tr\\\/\",\"name\":\"versiegelung24.com\",\"description\":\"Fl\u00fcssigglas-Versiegelung - Made in Germany\",\"publisher\":{\"@id\":\"https:\\\/\\\/www.versiegelung24.com\\\/tr\\\/#organization\"},\"potentialAction\":[{\"@type\":\"SearchAction\",\"target\":{\"@type\":\"EntryPoint\",\"urlTemplate\":\"https:\\\/\\\/www.versiegelung24.com\\\/tr\\\/?s={search_term_string}\"},\"query-input\":{\"@type\":\"PropertyValueSpecification\",\"valueRequired\":true,\"valueName\":\"search_term_string\"}}],\"inLanguage\":\"tr\"},{\"@type\":\"Organization\",\"@id\":\"https:\\\/\\\/www.versiegelung24.com\\\/tr\\\/#organization\",\"name\":\"versiegelung24\",\"url\":\"https:\\\/\\\/www.versiegelung24.com\\\/tr\\\/\",\"logo\":{\"@type\":\"ImageObject\",\"inLanguage\":\"tr\",\"@id\":\"https:\\\/\\\/www.versiegelung24.com\\\/tr\\\/#\\\/schema\\\/logo\\\/image\\\/\",\"url\":\"https:\\\/\\\/www.versiegelung24.com\\\/wp-content\\\/uploads\\\/2020\\\/04\\\/versiegelung24.png\",\"contentUrl\":\"https:\\\/\\\/www.versiegelung24.com\\\/wp-content\\\/uploads\\\/2020\\\/04\\\/versiegelung24.png\",\"width\":470,\"height\":102,\"caption\":\"versiegelung24\"},\"image\":{\"@id\":\"https:\\\/\\\/www.versiegelung24.com\\\/tr\\\/#\\\/schema\\\/logo\\\/image\\\/\"}}]}<\/script>\n<meta property=\"product:price:amount\" content=\"79.99\" \/>\n<meta property=\"product:price:currency\" content=\"EUR\" \/>\n<meta property=\"og:availability\" content=\"backorder\" \/>\n<meta property=\"product:availability\" content=\"available for order\" \/>\n<meta property=\"product:retailer_item_id\" content=\"TiOS-SG55-SA1-20\" \/>\n<meta property=\"product:condition\" content=\"new\" \/>\n<!-- \/ Yoast SEO Premium plugin. -->","yoast_head_json":{"title":"TiOSEPT\u00ae SG-55 Uzun s\u00fcreli y\u00fczey korumas\u0131, her biri 1m\u00b2 i\u00e7in 20 set - versiegelung24.com","robots":{"index":"index","follow":"follow","max-snippet":"max-snippet:-1","max-image-preview":"max-image-preview:large","max-video-preview":"max-video-preview:-1"},"canonical":"https:\/\/www.versiegelung24.com\/tr\/percent-c2-percent.html","og_locale":"tr_TR","og_type":"article","og_title":"TiOSEPT\u00ae SG-55 Uzun s\u00fcreli y\u00fczey korumas\u0131, her biri 1m\u00b2 i\u00e7in 20 set","og_description":"Antimikrobiyal 18 aya kadar uzun s\u00fcreli koruma p\u00fcr\u00fczs\u00fcz y\u00fczeyler i\u00e7in \u2713 \u015eeffaf ve g\u00f6r\u00fcnmez \u2713 Su itici Ba\u011f\u0131ms\u0131z test enstit\u00fcleri taraf\u0131ndan test edilmi\u015ftir \u2713 \u00d6n temizleme ve m\u00fch\u00fcrleme i\u00e7in kullan\u0131ma haz\u0131r po\u015fet setleri","og_url":"https:\/\/www.versiegelung24.com\/tr\/percent-c2-percent.html","og_site_name":"versiegelung24.com","article_modified_time":"2025-01-05T16:41:23+00:00","og_image":[{"width":1668,"height":1568,"url":"https:\/\/www.versiegelung24.com\/wp-content\/uploads\/2022\/11\/Tiosept-Schachtel-rechts.jpg","type":"image\/jpeg"}],"twitter_card":"summary_large_image","twitter_misc":{"Fiyat":"79,99&euro;","Durumu":"\u00d6n sipari\u015fte"},"schema":{"@context":"https:\/\/schema.org","@graph":[{"@type":"WebPage","@id":"https:\/\/www.versiegelung24.com\/tr\/percent-c2-percent.html","url":"https:\/\/www.versiegelung24.com\/tr\/percent-c2-percent.html","name":"TiOSEPT\u00ae SG-55 Uzun s\u00fcreli y\u00fczey korumas\u0131, her biri 1m\u00b2 i\u00e7in 20 set - versiegelung24.com","isPartOf":{"@id":"https:\/\/www.versiegelung24.com\/tr\/#website"},"primaryImageOfPage":{"@id":"https:\/\/www.versiegelung24.com\/tr\/percent-c2-percent.html#primaryimage"},"image":{"@id":"https:\/\/www.versiegelung24.com\/tr\/percent-c2-percent.html#primaryimage"},"thumbnailUrl":"https:\/\/www.versiegelung24.com\/wp-content\/uploads\/2022\/11\/Tiosept-Schachtel-rechts.jpg","datePublished":"2022-11-29T13:50:49+00:00","dateModified":"2025-01-05T16:41:23+00:00","breadcrumb":{"@id":"https:\/\/www.versiegelung24.com\/tr\/percent-c2-percent.html#breadcrumb"},"inLanguage":"tr","potentialAction":[{"@type":"ReadAction","target":["https:\/\/www.versiegelung24.com\/tr\/percent-c2-percent.html"]}]},{"@type":"ImageObject","inLanguage":"tr","@id":"https:\/\/www.versiegelung24.com\/tr\/percent-c2-percent.html#primaryimage","url":"https:\/\/www.versiegelung24.com\/wp-content\/uploads\/2022\/11\/Tiosept-Schachtel-rechts.jpg","contentUrl":"https:\/\/www.versiegelung24.com\/wp-content\/uploads\/2022\/11\/Tiosept-Schachtel-rechts.jpg","width":1668,"height":1568},{"@type":"BreadcrumbList","@id":"https:\/\/www.versiegelung24.com\/tr\/percent-c2-percent.html#breadcrumb","itemListElement":[{"@type":"ListItem","position":1,"name":"Anasayfa","item":"https:\/\/www.versiegelung24.com\/tr\/on\/"},{"@type":"ListItem","position":2,"name":"Ma\u011faza","item":"https:\/\/www.versiegelung24.com\/tr\/magaza\/"},{"@type":"ListItem","position":3,"name":"TiOSEPT\u00ae SG-55 Uzun s\u00fcreli y\u00fczey korumas\u0131, her biri 1m\u00b2 i\u00e7in 20 set"}]},{"@type":"WebSite","@id":"https:\/\/www.versiegelung24.com\/tr\/#website","url":"https:\/\/www.versiegelung24.com\/tr\/","name":"versiegelung24.com","description":"Fl\u00fcssigglas-Versiegelung - Made in Germany","publisher":{"@id":"https:\/\/www.versiegelung24.com\/tr\/#organization"},"potentialAction":[{"@type":"SearchAction","target":{"@type":"EntryPoint","urlTemplate":"https:\/\/www.versiegelung24.com\/tr\/?s={search_term_string}"},"query-input":{"@type":"PropertyValueSpecification","valueRequired":true,"valueName":"search_term_string"}}],"inLanguage":"tr"},{"@type":"Organization","@id":"https:\/\/www.versiegelung24.com\/tr\/#organization","name":"versiegelung24","url":"https:\/\/www.versiegelung24.com\/tr\/","logo":{"@type":"ImageObject","inLanguage":"tr","@id":"https:\/\/www.versiegelung24.com\/tr\/#\/schema\/logo\/image\/","url":"https:\/\/www.versiegelung24.com\/wp-content\/uploads\/2020\/04\/versiegelung24.png","contentUrl":"https:\/\/www.versiegelung24.com\/wp-content\/uploads\/2020\/04\/versiegelung24.png","width":470,"height":102,"caption":"versiegelung24"},"image":{"@id":"https:\/\/www.versiegelung24.com\/tr\/#\/schema\/logo\/image\/"}}]},"product_price_amount":"79.99","product_price_currency":"EUR","og_availability":"backorder","product_availability":"available for order","product_retailer_item_id":"TiOS-SG55-SA1-20","product_condition":"new"},"_links":{"self":[{"href":"https:\/\/www.versiegelung24.com\/tr\/wp-json\/wp\/v2\/product\/94905","targetHints":{"allow":["GET"]}}],"collection":[{"href":"https:\/\/www.versiegelung24.com\/tr\/wp-json\/wp\/v2\/product"}],"about":[{"href":"https:\/\/www.versiegelung24.com\/tr\/wp-json\/wp\/v2\/types\/product"}],"version-history":[{"count":13,"href":"https:\/\/www.versiegelung24.com\/tr\/wp-json\/wp\/v2\/product\/94905\/revisions"}],"predecessor-version":[{"id":171368,"href":"https:\/\/www.versiegelung24.com\/tr\/wp-json\/wp\/v2\/product\/94905\/revisions\/171368"}],"wp:featuredmedia":[{"embeddable":true,"href":"https:\/\/www.versiegelung24.com\/tr\/wp-json\/wp\/v2\/media\/94939"}],"wp:attachment":[{"href":"https:\/\/www.versiegelung24.com\/tr\/wp-json\/wp\/v2\/media?parent=94905"}],"wp:term":[{"taxonomy":"product_brand","embeddable":true,"href":"https:\/\/www.versiegelung24.com\/tr\/wp-json\/wp\/v2\/product_brand?post=94905"},{"taxonomy":"product_cat","embeddable":true,"href":"https:\/\/www.versiegelung24.com\/tr\/wp-json\/wp\/v2\/product_cat?post=94905"},{"taxonomy":"product_tag","embeddable":true,"href":"https:\/\/www.versiegelung24.com\/tr\/wp-json\/wp\/v2\/product_tag?post=94905"}],"curies":[{"name":"wp","href":"https:\/\/api.w.org\/{rel}","templated":true}]}}